{"id":6054,"date":"2025-11-23T22:04:31","date_gmt":"2025-11-23T22:04:31","guid":{"rendered":"https:\/\/kids.sportifs.tn\/?post_type=product&#038;p=6054"},"modified":"2025-12-30T20:05:35","modified_gmt":"2025-12-30T20:05:35","slug":"quechua-veste-impermeable-bebe-occasion","status":"publish","type":"product","link":"https:\/\/kidlab.com.tn\/fr\/produit\/quechua-veste-impermeable-bebe-occasion\/","title":{"rendered":"Veste imperm\u00e9able Quechua"},"content":{"rendered":"<div data-elementor-type=\"wp-post\" data-elementor-id=\"6054\" class=\"elementor elementor-6054\">\n\t\t\t\t\t\t<section class=\"elementor-section elementor-top-section elementor-element elementor-element-33fd861 elementor-section-boxed elementor-section-height-default elementor-section-height-default\" data-id=\"33fd861\" data-element_type=\"section\">\n\t\t\t\t\t\t<div class=\"elementor-container elementor-column-gap-no\">\n\t\t\t\t\t<div class=\"elementor-column elementor-col-100 elementor-top-column elementor-element elementor-element-8f1ab81\" data-id=\"8f1ab81\" data-element_type=\"column\">\n\t\t\t<div class=\"elementor-widget-wrap elementor-element-populated\">\n\t\t\t\t\t\t<div class=\"elementor-element elementor-element-a652374 elementor-widget elementor-widget-text-editor\" data-id=\"a652374\" data-element_type=\"widget\" data-widget_type=\"text-editor.default\">\n\t\t\t\t\t\t\t\t\t<p><span style=\"font-weight: 400;\">Ce ravissant <\/span><b>veste imperm\u00e9able Quechua (Decathlon)<\/b><span style=\"font-weight: 400;\"> en taille <\/span><b>3 ans (90\u201398 cm)<\/b><span style=\"font-weight: 400;\"> est parfaite pour prot\u00e9ger les petits lors des journ\u00e9es venteuses ou pluvieuses.<\/span><span style=\"font-weight: 400;\"><br \/><\/span><span style=\"font-weight: 400;\"> Sa jolie <\/span><b>p\u00eache-corail<\/b><span style=\"font-weight: 400;\"> et ses jolis <\/span><b>imprim\u00e9s sur le th\u00e8me<\/b><span style=\"font-weight: 400;\"> du plein air (arbres, tentes, bottes\u2026) la rendent \u00e0 la fois pratique et \u00e9l\u00e9gante.<\/span><\/p><p>\u00a0<\/p><h3><b>\u2705 Condition<\/b><\/h3><p><b>En excellent \u00e9tat<\/b><span style=\"font-weight: 400;\"> : aucune tache, aucune d\u00e9chirure, aucun d\u00e9faut visible. Tissu propre, couleur \u00e9clatante et fermeture \u00e9clair parfaitement fonctionnelle.<\/span><\/p><p>\u00a0<\/p><h3><b>\u2705 D\u00e9tails du produit<\/b><\/h3><ul><li style=\"font-weight: 400;\" aria-level=\"1\"><b>Taille:<\/b><span style=\"font-weight: 400;\"> 3 ans (90\u201398 cm)<\/span><\/li><li style=\"font-weight: 400;\" aria-level=\"1\"><b>Couleur:<\/b><span style=\"font-weight: 400;\"> corail p\u00eache<\/span><\/li><li style=\"font-weight: 400;\" aria-level=\"1\"><b>Imprimer:<\/b><span style=\"font-weight: 400;\"> Petites ic\u00f4nes de camping\/plein air<\/span><\/li><li style=\"font-weight: 400;\" aria-level=\"1\"><b>Capot:<\/b><span style=\"font-weight: 400;\"> Oui, joint<\/span><\/li><li style=\"font-weight: 400;\" aria-level=\"1\"><b>Fermeture:<\/b><span style=\"font-weight: 400;\"> Fermeture \u00e9clair avant de couleur contrast\u00e9e<\/span><\/li><li style=\"font-weight: 400;\" aria-level=\"1\"><b>Poches :<\/b><span style=\"font-weight: 400;\"> Deux poches lat\u00e9rales<\/span><\/li><li style=\"font-weight: 400;\" aria-level=\"1\"><b>Mat\u00e9riel:<\/b><span style=\"font-weight: 400;\"> L\u00e9ger, coupe-vent, d\u00e9perlant (id\u00e9al pour la mi-saison)<\/span><\/li><li style=\"font-weight: 400;\" aria-level=\"1\"><b>Marque:<\/b><span style=\"font-weight: 400;\"> Quechua \u2013 D\u00e9cathlon<\/span><\/li><li style=\"font-weight: 400;\" aria-level=\"1\"><b>Doublure:<\/b><span style=\"font-weight: 400;\"> Int\u00e9rieur lumineux et confortable<\/span><\/li><\/ul><h3>\u00a0<\/h3><h3><b>\u2b50 Parfait pour<\/b><\/h3><ul><li style=\"font-weight: 400;\" aria-level=\"1\"><span style=\"font-weight: 400;\">Jours venteux ou pluvieux<\/span><\/li><li style=\"font-weight: 400;\" aria-level=\"1\"><span style=\"font-weight: 400;\">Activit\u00e9s de plein air<\/span><\/li><li style=\"font-weight: 400;\" aria-level=\"1\"><span style=\"font-weight: 400;\">\u00c9cole, garderie ou sorties quotidiennes<\/span><\/li><li style=\"font-weight: 400;\" aria-level=\"1\"><span style=\"font-weight: 400;\">Saison de printemps et d'automne<\/span><\/li><\/ul>\t\t\t\t\t\t\t\t<\/div>\n\t\t\t\t\t<\/div>\n\t\t<\/div>\n\t\t\t\t\t<\/div>\n\t\t<\/section>\n\t\t\t\t<\/div>","protected":false},"excerpt":{"rendered":"<p><span style=\"font-weight: 400;\">Offrez \u00e0 votre enfant une protection id\u00e9ale pour la mi-saison avec <\/span><b>cette veste imperm\u00e9able Quechua (Decathlon), taille 3 ans \/ 90-98 cm.<\/b><span style=\"font-weight: 400;\">.<\/span><span style=\"font-weight: 400;\"><br \/>\n<\/span><span style=\"font-weight: 400;\"> Con\u00e7ue dans une jolie <\/span><b>teinte p\u00eache corail,<\/b><span style=\"font-weight: 400;\">elle arbore d'adorables <\/span><b>imprim\u00e9s inspir\u00e9s du camping<\/b><span style=\"font-weight: 400;\"> (arbres, tentes, bottes) qui apportent une touche ludique \u00e0 toutes ses tenues.<\/span><\/p>\n<p><span style=\"font-weight: 400;\">Fabriqu\u00e9e dans un tissu l\u00e9ger, r\u00e9sistant au vent et d\u00e9perlant, cette veste assure le confort des petits explorateurs par temps venteux, pluvieux ou frais.<\/span><span style=\"font-weight: 400;\"><br \/>\n<\/span><span style=\"font-weight: 400;\"> Elle comprend <\/span><b>une capuche protectrice,<\/b><span style=\"font-weight: 400;\">, <\/span><b>deux poches pratiques<\/b><span style=\"font-weight: 400;\">et une <\/span><b>fermeture \u00e9clair frontale<\/b><span style=\"font-weight: 400;\"> fluide pour un enfilage facile.<\/span><\/p>\n<p><span style=\"font-weight: 400;\">Cette pi\u00e8ce <\/span><b>est en excellent \u00e9tat d'occasion\u00a0:<\/b><span style=\"font-weight: 400;\"> aucune tache, aucune d\u00e9chirure et les couleurs sont toujours \u00e9clatantes.<\/span><span style=\"font-weight: 400;\"><br \/>\n<\/span><span style=\"font-weight: 400;\"> Parfait pour l'\u00e9cole, la garderie, les aventures en plein air ou au quotidien.<\/span><\/p>","protected":false},"featured_media":6055,"template":"","meta":[],"product_brand":[182,183],"product_cat":[150,147],"product_tag":[325,326,327,187],"class_list":{"0":"post-6054","1":"product","2":"type-product","3":"status-publish","4":"has-post-thumbnail","6":"product_brand-decathlon","7":"product_brand-quechua","8":"product_cat-manteaux-doudounes","9":"product_cat-fille-3-12ans","10":"product_tag-decathlon-toddler-rain-jacket","11":"product_tag-decathlon-windproof-jacket","12":"product_tag-outdoor-print","13":"product_tag-waterproof","14":"pa_color-pink","15":"pa_color-peach-coral","16":"pa_size-3-years","19":"instock","20":"featured","21":"sold-individually","22":"shipping-taxable","23":"purchasable","24":"product-type-simple"},"yoast_head":"<!-- This site is optimized with the Yoast SEO plugin v26.4 - https:\/\/yoast.com\/wordpress\/plugins\/seo\/ -->\n<title>Quechua veste imperm\u00e9able b\u00e9b\u00e9 d&#039;occasion | KidLab Fripe<\/title>\n<meta name=\"description\" content=\"D\u00e9couvrez la veste imperm\u00e9able Quechua pour b\u00e9b\u00e9 d&#039;occasion en excellent \u00e9tat ; parfaite pour la pluie et les sorties , disponible en Tunisie.\" \/>\n<meta name=\"robots\" content=\"index, follow, max-snippet:-1, max-image-preview:large, max-video-preview:-1\" \/>\n<link rel=\"canonical\" href=\"https:\/\/kidlab.com.tn\/fr\/produit\/quechua-veste-impermeable-bebe-occasion\/\" \/>\n<meta property=\"og:locale\" content=\"fr_FR\" \/>\n<meta property=\"og:type\" content=\"article\" \/>\n<meta property=\"og:title\" content=\"Quechua veste imperm\u00e9able b\u00e9b\u00e9 d&#039;occasion | KidLab Fripe\" \/>\n<meta property=\"og:description\" content=\"D\u00e9couvrez la veste imperm\u00e9able Quechua pour b\u00e9b\u00e9 d&#039;occasion en excellent \u00e9tat ; parfaite pour la pluie et les sorties , disponible en Tunisie.\" \/>\n<meta property=\"og:url\" content=\"https:\/\/kidlab.com.tn\/fr\/produit\/quechua-veste-impermeable-bebe-occasion\/\" \/>\n<meta property=\"og:site_name\" content=\"KidLab\" \/>\n<meta property=\"article:publisher\" content=\"https:\/\/www.facebook.com\/profile.php?id=61582962640084\" \/>\n<meta property=\"article:modified_time\" content=\"2025-12-30T20:05:35+00:00\" \/>\n<meta property=\"og:image\" content=\"https:\/\/kidlab.com.tn\/wp-content\/uploads\/2025\/11\/produit-kidlab-gilet-rose-6-1.png.png\" \/>\n\t<meta property=\"og:image:width\" content=\"630\" \/>\n\t<meta property=\"og:image:height\" content=\"630\" \/>\n\t<meta property=\"og:image:type\" content=\"image\/png\" \/>\n<meta name=\"twitter:card\" content=\"summary_large_image\" \/>\n<meta name=\"twitter:label1\" content=\"Dur\u00e9e de lecture estim\u00e9e\" \/>\n\t<meta name=\"twitter:data1\" content=\"1 minute\" \/>\n<script type=\"application\/ld+json\" class=\"yoast-schema-graph\">{\"@context\":\"https:\/\/schema.org\",\"@graph\":[{\"@type\":\"WebPage\",\"@id\":\"https:\/\/kidlab.com.tn\/product\/quechua-veste-impermeable-bebe-occasion\/\",\"url\":\"https:\/\/kidlab.com.tn\/product\/quechua-veste-impermeable-bebe-occasion\/\",\"name\":\"Quechua veste imperm\u00e9able b\u00e9b\u00e9 d'occasion | KidLab Fripe\",\"isPartOf\":{\"@id\":\"https:\/\/kidlab.com.tn\/#website\"},\"primaryImageOfPage\":{\"@id\":\"https:\/\/kidlab.com.tn\/product\/quechua-veste-impermeable-bebe-occasion\/#primaryimage\"},\"image\":{\"@id\":\"https:\/\/kidlab.com.tn\/product\/quechua-veste-impermeable-bebe-occasion\/#primaryimage\"},\"thumbnailUrl\":\"https:\/\/kidlab.com.tn\/wp-content\/uploads\/2025\/11\/produit-kidlab-gilet-rose-6-1.png.png\",\"datePublished\":\"2025-11-23T22:04:31+00:00\",\"dateModified\":\"2025-12-30T20:05:35+00:00\",\"description\":\"D\u00e9couvrez la veste imperm\u00e9able Quechua pour b\u00e9b\u00e9 d'occasion en excellent \u00e9tat ; parfaite pour la pluie et les sorties , disponible en Tunisie.\",\"breadcrumb\":{\"@id\":\"https:\/\/kidlab.com.tn\/product\/quechua-veste-impermeable-bebe-occasion\/#breadcrumb\"},\"inLanguage\":\"fr-FR\",\"potentialAction\":[{\"@type\":\"ReadAction\",\"target\":[\"https:\/\/kidlab.com.tn\/product\/quechua-veste-impermeable-bebe-occasion\/\"]}]},{\"@type\":\"ImageObject\",\"inLanguage\":\"fr-FR\",\"@id\":\"https:\/\/kidlab.com.tn\/product\/quechua-veste-impermeable-bebe-occasion\/#primaryimage\",\"url\":\"https:\/\/kidlab.com.tn\/wp-content\/uploads\/2025\/11\/produit-kidlab-gilet-rose-6-1.png.png\",\"contentUrl\":\"https:\/\/kidlab.com.tn\/wp-content\/uploads\/2025\/11\/produit-kidlab-gilet-rose-6-1.png.png\",\"width\":630,\"height\":630,\"caption\":\"Veste Imperm\u00e9able Quechua B\u00e9b\u00e9\"},{\"@type\":\"BreadcrumbList\",\"@id\":\"https:\/\/kidlab.com.tn\/product\/quechua-veste-impermeable-bebe-occasion\/#breadcrumb\",\"itemListElement\":[{\"@type\":\"ListItem\",\"position\":1,\"name\":\"Home\",\"item\":\"https:\/\/kidlab.com.tn\/fr\/\"},{\"@type\":\"ListItem\",\"position\":2,\"name\":\"Shop\",\"item\":\"https:\/\/kidlab.com.tn\/shop\/\"},{\"@type\":\"ListItem\",\"position\":3,\"name\":\"Veste Imperm\u00e9able Quechua B\u00e9b\u00e9\"}]},{\"@type\":\"WebSite\",\"@id\":\"https:\/\/kidlab.com.tn\/#website\",\"url\":\"https:\/\/kidlab.com.tn\/\",\"name\":\"KidLab\",\"description\":\"Cute looks, tiny prices, big smiles.\",\"publisher\":{\"@id\":\"https:\/\/kidlab.com.tn\/#organization\"},\"potentialAction\":[{\"@type\":\"SearchAction\",\"target\":{\"@type\":\"EntryPoint\",\"urlTemplate\":\"https:\/\/kidlab.com.tn\/?s={search_term_string}\"},\"query-input\":{\"@type\":\"PropertyValueSpecification\",\"valueRequired\":true,\"valueName\":\"search_term_string\"}}],\"inLanguage\":\"fr-FR\"},{\"@type\":\"Organization\",\"@id\":\"https:\/\/kidlab.com.tn\/#organization\",\"name\":\"KidLab\",\"url\":\"https:\/\/kidlab.com.tn\/\",\"logo\":{\"@type\":\"ImageObject\",\"inLanguage\":\"fr-FR\",\"@id\":\"https:\/\/kidlab.com.tn\/#\/schema\/logo\/image\/\",\"url\":\"https:\/\/kidlab.com.tn\/wp-content\/uploads\/2025\/12\/kidlab-fripe.jpg\",\"contentUrl\":\"https:\/\/kidlab.com.tn\/wp-content\/uploads\/2025\/12\/kidlab-fripe.jpg\",\"width\":400,\"height\":400,\"caption\":\"KidLab\"},\"image\":{\"@id\":\"https:\/\/kidlab.com.tn\/#\/schema\/logo\/image\/\"},\"sameAs\":[\"https:\/\/www.facebook.com\/profile.php?id=61582962640084\",\"https:\/\/www.instagram.com\/kidlab_fripe\"]}]}<\/script>\n<!-- \/ Yoast SEO plugin. -->","yoast_head_json":{"title":"Quechua veste imperm\u00e9able b\u00e9b\u00e9 d'occasion | KidLab Fripe","description":"D\u00e9couvrez la veste imperm\u00e9able Quechua pour b\u00e9b\u00e9 d'occasion en excellent \u00e9tat ; parfaite pour la pluie et les sorties , disponible en Tunisie.","robots":{"index":"index","follow":"follow","max-snippet":"max-snippet:-1","max-image-preview":"max-image-preview:large","max-video-preview":"max-video-preview:-1"},"canonical":"https:\/\/kidlab.com.tn\/fr\/produit\/quechua-veste-impermeable-bebe-occasion\/","og_locale":"fr_FR","og_type":"article","og_title":"Quechua veste imperm\u00e9able b\u00e9b\u00e9 d'occasion | KidLab Fripe","og_description":"D\u00e9couvrez la veste imperm\u00e9able Quechua pour b\u00e9b\u00e9 d'occasion en excellent \u00e9tat ; parfaite pour la pluie et les sorties , disponible en Tunisie.","og_url":"https:\/\/kidlab.com.tn\/fr\/produit\/quechua-veste-impermeable-bebe-occasion\/","og_site_name":"KidLab","article_publisher":"https:\/\/www.facebook.com\/profile.php?id=61582962640084","article_modified_time":"2025-12-30T20:05:35+00:00","og_image":[{"width":630,"height":630,"url":"https:\/\/kidlab.com.tn\/wp-content\/uploads\/2025\/11\/produit-kidlab-gilet-rose-6-1.png.png","type":"image\/png"}],"twitter_card":"summary_large_image","twitter_misc":{"Dur\u00e9e de lecture estim\u00e9e":"1 minute"},"schema":{"@context":"https:\/\/schema.org","@graph":[{"@type":"WebPage","@id":"https:\/\/kidlab.com.tn\/product\/quechua-veste-impermeable-bebe-occasion\/","url":"https:\/\/kidlab.com.tn\/product\/quechua-veste-impermeable-bebe-occasion\/","name":"Quechua veste imperm\u00e9able b\u00e9b\u00e9 d'occasion | KidLab Fripe","isPartOf":{"@id":"https:\/\/kidlab.com.tn\/#website"},"primaryImageOfPage":{"@id":"https:\/\/kidlab.com.tn\/product\/quechua-veste-impermeable-bebe-occasion\/#primaryimage"},"image":{"@id":"https:\/\/kidlab.com.tn\/product\/quechua-veste-impermeable-bebe-occasion\/#primaryimage"},"thumbnailUrl":"https:\/\/kidlab.com.tn\/wp-content\/uploads\/2025\/11\/produit-kidlab-gilet-rose-6-1.png.png","datePublished":"2025-11-23T22:04:31+00:00","dateModified":"2025-12-30T20:05:35+00:00","description":"D\u00e9couvrez la veste imperm\u00e9able Quechua pour b\u00e9b\u00e9 d'occasion en excellent \u00e9tat ; parfaite pour la pluie et les sorties , disponible en Tunisie.","breadcrumb":{"@id":"https:\/\/kidlab.com.tn\/product\/quechua-veste-impermeable-bebe-occasion\/#breadcrumb"},"inLanguage":"fr-FR","potentialAction":[{"@type":"ReadAction","target":["https:\/\/kidlab.com.tn\/product\/quechua-veste-impermeable-bebe-occasion\/"]}]},{"@type":"ImageObject","inLanguage":"fr-FR","@id":"https:\/\/kidlab.com.tn\/product\/quechua-veste-impermeable-bebe-occasion\/#primaryimage","url":"https:\/\/kidlab.com.tn\/wp-content\/uploads\/2025\/11\/produit-kidlab-gilet-rose-6-1.png.png","contentUrl":"https:\/\/kidlab.com.tn\/wp-content\/uploads\/2025\/11\/produit-kidlab-gilet-rose-6-1.png.png","width":630,"height":630,"caption":"Veste Imperm\u00e9able Quechua B\u00e9b\u00e9"},{"@type":"BreadcrumbList","@id":"https:\/\/kidlab.com.tn\/product\/quechua-veste-impermeable-bebe-occasion\/#breadcrumb","itemListElement":[{"@type":"ListItem","position":1,"name":"Home","item":"https:\/\/kidlab.com.tn\/fr\/"},{"@type":"ListItem","position":2,"name":"Shop","item":"https:\/\/kidlab.com.tn\/shop\/"},{"@type":"ListItem","position":3,"name":"Veste Imperm\u00e9able Quechua B\u00e9b\u00e9"}]},{"@type":"WebSite","@id":"https:\/\/kidlab.com.tn\/#website","url":"https:\/\/kidlab.com.tn\/","name":"KidLab","description":"Cute looks, tiny prices, big smiles.","publisher":{"@id":"https:\/\/kidlab.com.tn\/#organization"},"potentialAction":[{"@type":"SearchAction","target":{"@type":"EntryPoint","urlTemplate":"https:\/\/kidlab.com.tn\/?s={search_term_string}"},"query-input":{"@type":"PropertyValueSpecification","valueRequired":true,"valueName":"search_term_string"}}],"inLanguage":"fr-FR"},{"@type":"Organization","@id":"https:\/\/kidlab.com.tn\/#organization","name":"KidLab","url":"https:\/\/kidlab.com.tn\/","logo":{"@type":"ImageObject","inLanguage":"fr-FR","@id":"https:\/\/kidlab.com.tn\/#\/schema\/logo\/image\/","url":"https:\/\/kidlab.com.tn\/wp-content\/uploads\/2025\/12\/kidlab-fripe.jpg","contentUrl":"https:\/\/kidlab.com.tn\/wp-content\/uploads\/2025\/12\/kidlab-fripe.jpg","width":400,"height":400,"caption":"KidLab"},"image":{"@id":"https:\/\/kidlab.com.tn\/#\/schema\/logo\/image\/"},"sameAs":["https:\/\/www.facebook.com\/profile.php?id=61582962640084","https:\/\/www.instagram.com\/kidlab_fripe"]}]}},"_links":{"self":[{"href":"https:\/\/kidlab.com.tn\/fr\/wp-json\/wp\/v2\/product\/6054","targetHints":{"allow":["GET"]}}],"collection":[{"href":"https:\/\/kidlab.com.tn\/fr\/wp-json\/wp\/v2\/product"}],"about":[{"href":"https:\/\/kidlab.com.tn\/fr\/wp-json\/wp\/v2\/types\/product"}],"version-history":[{"count":0,"href":"https:\/\/kidlab.com.tn\/fr\/wp-json\/wp\/v2\/product\/6054\/revisions"}],"wp:featuredmedia":[{"embeddable":true,"href":"https:\/\/kidlab.com.tn\/fr\/wp-json\/wp\/v2\/media\/6055"}],"wp:attachment":[{"href":"https:\/\/kidlab.com.tn\/fr\/wp-json\/wp\/v2\/media?parent=6054"}],"wp:term":[{"taxonomy":"product_brand","embeddable":true,"href":"https:\/\/kidlab.com.tn\/fr\/wp-json\/wp\/v2\/product_brand?post=6054"},{"taxonomy":"product_cat","embeddable":true,"href":"https:\/\/kidlab.com.tn\/fr\/wp-json\/wp\/v2\/product_cat?post=6054"},{"taxonomy":"product_tag","embeddable":true,"href":"https:\/\/kidlab.com.tn\/fr\/wp-json\/wp\/v2\/product_tag?post=6054"}],"curies":[{"name":"wp","href":"https:\/\/api.w.org\/{rel}","templated":true}]}}