{"id":6064,"date":"2025-11-23T22:33:34","date_gmt":"2025-11-23T22:33:34","guid":{"rendered":"https:\/\/kids.sportifs.tn\/?post_type=product&#038;p=6064"},"modified":"2025-12-30T20:05:35","modified_gmt":"2025-12-30T20:05:35","slug":"haut-bebe-hiver-rouge-fagottino-occasion","status":"publish","type":"product","link":"https:\/\/kidlab.com.tn\/fr\/produit\/haut-bebe-hiver-rouge-fagottino-occasion\/","title":{"rendered":"Haut d'hiver rouge"},"content":{"rendered":"<div data-elementor-type=\"wp-post\" data-elementor-id=\"6064\" class=\"elementor elementor-6064\">\n\t\t\t\t\t\t<section class=\"elementor-section elementor-top-section elementor-element elementor-element-33fd861 elementor-section-boxed elementor-section-height-default elementor-section-height-default\" data-id=\"33fd861\" data-element_type=\"section\">\n\t\t\t\t\t\t<div class=\"elementor-container elementor-column-gap-no\">\n\t\t\t\t\t<div class=\"elementor-column elementor-col-100 elementor-top-column elementor-element elementor-element-8f1ab81\" data-id=\"8f1ab81\" data-element_type=\"column\">\n\t\t\t<div class=\"elementor-widget-wrap elementor-element-populated\">\n\t\t\t\t\t\t<div class=\"elementor-element elementor-element-a652374 elementor-widget elementor-widget-text-editor\" data-id=\"a652374\" data-element_type=\"widget\" data-widget_type=\"text-editor.default\">\n\t\t\t\t\t\t\t\t\t<p><span style=\"font-weight: 400;\">Vous cherchez un joli haut chaud et festif pour b\u00e9b\u00e9 cet hiver\u00a0? <\/span><b>Ce ravissant haut rouge \u00e0 manches longues Fagottino (9-12 mois)<\/b><span style=\"font-weight: 400;\"> est le choix id\u00e9al. Confectionn\u00e9 en coton doux de haute qualit\u00e9, il est orn\u00e9 d'un adorable trio de pingouins par\u00e9s d'accessoires d'hiver, parfait pour les f\u00eates de fin d'ann\u00e9e. Son col montant \u00e0 boutons-pression assure confort et facilit\u00e9 d'habillage.<\/span><span style=\"font-weight: 400;\"><br \/><\/span> <b>En excellent \u00e9tat d'occasion\u00a0:<\/b><span style=\"font-weight: 400;\">aucune tache, aucune d\u00e9chirure, aucune d\u00e9coloration.<\/span><span style=\"font-weight: 400;\"><br \/><\/span><span style=\"font-weight: 400;\"> Parfait pour les journ\u00e9es d'hiver, les photos de No\u00ebl et pour se r\u00e9chauffer au quotidien.<\/span><\/p><p>\u00a0<\/p><h3><b>\u2705 Condition<\/b><\/h3><p><b>En excellent \u00e9tat<\/b><span style=\"font-weight: 400;\">:<\/span><\/p><ul><li style=\"font-weight: 400;\" aria-level=\"1\"><span style=\"font-weight: 400;\">Aucune tache<\/span><span style=\"font-weight: 400;\"><br \/><\/span><\/li><li style=\"font-weight: 400;\" aria-level=\"1\"><span style=\"font-weight: 400;\">Aucune d\u00e9chirure<\/span><span style=\"font-weight: 400;\"><br \/><\/span><\/li><li style=\"font-weight: 400;\" aria-level=\"1\"><span style=\"font-weight: 400;\">Aucune d\u00e9coloration<\/span><span style=\"font-weight: 400;\"><br \/><\/span><\/li><li style=\"font-weight: 400;\" aria-level=\"1\"><span style=\"font-weight: 400;\">Tissu propre et doux<\/span><span style=\"font-weight: 400;\"><br \/><\/span><span style=\"font-weight: 400;\"> Parfaitement conserv\u00e9 et pr\u00eat \u00e0 porter.<\/span><span style=\"font-weight: 400;\"><br \/><br \/><\/span><\/li><\/ul><h3><b>\u2705 D\u00e9tails du produit<\/b><\/h3><ul><li style=\"font-weight: 400;\" aria-level=\"1\"><b>Marque:<\/b><span style=\"font-weight: 400;\"> Fagottino<\/span><span style=\"font-weight: 400;\"><br \/><\/span><\/li><li style=\"font-weight: 400;\" aria-level=\"1\"><b>Taille:<\/b><span style=\"font-weight: 400;\"> 9-12 mois (74 cm),<\/span><span style=\"font-weight: 400;\"><br \/><\/span><\/li><li style=\"font-weight: 400;\" aria-level=\"1\"><b>Couleur:<\/b><span style=\"font-weight: 400;\"> Rouge \u00e9clatant<\/span><span style=\"font-weight: 400;\"><br \/><\/span><\/li><li style=\"font-weight: 400;\" aria-level=\"1\"><b>Conception:<\/b><span style=\"font-weight: 400;\"> Adorables pingouins imprim\u00e9s avec accessoires d'hiver<\/span><span style=\"font-weight: 400;\"><br \/><\/span><\/li><li style=\"font-weight: 400;\" aria-level=\"1\"><b>Mat\u00e9riel:<\/b><span style=\"font-weight: 400;\"> Coton doux (confortable pour la peau de b\u00e9b\u00e9)<\/span><span style=\"font-weight: 400;\"><br \/><\/span><\/li><li style=\"font-weight: 400;\" aria-level=\"1\"><b>Manches :<\/b><span style=\"font-weight: 400;\"> manches longues<\/span><span style=\"font-weight: 400;\"><br \/><\/span><\/li><li style=\"font-weight: 400;\" aria-level=\"1\"><b>Encolure:<\/b><span style=\"font-weight: 400;\"> Col montant \u00e0 boutons-pression pour un habillage facile<\/span><span style=\"font-weight: 400;\"><br \/><\/span><\/li><li style=\"font-weight: 400;\" aria-level=\"1\"><b>Confort:<\/b><span style=\"font-weight: 400;\"> Chaud, doux et extensible<\/span><span style=\"font-weight: 400;\"><br \/><\/span><\/li><li style=\"font-weight: 400;\" aria-level=\"1\"><b>Saison:<\/b><span style=\"font-weight: 400;\"> Automne\/Hiver<\/span><span style=\"font-weight: 400;\"><br \/><\/span><\/li><li style=\"font-weight: 400;\" aria-level=\"1\"><b>Style:<\/b><span style=\"font-weight: 400;\"> D\u00e9contract\u00e9, festif, parfait pour les journ\u00e9es d'hiver<\/span><span style=\"font-weight: 400;\"><br \/><br \/><\/span><\/li><\/ul><h3><b>\u2b50 Parfait pour<\/b><\/h3><ul><li style=\"font-weight: 400;\" aria-level=\"1\"><span style=\"font-weight: 400;\">\u2728 Sorties hivernales<\/span><span style=\"font-weight: 400;\"><br \/><\/span><\/li><li style=\"font-weight: 400;\" aria-level=\"1\"><span style=\"font-weight: 400;\">r\u00e9unions de famille<\/span><span style=\"font-weight: 400;\"><br \/><\/span><\/li><li style=\"font-weight: 400;\" aria-level=\"1\"><span style=\"font-weight: 400;\">v\u00eatements de tous les jours<\/span><span style=\"font-weight: 400;\"><br \/><\/span><\/li><li style=\"font-weight: 400;\" aria-level=\"1\"><span style=\"font-weight: 400;\">\u2728 Photos de vacances<\/span><span style=\"font-weight: 400;\"><br \/><\/span><\/li><li style=\"font-weight: 400;\" aria-level=\"1\"><span style=\"font-weight: 400;\">Un look festif adorable pour les b\u00e9b\u00e9s<\/span><\/li><\/ul>\t\t\t\t\t\t\t\t<\/div>\n\t\t\t\t\t<\/div>\n\t\t<\/div>\n\t\t\t\t\t<\/div>\n\t\t<\/section>\n\t\t\t\t<\/div>","protected":false},"excerpt":{"rendered":"<p><span style=\"font-weight: 400;\">Ce ravissant <\/span><b>Fagottino<\/b><span style=\"font-weight: 400;\"> \u00e0 manches longues, taille <\/span><b>9-12 mois (74 cm),<\/b><span style=\"font-weight: 400;\"> est la pi\u00e8ce id\u00e9ale pour habiller votre tout-petit cet hiver. <\/span><b>D'un rouge \u00e9clatant,<\/b><span style=\"font-weight: 400;\">il est orn\u00e9 de trois pingouins craquants et de d\u00e9tails festifs : \u00e9charpes, cadeaux, canne de No\u00ebl\u2026 pour un look hivernal chaleureux et joyeux.<\/span><\/p>\n<p><span style=\"font-weight: 400;\">Confectionn\u00e9 en coton doux et confortable, il offre chaleur et libert\u00e9 de mouvement, parfait pour les journ\u00e9es froides. <\/span><b>Son col<\/b><span style=\"font-weight: 400;\"> montant \u00e0 deux boutons-pression facilite l'habillage et garde le cou de b\u00e9b\u00e9 bien au chaud.<\/span><\/p>","protected":false},"featured_media":6065,"template":"","meta":[],"product_brand":[188],"product_cat":[132,94,128,136],"product_tag":[329,328,330,331],"class_list":{"0":"post-6064","1":"product","2":"type-product","3":"status-publish","4":"has-post-thumbnail","6":"product_brand-fagottino","7":"product_cat-bebe-garcon-0-mois-36-mois","8":"product_cat-bebe-fille-0-mois-36-mois","9":"product_cat-pyjamas-bodies","10":"product_cat-garcon-pyjama-bodies","11":"product_tag-penguin-design","12":"product_tag-red-festive-baby-shirt","13":"product_tag-soft-red-baby-winter-top","14":"product_tag-warm-red-cotton-top-for-babies","15":"pa_color-red","16":"pa_size-9-12-months","19":"instock","20":"featured","21":"sold-individually","22":"shipping-taxable","23":"purchasable","24":"product-type-simple"},"yoast_head":"<!-- This site is optimized with the Yoast SEO plugin v26.4 - https:\/\/yoast.com\/wordpress\/plugins\/seo\/ -->\n<title>Haut B\u00e9b\u00e9 Hiver rouge V\u00eatements B\u00e9b\u00e9 d\u2019occasion en Tunisie<\/title>\n<meta name=\"description\" content=\"Haut B\u00e9b\u00e9 Hiver rouge Fagottino d\u2019occasion, doux et chaud pour les journ\u00e9es froides. V\u00eatements b\u00e9b\u00e9 d\u2019occasion en Tunisie, disponibles sur KidLab Fripe.\" \/>\n<meta name=\"robots\" content=\"index, follow, max-snippet:-1, max-image-preview:large, max-video-preview:-1\" \/>\n<link rel=\"canonical\" href=\"https:\/\/kidlab.com.tn\/fr\/produit\/haut-bebe-hiver-rouge-fagottino-occasion\/\" \/>\n<meta property=\"og:locale\" content=\"fr_FR\" \/>\n<meta property=\"og:type\" content=\"article\" \/>\n<meta property=\"og:title\" content=\"Haut B\u00e9b\u00e9 Hiver rouge V\u00eatements B\u00e9b\u00e9 d\u2019occasion en Tunisie\" \/>\n<meta property=\"og:description\" content=\"Haut B\u00e9b\u00e9 Hiver rouge Fagottino d\u2019occasion, doux et chaud pour les journ\u00e9es froides. V\u00eatements b\u00e9b\u00e9 d\u2019occasion en Tunisie, disponibles sur KidLab Fripe.\" \/>\n<meta property=\"og:url\" content=\"https:\/\/kidlab.com.tn\/fr\/produit\/haut-bebe-hiver-rouge-fagottino-occasion\/\" \/>\n<meta property=\"og:site_name\" content=\"KidLab\" \/>\n<meta property=\"article:publisher\" content=\"https:\/\/www.facebook.com\/profile.php?id=61582962640084\" \/>\n<meta property=\"article:modified_time\" content=\"2025-12-30T20:05:35+00:00\" \/>\n<meta property=\"og:image\" content=\"https:\/\/kidlab.com.tn\/wp-content\/uploads\/2025\/11\/produit-kidlab-top-rouge-7-1.png\" \/>\n\t<meta property=\"og:image:width\" content=\"630\" \/>\n\t<meta property=\"og:image:height\" content=\"630\" \/>\n\t<meta property=\"og:image:type\" content=\"image\/png\" \/>\n<meta name=\"twitter:card\" content=\"summary_large_image\" \/>\n<meta name=\"twitter:label1\" content=\"Dur\u00e9e de lecture estim\u00e9e\" \/>\n\t<meta name=\"twitter:data1\" content=\"1 minute\" \/>\n<script type=\"application\/ld+json\" class=\"yoast-schema-graph\">{\"@context\":\"https:\/\/schema.org\",\"@graph\":[{\"@type\":\"WebPage\",\"@id\":\"https:\/\/kidlab.com.tn\/product\/haut-bebe-hiver-rouge-fagottino-occasion\/\",\"url\":\"https:\/\/kidlab.com.tn\/product\/haut-bebe-hiver-rouge-fagottino-occasion\/\",\"name\":\"Haut B\u00e9b\u00e9 Hiver rouge V\u00eatements B\u00e9b\u00e9 d\u2019occasion en Tunisie\",\"isPartOf\":{\"@id\":\"https:\/\/kidlab.com.tn\/#website\"},\"primaryImageOfPage\":{\"@id\":\"https:\/\/kidlab.com.tn\/product\/haut-bebe-hiver-rouge-fagottino-occasion\/#primaryimage\"},\"image\":{\"@id\":\"https:\/\/kidlab.com.tn\/product\/haut-bebe-hiver-rouge-fagottino-occasion\/#primaryimage\"},\"thumbnailUrl\":\"https:\/\/kidlab.com.tn\/wp-content\/uploads\/2025\/11\/produit-kidlab-top-rouge-7-1.png\",\"datePublished\":\"2025-11-23T22:33:34+00:00\",\"dateModified\":\"2025-12-30T20:05:35+00:00\",\"description\":\"Haut B\u00e9b\u00e9 Hiver rouge Fagottino d\u2019occasion, doux et chaud pour les journ\u00e9es froides. V\u00eatements b\u00e9b\u00e9 d\u2019occasion en Tunisie, disponibles sur KidLab Fripe.\",\"breadcrumb\":{\"@id\":\"https:\/\/kidlab.com.tn\/product\/haut-bebe-hiver-rouge-fagottino-occasion\/#breadcrumb\"},\"inLanguage\":\"fr-FR\",\"potentialAction\":[{\"@type\":\"ReadAction\",\"target\":[\"https:\/\/kidlab.com.tn\/product\/haut-bebe-hiver-rouge-fagottino-occasion\/\"]}]},{\"@type\":\"ImageObject\",\"inLanguage\":\"fr-FR\",\"@id\":\"https:\/\/kidlab.com.tn\/product\/haut-bebe-hiver-rouge-fagottino-occasion\/#primaryimage\",\"url\":\"https:\/\/kidlab.com.tn\/wp-content\/uploads\/2025\/11\/produit-kidlab-top-rouge-7-1.png\",\"contentUrl\":\"https:\/\/kidlab.com.tn\/wp-content\/uploads\/2025\/11\/produit-kidlab-top-rouge-7-1.png\",\"width\":630,\"height\":630,\"caption\":\"Haut B\u00e9b\u00e9 Hiver Rouge , Fagottino\"},{\"@type\":\"BreadcrumbList\",\"@id\":\"https:\/\/kidlab.com.tn\/product\/haut-bebe-hiver-rouge-fagottino-occasion\/#breadcrumb\",\"itemListElement\":[{\"@type\":\"ListItem\",\"position\":1,\"name\":\"Home\",\"item\":\"https:\/\/kidlab.com.tn\/fr\/\"},{\"@type\":\"ListItem\",\"position\":2,\"name\":\"Shop\",\"item\":\"https:\/\/kidlab.com.tn\/shop\/\"},{\"@type\":\"ListItem\",\"position\":3,\"name\":\"Haut B\u00e9b\u00e9 Hiver Rouge \u2013 Fagottino\"}]},{\"@type\":\"WebSite\",\"@id\":\"https:\/\/kidlab.com.tn\/#website\",\"url\":\"https:\/\/kidlab.com.tn\/\",\"name\":\"KidLab\",\"description\":\"Cute looks, tiny prices, big smiles.\",\"publisher\":{\"@id\":\"https:\/\/kidlab.com.tn\/#organization\"},\"potentialAction\":[{\"@type\":\"SearchAction\",\"target\":{\"@type\":\"EntryPoint\",\"urlTemplate\":\"https:\/\/kidlab.com.tn\/?s={search_term_string}\"},\"query-input\":{\"@type\":\"PropertyValueSpecification\",\"valueRequired\":true,\"valueName\":\"search_term_string\"}}],\"inLanguage\":\"fr-FR\"},{\"@type\":\"Organization\",\"@id\":\"https:\/\/kidlab.com.tn\/#organization\",\"name\":\"KidLab\",\"url\":\"https:\/\/kidlab.com.tn\/\",\"logo\":{\"@type\":\"ImageObject\",\"inLanguage\":\"fr-FR\",\"@id\":\"https:\/\/kidlab.com.tn\/#\/schema\/logo\/image\/\",\"url\":\"https:\/\/kidlab.com.tn\/wp-content\/uploads\/2025\/12\/kidlab-fripe.jpg\",\"contentUrl\":\"https:\/\/kidlab.com.tn\/wp-content\/uploads\/2025\/12\/kidlab-fripe.jpg\",\"width\":400,\"height\":400,\"caption\":\"KidLab\"},\"image\":{\"@id\":\"https:\/\/kidlab.com.tn\/#\/schema\/logo\/image\/\"},\"sameAs\":[\"https:\/\/www.facebook.com\/profile.php?id=61582962640084\",\"https:\/\/www.instagram.com\/kidlab_fripe\"]}]}<\/script>\n<!-- \/ Yoast SEO plugin. -->","yoast_head_json":{"title":"Haut B\u00e9b\u00e9 Hiver rouge V\u00eatements B\u00e9b\u00e9 d\u2019occasion en Tunisie","description":"Haut B\u00e9b\u00e9 Hiver rouge Fagottino d\u2019occasion, doux et chaud pour les journ\u00e9es froides. V\u00eatements b\u00e9b\u00e9 d\u2019occasion en Tunisie, disponibles sur KidLab Fripe.","robots":{"index":"index","follow":"follow","max-snippet":"max-snippet:-1","max-image-preview":"max-image-preview:large","max-video-preview":"max-video-preview:-1"},"canonical":"https:\/\/kidlab.com.tn\/fr\/produit\/haut-bebe-hiver-rouge-fagottino-occasion\/","og_locale":"fr_FR","og_type":"article","og_title":"Haut B\u00e9b\u00e9 Hiver rouge V\u00eatements B\u00e9b\u00e9 d\u2019occasion en Tunisie","og_description":"Haut B\u00e9b\u00e9 Hiver rouge Fagottino d\u2019occasion, doux et chaud pour les journ\u00e9es froides. V\u00eatements b\u00e9b\u00e9 d\u2019occasion en Tunisie, disponibles sur KidLab Fripe.","og_url":"https:\/\/kidlab.com.tn\/fr\/produit\/haut-bebe-hiver-rouge-fagottino-occasion\/","og_site_name":"KidLab","article_publisher":"https:\/\/www.facebook.com\/profile.php?id=61582962640084","article_modified_time":"2025-12-30T20:05:35+00:00","og_image":[{"width":630,"height":630,"url":"https:\/\/kidlab.com.tn\/wp-content\/uploads\/2025\/11\/produit-kidlab-top-rouge-7-1.png","type":"image\/png"}],"twitter_card":"summary_large_image","twitter_misc":{"Dur\u00e9e de lecture estim\u00e9e":"1 minute"},"schema":{"@context":"https:\/\/schema.org","@graph":[{"@type":"WebPage","@id":"https:\/\/kidlab.com.tn\/product\/haut-bebe-hiver-rouge-fagottino-occasion\/","url":"https:\/\/kidlab.com.tn\/product\/haut-bebe-hiver-rouge-fagottino-occasion\/","name":"Haut B\u00e9b\u00e9 Hiver rouge V\u00eatements B\u00e9b\u00e9 d\u2019occasion en Tunisie","isPartOf":{"@id":"https:\/\/kidlab.com.tn\/#website"},"primaryImageOfPage":{"@id":"https:\/\/kidlab.com.tn\/product\/haut-bebe-hiver-rouge-fagottino-occasion\/#primaryimage"},"image":{"@id":"https:\/\/kidlab.com.tn\/product\/haut-bebe-hiver-rouge-fagottino-occasion\/#primaryimage"},"thumbnailUrl":"https:\/\/kidlab.com.tn\/wp-content\/uploads\/2025\/11\/produit-kidlab-top-rouge-7-1.png","datePublished":"2025-11-23T22:33:34+00:00","dateModified":"2025-12-30T20:05:35+00:00","description":"Haut B\u00e9b\u00e9 Hiver rouge Fagottino d\u2019occasion, doux et chaud pour les journ\u00e9es froides. V\u00eatements b\u00e9b\u00e9 d\u2019occasion en Tunisie, disponibles sur KidLab Fripe.","breadcrumb":{"@id":"https:\/\/kidlab.com.tn\/product\/haut-bebe-hiver-rouge-fagottino-occasion\/#breadcrumb"},"inLanguage":"fr-FR","potentialAction":[{"@type":"ReadAction","target":["https:\/\/kidlab.com.tn\/product\/haut-bebe-hiver-rouge-fagottino-occasion\/"]}]},{"@type":"ImageObject","inLanguage":"fr-FR","@id":"https:\/\/kidlab.com.tn\/product\/haut-bebe-hiver-rouge-fagottino-occasion\/#primaryimage","url":"https:\/\/kidlab.com.tn\/wp-content\/uploads\/2025\/11\/produit-kidlab-top-rouge-7-1.png","contentUrl":"https:\/\/kidlab.com.tn\/wp-content\/uploads\/2025\/11\/produit-kidlab-top-rouge-7-1.png","width":630,"height":630,"caption":"Haut B\u00e9b\u00e9 Hiver Rouge , Fagottino"},{"@type":"BreadcrumbList","@id":"https:\/\/kidlab.com.tn\/product\/haut-bebe-hiver-rouge-fagottino-occasion\/#breadcrumb","itemListElement":[{"@type":"ListItem","position":1,"name":"Home","item":"https:\/\/kidlab.com.tn\/fr\/"},{"@type":"ListItem","position":2,"name":"Shop","item":"https:\/\/kidlab.com.tn\/shop\/"},{"@type":"ListItem","position":3,"name":"Haut B\u00e9b\u00e9 Hiver Rouge \u2013 Fagottino"}]},{"@type":"WebSite","@id":"https:\/\/kidlab.com.tn\/#website","url":"https:\/\/kidlab.com.tn\/","name":"KidLab","description":"Cute looks, tiny prices, big smiles.","publisher":{"@id":"https:\/\/kidlab.com.tn\/#organization"},"potentialAction":[{"@type":"SearchAction","target":{"@type":"EntryPoint","urlTemplate":"https:\/\/kidlab.com.tn\/?s={search_term_string}"},"query-input":{"@type":"PropertyValueSpecification","valueRequired":true,"valueName":"search_term_string"}}],"inLanguage":"fr-FR"},{"@type":"Organization","@id":"https:\/\/kidlab.com.tn\/#organization","name":"KidLab","url":"https:\/\/kidlab.com.tn\/","logo":{"@type":"ImageObject","inLanguage":"fr-FR","@id":"https:\/\/kidlab.com.tn\/#\/schema\/logo\/image\/","url":"https:\/\/kidlab.com.tn\/wp-content\/uploads\/2025\/12\/kidlab-fripe.jpg","contentUrl":"https:\/\/kidlab.com.tn\/wp-content\/uploads\/2025\/12\/kidlab-fripe.jpg","width":400,"height":400,"caption":"KidLab"},"image":{"@id":"https:\/\/kidlab.com.tn\/#\/schema\/logo\/image\/"},"sameAs":["https:\/\/www.facebook.com\/profile.php?id=61582962640084","https:\/\/www.instagram.com\/kidlab_fripe"]}]}},"_links":{"self":[{"href":"https:\/\/kidlab.com.tn\/fr\/wp-json\/wp\/v2\/product\/6064","targetHints":{"allow":["GET"]}}],"collection":[{"href":"https:\/\/kidlab.com.tn\/fr\/wp-json\/wp\/v2\/product"}],"about":[{"href":"https:\/\/kidlab.com.tn\/fr\/wp-json\/wp\/v2\/types\/product"}],"version-history":[{"count":0,"href":"https:\/\/kidlab.com.tn\/fr\/wp-json\/wp\/v2\/product\/6064\/revisions"}],"wp:featuredmedia":[{"embeddable":true,"href":"https:\/\/kidlab.com.tn\/fr\/wp-json\/wp\/v2\/media\/6065"}],"wp:attachment":[{"href":"https:\/\/kidlab.com.tn\/fr\/wp-json\/wp\/v2\/media?parent=6064"}],"wp:term":[{"taxonomy":"product_brand","embeddable":true,"href":"https:\/\/kidlab.com.tn\/fr\/wp-json\/wp\/v2\/product_brand?post=6064"},{"taxonomy":"product_cat","embeddable":true,"href":"https:\/\/kidlab.com.tn\/fr\/wp-json\/wp\/v2\/product_cat?post=6064"},{"taxonomy":"product_tag","embeddable":true,"href":"https:\/\/kidlab.com.tn\/fr\/wp-json\/wp\/v2\/product_tag?post=6064"}],"curies":[{"name":"wp","href":"https:\/\/api.w.org\/{rel}","templated":true}]}}