{"id":6073,"date":"2025-11-23T22:53:56","date_gmt":"2025-11-23T22:53:56","guid":{"rendered":"https:\/\/kids.sportifs.tn\/?post_type=product&#038;p=6073"},"modified":"2025-12-30T20:05:34","modified_gmt":"2025-12-30T20:05:34","slug":"pantalon-cargo-bebe-vert-petrole-coton-tunisie","status":"publish","type":"product","link":"https:\/\/kidlab.com.tn\/fr\/produit\/pantalon-cargo-bebe-vert-petrole-coton-tunisie\/","title":{"rendered":"Pantalon cargo b\u00e9b\u00e9 \u2013 Vert p\u00e9trole \u2013 Coton"},"content":{"rendered":"<div data-elementor-type=\"wp-post\" data-elementor-id=\"6073\" class=\"elementor elementor-6073\">\n\t\t\t\t\t\t<section class=\"elementor-section elementor-top-section elementor-element elementor-element-33fd861 elementor-section-boxed elementor-section-height-default elementor-section-height-default\" data-id=\"33fd861\" data-element_type=\"section\">\n\t\t\t\t\t\t<div class=\"elementor-container elementor-column-gap-no\">\n\t\t\t\t\t<div class=\"elementor-column elementor-col-100 elementor-top-column elementor-element elementor-element-8f1ab81\" data-id=\"8f1ab81\" data-element_type=\"column\">\n\t\t\t<div class=\"elementor-widget-wrap elementor-element-populated\">\n\t\t\t\t\t\t<div class=\"elementor-element elementor-element-a652374 elementor-widget elementor-widget-text-editor\" data-id=\"a652374\" data-element_type=\"widget\" data-widget_type=\"text-editor.default\">\n\t\t\t\t\t\t\t\t\t<p><span style=\"font-weight: 400;\">Offrez \u00e0 votre b\u00e9b\u00e9 confort et style avec cet adorable <\/span><b>pantalon cargo vert p\u00e9trole,<\/b><span style=\"font-weight: 400;\">id\u00e9al au quotidien. Confectionn\u00e9 en <\/span><b>coton doux 100 %,<\/b><span style=\"font-weight: 400;\">il est l\u00e9ger, respirant et respectueux de la peau d\u00e9licate de votre enfant \u2013 parfait pour les petits explorateurs actifs.<\/span><\/p><p><span style=\"font-weight: 400;\">Ce pantalon est dot\u00e9 <\/span><b>de multiples poches cargo<\/b><span style=\"font-weight: 400;\">, de coutures r\u00e9sistantes et <\/span><b>taille \u00e9lastique<\/b><span style=\"font-weight: 400;\"> pour un ajustement facile et s\u00fbr. Polyvalent et pratique, il est id\u00e9al pour les sorties, la cr\u00e8che ou les journ\u00e9es d\u00e9tente \u00e0 la maison.<\/span><\/p><p>\u00a0<\/p><h4><b>\u2b50 CARACT\u00c9RISTIQUES (Points cl\u00e9s)<\/b><\/h4><p><span style=\"font-weight: 400;\">\u2728 <\/span><b>Couleur:<\/b><span style=\"font-weight: 400;\"> Vert p\u00e9trole (ton gris-vert)<\/span><span style=\"font-weight: 400;\"><br \/><\/span><span style=\"font-weight: 400;\"> \u2728 <\/span><b>Taille:<\/b><span style=\"font-weight: 400;\"> 6 Months (68 cm)<\/span><span style=\"font-weight: 400;\"><br \/><\/span><span style=\"font-weight: 400;\"> \u2728 <\/span><b>Mat\u00e9riel:<\/b><span style=\"font-weight: 400;\"> 100% coton<\/span><span style=\"font-weight: 400;\"><br \/><\/span><span style=\"font-weight: 400;\"> \u2728 <\/span><b>Taille:<\/b><span style=\"font-weight: 400;\"> Enti\u00e8rement \u00e9lastique pour plus de confort<\/span><span style=\"font-weight: 400;\"><br \/><\/span><span style=\"font-weight: 400;\"> \u2728 <\/span><b>Style:<\/b><span style=\"font-weight: 400;\"> Pantalon cargo \u00e0 poches<\/span><span style=\"font-weight: 400;\"><br \/><\/span><span style=\"font-weight: 400;\"> \u2728 <\/span><b>Poches :<\/b><\/p><ul><li style=\"font-weight: 400;\" aria-level=\"1\"><span style=\"font-weight: 400;\">2 poches avant<\/span><span style=\"font-weight: 400;\"><br \/><\/span><\/li><li style=\"font-weight: 400;\" aria-level=\"1\"><span style=\"font-weight: 400;\">2 poches cargo lat\u00e9rales avec boutons<\/span><span style=\"font-weight: 400;\"><br \/><\/span><\/li><li style=\"font-weight: 400;\" aria-level=\"1\"><span style=\"font-weight: 400;\">2 poches arri\u00e8re \u00e0 rabat avec boutons<\/span><span style=\"font-weight: 400;\"><br \/><\/span><span style=\"font-weight: 400;\"> \u2728 <\/span><b>Fixation :<\/b><span style=\"font-weight: 400;\"> Taille \u00e9lastique (facile \u00e0 enfiler, sans fermeture \u00e9clair)<\/span><span style=\"font-weight: 400;\"><br \/><\/span><span style=\"font-weight: 400;\"> \u2728 <\/span><b>Confort:<\/b><span style=\"font-weight: 400;\"> Doux, l\u00e9ger et respirant<\/span><span style=\"font-weight: 400;\"><br \/><\/span><span style=\"font-weight: 400;\"> \u2728 <\/span><b>Saison:<\/b><span style=\"font-weight: 400;\"> Convient pour le printemps, l'automne et les hivers doux<\/span><span style=\"font-weight: 400;\"><br \/><\/span><span style=\"font-weight: 400;\"> \u2728 <\/span><b>Genre:<\/b><span style=\"font-weight: 400;\"> Unisexe<\/span><\/li><\/ul><h4><b>\u2b50 \u00c9TAT (Occasion \/ Article d'occasion)<\/b><\/h4><p><span style=\"font-weight: 400;\">\u2714 <\/span><b>\u00c9tat\u00a0:<\/b><span style=\"font-weight: 400;\"> Excellent<\/span><span style=\"font-weight: 400;\"><br \/><\/span><span style=\"font-weight: 400;\"> \u2714 Aucune tache<\/span><span style=\"font-weight: 400;\"><br \/><\/span><span style=\"font-weight: 400;\"> \u2714 Aucune d\u00e9chirures<\/span><span style=\"font-weight: 400;\"><br \/><\/span><span style=\"font-weight: 400;\"> Aucune d\u00e9coloration<\/span><span style=\"font-weight: 400;\"><br \/><\/span><span style=\"font-weight: 400;\"> \u2714 Tissu toujours doux<\/span><span style=\"font-weight: 400;\"><br \/><\/span><span style=\"font-weight: 400;\"> \u2714 Enti\u00e8rement v\u00e9rifi\u00e9, lav\u00e9 et pr\u00eat \u00e0 porter<\/span><span style=\"font-weight: 400;\"><br \/><\/span><span style=\"font-weight: 400;\"> \u2714 Taille \u00e9lastique en parfait \u00e9tat<\/span><\/p><h4>\u00a0<\/h4><h4><b>\u2b50 POURQUOI LES PARENTS L'ADORENT<\/b><\/h4><ul><li style=\"font-weight: 400;\" aria-level=\"1\"><span style=\"font-weight: 400;\">Coton doux = confort pour b\u00e9b\u00e9<\/span><span style=\"font-weight: 400;\"><br \/><\/span><\/li><li style=\"font-weight: 400;\" aria-level=\"1\"><span style=\"font-weight: 400;\">Couleur neutre = facile \u00e0 assortir avec n'importe quel haut<\/span><span style=\"font-weight: 400;\"><br \/><\/span><\/li><li style=\"font-weight: 400;\" aria-level=\"1\"><span style=\"font-weight: 400;\">Poches cargo = style et praticit\u00e9<\/span><span style=\"font-weight: 400;\"><br \/><\/span><\/li><li style=\"font-weight: 400;\" aria-level=\"1\"><span style=\"font-weight: 400;\">Taille \u00e9lastique = habillage rapide pour les parents press\u00e9s<\/span><span style=\"font-weight: 400;\"><br \/><\/span><\/li><li style=\"font-weight: 400;\" aria-level=\"1\"><span style=\"font-weight: 400;\">Tissu r\u00e9sistant = longue dur\u00e9e de vie<\/span><span style=\"font-weight: 400;\"><br \/><br \/><\/span><\/li><\/ul><h4><b>\u2b50 ID\u00c9AL POUR<\/b><\/h4><p><span style=\"font-weight: 400;\">\ud83d\udc76 Tenues du jour<\/span><span style=\"font-weight: 400;\"><br \/><\/span><span style=\"font-weight: 400;\"> \ud83c\udf24 Journ\u00e9es de printemps\/automne<\/span><span style=\"font-weight: 400;\"><br \/><\/span><span style=\"font-weight: 400;\"> \ud83d\udcf8 Photos d\u00e9contract\u00e9es mignonnes<\/span><span style=\"font-weight: 400;\"><br \/><\/span><span style=\"font-weight: 400;\"> \ud83e\uddf8 Garderie \/ sorties<\/span><span style=\"font-weight: 400;\"><br \/><\/span><span style=\"font-weight: 400;\"> \ud83c\udf81 Cadeau de naissance d'occasion<\/span><\/p>\t\t\t\t\t\t\t\t<\/div>\n\t\t\t\t\t<\/div>\n\t\t<\/div>\n\t\t\t\t\t<\/div>\n\t\t<\/section>\n\t\t\t\t<\/div>","protected":false},"excerpt":{"rendered":"<p><span style=\"font-weight: 400;\">Offrez \u00e0 votre b\u00e9b\u00e9 confort et style avec cet adorable <\/span><b>pantalon cargo vert p\u00e9trole,<\/b><span style=\"font-weight: 400;\">id\u00e9al au quotidien. Confectionn\u00e9 en <\/span><b>coton doux 100 %,<\/b><span style=\"font-weight: 400;\">il est l\u00e9ger, respirant et respectueux de la peau d\u00e9licate de votre enfant \u2013 parfait pour les petits explorateurs actifs.<\/span><\/p>\n<p><span style=\"font-weight: 400;\">Ce pantalon est dot\u00e9 <\/span><b>de multiples poches cargo<\/b><span style=\"font-weight: 400;\">, de coutures r\u00e9sistantes et <\/span><b>taille \u00e9lastique<\/b><span style=\"font-weight: 400;\"> pour un ajustement facile et s\u00fbr. Polyvalent et pratique, il est id\u00e9al pour les sorties, la cr\u00e8che ou les journ\u00e9es d\u00e9tente \u00e0 la maison.<\/span><\/p>","protected":false},"featured_media":6074,"template":"","meta":[],"product_brand":[193],"product_cat":[132,144],"product_tag":[335,194,332,334,333],"class_list":{"0":"post-6073","1":"product","2":"type-product","3":"status-publish","4":"has-post-thumbnail","6":"product_brand-mon-coeur","7":"product_cat-bebe-garcon-0-mois-36-mois","8":"product_cat-pantalons-jogging-shorts","9":"product_tag-baby-outfit","10":"product_tag-cargo","11":"product_tag-cargo-pants-baby","12":"product_tag-preloved-kids-wear","13":"product_tag-second-hand-baby-clothes","14":"pa_color-green","15":"pa_color-petrol-green","16":"pa_size-6-months","19":"instock","20":"featured","21":"sold-individually","22":"shipping-taxable","23":"purchasable","24":"product-type-simple"},"yoast_head":"<!-- This site is optimized with the Yoast SEO plugin v26.4 - https:\/\/yoast.com\/wordpress\/plugins\/seo\/ -->\n<title>Pantalon Cargo Vert P\u00e9trole | V\u00eatements B\u00e9b\u00e9 d&#039;occasion Tunisie<\/title>\n<meta name=\"description\" content=\"Pantalon cargo b\u00e9b\u00e9 vert p\u00e9trole, doux et pratique, s\u00e9lectionn\u00e9 en seconde main. Retrouvez nos v\u00eatements b\u00e9b\u00e9 d\u2019occasion en Tunisie sur KidLab Fripe.\" \/>\n<meta name=\"robots\" content=\"index, follow, max-snippet:-1, max-image-preview:large, max-video-preview:-1\" \/>\n<link rel=\"canonical\" href=\"https:\/\/kidlab.com.tn\/fr\/produit\/pantalon-cargo-bebe-vert-petrole-coton-tunisie\/\" \/>\n<meta property=\"og:locale\" content=\"fr_FR\" \/>\n<meta property=\"og:type\" content=\"article\" \/>\n<meta property=\"og:title\" content=\"Pantalon Cargo Vert P\u00e9trole | V\u00eatements B\u00e9b\u00e9 d&#039;occasion Tunisie\" \/>\n<meta property=\"og:description\" content=\"Pantalon cargo b\u00e9b\u00e9 vert p\u00e9trole, doux et pratique, s\u00e9lectionn\u00e9 en seconde main. Retrouvez nos v\u00eatements b\u00e9b\u00e9 d\u2019occasion en Tunisie sur KidLab Fripe.\" \/>\n<meta property=\"og:url\" content=\"https:\/\/kidlab.com.tn\/fr\/produit\/pantalon-cargo-bebe-vert-petrole-coton-tunisie\/\" \/>\n<meta property=\"og:site_name\" content=\"KidLab\" \/>\n<meta property=\"article:publisher\" content=\"https:\/\/www.facebook.com\/profile.php?id=61582962640084\" \/>\n<meta property=\"article:modified_time\" content=\"2025-12-30T20:05:34+00:00\" \/>\n<meta property=\"og:image\" content=\"https:\/\/kidlab.com.tn\/wp-content\/uploads\/2025\/11\/produit-kidlab-cargo-8-1.png\" \/>\n\t<meta property=\"og:image:width\" content=\"630\" \/>\n\t<meta property=\"og:image:height\" content=\"630\" \/>\n\t<meta property=\"og:image:type\" content=\"image\/png\" \/>\n<meta name=\"twitter:card\" content=\"summary_large_image\" \/>\n<meta name=\"twitter:label1\" content=\"Dur\u00e9e de lecture estim\u00e9e\" \/>\n\t<meta name=\"twitter:data1\" content=\"2 minutes\" \/>\n<script type=\"application\/ld+json\" class=\"yoast-schema-graph\">{\"@context\":\"https:\/\/schema.org\",\"@graph\":[{\"@type\":\"WebPage\",\"@id\":\"https:\/\/kidlab.com.tn\/product\/pantalon-cargo-bebe-vert-petrole-coton-tunisie\/\",\"url\":\"https:\/\/kidlab.com.tn\/product\/pantalon-cargo-bebe-vert-petrole-coton-tunisie\/\",\"name\":\"Pantalon Cargo Vert P\u00e9trole | V\u00eatements B\u00e9b\u00e9 d'occasion Tunisie\",\"isPartOf\":{\"@id\":\"https:\/\/kidlab.com.tn\/#website\"},\"primaryImageOfPage\":{\"@id\":\"https:\/\/kidlab.com.tn\/product\/pantalon-cargo-bebe-vert-petrole-coton-tunisie\/#primaryimage\"},\"image\":{\"@id\":\"https:\/\/kidlab.com.tn\/product\/pantalon-cargo-bebe-vert-petrole-coton-tunisie\/#primaryimage\"},\"thumbnailUrl\":\"https:\/\/kidlab.com.tn\/wp-content\/uploads\/2025\/11\/produit-kidlab-cargo-8-1.png\",\"datePublished\":\"2025-11-23T22:53:56+00:00\",\"dateModified\":\"2025-12-30T20:05:34+00:00\",\"description\":\"Pantalon cargo b\u00e9b\u00e9 vert p\u00e9trole, doux et pratique, s\u00e9lectionn\u00e9 en seconde main. Retrouvez nos v\u00eatements b\u00e9b\u00e9 d\u2019occasion en Tunisie sur KidLab Fripe.\",\"breadcrumb\":{\"@id\":\"https:\/\/kidlab.com.tn\/product\/pantalon-cargo-bebe-vert-petrole-coton-tunisie\/#breadcrumb\"},\"inLanguage\":\"fr-FR\",\"potentialAction\":[{\"@type\":\"ReadAction\",\"target\":[\"https:\/\/kidlab.com.tn\/product\/pantalon-cargo-bebe-vert-petrole-coton-tunisie\/\"]}]},{\"@type\":\"ImageObject\",\"inLanguage\":\"fr-FR\",\"@id\":\"https:\/\/kidlab.com.tn\/product\/pantalon-cargo-bebe-vert-petrole-coton-tunisie\/#primaryimage\",\"url\":\"https:\/\/kidlab.com.tn\/wp-content\/uploads\/2025\/11\/produit-kidlab-cargo-8-1.png\",\"contentUrl\":\"https:\/\/kidlab.com.tn\/wp-content\/uploads\/2025\/11\/produit-kidlab-cargo-8-1.png\",\"width\":630,\"height\":630,\"caption\":\"pantalon cargo b\u00e9b\u00e9 vert p\u00e9trole coton en Tunisie\"},{\"@type\":\"BreadcrumbList\",\"@id\":\"https:\/\/kidlab.com.tn\/product\/pantalon-cargo-bebe-vert-petrole-coton-tunisie\/#breadcrumb\",\"itemListElement\":[{\"@type\":\"ListItem\",\"position\":1,\"name\":\"Home\",\"item\":\"https:\/\/kidlab.com.tn\/fr\/\"},{\"@type\":\"ListItem\",\"position\":2,\"name\":\"Shop\",\"item\":\"https:\/\/kidlab.com.tn\/shop\/\"},{\"@type\":\"ListItem\",\"position\":3,\"name\":\"Pantalon Cargo B\u00e9b\u00e9 \u2013 Coton \u2013 Vert P\u00e9trole\"}]},{\"@type\":\"WebSite\",\"@id\":\"https:\/\/kidlab.com.tn\/#website\",\"url\":\"https:\/\/kidlab.com.tn\/\",\"name\":\"KidLab\",\"description\":\"Cute looks, tiny prices, big smiles.\",\"publisher\":{\"@id\":\"https:\/\/kidlab.com.tn\/#organization\"},\"potentialAction\":[{\"@type\":\"SearchAction\",\"target\":{\"@type\":\"EntryPoint\",\"urlTemplate\":\"https:\/\/kidlab.com.tn\/?s={search_term_string}\"},\"query-input\":{\"@type\":\"PropertyValueSpecification\",\"valueRequired\":true,\"valueName\":\"search_term_string\"}}],\"inLanguage\":\"fr-FR\"},{\"@type\":\"Organization\",\"@id\":\"https:\/\/kidlab.com.tn\/#organization\",\"name\":\"KidLab\",\"url\":\"https:\/\/kidlab.com.tn\/\",\"logo\":{\"@type\":\"ImageObject\",\"inLanguage\":\"fr-FR\",\"@id\":\"https:\/\/kidlab.com.tn\/#\/schema\/logo\/image\/\",\"url\":\"https:\/\/kidlab.com.tn\/wp-content\/uploads\/2025\/12\/kidlab-fripe.jpg\",\"contentUrl\":\"https:\/\/kidlab.com.tn\/wp-content\/uploads\/2025\/12\/kidlab-fripe.jpg\",\"width\":400,\"height\":400,\"caption\":\"KidLab\"},\"image\":{\"@id\":\"https:\/\/kidlab.com.tn\/#\/schema\/logo\/image\/\"},\"sameAs\":[\"https:\/\/www.facebook.com\/profile.php?id=61582962640084\",\"https:\/\/www.instagram.com\/kidlab_fripe\"]}]}<\/script>\n<!-- \/ Yoast SEO plugin. -->","yoast_head_json":{"title":"Pantalon Cargo Vert P\u00e9trole | V\u00eatements B\u00e9b\u00e9 d'occasion Tunisie","description":"Pantalon cargo b\u00e9b\u00e9 vert p\u00e9trole, doux et pratique, s\u00e9lectionn\u00e9 en seconde main. Retrouvez nos v\u00eatements b\u00e9b\u00e9 d\u2019occasion en Tunisie sur KidLab Fripe.","robots":{"index":"index","follow":"follow","max-snippet":"max-snippet:-1","max-image-preview":"max-image-preview:large","max-video-preview":"max-video-preview:-1"},"canonical":"https:\/\/kidlab.com.tn\/fr\/produit\/pantalon-cargo-bebe-vert-petrole-coton-tunisie\/","og_locale":"fr_FR","og_type":"article","og_title":"Pantalon Cargo Vert P\u00e9trole | V\u00eatements B\u00e9b\u00e9 d'occasion Tunisie","og_description":"Pantalon cargo b\u00e9b\u00e9 vert p\u00e9trole, doux et pratique, s\u00e9lectionn\u00e9 en seconde main. Retrouvez nos v\u00eatements b\u00e9b\u00e9 d\u2019occasion en Tunisie sur KidLab Fripe.","og_url":"https:\/\/kidlab.com.tn\/fr\/produit\/pantalon-cargo-bebe-vert-petrole-coton-tunisie\/","og_site_name":"KidLab","article_publisher":"https:\/\/www.facebook.com\/profile.php?id=61582962640084","article_modified_time":"2025-12-30T20:05:34+00:00","og_image":[{"width":630,"height":630,"url":"https:\/\/kidlab.com.tn\/wp-content\/uploads\/2025\/11\/produit-kidlab-cargo-8-1.png","type":"image\/png"}],"twitter_card":"summary_large_image","twitter_misc":{"Dur\u00e9e de lecture estim\u00e9e":"2 minutes"},"schema":{"@context":"https:\/\/schema.org","@graph":[{"@type":"WebPage","@id":"https:\/\/kidlab.com.tn\/product\/pantalon-cargo-bebe-vert-petrole-coton-tunisie\/","url":"https:\/\/kidlab.com.tn\/product\/pantalon-cargo-bebe-vert-petrole-coton-tunisie\/","name":"Pantalon Cargo Vert P\u00e9trole | V\u00eatements B\u00e9b\u00e9 d'occasion Tunisie","isPartOf":{"@id":"https:\/\/kidlab.com.tn\/#website"},"primaryImageOfPage":{"@id":"https:\/\/kidlab.com.tn\/product\/pantalon-cargo-bebe-vert-petrole-coton-tunisie\/#primaryimage"},"image":{"@id":"https:\/\/kidlab.com.tn\/product\/pantalon-cargo-bebe-vert-petrole-coton-tunisie\/#primaryimage"},"thumbnailUrl":"https:\/\/kidlab.com.tn\/wp-content\/uploads\/2025\/11\/produit-kidlab-cargo-8-1.png","datePublished":"2025-11-23T22:53:56+00:00","dateModified":"2025-12-30T20:05:34+00:00","description":"Pantalon cargo b\u00e9b\u00e9 vert p\u00e9trole, doux et pratique, s\u00e9lectionn\u00e9 en seconde main. Retrouvez nos v\u00eatements b\u00e9b\u00e9 d\u2019occasion en Tunisie sur KidLab Fripe.","breadcrumb":{"@id":"https:\/\/kidlab.com.tn\/product\/pantalon-cargo-bebe-vert-petrole-coton-tunisie\/#breadcrumb"},"inLanguage":"fr-FR","potentialAction":[{"@type":"ReadAction","target":["https:\/\/kidlab.com.tn\/product\/pantalon-cargo-bebe-vert-petrole-coton-tunisie\/"]}]},{"@type":"ImageObject","inLanguage":"fr-FR","@id":"https:\/\/kidlab.com.tn\/product\/pantalon-cargo-bebe-vert-petrole-coton-tunisie\/#primaryimage","url":"https:\/\/kidlab.com.tn\/wp-content\/uploads\/2025\/11\/produit-kidlab-cargo-8-1.png","contentUrl":"https:\/\/kidlab.com.tn\/wp-content\/uploads\/2025\/11\/produit-kidlab-cargo-8-1.png","width":630,"height":630,"caption":"pantalon cargo b\u00e9b\u00e9 vert p\u00e9trole coton en Tunisie"},{"@type":"BreadcrumbList","@id":"https:\/\/kidlab.com.tn\/product\/pantalon-cargo-bebe-vert-petrole-coton-tunisie\/#breadcrumb","itemListElement":[{"@type":"ListItem","position":1,"name":"Home","item":"https:\/\/kidlab.com.tn\/fr\/"},{"@type":"ListItem","position":2,"name":"Shop","item":"https:\/\/kidlab.com.tn\/shop\/"},{"@type":"ListItem","position":3,"name":"Pantalon Cargo B\u00e9b\u00e9 \u2013 Coton \u2013 Vert P\u00e9trole"}]},{"@type":"WebSite","@id":"https:\/\/kidlab.com.tn\/#website","url":"https:\/\/kidlab.com.tn\/","name":"KidLab","description":"Cute looks, tiny prices, big smiles.","publisher":{"@id":"https:\/\/kidlab.com.tn\/#organization"},"potentialAction":[{"@type":"SearchAction","target":{"@type":"EntryPoint","urlTemplate":"https:\/\/kidlab.com.tn\/?s={search_term_string}"},"query-input":{"@type":"PropertyValueSpecification","valueRequired":true,"valueName":"search_term_string"}}],"inLanguage":"fr-FR"},{"@type":"Organization","@id":"https:\/\/kidlab.com.tn\/#organization","name":"KidLab","url":"https:\/\/kidlab.com.tn\/","logo":{"@type":"ImageObject","inLanguage":"fr-FR","@id":"https:\/\/kidlab.com.tn\/#\/schema\/logo\/image\/","url":"https:\/\/kidlab.com.tn\/wp-content\/uploads\/2025\/12\/kidlab-fripe.jpg","contentUrl":"https:\/\/kidlab.com.tn\/wp-content\/uploads\/2025\/12\/kidlab-fripe.jpg","width":400,"height":400,"caption":"KidLab"},"image":{"@id":"https:\/\/kidlab.com.tn\/#\/schema\/logo\/image\/"},"sameAs":["https:\/\/www.facebook.com\/profile.php?id=61582962640084","https:\/\/www.instagram.com\/kidlab_fripe"]}]}},"_links":{"self":[{"href":"https:\/\/kidlab.com.tn\/fr\/wp-json\/wp\/v2\/product\/6073","targetHints":{"allow":["GET"]}}],"collection":[{"href":"https:\/\/kidlab.com.tn\/fr\/wp-json\/wp\/v2\/product"}],"about":[{"href":"https:\/\/kidlab.com.tn\/fr\/wp-json\/wp\/v2\/types\/product"}],"version-history":[{"count":0,"href":"https:\/\/kidlab.com.tn\/fr\/wp-json\/wp\/v2\/product\/6073\/revisions"}],"wp:featuredmedia":[{"embeddable":true,"href":"https:\/\/kidlab.com.tn\/fr\/wp-json\/wp\/v2\/media\/6074"}],"wp:attachment":[{"href":"https:\/\/kidlab.com.tn\/fr\/wp-json\/wp\/v2\/media?parent=6073"}],"wp:term":[{"taxonomy":"product_brand","embeddable":true,"href":"https:\/\/kidlab.com.tn\/fr\/wp-json\/wp\/v2\/product_brand?post=6073"},{"taxonomy":"product_cat","embeddable":true,"href":"https:\/\/kidlab.com.tn\/fr\/wp-json\/wp\/v2\/product_cat?post=6073"},{"taxonomy":"product_tag","embeddable":true,"href":"https:\/\/kidlab.com.tn\/fr\/wp-json\/wp\/v2\/product_tag?post=6073"}],"curies":[{"name":"wp","href":"https:\/\/api.w.org\/{rel}","templated":true}]}}