{"id":6080,"date":"2025-11-24T22:23:13","date_gmt":"2025-11-24T22:23:13","guid":{"rendered":"https:\/\/kids.sportifs.tn\/?post_type=product&#038;p=6080"},"modified":"2025-12-30T20:05:34","modified_gmt":"2025-12-30T20:05:34","slug":"haut-bebe-chicco-bleu-tunisie","status":"publish","type":"product","link":"https:\/\/kidlab.com.tn\/fr\/produit\/haut-bebe-chicco-bleu-tunisie\/","title":{"rendered":"CHICCO BABY TOP \u2013 BLEU"},"content":{"rendered":"<div data-elementor-type=\"wp-post\" data-elementor-id=\"6080\" class=\"elementor elementor-6080\">\n\t\t\t\t\t\t<section class=\"elementor-section elementor-top-section elementor-element elementor-element-33fd861 elementor-section-boxed elementor-section-height-default elementor-section-height-default\" data-id=\"33fd861\" data-element_type=\"section\">\n\t\t\t\t\t\t<div class=\"elementor-container elementor-column-gap-no\">\n\t\t\t\t\t<div class=\"elementor-column elementor-col-100 elementor-top-column elementor-element elementor-element-8f1ab81\" data-id=\"8f1ab81\" data-element_type=\"column\">\n\t\t\t<div class=\"elementor-widget-wrap elementor-element-populated\">\n\t\t\t\t\t\t<div class=\"elementor-element elementor-element-a652374 elementor-widget elementor-widget-text-editor\" data-id=\"a652374\" data-element_type=\"widget\" data-widget_type=\"text-editor.default\">\n\t\t\t\t\t\t\t\t\t<p><span style=\"font-weight: 400;\">Ce ravissant <\/span><b>haut en velours pour b\u00e9b\u00e9 Chicco (3 mois \/ 60 cm)<\/b><span style=\"font-weight: 400;\"> est confectionn\u00e9 dans un tissu peluche ultra-doux con\u00e7u pour garder votre tout-petit au chaud et \u00e0 l'aise.<\/span><span style=\"font-weight: 400;\"><br \/><\/span><span style=\"font-weight: 400;\"> Les principales caract\u00e9ristiques\u00a0:<\/span><\/p><p><span style=\"font-weight: 400;\">\u2728 <\/span><b>Velours bleu doux et velout\u00e9<\/b><span style=\"font-weight: 400;\"> qui est douce pour la peau d\u00e9licate de b\u00e9b\u00e9<\/span><span style=\"font-weight: 400;\"><br \/><\/span><span style=\"font-weight: 400;\"> \u2728 <\/span><b>\u2728 Col blanc<\/b><span style=\"font-weight: 400;\"> pour un look \u00e9pur\u00e9 et classique<\/span><span style=\"font-weight: 400;\"><br \/><\/span><span style=\"font-weight: 400;\"> \u2728 <\/span><b>D\u00e9tail de raton<\/b><span style=\"font-weight: 400;\"> laveur brod\u00e9 , coutures de haute qualit\u00e9<\/span><span style=\"font-weight: 400;\"><br \/><\/span><span style=\"font-weight: 400;\"> \u2728 <\/span><b>\u2728 Ouverture \u00e0 boutons<\/b><span style=\"font-weight: 400;\"> pression au col pour un habillage facile<\/span><span style=\"font-weight: 400;\"><br \/><\/span><span style=\"font-weight: 400;\"> \u2728 <\/span><b>manches longues<\/b><span style=\"font-weight: 400;\">parfaites pour l'automne\/hiver<\/span><span style=\"font-weight: 400;\"><br \/><\/span><span style=\"font-weight: 400;\"> \u2728 <\/span><b>Fabrication Chicco de haute qualit\u00e9<\/b><\/p><p>\u00a0<\/p><p><span style=\"font-weight: 400;\">La mati\u00e8re est \u00e9paisse, confortable et parfaite pour les temps froids.<\/span><span style=\"font-weight: 400;\"><br \/><\/span><span style=\"font-weight: 400;\"> Cet article est id\u00e9al pour un usage quotidien, les s\u00e9ances photo ou les sorties.<\/span><\/p><p>\u00a0<\/p><p><b>\u00c9tat\u00a0:<\/b><span style=\"font-weight: 400;\"> Excellent \u00e9tat \u2013 bien entretenu, sans taches, sans boulochage, sans d\u00e9chirures.<\/span><span style=\"font-weight: 400;\"><br \/><\/span> <b>Marque:<\/b><span style=\"font-weight: 400;\"> Chicco<\/span><span style=\"font-weight: 400;\"><br \/><\/span> <b>Taille:<\/b><span style=\"font-weight: 400;\"> 3 mois (60 cm)<\/span><span style=\"font-weight: 400;\"><br \/><\/span> <b>Couleur:<\/b><span style=\"font-weight: 400;\"> Bleu et blanc<\/span><span style=\"font-weight: 400;\"><br \/><\/span> <b>Tissu:<\/b><span style=\"font-weight: 400;\"> Velours doux (texture pelucheuse)<\/span><span style=\"font-weight: 400;\"><br \/><\/span> <b>Fabriqu\u00e9 en<\/b><span style=\"font-weight: 400;\"> Chine (\u00e9tiquette d'origine visible)<\/span><\/p>\t\t\t\t\t\t\t\t<\/div>\n\t\t\t\t\t<\/div>\n\t\t<\/div>\n\t\t\t\t\t<\/div>\n\t\t<\/section>\n\t\t\t\t<\/div>","protected":false},"excerpt":{"rendered":"<h5><strong>Haut en velours Chicco Baby 3 mois (60 cm) \u2013 Sweat-shirt bleu doux en peluche avec broderie raton laveur, v\u00eatements d'hiver confortables pour b\u00e9b\u00e9<\/strong><\/h5>\n<p>&nbsp;<\/p>\n<p><span style=\"font-weight: 400;\">Pull b\u00e9b\u00e9 \u00e0 manches longues ultra-doux, chaud et confortable, confectionn\u00e9 en velours pelucheux.<\/span><span style=\"font-weight: 400;\"><br \/>\n<\/span><span style=\"font-weight: 400;\"> Il est dot\u00e9 d'un col blanc et d'un adorable motif de raton laveur brod\u00e9.<\/span><span style=\"font-weight: 400;\"><br \/>\n<\/span><span style=\"font-weight: 400;\"> Un v\u00eatement d'hiver id\u00e9al pour b\u00e9b\u00e9, confortable et adapt\u00e9 au quotidien.<\/span><span style=\"font-weight: 400;\"><br \/>\n<\/span><span style=\"font-weight: 400;\"> Ideal gift for newborns, baby showers, or winter outfits.<\/span><\/p>","protected":false},"featured_media":6084,"template":"","meta":[],"product_brand":[198],"product_cat":[132,136],"product_tag":[337,336,199,338,200,339],"class_list":{"0":"post-6080","1":"product","2":"type-product","3":"status-publish","4":"has-post-thumbnail","6":"product_brand-chicco","7":"product_cat-bebe-garcon-0-mois-36-mois","8":"product_cat-garcon-pyjama-bodies","9":"product_tag-baby-sweater","10":"product_tag-baby-top","11":"product_tag-baby-winter-top","12":"product_tag-chicco","13":"product_tag-cute-animal-baby-shirt","14":"product_tag-unisex-baby-clothes","15":"pa_color-blue","16":"pa_color-dusty-soft-blue","17":"pa_size-3-months","20":"instock","21":"featured","22":"sold-individually","23":"shipping-taxable","24":"purchasable","25":"product-type-simple"},"yoast_head":"<!-- This site is optimized with the Yoast SEO plugin v26.4 - https:\/\/yoast.com\/wordpress\/plugins\/seo\/ -->\n<title>Haut Bleu CHICCO | V\u00eatements B\u00e9b\u00e9 Seconde Main en Tunisie<\/title>\n<meta name=\"description\" content=\"Haut b\u00e9b\u00e9 CHICCO bleu, doux et mignon.Optez pour la qualit\u00e9 et l\u2019\u00e9conomie avec les v\u00eatements b\u00e9b\u00e9 d\u2019occasion en Tunisie chez KidLab Fripe.\" \/>\n<meta name=\"robots\" content=\"index, follow, max-snippet:-1, max-image-preview:large, max-video-preview:-1\" \/>\n<link rel=\"canonical\" href=\"https:\/\/kidlab.com.tn\/fr\/produit\/haut-bebe-chicco-bleu-tunisie\/\" \/>\n<meta property=\"og:locale\" content=\"fr_FR\" \/>\n<meta property=\"og:type\" content=\"article\" \/>\n<meta property=\"og:title\" content=\"Haut Bleu CHICCO | V\u00eatements B\u00e9b\u00e9 Seconde Main en Tunisie\" \/>\n<meta property=\"og:description\" content=\"Haut b\u00e9b\u00e9 CHICCO bleu, doux et mignon.Optez pour la qualit\u00e9 et l\u2019\u00e9conomie avec les v\u00eatements b\u00e9b\u00e9 d\u2019occasion en Tunisie chez KidLab Fripe.\" \/>\n<meta property=\"og:url\" content=\"https:\/\/kidlab.com.tn\/fr\/produit\/haut-bebe-chicco-bleu-tunisie\/\" \/>\n<meta property=\"og:site_name\" content=\"KidLab\" \/>\n<meta property=\"article:publisher\" content=\"https:\/\/www.facebook.com\/profile.php?id=61582962640084\" \/>\n<meta property=\"article:modified_time\" content=\"2025-12-30T20:05:34+00:00\" \/>\n<meta property=\"og:image\" content=\"https:\/\/kidlab.com.tn\/wp-content\/uploads\/2025\/11\/Chicco-teeshirt-top-blue-9-1.png\" \/>\n\t<meta property=\"og:image:width\" content=\"630\" \/>\n\t<meta property=\"og:image:height\" content=\"630\" \/>\n\t<meta property=\"og:image:type\" content=\"image\/png\" \/>\n<meta name=\"twitter:card\" content=\"summary_large_image\" \/>\n<meta name=\"twitter:label1\" content=\"Dur\u00e9e de lecture estim\u00e9e\" \/>\n\t<meta name=\"twitter:data1\" content=\"1 minute\" \/>\n<script type=\"application\/ld+json\" class=\"yoast-schema-graph\">{\"@context\":\"https:\/\/schema.org\",\"@graph\":[{\"@type\":\"WebPage\",\"@id\":\"https:\/\/kidlab.com.tn\/product\/haut-bebe-chicco-bleu-tunisie\/\",\"url\":\"https:\/\/kidlab.com.tn\/product\/haut-bebe-chicco-bleu-tunisie\/\",\"name\":\"Haut Bleu CHICCO | V\u00eatements B\u00e9b\u00e9 Seconde Main en Tunisie\",\"isPartOf\":{\"@id\":\"https:\/\/kidlab.com.tn\/#website\"},\"primaryImageOfPage\":{\"@id\":\"https:\/\/kidlab.com.tn\/product\/haut-bebe-chicco-bleu-tunisie\/#primaryimage\"},\"image\":{\"@id\":\"https:\/\/kidlab.com.tn\/product\/haut-bebe-chicco-bleu-tunisie\/#primaryimage\"},\"thumbnailUrl\":\"https:\/\/kidlab.com.tn\/wp-content\/uploads\/2025\/11\/Chicco-teeshirt-top-blue-9-1.png\",\"datePublished\":\"2025-11-24T22:23:13+00:00\",\"dateModified\":\"2025-12-30T20:05:34+00:00\",\"description\":\"Haut b\u00e9b\u00e9 CHICCO bleu, doux et mignon.Optez pour la qualit\u00e9 et l\u2019\u00e9conomie avec les v\u00eatements b\u00e9b\u00e9 d\u2019occasion en Tunisie chez KidLab Fripe.\",\"breadcrumb\":{\"@id\":\"https:\/\/kidlab.com.tn\/product\/haut-bebe-chicco-bleu-tunisie\/#breadcrumb\"},\"inLanguage\":\"fr-FR\",\"potentialAction\":[{\"@type\":\"ReadAction\",\"target\":[\"https:\/\/kidlab.com.tn\/product\/haut-bebe-chicco-bleu-tunisie\/\"]}]},{\"@type\":\"ImageObject\",\"inLanguage\":\"fr-FR\",\"@id\":\"https:\/\/kidlab.com.tn\/product\/haut-bebe-chicco-bleu-tunisie\/#primaryimage\",\"url\":\"https:\/\/kidlab.com.tn\/wp-content\/uploads\/2025\/11\/Chicco-teeshirt-top-blue-9-1.png\",\"contentUrl\":\"https:\/\/kidlab.com.tn\/wp-content\/uploads\/2025\/11\/Chicco-teeshirt-top-blue-9-1.png\",\"width\":630,\"height\":630,\"caption\":\"haut b\u00e9b\u00e9 Chicco bleu en Tunisie\"},{\"@type\":\"BreadcrumbList\",\"@id\":\"https:\/\/kidlab.com.tn\/product\/haut-bebe-chicco-bleu-tunisie\/#breadcrumb\",\"itemListElement\":[{\"@type\":\"ListItem\",\"position\":1,\"name\":\"Home\",\"item\":\"https:\/\/kidlab.com.tn\/fr\/\"},{\"@type\":\"ListItem\",\"position\":2,\"name\":\"Shop\",\"item\":\"https:\/\/kidlab.com.tn\/shop\/\"},{\"@type\":\"ListItem\",\"position\":3,\"name\":\"Haut B\u00e9b\u00e9 CHICCO \u2013 Bleu\"}]},{\"@type\":\"WebSite\",\"@id\":\"https:\/\/kidlab.com.tn\/#website\",\"url\":\"https:\/\/kidlab.com.tn\/\",\"name\":\"KidLab\",\"description\":\"Cute looks, tiny prices, big smiles.\",\"publisher\":{\"@id\":\"https:\/\/kidlab.com.tn\/#organization\"},\"potentialAction\":[{\"@type\":\"SearchAction\",\"target\":{\"@type\":\"EntryPoint\",\"urlTemplate\":\"https:\/\/kidlab.com.tn\/?s={search_term_string}\"},\"query-input\":{\"@type\":\"PropertyValueSpecification\",\"valueRequired\":true,\"valueName\":\"search_term_string\"}}],\"inLanguage\":\"fr-FR\"},{\"@type\":\"Organization\",\"@id\":\"https:\/\/kidlab.com.tn\/#organization\",\"name\":\"KidLab\",\"url\":\"https:\/\/kidlab.com.tn\/\",\"logo\":{\"@type\":\"ImageObject\",\"inLanguage\":\"fr-FR\",\"@id\":\"https:\/\/kidlab.com.tn\/#\/schema\/logo\/image\/\",\"url\":\"https:\/\/kidlab.com.tn\/wp-content\/uploads\/2025\/12\/kidlab-fripe.jpg\",\"contentUrl\":\"https:\/\/kidlab.com.tn\/wp-content\/uploads\/2025\/12\/kidlab-fripe.jpg\",\"width\":400,\"height\":400,\"caption\":\"KidLab\"},\"image\":{\"@id\":\"https:\/\/kidlab.com.tn\/#\/schema\/logo\/image\/\"},\"sameAs\":[\"https:\/\/www.facebook.com\/profile.php?id=61582962640084\",\"https:\/\/www.instagram.com\/kidlab_fripe\"]}]}<\/script>\n<!-- \/ Yoast SEO plugin. -->","yoast_head_json":{"title":"Haut Bleu CHICCO | V\u00eatements B\u00e9b\u00e9 Seconde Main en Tunisie","description":"Haut b\u00e9b\u00e9 CHICCO bleu, doux et mignon.Optez pour la qualit\u00e9 et l\u2019\u00e9conomie avec les v\u00eatements b\u00e9b\u00e9 d\u2019occasion en Tunisie chez KidLab Fripe.","robots":{"index":"index","follow":"follow","max-snippet":"max-snippet:-1","max-image-preview":"max-image-preview:large","max-video-preview":"max-video-preview:-1"},"canonical":"https:\/\/kidlab.com.tn\/fr\/produit\/haut-bebe-chicco-bleu-tunisie\/","og_locale":"fr_FR","og_type":"article","og_title":"Haut Bleu CHICCO | V\u00eatements B\u00e9b\u00e9 Seconde Main en Tunisie","og_description":"Haut b\u00e9b\u00e9 CHICCO bleu, doux et mignon.Optez pour la qualit\u00e9 et l\u2019\u00e9conomie avec les v\u00eatements b\u00e9b\u00e9 d\u2019occasion en Tunisie chez KidLab Fripe.","og_url":"https:\/\/kidlab.com.tn\/fr\/produit\/haut-bebe-chicco-bleu-tunisie\/","og_site_name":"KidLab","article_publisher":"https:\/\/www.facebook.com\/profile.php?id=61582962640084","article_modified_time":"2025-12-30T20:05:34+00:00","og_image":[{"width":630,"height":630,"url":"https:\/\/kidlab.com.tn\/wp-content\/uploads\/2025\/11\/Chicco-teeshirt-top-blue-9-1.png","type":"image\/png"}],"twitter_card":"summary_large_image","twitter_misc":{"Dur\u00e9e de lecture estim\u00e9e":"1 minute"},"schema":{"@context":"https:\/\/schema.org","@graph":[{"@type":"WebPage","@id":"https:\/\/kidlab.com.tn\/product\/haut-bebe-chicco-bleu-tunisie\/","url":"https:\/\/kidlab.com.tn\/product\/haut-bebe-chicco-bleu-tunisie\/","name":"Haut Bleu CHICCO | V\u00eatements B\u00e9b\u00e9 Seconde Main en Tunisie","isPartOf":{"@id":"https:\/\/kidlab.com.tn\/#website"},"primaryImageOfPage":{"@id":"https:\/\/kidlab.com.tn\/product\/haut-bebe-chicco-bleu-tunisie\/#primaryimage"},"image":{"@id":"https:\/\/kidlab.com.tn\/product\/haut-bebe-chicco-bleu-tunisie\/#primaryimage"},"thumbnailUrl":"https:\/\/kidlab.com.tn\/wp-content\/uploads\/2025\/11\/Chicco-teeshirt-top-blue-9-1.png","datePublished":"2025-11-24T22:23:13+00:00","dateModified":"2025-12-30T20:05:34+00:00","description":"Haut b\u00e9b\u00e9 CHICCO bleu, doux et mignon.Optez pour la qualit\u00e9 et l\u2019\u00e9conomie avec les v\u00eatements b\u00e9b\u00e9 d\u2019occasion en Tunisie chez KidLab Fripe.","breadcrumb":{"@id":"https:\/\/kidlab.com.tn\/product\/haut-bebe-chicco-bleu-tunisie\/#breadcrumb"},"inLanguage":"fr-FR","potentialAction":[{"@type":"ReadAction","target":["https:\/\/kidlab.com.tn\/product\/haut-bebe-chicco-bleu-tunisie\/"]}]},{"@type":"ImageObject","inLanguage":"fr-FR","@id":"https:\/\/kidlab.com.tn\/product\/haut-bebe-chicco-bleu-tunisie\/#primaryimage","url":"https:\/\/kidlab.com.tn\/wp-content\/uploads\/2025\/11\/Chicco-teeshirt-top-blue-9-1.png","contentUrl":"https:\/\/kidlab.com.tn\/wp-content\/uploads\/2025\/11\/Chicco-teeshirt-top-blue-9-1.png","width":630,"height":630,"caption":"haut b\u00e9b\u00e9 Chicco bleu en Tunisie"},{"@type":"BreadcrumbList","@id":"https:\/\/kidlab.com.tn\/product\/haut-bebe-chicco-bleu-tunisie\/#breadcrumb","itemListElement":[{"@type":"ListItem","position":1,"name":"Home","item":"https:\/\/kidlab.com.tn\/fr\/"},{"@type":"ListItem","position":2,"name":"Shop","item":"https:\/\/kidlab.com.tn\/shop\/"},{"@type":"ListItem","position":3,"name":"Haut B\u00e9b\u00e9 CHICCO \u2013 Bleu"}]},{"@type":"WebSite","@id":"https:\/\/kidlab.com.tn\/#website","url":"https:\/\/kidlab.com.tn\/","name":"KidLab","description":"Cute looks, tiny prices, big smiles.","publisher":{"@id":"https:\/\/kidlab.com.tn\/#organization"},"potentialAction":[{"@type":"SearchAction","target":{"@type":"EntryPoint","urlTemplate":"https:\/\/kidlab.com.tn\/?s={search_term_string}"},"query-input":{"@type":"PropertyValueSpecification","valueRequired":true,"valueName":"search_term_string"}}],"inLanguage":"fr-FR"},{"@type":"Organization","@id":"https:\/\/kidlab.com.tn\/#organization","name":"KidLab","url":"https:\/\/kidlab.com.tn\/","logo":{"@type":"ImageObject","inLanguage":"fr-FR","@id":"https:\/\/kidlab.com.tn\/#\/schema\/logo\/image\/","url":"https:\/\/kidlab.com.tn\/wp-content\/uploads\/2025\/12\/kidlab-fripe.jpg","contentUrl":"https:\/\/kidlab.com.tn\/wp-content\/uploads\/2025\/12\/kidlab-fripe.jpg","width":400,"height":400,"caption":"KidLab"},"image":{"@id":"https:\/\/kidlab.com.tn\/#\/schema\/logo\/image\/"},"sameAs":["https:\/\/www.facebook.com\/profile.php?id=61582962640084","https:\/\/www.instagram.com\/kidlab_fripe"]}]}},"_links":{"self":[{"href":"https:\/\/kidlab.com.tn\/fr\/wp-json\/wp\/v2\/product\/6080","targetHints":{"allow":["GET"]}}],"collection":[{"href":"https:\/\/kidlab.com.tn\/fr\/wp-json\/wp\/v2\/product"}],"about":[{"href":"https:\/\/kidlab.com.tn\/fr\/wp-json\/wp\/v2\/types\/product"}],"version-history":[{"count":0,"href":"https:\/\/kidlab.com.tn\/fr\/wp-json\/wp\/v2\/product\/6080\/revisions"}],"wp:featuredmedia":[{"embeddable":true,"href":"https:\/\/kidlab.com.tn\/fr\/wp-json\/wp\/v2\/media\/6084"}],"wp:attachment":[{"href":"https:\/\/kidlab.com.tn\/fr\/wp-json\/wp\/v2\/media?parent=6080"}],"wp:term":[{"taxonomy":"product_brand","embeddable":true,"href":"https:\/\/kidlab.com.tn\/fr\/wp-json\/wp\/v2\/product_brand?post=6080"},{"taxonomy":"product_cat","embeddable":true,"href":"https:\/\/kidlab.com.tn\/fr\/wp-json\/wp\/v2\/product_cat?post=6080"},{"taxonomy":"product_tag","embeddable":true,"href":"https:\/\/kidlab.com.tn\/fr\/wp-json\/wp\/v2\/product_tag?post=6080"}],"curies":[{"name":"wp","href":"https:\/\/api.w.org\/{rel}","templated":true}]}}