{"id":6152,"date":"2025-11-25T23:26:21","date_gmt":"2025-11-25T23:26:21","guid":{"rendered":"https:\/\/kids.sportifs.tn\/?post_type=product&#038;p=6152"},"modified":"2025-12-30T20:05:34","modified_gmt":"2025-12-30T20:05:34","slug":"cardigan-bebe-vintage-vert-tunisie","status":"publish","type":"product","link":"https:\/\/kidlab.com.tn\/fr\/produit\/cardigan-bebe-vintage-vert-tunisie\/","title":{"rendered":"Gilet vintage douillet pour b\u00e9b\u00e9s"},"content":{"rendered":"<div data-elementor-type=\"wp-post\" data-elementor-id=\"6152\" class=\"elementor elementor-6152\">\n\t\t\t\t\t\t<section class=\"elementor-section elementor-top-section elementor-element elementor-element-33fd861 elementor-section-boxed elementor-section-height-default elementor-section-height-default\" data-id=\"33fd861\" data-element_type=\"section\">\n\t\t\t\t\t\t<div class=\"elementor-container elementor-column-gap-no\">\n\t\t\t\t\t<div class=\"elementor-column elementor-col-100 elementor-top-column elementor-element elementor-element-8f1ab81\" data-id=\"8f1ab81\" data-element_type=\"column\">\n\t\t\t<div class=\"elementor-widget-wrap elementor-element-populated\">\n\t\t\t\t\t\t<div class=\"elementor-element elementor-element-a652374 elementor-widget elementor-widget-text-editor\" data-id=\"a652374\" data-element_type=\"widget\" data-widget_type=\"text-editor.default\">\n\t\t\t\t\t\t\t\t\t<p><span style=\"font-weight: 400;\">Ce charmant cardigan vintage de <\/span><b>Les Bitchous<\/b><span style=\"font-weight: 400;\"> est un indispensable chaud et confortable pour votre tout-petit.<\/span><span style=\"font-weight: 400;\"><br \/><\/span><span style=\"font-weight: 400;\"> Confectionn\u00e9e au Canada, elle pr\u00e9sente un tissu vert doux \u00e0 la texture \u00e9ponge, avec des d\u00e9tails c\u00f4tel\u00e9s et de magnifiques bordures \u00e0 motifs le long du col, des manches, des poches et de l'ourlet.<\/span><\/p><p><span style=\"font-weight: 400;\">Ce cardigan se ferme par deux boutons sur le devant et comporte un d\u00e9licat lien d\u00e9coratif en tissu pour une touche de charme suppl\u00e9mentaire.<\/span><span style=\"font-weight: 400;\"><br \/><\/span><span style=\"font-weight: 400;\"> Fabriqu\u00e9 \u00e0 partir d'un m\u00e9lange respirant compos\u00e9 \u00e0 <\/span><b>50 % de coton et \u00e0 50 % de polyester<\/b><span style=\"font-weight: 400;\">il est \u00e0 la fois r\u00e9sistant et doux pour la peau de b\u00e9b\u00e9.<\/span><\/p><p><span style=\"font-weight: 400;\">Parfait pour les saisons fra\u00eeches, les sorties ou pour tous ceux qui aiment les pi\u00e8ces vintage uniques pour enfants.<\/span><span style=\"font-weight: 400;\"><br \/><\/span><span style=\"font-weight: 400;\"> \u2728 En bon \u00e9tat \u2014 trouvaille rare !<\/span><\/p><p>\u00a0<\/p><h3><b>D\u00e9tails<\/b><\/h3><ul><li style=\"font-weight: 400;\" aria-level=\"1\"><span style=\"font-weight: 400;\">Taille : 18 mois<\/span><span style=\"font-weight: 400;\"><br \/><\/span><\/li><li style=\"font-weight: 400;\" aria-level=\"1\"><span style=\"font-weight: 400;\">Composition : 50 % coton, 50 % polyester<\/span><span style=\"font-weight: 400;\"><br \/><\/span><\/li><li style=\"font-weight: 400;\" aria-level=\"1\"><span style=\"font-weight: 400;\">\u00c9tat : Bon<\/span><span style=\"font-weight: 400;\"><br \/><\/span><\/li><li style=\"font-weight: 400;\" aria-level=\"1\"><span style=\"font-weight: 400;\">Couleur : Vert<\/span><span style=\"font-weight: 400;\"><br \/><\/span><\/li><li style=\"font-weight: 400;\" aria-level=\"1\"><span style=\"font-weight: 400;\">Style : Vintage \/ R\u00e9tro<\/span><span style=\"font-weight: 400;\"><br \/><br \/><\/span><\/li><\/ul>\t\t\t\t\t\t\t\t<\/div>\n\t\t\t\t\t<\/div>\n\t\t<\/div>\n\t\t\t\t\t<\/div>\n\t\t<\/section>\n\t\t\t\t<\/div>","protected":false},"excerpt":{"rendered":"<p><b>Gilet b\u00e9b\u00e9 Les Bitchous \u2013 18 mois \u2013 Vintage rare \u2013 Fabriqu\u00e9 au Canada<\/b><\/p>\n<p>&nbsp;<\/p>\n<p>Ce ravissant gilet vintage pour b\u00e9b\u00e9 <i>Les Bitchous<\/i> est une pi\u00e8ce douce, chaude et confortable con\u00e7ue pour les b\u00e9b\u00e9s de 18 mois. Il est confectionn\u00e9 dans un tissu \u00e9ponge vert fonc\u00e9 \u00e0 fines c\u00f4tes et est agr\u00e9ment\u00e9 de jolis galons \u00e0 motifs multicolores (bleu marine, beige, rouge, blanc) le long du col, des manches, du devant et des poches, lui conf\u00e9rant un charme artisanal.<\/p>","protected":false},"featured_media":6090,"template":"","meta":[],"product_brand":[202],"product_cat":[94,140],"product_tag":[343,342,341,340,344],"class_list":{"0":"post-6152","1":"product","2":"type-product","3":"status-publish","4":"has-post-thumbnail","6":"product_brand-les-bitchous","7":"product_cat-bebe-fille-0-mois-36-mois","8":"product_cat-manteaux-doudounes-cires-bebe-fille-0-mois-36-mois","9":"product_tag-vintage-baby-clothes","10":"product_tag-baby-girl-clothes","11":"product_tag-soft-baby-knit","12":"product_tag-unique-baby-clothing","13":"product_tag-vinted-finds","14":"pa_color-green","15":"pa_size-18-months","18":"instock","19":"featured","20":"sold-individually","21":"shipping-taxable","22":"purchasable","23":"product-type-simple"},"yoast_head":"<!-- This site is optimized with the Yoast SEO plugin v26.4 - https:\/\/yoast.com\/wordpress\/plugins\/seo\/ -->\n<title>Cardigan Vintage Vert | V\u00eatements B\u00e9b\u00e9 d&#039;occasion en Tunisie<\/title>\n<meta name=\"description\" content=\"Cardigan b\u00e9b\u00e9 vintage vert, doux et chaud. D\u00e9couvrez la qualit\u00e9 et le confort des v\u00eatements b\u00e9b\u00e9 d\u2019occasion en Tunisie chez KidLab Fripe.\" \/>\n<meta name=\"robots\" content=\"index, follow, max-snippet:-1, max-image-preview:large, max-video-preview:-1\" \/>\n<link rel=\"canonical\" href=\"https:\/\/kidlab.com.tn\/fr\/produit\/cardigan-bebe-vintage-vert-tunisie\/\" \/>\n<meta property=\"og:locale\" content=\"fr_FR\" \/>\n<meta property=\"og:type\" content=\"article\" \/>\n<meta property=\"og:title\" content=\"Cardigan Vintage Vert | V\u00eatements B\u00e9b\u00e9 d&#039;occasion en Tunisie\" \/>\n<meta property=\"og:description\" content=\"Cardigan b\u00e9b\u00e9 vintage vert, doux et chaud. D\u00e9couvrez la qualit\u00e9 et le confort des v\u00eatements b\u00e9b\u00e9 d\u2019occasion en Tunisie chez KidLab Fripe.\" \/>\n<meta property=\"og:url\" content=\"https:\/\/kidlab.com.tn\/fr\/produit\/cardigan-bebe-vintage-vert-tunisie\/\" \/>\n<meta property=\"og:site_name\" content=\"KidLab\" \/>\n<meta property=\"article:publisher\" content=\"https:\/\/www.facebook.com\/profile.php?id=61582962640084\" \/>\n<meta property=\"article:modified_time\" content=\"2025-12-30T20:05:34+00:00\" \/>\n<meta property=\"og:image\" content=\"https:\/\/kidlab.com.tn\/wp-content\/uploads\/2025\/11\/Vintage-Cardigan-green-10-1.png\" \/>\n\t<meta property=\"og:image:width\" content=\"630\" \/>\n\t<meta property=\"og:image:height\" content=\"630\" \/>\n\t<meta property=\"og:image:type\" content=\"image\/png\" \/>\n<meta name=\"twitter:card\" content=\"summary_large_image\" \/>\n<meta name=\"twitter:label1\" content=\"Dur\u00e9e de lecture estim\u00e9e\" \/>\n\t<meta name=\"twitter:data1\" content=\"1 minute\" \/>\n<script type=\"application\/ld+json\" class=\"yoast-schema-graph\">{\"@context\":\"https:\/\/schema.org\",\"@graph\":[{\"@type\":\"WebPage\",\"@id\":\"https:\/\/kidlab.com.tn\/product\/cardigan-bebe-vintage-vert-tunisie\/\",\"url\":\"https:\/\/kidlab.com.tn\/product\/cardigan-bebe-vintage-vert-tunisie\/\",\"name\":\"Cardigan Vintage Vert | V\u00eatements B\u00e9b\u00e9 d'occasion en Tunisie\",\"isPartOf\":{\"@id\":\"https:\/\/kidlab.com.tn\/#website\"},\"primaryImageOfPage\":{\"@id\":\"https:\/\/kidlab.com.tn\/product\/cardigan-bebe-vintage-vert-tunisie\/#primaryimage\"},\"image\":{\"@id\":\"https:\/\/kidlab.com.tn\/product\/cardigan-bebe-vintage-vert-tunisie\/#primaryimage\"},\"thumbnailUrl\":\"https:\/\/kidlab.com.tn\/wp-content\/uploads\/2025\/11\/Vintage-Cardigan-green-10-1.png\",\"datePublished\":\"2025-11-25T23:26:21+00:00\",\"dateModified\":\"2025-12-30T20:05:34+00:00\",\"description\":\"Cardigan b\u00e9b\u00e9 vintage vert, doux et chaud. D\u00e9couvrez la qualit\u00e9 et le confort des v\u00eatements b\u00e9b\u00e9 d\u2019occasion en Tunisie chez KidLab Fripe.\",\"breadcrumb\":{\"@id\":\"https:\/\/kidlab.com.tn\/product\/cardigan-bebe-vintage-vert-tunisie\/#breadcrumb\"},\"inLanguage\":\"fr-FR\",\"potentialAction\":[{\"@type\":\"ReadAction\",\"target\":[\"https:\/\/kidlab.com.tn\/product\/cardigan-bebe-vintage-vert-tunisie\/\"]}]},{\"@type\":\"ImageObject\",\"inLanguage\":\"fr-FR\",\"@id\":\"https:\/\/kidlab.com.tn\/product\/cardigan-bebe-vintage-vert-tunisie\/#primaryimage\",\"url\":\"https:\/\/kidlab.com.tn\/wp-content\/uploads\/2025\/11\/Vintage-Cardigan-green-10-1.png\",\"contentUrl\":\"https:\/\/kidlab.com.tn\/wp-content\/uploads\/2025\/11\/Vintage-Cardigan-green-10-1.png\",\"width\":630,\"height\":630},{\"@type\":\"BreadcrumbList\",\"@id\":\"https:\/\/kidlab.com.tn\/product\/cardigan-bebe-vintage-vert-tunisie\/#breadcrumb\",\"itemListElement\":[{\"@type\":\"ListItem\",\"position\":1,\"name\":\"Home\",\"item\":\"https:\/\/kidlab.com.tn\/fr\/\"},{\"@type\":\"ListItem\",\"position\":2,\"name\":\"Shop\",\"item\":\"https:\/\/kidlab.com.tn\/shop\/\"},{\"@type\":\"ListItem\",\"position\":3,\"name\":\"Cardigan B\u00e9b\u00e9 Vintage Vert\"}]},{\"@type\":\"WebSite\",\"@id\":\"https:\/\/kidlab.com.tn\/#website\",\"url\":\"https:\/\/kidlab.com.tn\/\",\"name\":\"KidLab\",\"description\":\"Cute looks, tiny prices, big smiles.\",\"publisher\":{\"@id\":\"https:\/\/kidlab.com.tn\/#organization\"},\"potentialAction\":[{\"@type\":\"SearchAction\",\"target\":{\"@type\":\"EntryPoint\",\"urlTemplate\":\"https:\/\/kidlab.com.tn\/?s={search_term_string}\"},\"query-input\":{\"@type\":\"PropertyValueSpecification\",\"valueRequired\":true,\"valueName\":\"search_term_string\"}}],\"inLanguage\":\"fr-FR\"},{\"@type\":\"Organization\",\"@id\":\"https:\/\/kidlab.com.tn\/#organization\",\"name\":\"KidLab\",\"url\":\"https:\/\/kidlab.com.tn\/\",\"logo\":{\"@type\":\"ImageObject\",\"inLanguage\":\"fr-FR\",\"@id\":\"https:\/\/kidlab.com.tn\/#\/schema\/logo\/image\/\",\"url\":\"https:\/\/kidlab.com.tn\/wp-content\/uploads\/2025\/12\/kidlab-fripe.jpg\",\"contentUrl\":\"https:\/\/kidlab.com.tn\/wp-content\/uploads\/2025\/12\/kidlab-fripe.jpg\",\"width\":400,\"height\":400,\"caption\":\"KidLab\"},\"image\":{\"@id\":\"https:\/\/kidlab.com.tn\/#\/schema\/logo\/image\/\"},\"sameAs\":[\"https:\/\/www.facebook.com\/profile.php?id=61582962640084\",\"https:\/\/www.instagram.com\/kidlab_fripe\"]}]}<\/script>\n<!-- \/ Yoast SEO plugin. -->","yoast_head_json":{"title":"Cardigan Vintage Vert | V\u00eatements B\u00e9b\u00e9 d'occasion en Tunisie","description":"Cardigan b\u00e9b\u00e9 vintage vert, doux et chaud. D\u00e9couvrez la qualit\u00e9 et le confort des v\u00eatements b\u00e9b\u00e9 d\u2019occasion en Tunisie chez KidLab Fripe.","robots":{"index":"index","follow":"follow","max-snippet":"max-snippet:-1","max-image-preview":"max-image-preview:large","max-video-preview":"max-video-preview:-1"},"canonical":"https:\/\/kidlab.com.tn\/fr\/produit\/cardigan-bebe-vintage-vert-tunisie\/","og_locale":"fr_FR","og_type":"article","og_title":"Cardigan Vintage Vert | V\u00eatements B\u00e9b\u00e9 d'occasion en Tunisie","og_description":"Cardigan b\u00e9b\u00e9 vintage vert, doux et chaud. D\u00e9couvrez la qualit\u00e9 et le confort des v\u00eatements b\u00e9b\u00e9 d\u2019occasion en Tunisie chez KidLab Fripe.","og_url":"https:\/\/kidlab.com.tn\/fr\/produit\/cardigan-bebe-vintage-vert-tunisie\/","og_site_name":"KidLab","article_publisher":"https:\/\/www.facebook.com\/profile.php?id=61582962640084","article_modified_time":"2025-12-30T20:05:34+00:00","og_image":[{"width":630,"height":630,"url":"https:\/\/kidlab.com.tn\/wp-content\/uploads\/2025\/11\/Vintage-Cardigan-green-10-1.png","type":"image\/png"}],"twitter_card":"summary_large_image","twitter_misc":{"Dur\u00e9e de lecture estim\u00e9e":"1 minute"},"schema":{"@context":"https:\/\/schema.org","@graph":[{"@type":"WebPage","@id":"https:\/\/kidlab.com.tn\/product\/cardigan-bebe-vintage-vert-tunisie\/","url":"https:\/\/kidlab.com.tn\/product\/cardigan-bebe-vintage-vert-tunisie\/","name":"Cardigan Vintage Vert | V\u00eatements B\u00e9b\u00e9 d'occasion en Tunisie","isPartOf":{"@id":"https:\/\/kidlab.com.tn\/#website"},"primaryImageOfPage":{"@id":"https:\/\/kidlab.com.tn\/product\/cardigan-bebe-vintage-vert-tunisie\/#primaryimage"},"image":{"@id":"https:\/\/kidlab.com.tn\/product\/cardigan-bebe-vintage-vert-tunisie\/#primaryimage"},"thumbnailUrl":"https:\/\/kidlab.com.tn\/wp-content\/uploads\/2025\/11\/Vintage-Cardigan-green-10-1.png","datePublished":"2025-11-25T23:26:21+00:00","dateModified":"2025-12-30T20:05:34+00:00","description":"Cardigan b\u00e9b\u00e9 vintage vert, doux et chaud. D\u00e9couvrez la qualit\u00e9 et le confort des v\u00eatements b\u00e9b\u00e9 d\u2019occasion en Tunisie chez KidLab Fripe.","breadcrumb":{"@id":"https:\/\/kidlab.com.tn\/product\/cardigan-bebe-vintage-vert-tunisie\/#breadcrumb"},"inLanguage":"fr-FR","potentialAction":[{"@type":"ReadAction","target":["https:\/\/kidlab.com.tn\/product\/cardigan-bebe-vintage-vert-tunisie\/"]}]},{"@type":"ImageObject","inLanguage":"fr-FR","@id":"https:\/\/kidlab.com.tn\/product\/cardigan-bebe-vintage-vert-tunisie\/#primaryimage","url":"https:\/\/kidlab.com.tn\/wp-content\/uploads\/2025\/11\/Vintage-Cardigan-green-10-1.png","contentUrl":"https:\/\/kidlab.com.tn\/wp-content\/uploads\/2025\/11\/Vintage-Cardigan-green-10-1.png","width":630,"height":630},{"@type":"BreadcrumbList","@id":"https:\/\/kidlab.com.tn\/product\/cardigan-bebe-vintage-vert-tunisie\/#breadcrumb","itemListElement":[{"@type":"ListItem","position":1,"name":"Home","item":"https:\/\/kidlab.com.tn\/fr\/"},{"@type":"ListItem","position":2,"name":"Shop","item":"https:\/\/kidlab.com.tn\/shop\/"},{"@type":"ListItem","position":3,"name":"Cardigan B\u00e9b\u00e9 Vintage Vert"}]},{"@type":"WebSite","@id":"https:\/\/kidlab.com.tn\/#website","url":"https:\/\/kidlab.com.tn\/","name":"KidLab","description":"Cute looks, tiny prices, big smiles.","publisher":{"@id":"https:\/\/kidlab.com.tn\/#organization"},"potentialAction":[{"@type":"SearchAction","target":{"@type":"EntryPoint","urlTemplate":"https:\/\/kidlab.com.tn\/?s={search_term_string}"},"query-input":{"@type":"PropertyValueSpecification","valueRequired":true,"valueName":"search_term_string"}}],"inLanguage":"fr-FR"},{"@type":"Organization","@id":"https:\/\/kidlab.com.tn\/#organization","name":"KidLab","url":"https:\/\/kidlab.com.tn\/","logo":{"@type":"ImageObject","inLanguage":"fr-FR","@id":"https:\/\/kidlab.com.tn\/#\/schema\/logo\/image\/","url":"https:\/\/kidlab.com.tn\/wp-content\/uploads\/2025\/12\/kidlab-fripe.jpg","contentUrl":"https:\/\/kidlab.com.tn\/wp-content\/uploads\/2025\/12\/kidlab-fripe.jpg","width":400,"height":400,"caption":"KidLab"},"image":{"@id":"https:\/\/kidlab.com.tn\/#\/schema\/logo\/image\/"},"sameAs":["https:\/\/www.facebook.com\/profile.php?id=61582962640084","https:\/\/www.instagram.com\/kidlab_fripe"]}]}},"_links":{"self":[{"href":"https:\/\/kidlab.com.tn\/fr\/wp-json\/wp\/v2\/product\/6152","targetHints":{"allow":["GET"]}}],"collection":[{"href":"https:\/\/kidlab.com.tn\/fr\/wp-json\/wp\/v2\/product"}],"about":[{"href":"https:\/\/kidlab.com.tn\/fr\/wp-json\/wp\/v2\/types\/product"}],"version-history":[{"count":0,"href":"https:\/\/kidlab.com.tn\/fr\/wp-json\/wp\/v2\/product\/6152\/revisions"}],"wp:featuredmedia":[{"embeddable":true,"href":"https:\/\/kidlab.com.tn\/fr\/wp-json\/wp\/v2\/media\/6090"}],"wp:attachment":[{"href":"https:\/\/kidlab.com.tn\/fr\/wp-json\/wp\/v2\/media?parent=6152"}],"wp:term":[{"taxonomy":"product_brand","embeddable":true,"href":"https:\/\/kidlab.com.tn\/fr\/wp-json\/wp\/v2\/product_brand?post=6152"},{"taxonomy":"product_cat","embeddable":true,"href":"https:\/\/kidlab.com.tn\/fr\/wp-json\/wp\/v2\/product_cat?post=6152"},{"taxonomy":"product_tag","embeddable":true,"href":"https:\/\/kidlab.com.tn\/fr\/wp-json\/wp\/v2\/product_tag?post=6152"}],"curies":[{"name":"wp","href":"https:\/\/api.w.org\/{rel}","templated":true}]}}