{"id":6161,"date":"2025-11-26T01:22:53","date_gmt":"2025-11-26T01:22:53","guid":{"rendered":"https:\/\/kids.sportifs.tn\/?post_type=product&#038;p=6161"},"modified":"2025-12-30T20:05:34","modified_gmt":"2025-12-30T20:05:34","slug":"pantalon-bebe-dopodopo-nouveau-ne-tunisie","status":"publish","type":"product","link":"https:\/\/kidlab.com.tn\/fr\/produit\/pantalon-bebe-dopodopo-nouveau-ne-tunisie\/","title":{"rendered":"Adorable pantalon pour nouveau-n\u00e9 Dopodopo"},"content":{"rendered":"<div data-elementor-type=\"wp-post\" data-elementor-id=\"6161\" class=\"elementor elementor-6161\">\n\t\t\t\t\t\t<section class=\"elementor-section elementor-top-section elementor-element elementor-element-33fd861 elementor-section-boxed elementor-section-height-default elementor-section-height-default\" data-id=\"33fd861\" data-element_type=\"section\">\n\t\t\t\t\t\t<div class=\"elementor-container elementor-column-gap-no\">\n\t\t\t\t\t<div class=\"elementor-column elementor-col-100 elementor-top-column elementor-element elementor-element-8f1ab81\" data-id=\"8f1ab81\" data-element_type=\"column\">\n\t\t\t<div class=\"elementor-widget-wrap elementor-element-populated\">\n\t\t\t\t\t\t<div class=\"elementor-element elementor-element-a652374 elementor-widget elementor-widget-text-editor\" data-id=\"a652374\" data-element_type=\"widget\" data-widget_type=\"text-editor.default\">\n\t\t\t\t\t\t\t\t\t<p><b>Pantalon b\u00e9b\u00e9 Dopodopo \u2013 Taille 62 \u2013 Imprim\u00e9 ours d'hiver \u2013 Unisexe \u2013 Tissu extensible doux<\/b><\/p><p><span style=\"font-weight: 400;\">Ce pantalon douillet est id\u00e9al pour le confort quotidien de b\u00e9b\u00e9. Orn\u00e9 d'un adorable motif d'oursons et de flocons de neige, il est chaud, respirant et parfaitement adapt\u00e9 aux b\u00e9b\u00e9s de 2 \u00e0 4 mois. Confectionn\u00e9 dans un m\u00e9lange de polyester, de coton et d'\u00e9lasthanne pour plus de souplesse et de douceur. En excellent \u00e9tat. Un choix \u00e9co-responsable id\u00e9al pour les parents \u00e0 la recherche de v\u00eatements pour b\u00e9b\u00e9 mignons et abordables.<\/span><\/p><p>\u00a0<\/p><h3><b>\ud83e\uddf8 Design et style<\/b><\/h3><ul><li style=\"font-weight: 400;\" aria-level=\"1\"><span style=\"font-weight: 400;\">De ravissantes <\/span><b>illustrations d'ours sur le th\u00e8me<\/b><span style=\"font-weight: 400;\"> de l'hiver (flocons de neige, \u00e9toiles, ours dans des poses espi\u00e8gles)<\/span><span style=\"font-weight: 400;\"><br \/><\/span><\/li><li style=\"font-weight: 400;\" aria-level=\"1\"><span style=\"font-weight: 400;\">Fond gris clair \u2014 facile \u00e0 assortir avec n'importe quel body.<\/span><span style=\"font-weight: 400;\"><br \/><\/span><\/li><li style=\"font-weight: 400;\" aria-level=\"1\"><span style=\"font-weight: 400;\">Unisexe, parfait pour les petits gar\u00e7ons ou les petites filles.<\/span><span style=\"font-weight: 400;\"><br \/><br \/><\/span><\/li><\/ul><h3><b>\ud83c\udf1f Confort et mat\u00e9riaux<\/b><\/h3><ul><li style=\"font-weight: 400;\" aria-level=\"1\"><span style=\"font-weight: 400;\">Tissu doux et extensible, d\u00e9licat pour la peau des nouveau-n\u00e9s.<\/span><span style=\"font-weight: 400;\"><br \/><\/span><\/li><li style=\"font-weight: 400;\" aria-level=\"1\"><span style=\"font-weight: 400;\">Fabriqu\u00e9 \u00e0 partir de <\/span><b>69 % de polyester, 29 % de coton et 2 % d'\u00e9lasthanne<\/b><span style=\"font-weight: 400;\"> \u2192 chaud, souple et respirant.<\/span><span style=\"font-weight: 400;\"><br \/><\/span><\/li><li style=\"font-weight: 400;\" aria-level=\"1\"><span style=\"font-weight: 400;\">Taille \u00e9lastique pour un habillage facile et une coupe ajust\u00e9e et confortable.<\/span><span style=\"font-weight: 400;\"><br \/><\/span><\/li><\/ul><h3>\u00a0<\/h3><h3><b>\ud83d\udccf Taille<\/b><\/h3><ul><li style=\"font-weight: 400;\" aria-level=\"1\"><b>62 cm \u2014 convient aux enfants de 2 \u00e0 4 mois<\/b><b><br \/><\/b><\/li><li style=\"font-weight: 400;\" aria-level=\"1\"><span style=\"font-weight: 400;\">Marque: <\/span><b>Dopodopo Nouveau-n\u00e9<\/b><b><br \/><\/b><\/li><\/ul><h3>\u00a0<\/h3><h3><b>\u2714\ufe0f Condition<\/b><\/h3><ul><li style=\"font-weight: 400;\" aria-level=\"1\"><span style=\"font-weight: 400;\">En excellent \u00e9tat d'occasion\u00a0:<\/span><span style=\"font-weight: 400;\"><br \/><\/span><\/li><li style=\"font-weight: 400;\" aria-level=\"1\"><span style=\"font-weight: 400;\">Aucune tache, aucune d\u00e9chirure, aucun d\u00e9faut<\/span><span style=\"font-weight: 400;\"><br \/><\/span><\/li><li style=\"font-weight: 400;\" aria-level=\"1\"><span style=\"font-weight: 400;\">Propre, pr\u00eat \u00e0 porter<\/span><span style=\"font-weight: 400;\"><br \/><\/span><\/li><\/ul><h3><span style=\"font-weight: 400;\"><br \/><\/span><span style=\"font-weight: 400;\"><br \/><\/span><\/h3>\t\t\t\t\t\t\t\t<\/div>\n\t\t\t\t\t<\/div>\n\t\t<\/div>\n\t\t\t\t\t<\/div>\n\t\t<\/section>\n\t\t\t\t<\/div>","protected":false},"excerpt":{"rendered":"<p><b>Pantalon b\u00e9b\u00e9 Dopodopo \u2013 Taille 62 \u2013 Imprim\u00e9 ours d'hiver \u2013 Unisexe \u2013 Tissu extensible doux<\/b><\/p>\n<p>&nbsp;<\/p>\n<p><span style=\"font-weight: 400;\">Enveloppez votre tout-petit de confort avec ces adorables pantalons pour b\u00e9b\u00e9 Dopodopo.<\/span><span style=\"font-weight: 400;\"><br \/>\n<\/span><span style=\"font-weight: 400;\"> Orn\u00e9e d'un adorable motif d'oursons d'hiver, cette pi\u00e8ce apporte charme et douceur aux tenues du quotidien. Douce pour la peau de b\u00e9b\u00e9, facile \u00e0 assortir et parfaite pour les journ\u00e9es cocooning \u00e0 la maison ou les promenades en plein air. Un indispensable pour les petits bouts de chou styl\u00e9s. \u2744\ufe0f\ud83e\uddf8<\/span><\/p>","protected":false},"featured_media":6094,"template":"","meta":[],"product_brand":[213],"product_cat":[132,94,139,144],"product_tag":[349,347,345,348,346],"class_list":{"0":"post-6161","1":"product","2":"type-product","3":"status-publish","4":"has-post-thumbnail","6":"product_brand-dopodopo","7":"product_cat-bebe-garcon-0-mois-36-mois","8":"product_cat-bebe-fille-0-mois-36-mois","9":"product_cat-pantalons-leggings-shorts-bebe-fille-0-mois-36-mois","10":"product_cat-pantalons-jogging-shorts","11":"product_tag-baby-pants","12":"product_tag-dopodopo-newborn","13":"product_tag-newborn-leggings","14":"product_tag-sustainable-baby-fashion","15":"product_tag-unisex-baby-outfit","16":"pa_color-grey","17":"pa_size-2-4-months","20":"instock","21":"featured","22":"sold-individually","23":"shipping-taxable","24":"purchasable","25":"product-type-simple"},"yoast_head":"<!-- This site is optimized with the Yoast SEO plugin v26.4 - https:\/\/yoast.com\/wordpress\/plugins\/seo\/ -->\n<title>Pantalon Nouveau-N\u00e9 | V\u00eatements B\u00e9b\u00e9 d&#039;occasion en Tunisie<\/title>\n<meta name=\"description\" content=\"Adorable pantalon Dopodopo, ultra doux et confortable pour la peau d\u00e9licate des tout-petits. Retrouvez des v\u00eatements b\u00e9b\u00e9 d\u2019occasion de qualit\u00e9 en Tunisie.\" \/>\n<meta name=\"robots\" content=\"index, follow, max-snippet:-1, max-image-preview:large, max-video-preview:-1\" \/>\n<link rel=\"canonical\" href=\"https:\/\/kidlab.com.tn\/fr\/produit\/pantalon-bebe-dopodopo-nouveau-ne-tunisie\/\" \/>\n<meta property=\"og:locale\" content=\"fr_FR\" \/>\n<meta property=\"og:type\" content=\"article\" \/>\n<meta property=\"og:title\" content=\"Pantalon Nouveau-N\u00e9 | V\u00eatements B\u00e9b\u00e9 d&#039;occasion en Tunisie\" \/>\n<meta property=\"og:description\" content=\"Adorable pantalon Dopodopo, ultra doux et confortable pour la peau d\u00e9licate des tout-petits. Retrouvez des v\u00eatements b\u00e9b\u00e9 d\u2019occasion de qualit\u00e9 en Tunisie.\" \/>\n<meta property=\"og:url\" content=\"https:\/\/kidlab.com.tn\/fr\/produit\/pantalon-bebe-dopodopo-nouveau-ne-tunisie\/\" \/>\n<meta property=\"og:site_name\" content=\"KidLab\" \/>\n<meta property=\"article:publisher\" content=\"https:\/\/www.facebook.com\/profile.php?id=61582962640084\" \/>\n<meta property=\"article:modified_time\" content=\"2025-12-30T20:05:34+00:00\" \/>\n<meta property=\"og:image\" content=\"https:\/\/kidlab.com.tn\/wp-content\/uploads\/2025\/11\/Adorable-Dopodopo-Newborn-Baby-Pants-12-2.png\" \/>\n\t<meta property=\"og:image:width\" content=\"630\" \/>\n\t<meta property=\"og:image:height\" content=\"630\" \/>\n\t<meta property=\"og:image:type\" content=\"image\/png\" \/>\n<meta name=\"twitter:card\" content=\"summary_large_image\" \/>\n<meta name=\"twitter:label1\" content=\"Dur\u00e9e de lecture estim\u00e9e\" \/>\n\t<meta name=\"twitter:data1\" content=\"1 minute\" \/>\n<script type=\"application\/ld+json\" class=\"yoast-schema-graph\">{\"@context\":\"https:\/\/schema.org\",\"@graph\":[{\"@type\":\"WebPage\",\"@id\":\"https:\/\/kidlab.com.tn\/product\/pantalon-bebe-dopodopo-nouveau-ne-tunisie\/\",\"url\":\"https:\/\/kidlab.com.tn\/product\/pantalon-bebe-dopodopo-nouveau-ne-tunisie\/\",\"name\":\"Pantalon Nouveau-N\u00e9 | V\u00eatements B\u00e9b\u00e9 d'occasion en Tunisie\",\"isPartOf\":{\"@id\":\"https:\/\/kidlab.com.tn\/#website\"},\"primaryImageOfPage\":{\"@id\":\"https:\/\/kidlab.com.tn\/product\/pantalon-bebe-dopodopo-nouveau-ne-tunisie\/#primaryimage\"},\"image\":{\"@id\":\"https:\/\/kidlab.com.tn\/product\/pantalon-bebe-dopodopo-nouveau-ne-tunisie\/#primaryimage\"},\"thumbnailUrl\":\"https:\/\/kidlab.com.tn\/wp-content\/uploads\/2025\/11\/Adorable-Dopodopo-Newborn-Baby-Pants-12-2.png\",\"datePublished\":\"2025-11-26T01:22:53+00:00\",\"dateModified\":\"2025-12-30T20:05:34+00:00\",\"description\":\"Adorable pantalon Dopodopo, ultra doux et confortable pour la peau d\u00e9licate des tout-petits. Retrouvez des v\u00eatements b\u00e9b\u00e9 d\u2019occasion de qualit\u00e9 en Tunisie.\",\"breadcrumb\":{\"@id\":\"https:\/\/kidlab.com.tn\/product\/pantalon-bebe-dopodopo-nouveau-ne-tunisie\/#breadcrumb\"},\"inLanguage\":\"fr-FR\",\"potentialAction\":[{\"@type\":\"ReadAction\",\"target\":[\"https:\/\/kidlab.com.tn\/product\/pantalon-bebe-dopodopo-nouveau-ne-tunisie\/\"]}]},{\"@type\":\"ImageObject\",\"inLanguage\":\"fr-FR\",\"@id\":\"https:\/\/kidlab.com.tn\/product\/pantalon-bebe-dopodopo-nouveau-ne-tunisie\/#primaryimage\",\"url\":\"https:\/\/kidlab.com.tn\/wp-content\/uploads\/2025\/11\/Adorable-Dopodopo-Newborn-Baby-Pants-12-2.png\",\"contentUrl\":\"https:\/\/kidlab.com.tn\/wp-content\/uploads\/2025\/11\/Adorable-Dopodopo-Newborn-Baby-Pants-12-2.png\",\"width\":630,\"height\":630,\"caption\":\"pantalon b\u00e9b\u00e9 Dopodopo nouveau-n\u00e9 en Tunisie\"},{\"@type\":\"BreadcrumbList\",\"@id\":\"https:\/\/kidlab.com.tn\/product\/pantalon-bebe-dopodopo-nouveau-ne-tunisie\/#breadcrumb\",\"itemListElement\":[{\"@type\":\"ListItem\",\"position\":1,\"name\":\"Home\",\"item\":\"https:\/\/kidlab.com.tn\/fr\/\"},{\"@type\":\"ListItem\",\"position\":2,\"name\":\"Shop\",\"item\":\"https:\/\/kidlab.com.tn\/shop\/\"},{\"@type\":\"ListItem\",\"position\":3,\"name\":\"Pantalon B\u00e9b\u00e9 Dopodopo Nouveau-N\u00e9\"}]},{\"@type\":\"WebSite\",\"@id\":\"https:\/\/kidlab.com.tn\/#website\",\"url\":\"https:\/\/kidlab.com.tn\/\",\"name\":\"KidLab\",\"description\":\"Cute looks, tiny prices, big smiles.\",\"publisher\":{\"@id\":\"https:\/\/kidlab.com.tn\/#organization\"},\"potentialAction\":[{\"@type\":\"SearchAction\",\"target\":{\"@type\":\"EntryPoint\",\"urlTemplate\":\"https:\/\/kidlab.com.tn\/?s={search_term_string}\"},\"query-input\":{\"@type\":\"PropertyValueSpecification\",\"valueRequired\":true,\"valueName\":\"search_term_string\"}}],\"inLanguage\":\"fr-FR\"},{\"@type\":\"Organization\",\"@id\":\"https:\/\/kidlab.com.tn\/#organization\",\"name\":\"KidLab\",\"url\":\"https:\/\/kidlab.com.tn\/\",\"logo\":{\"@type\":\"ImageObject\",\"inLanguage\":\"fr-FR\",\"@id\":\"https:\/\/kidlab.com.tn\/#\/schema\/logo\/image\/\",\"url\":\"https:\/\/kidlab.com.tn\/wp-content\/uploads\/2025\/12\/kidlab-fripe.jpg\",\"contentUrl\":\"https:\/\/kidlab.com.tn\/wp-content\/uploads\/2025\/12\/kidlab-fripe.jpg\",\"width\":400,\"height\":400,\"caption\":\"KidLab\"},\"image\":{\"@id\":\"https:\/\/kidlab.com.tn\/#\/schema\/logo\/image\/\"},\"sameAs\":[\"https:\/\/www.facebook.com\/profile.php?id=61582962640084\",\"https:\/\/www.instagram.com\/kidlab_fripe\"]}]}<\/script>\n<!-- \/ Yoast SEO plugin. -->","yoast_head_json":{"title":"Pantalon Nouveau-N\u00e9 | V\u00eatements B\u00e9b\u00e9 d'occasion en Tunisie","description":"Adorable pantalon Dopodopo, ultra doux et confortable pour la peau d\u00e9licate des tout-petits. Retrouvez des v\u00eatements b\u00e9b\u00e9 d\u2019occasion de qualit\u00e9 en Tunisie.","robots":{"index":"index","follow":"follow","max-snippet":"max-snippet:-1","max-image-preview":"max-image-preview:large","max-video-preview":"max-video-preview:-1"},"canonical":"https:\/\/kidlab.com.tn\/fr\/produit\/pantalon-bebe-dopodopo-nouveau-ne-tunisie\/","og_locale":"fr_FR","og_type":"article","og_title":"Pantalon Nouveau-N\u00e9 | V\u00eatements B\u00e9b\u00e9 d'occasion en Tunisie","og_description":"Adorable pantalon Dopodopo, ultra doux et confortable pour la peau d\u00e9licate des tout-petits. Retrouvez des v\u00eatements b\u00e9b\u00e9 d\u2019occasion de qualit\u00e9 en Tunisie.","og_url":"https:\/\/kidlab.com.tn\/fr\/produit\/pantalon-bebe-dopodopo-nouveau-ne-tunisie\/","og_site_name":"KidLab","article_publisher":"https:\/\/www.facebook.com\/profile.php?id=61582962640084","article_modified_time":"2025-12-30T20:05:34+00:00","og_image":[{"width":630,"height":630,"url":"https:\/\/kidlab.com.tn\/wp-content\/uploads\/2025\/11\/Adorable-Dopodopo-Newborn-Baby-Pants-12-2.png","type":"image\/png"}],"twitter_card":"summary_large_image","twitter_misc":{"Dur\u00e9e de lecture estim\u00e9e":"1 minute"},"schema":{"@context":"https:\/\/schema.org","@graph":[{"@type":"WebPage","@id":"https:\/\/kidlab.com.tn\/product\/pantalon-bebe-dopodopo-nouveau-ne-tunisie\/","url":"https:\/\/kidlab.com.tn\/product\/pantalon-bebe-dopodopo-nouveau-ne-tunisie\/","name":"Pantalon Nouveau-N\u00e9 | V\u00eatements B\u00e9b\u00e9 d'occasion en Tunisie","isPartOf":{"@id":"https:\/\/kidlab.com.tn\/#website"},"primaryImageOfPage":{"@id":"https:\/\/kidlab.com.tn\/product\/pantalon-bebe-dopodopo-nouveau-ne-tunisie\/#primaryimage"},"image":{"@id":"https:\/\/kidlab.com.tn\/product\/pantalon-bebe-dopodopo-nouveau-ne-tunisie\/#primaryimage"},"thumbnailUrl":"https:\/\/kidlab.com.tn\/wp-content\/uploads\/2025\/11\/Adorable-Dopodopo-Newborn-Baby-Pants-12-2.png","datePublished":"2025-11-26T01:22:53+00:00","dateModified":"2025-12-30T20:05:34+00:00","description":"Adorable pantalon Dopodopo, ultra doux et confortable pour la peau d\u00e9licate des tout-petits. Retrouvez des v\u00eatements b\u00e9b\u00e9 d\u2019occasion de qualit\u00e9 en Tunisie.","breadcrumb":{"@id":"https:\/\/kidlab.com.tn\/product\/pantalon-bebe-dopodopo-nouveau-ne-tunisie\/#breadcrumb"},"inLanguage":"fr-FR","potentialAction":[{"@type":"ReadAction","target":["https:\/\/kidlab.com.tn\/product\/pantalon-bebe-dopodopo-nouveau-ne-tunisie\/"]}]},{"@type":"ImageObject","inLanguage":"fr-FR","@id":"https:\/\/kidlab.com.tn\/product\/pantalon-bebe-dopodopo-nouveau-ne-tunisie\/#primaryimage","url":"https:\/\/kidlab.com.tn\/wp-content\/uploads\/2025\/11\/Adorable-Dopodopo-Newborn-Baby-Pants-12-2.png","contentUrl":"https:\/\/kidlab.com.tn\/wp-content\/uploads\/2025\/11\/Adorable-Dopodopo-Newborn-Baby-Pants-12-2.png","width":630,"height":630,"caption":"pantalon b\u00e9b\u00e9 Dopodopo nouveau-n\u00e9 en Tunisie"},{"@type":"BreadcrumbList","@id":"https:\/\/kidlab.com.tn\/product\/pantalon-bebe-dopodopo-nouveau-ne-tunisie\/#breadcrumb","itemListElement":[{"@type":"ListItem","position":1,"name":"Home","item":"https:\/\/kidlab.com.tn\/fr\/"},{"@type":"ListItem","position":2,"name":"Shop","item":"https:\/\/kidlab.com.tn\/shop\/"},{"@type":"ListItem","position":3,"name":"Pantalon B\u00e9b\u00e9 Dopodopo Nouveau-N\u00e9"}]},{"@type":"WebSite","@id":"https:\/\/kidlab.com.tn\/#website","url":"https:\/\/kidlab.com.tn\/","name":"KidLab","description":"Cute looks, tiny prices, big smiles.","publisher":{"@id":"https:\/\/kidlab.com.tn\/#organization"},"potentialAction":[{"@type":"SearchAction","target":{"@type":"EntryPoint","urlTemplate":"https:\/\/kidlab.com.tn\/?s={search_term_string}"},"query-input":{"@type":"PropertyValueSpecification","valueRequired":true,"valueName":"search_term_string"}}],"inLanguage":"fr-FR"},{"@type":"Organization","@id":"https:\/\/kidlab.com.tn\/#organization","name":"KidLab","url":"https:\/\/kidlab.com.tn\/","logo":{"@type":"ImageObject","inLanguage":"fr-FR","@id":"https:\/\/kidlab.com.tn\/#\/schema\/logo\/image\/","url":"https:\/\/kidlab.com.tn\/wp-content\/uploads\/2025\/12\/kidlab-fripe.jpg","contentUrl":"https:\/\/kidlab.com.tn\/wp-content\/uploads\/2025\/12\/kidlab-fripe.jpg","width":400,"height":400,"caption":"KidLab"},"image":{"@id":"https:\/\/kidlab.com.tn\/#\/schema\/logo\/image\/"},"sameAs":["https:\/\/www.facebook.com\/profile.php?id=61582962640084","https:\/\/www.instagram.com\/kidlab_fripe"]}]}},"_links":{"self":[{"href":"https:\/\/kidlab.com.tn\/fr\/wp-json\/wp\/v2\/product\/6161","targetHints":{"allow":["GET"]}}],"collection":[{"href":"https:\/\/kidlab.com.tn\/fr\/wp-json\/wp\/v2\/product"}],"about":[{"href":"https:\/\/kidlab.com.tn\/fr\/wp-json\/wp\/v2\/types\/product"}],"version-history":[{"count":0,"href":"https:\/\/kidlab.com.tn\/fr\/wp-json\/wp\/v2\/product\/6161\/revisions"}],"wp:featuredmedia":[{"embeddable":true,"href":"https:\/\/kidlab.com.tn\/fr\/wp-json\/wp\/v2\/media\/6094"}],"wp:attachment":[{"href":"https:\/\/kidlab.com.tn\/fr\/wp-json\/wp\/v2\/media?parent=6161"}],"wp:term":[{"taxonomy":"product_brand","embeddable":true,"href":"https:\/\/kidlab.com.tn\/fr\/wp-json\/wp\/v2\/product_brand?post=6161"},{"taxonomy":"product_cat","embeddable":true,"href":"https:\/\/kidlab.com.tn\/fr\/wp-json\/wp\/v2\/product_cat?post=6161"},{"taxonomy":"product_tag","embeddable":true,"href":"https:\/\/kidlab.com.tn\/fr\/wp-json\/wp\/v2\/product_tag?post=6161"}],"curies":[{"name":"wp","href":"https:\/\/api.w.org\/{rel}","templated":true}]}}