{"id":6167,"date":"2025-11-26T01:40:25","date_gmt":"2025-11-26T01:40:25","guid":{"rendered":"https:\/\/kids.sportifs.tn\/?post_type=product&#038;p=6167"},"modified":"2025-12-30T20:05:34","modified_gmt":"2025-12-30T20:05:34","slug":"costume-citrouille-halloween-bebe-tunisie","status":"publish","type":"product","link":"https:\/\/kidlab.com.tn\/fr\/produit\/costume-citrouille-halloween-bebe-tunisie\/","title":{"rendered":"D\u00e9guisement de citrouille pour Halloween pour b\u00e9b\u00e9s (0-6 mois)"},"content":{"rendered":"<div data-elementor-type=\"wp-post\" data-elementor-id=\"6167\" class=\"elementor elementor-6167\">\n\t\t\t\t\t\t<section class=\"elementor-section elementor-top-section elementor-element elementor-element-33fd861 elementor-section-boxed elementor-section-height-default elementor-section-height-default\" data-id=\"33fd861\" data-element_type=\"section\">\n\t\t\t\t\t\t<div class=\"elementor-container elementor-column-gap-no\">\n\t\t\t\t\t<div class=\"elementor-column elementor-col-100 elementor-top-column elementor-element elementor-element-8f1ab81\" data-id=\"8f1ab81\" data-element_type=\"column\">\n\t\t\t<div class=\"elementor-widget-wrap elementor-element-populated\">\n\t\t\t\t\t\t<div class=\"elementor-element elementor-element-a652374 elementor-widget elementor-widget-text-editor\" data-id=\"a652374\" data-element_type=\"widget\" data-widget_type=\"text-editor.default\">\n\t\t\t\t\t\t\t\t\t<p><span style=\"font-weight: 400;\">Transformez votre b\u00e9b\u00e9 en une adorable <\/span><b>petite citrouille pour Halloween avec ce costume craquant pour les 0-6 mois !<\/b><span style=\"font-weight: 400;\">Confectionn\u00e9 dans un velours ultra-doux et moelleux, ce d\u00e9guisement confortable assure un maximum de bien-\u00eatre tout en offrant un look festif parfait.<\/span><\/p><p><span style=\"font-weight: 400;\">Ce costume se compose <\/span><b>d'un corps orange citrouille \u00e9clatant,<\/b><span style=\"font-weight: 400;\">orn\u00e9 d'un adorable <\/span><b>visage de citrouille<\/b><span style=\"font-weight: 400;\"> r\u00e9alis\u00e9 avec des appliqu\u00e9s noirs paillet\u00e9s. Le col est d\u00e9cor\u00e9 d'un col en forme de feuille verte <\/span><b>textur\u00e9e et vibrante,<\/b><span style=\"font-weight: 400;\">pour un look de citrouille irr\u00e9sistible.<\/span><\/p><p><span style=\"font-weight: 400;\">Con\u00e7ue pour faciliter l'habillage, son dos <\/span><b>est dot\u00e9e de trois boutons-pression s\u00e9curis\u00e9s<\/b><span style=\"font-weight: 400;\">permettant de l'enfiler et de la retirer sans d\u00e9ranger b\u00e9b\u00e9. La taille et les poignets \u00e9lastiqu\u00e9s assurent un ajustement parfait et confortable tout en prot\u00e9geant b\u00e9b\u00e9 du froid\u00a0: id\u00e9ale pour les photos, les f\u00eates ou la chasse aux bonbons.<\/span><\/p><p><span style=\"font-weight: 400;\">\ud83e\uddf5 <\/span><b>Mat\u00e9riel:<\/b><\/p><ul><li style=\"font-weight: 400;\" aria-level=\"1\"><span style=\"font-weight: 400;\">100% polyester (doux, moelleux, confortable)<\/span><span style=\"font-weight: 400;\"><br \/><\/span><\/li><li style=\"font-weight: 400;\" aria-level=\"1\"><span style=\"font-weight: 400;\">Doux pour la peau d\u00e9licate de b\u00e9b\u00e9<\/span><span style=\"font-weight: 400;\"><br \/><\/span><\/li><li style=\"font-weight: 400;\" aria-level=\"1\"><span style=\"font-weight: 400;\">L\u00e9ger et chaud<\/span><span style=\"font-weight: 400;\"><br \/><\/span><\/li><\/ul><p>\u00a0<\/p><p><span style=\"font-weight: 400;\">\ud83c\udf83 <\/span><b>Id\u00e9al pour :<\/b><\/p><ul><li style=\"font-weight: 400;\" aria-level=\"1\"><span style=\"font-weight: 400;\">S\u00e9ances photo d'Halloween<\/span><span style=\"font-weight: 400;\"><br \/><\/span><\/li><li style=\"font-weight: 400;\" aria-level=\"1\"><span style=\"font-weight: 400;\">F\u00eates costum\u00e9es<\/span><span style=\"font-weight: 400;\"><br \/><\/span><\/li><li style=\"font-weight: 400;\" aria-level=\"1\"><span style=\"font-weight: 400;\">Premier Halloween de b\u00e9b\u00e9<\/span><span style=\"font-weight: 400;\"><br \/><\/span><\/li><li style=\"font-weight: 400;\" aria-level=\"1\"><span style=\"font-weight: 400;\">jolies photos de saison<\/span><span style=\"font-weight: 400;\"><br \/><\/span><\/li><li style=\"font-weight: 400;\" aria-level=\"1\"><span style=\"font-weight: 400;\">f\u00eates de famille<\/span><span style=\"font-weight: 400;\"><br \/><br \/><\/span><\/li><\/ul><p><span style=\"font-weight: 400;\">\u2728 <\/span><b>\u00c9tat\u00a0:<\/b><span style=\"font-weight: 400;\"> Excellent \u00e9tat d'occasion<\/span><span style=\"font-weight: 400;\"><br \/><\/span><span style=\"font-weight: 400;\"> \u2728 <\/span><b>Taille:<\/b><span style=\"font-weight: 400;\"> 0-6 mois<\/span><span style=\"font-weight: 400;\"><br \/><\/span><span style=\"font-weight: 400;\"> \u2728 <\/span><b>Soins:<\/b><span style=\"font-weight: 400;\"> Nettoyage localis\u00e9 uniquement (comme indiqu\u00e9 sur l'\u00e9tiquette)<\/span><span style=\"font-weight: 400;\"><br \/><\/span><span style=\"font-weight: 400;\"> \u2728 <\/span><b>Note:<\/b><span style=\"font-weight: 400;\"> Usage r\u00e9serv\u00e9 aux costumes<\/span><\/p><p>\u00a0<\/p><p><span style=\"font-weight: 400;\">Offrez \u00e0 votre b\u00e9b\u00e9 <\/span><b>son premier souvenir d'Halloween inoubliable<\/b><span style=\"font-weight: 400;\"> avec un costume doux, mignon et absolument charmant.<\/span><\/p>\t\t\t\t\t\t\t\t<\/div>\n\t\t\t\t\t<\/div>\n\t\t<\/div>\n\t\t\t\t\t<\/div>\n\t\t<\/section>\n\t\t\t\t<\/div>","protected":false},"excerpt":{"rendered":"<p><span style=\"font-weight: 400;\">\ud83c\udf83 <\/span><b>D\u00e9guisement de citrouille pour b\u00e9b\u00e9 \u2013 0\u20136 mois (Excellent \u00e9tat !)<\/b><\/p>\n<p><b><br \/>\n<\/b><span style=\"font-weight: 400;\"> Faites du premier Halloween de votre b\u00e9b\u00e9 un moment inoubliable !<\/span><span style=\"font-weight: 400;\"><br \/>\n<\/span><span style=\"font-weight: 400;\"> Cette adorable tenue citrouille est douce, chaude et parfaite pour les photos ou les \u00e9v\u00e9nements festifs.<\/span><span style=\"font-weight: 400;\"><br \/>\n<\/span><span style=\"font-weight: 400;\"> Ce v\u00eatement est confectionn\u00e9 dans un tissu orange pelucheux, orn\u00e9 d'un col \u00e0 feuilles vertes et de boutons-pression au dos pour un habillage facile.<\/span><\/p>","protected":false},"featured_media":6092,"template":"","meta":[],"product_brand":[207],"product_cat":[132,94,138,143],"product_tag":[354,351,353,206,352,350],"class_list":{"0":"post-6167","1":"product","2":"type-product","3":"status-publish","4":"has-post-thumbnail","6":"product_brand-made-in-china","7":"product_cat-bebe-garcon-0-mois-36-mois","8":"product_cat-bebe-fille-0-mois-36-mois","9":"product_cat-ensembles-combinaisons-bebe-fille-0-mois-36-mois","10":"product_cat-ensembles-combinaisons","11":"product_tag-baby-party-costume","12":"product_tag-baby-photoshoot-outfit","13":"product_tag-baby-pumpkin-suit","14":"product_tag-halloween","15":"product_tag-infant-costume","16":"product_tag-pumpkin-baby","17":"pa_color-green-leaf-pumpkin-collar","18":"pa_size-0-6-months","21":"instock","22":"featured","23":"sold-individually","24":"shipping-taxable","25":"purchasable","26":"product-type-simple"},"yoast_head":"<!-- This site is optimized with the Yoast SEO plugin v26.4 - https:\/\/yoast.com\/wordpress\/plugins\/seo\/ -->\n<title>Costume Citrouille | V\u00eatements B\u00e9b\u00e9 d&#039;occasion en Tunisie<\/title>\n<meta name=\"description\" content=\"Adorable costume citrouille Halloween pour b\u00e9b\u00e9 . Doux et parfait pour de jolies photos festives ! D\u00e9couvrez des d\u00e9guisements b\u00e9b\u00e9 d\u2019occasion en Tunisie\" \/>\n<meta name=\"robots\" content=\"index, follow, max-snippet:-1, max-image-preview:large, max-video-preview:-1\" \/>\n<link rel=\"canonical\" href=\"https:\/\/kidlab.com.tn\/fr\/produit\/costume-citrouille-halloween-bebe-tunisie\/\" \/>\n<meta property=\"og:locale\" content=\"fr_FR\" \/>\n<meta property=\"og:type\" content=\"article\" \/>\n<meta property=\"og:title\" content=\"Costume Citrouille | V\u00eatements B\u00e9b\u00e9 d&#039;occasion en Tunisie\" \/>\n<meta property=\"og:description\" content=\"Adorable costume citrouille Halloween pour b\u00e9b\u00e9 . Doux et parfait pour de jolies photos festives ! D\u00e9couvrez des d\u00e9guisements b\u00e9b\u00e9 d\u2019occasion en Tunisie\" \/>\n<meta property=\"og:url\" content=\"https:\/\/kidlab.com.tn\/fr\/produit\/costume-citrouille-halloween-bebe-tunisie\/\" \/>\n<meta property=\"og:site_name\" content=\"KidLab\" \/>\n<meta property=\"article:publisher\" content=\"https:\/\/www.facebook.com\/profile.php?id=61582962640084\" \/>\n<meta property=\"article:modified_time\" content=\"2025-12-30T20:05:34+00:00\" \/>\n<meta property=\"og:image\" content=\"https:\/\/kidlab.com.tn\/wp-content\/uploads\/2025\/11\/pumpkin-costume-11-1.png\" \/>\n\t<meta property=\"og:image:width\" content=\"630\" \/>\n\t<meta property=\"og:image:height\" content=\"630\" \/>\n\t<meta property=\"og:image:type\" content=\"image\/png\" \/>\n<meta name=\"twitter:card\" content=\"summary_large_image\" \/>\n<meta name=\"twitter:label1\" content=\"Dur\u00e9e de lecture estim\u00e9e\" \/>\n\t<meta name=\"twitter:data1\" content=\"2 minutes\" \/>\n<script type=\"application\/ld+json\" class=\"yoast-schema-graph\">{\"@context\":\"https:\/\/schema.org\",\"@graph\":[{\"@type\":\"WebPage\",\"@id\":\"https:\/\/kidlab.com.tn\/product\/costume-citrouille-halloween-bebe-tunisie\/\",\"url\":\"https:\/\/kidlab.com.tn\/product\/costume-citrouille-halloween-bebe-tunisie\/\",\"name\":\"Costume Citrouille | V\u00eatements B\u00e9b\u00e9 d'occasion en Tunisie\",\"isPartOf\":{\"@id\":\"https:\/\/kidlab.com.tn\/#website\"},\"primaryImageOfPage\":{\"@id\":\"https:\/\/kidlab.com.tn\/product\/costume-citrouille-halloween-bebe-tunisie\/#primaryimage\"},\"image\":{\"@id\":\"https:\/\/kidlab.com.tn\/product\/costume-citrouille-halloween-bebe-tunisie\/#primaryimage\"},\"thumbnailUrl\":\"https:\/\/kidlab.com.tn\/wp-content\/uploads\/2025\/11\/pumpkin-costume-11-1.png\",\"datePublished\":\"2025-11-26T01:40:25+00:00\",\"dateModified\":\"2025-12-30T20:05:34+00:00\",\"description\":\"Adorable costume citrouille Halloween pour b\u00e9b\u00e9 . Doux et parfait pour de jolies photos festives ! D\u00e9couvrez des d\u00e9guisements b\u00e9b\u00e9 d\u2019occasion en Tunisie\",\"breadcrumb\":{\"@id\":\"https:\/\/kidlab.com.tn\/product\/costume-citrouille-halloween-bebe-tunisie\/#breadcrumb\"},\"inLanguage\":\"fr-FR\",\"potentialAction\":[{\"@type\":\"ReadAction\",\"target\":[\"https:\/\/kidlab.com.tn\/product\/costume-citrouille-halloween-bebe-tunisie\/\"]}]},{\"@type\":\"ImageObject\",\"inLanguage\":\"fr-FR\",\"@id\":\"https:\/\/kidlab.com.tn\/product\/costume-citrouille-halloween-bebe-tunisie\/#primaryimage\",\"url\":\"https:\/\/kidlab.com.tn\/wp-content\/uploads\/2025\/11\/pumpkin-costume-11-1.png\",\"contentUrl\":\"https:\/\/kidlab.com.tn\/wp-content\/uploads\/2025\/11\/pumpkin-costume-11-1.png\",\"width\":630,\"height\":630},{\"@type\":\"BreadcrumbList\",\"@id\":\"https:\/\/kidlab.com.tn\/product\/costume-citrouille-halloween-bebe-tunisie\/#breadcrumb\",\"itemListElement\":[{\"@type\":\"ListItem\",\"position\":1,\"name\":\"Home\",\"item\":\"https:\/\/kidlab.com.tn\/fr\/\"},{\"@type\":\"ListItem\",\"position\":2,\"name\":\"Shop\",\"item\":\"https:\/\/kidlab.com.tn\/shop\/\"},{\"@type\":\"ListItem\",\"position\":3,\"name\":\"Costume Citrouille B\u00e9b\u00e9 (0\u20136M)\"}]},{\"@type\":\"WebSite\",\"@id\":\"https:\/\/kidlab.com.tn\/#website\",\"url\":\"https:\/\/kidlab.com.tn\/\",\"name\":\"KidLab\",\"description\":\"Cute looks, tiny prices, big smiles.\",\"publisher\":{\"@id\":\"https:\/\/kidlab.com.tn\/#organization\"},\"potentialAction\":[{\"@type\":\"SearchAction\",\"target\":{\"@type\":\"EntryPoint\",\"urlTemplate\":\"https:\/\/kidlab.com.tn\/?s={search_term_string}\"},\"query-input\":{\"@type\":\"PropertyValueSpecification\",\"valueRequired\":true,\"valueName\":\"search_term_string\"}}],\"inLanguage\":\"fr-FR\"},{\"@type\":\"Organization\",\"@id\":\"https:\/\/kidlab.com.tn\/#organization\",\"name\":\"KidLab\",\"url\":\"https:\/\/kidlab.com.tn\/\",\"logo\":{\"@type\":\"ImageObject\",\"inLanguage\":\"fr-FR\",\"@id\":\"https:\/\/kidlab.com.tn\/#\/schema\/logo\/image\/\",\"url\":\"https:\/\/kidlab.com.tn\/wp-content\/uploads\/2025\/12\/kidlab-fripe.jpg\",\"contentUrl\":\"https:\/\/kidlab.com.tn\/wp-content\/uploads\/2025\/12\/kidlab-fripe.jpg\",\"width\":400,\"height\":400,\"caption\":\"KidLab\"},\"image\":{\"@id\":\"https:\/\/kidlab.com.tn\/#\/schema\/logo\/image\/\"},\"sameAs\":[\"https:\/\/www.facebook.com\/profile.php?id=61582962640084\",\"https:\/\/www.instagram.com\/kidlab_fripe\"]}]}<\/script>\n<!-- \/ Yoast SEO plugin. -->","yoast_head_json":{"title":"Costume Citrouille | V\u00eatements B\u00e9b\u00e9 d'occasion en Tunisie","description":"Adorable costume citrouille Halloween pour b\u00e9b\u00e9 . Doux et parfait pour de jolies photos festives ! D\u00e9couvrez des d\u00e9guisements b\u00e9b\u00e9 d\u2019occasion en Tunisie","robots":{"index":"index","follow":"follow","max-snippet":"max-snippet:-1","max-image-preview":"max-image-preview:large","max-video-preview":"max-video-preview:-1"},"canonical":"https:\/\/kidlab.com.tn\/fr\/produit\/costume-citrouille-halloween-bebe-tunisie\/","og_locale":"fr_FR","og_type":"article","og_title":"Costume Citrouille | V\u00eatements B\u00e9b\u00e9 d'occasion en Tunisie","og_description":"Adorable costume citrouille Halloween pour b\u00e9b\u00e9 . Doux et parfait pour de jolies photos festives ! D\u00e9couvrez des d\u00e9guisements b\u00e9b\u00e9 d\u2019occasion en Tunisie","og_url":"https:\/\/kidlab.com.tn\/fr\/produit\/costume-citrouille-halloween-bebe-tunisie\/","og_site_name":"KidLab","article_publisher":"https:\/\/www.facebook.com\/profile.php?id=61582962640084","article_modified_time":"2025-12-30T20:05:34+00:00","og_image":[{"width":630,"height":630,"url":"https:\/\/kidlab.com.tn\/wp-content\/uploads\/2025\/11\/pumpkin-costume-11-1.png","type":"image\/png"}],"twitter_card":"summary_large_image","twitter_misc":{"Dur\u00e9e de lecture estim\u00e9e":"2 minutes"},"schema":{"@context":"https:\/\/schema.org","@graph":[{"@type":"WebPage","@id":"https:\/\/kidlab.com.tn\/product\/costume-citrouille-halloween-bebe-tunisie\/","url":"https:\/\/kidlab.com.tn\/product\/costume-citrouille-halloween-bebe-tunisie\/","name":"Costume Citrouille | V\u00eatements B\u00e9b\u00e9 d'occasion en Tunisie","isPartOf":{"@id":"https:\/\/kidlab.com.tn\/#website"},"primaryImageOfPage":{"@id":"https:\/\/kidlab.com.tn\/product\/costume-citrouille-halloween-bebe-tunisie\/#primaryimage"},"image":{"@id":"https:\/\/kidlab.com.tn\/product\/costume-citrouille-halloween-bebe-tunisie\/#primaryimage"},"thumbnailUrl":"https:\/\/kidlab.com.tn\/wp-content\/uploads\/2025\/11\/pumpkin-costume-11-1.png","datePublished":"2025-11-26T01:40:25+00:00","dateModified":"2025-12-30T20:05:34+00:00","description":"Adorable costume citrouille Halloween pour b\u00e9b\u00e9 . Doux et parfait pour de jolies photos festives ! D\u00e9couvrez des d\u00e9guisements b\u00e9b\u00e9 d\u2019occasion en Tunisie","breadcrumb":{"@id":"https:\/\/kidlab.com.tn\/product\/costume-citrouille-halloween-bebe-tunisie\/#breadcrumb"},"inLanguage":"fr-FR","potentialAction":[{"@type":"ReadAction","target":["https:\/\/kidlab.com.tn\/product\/costume-citrouille-halloween-bebe-tunisie\/"]}]},{"@type":"ImageObject","inLanguage":"fr-FR","@id":"https:\/\/kidlab.com.tn\/product\/costume-citrouille-halloween-bebe-tunisie\/#primaryimage","url":"https:\/\/kidlab.com.tn\/wp-content\/uploads\/2025\/11\/pumpkin-costume-11-1.png","contentUrl":"https:\/\/kidlab.com.tn\/wp-content\/uploads\/2025\/11\/pumpkin-costume-11-1.png","width":630,"height":630},{"@type":"BreadcrumbList","@id":"https:\/\/kidlab.com.tn\/product\/costume-citrouille-halloween-bebe-tunisie\/#breadcrumb","itemListElement":[{"@type":"ListItem","position":1,"name":"Home","item":"https:\/\/kidlab.com.tn\/fr\/"},{"@type":"ListItem","position":2,"name":"Shop","item":"https:\/\/kidlab.com.tn\/shop\/"},{"@type":"ListItem","position":3,"name":"Costume Citrouille B\u00e9b\u00e9 (0\u20136M)"}]},{"@type":"WebSite","@id":"https:\/\/kidlab.com.tn\/#website","url":"https:\/\/kidlab.com.tn\/","name":"KidLab","description":"Cute looks, tiny prices, big smiles.","publisher":{"@id":"https:\/\/kidlab.com.tn\/#organization"},"potentialAction":[{"@type":"SearchAction","target":{"@type":"EntryPoint","urlTemplate":"https:\/\/kidlab.com.tn\/?s={search_term_string}"},"query-input":{"@type":"PropertyValueSpecification","valueRequired":true,"valueName":"search_term_string"}}],"inLanguage":"fr-FR"},{"@type":"Organization","@id":"https:\/\/kidlab.com.tn\/#organization","name":"KidLab","url":"https:\/\/kidlab.com.tn\/","logo":{"@type":"ImageObject","inLanguage":"fr-FR","@id":"https:\/\/kidlab.com.tn\/#\/schema\/logo\/image\/","url":"https:\/\/kidlab.com.tn\/wp-content\/uploads\/2025\/12\/kidlab-fripe.jpg","contentUrl":"https:\/\/kidlab.com.tn\/wp-content\/uploads\/2025\/12\/kidlab-fripe.jpg","width":400,"height":400,"caption":"KidLab"},"image":{"@id":"https:\/\/kidlab.com.tn\/#\/schema\/logo\/image\/"},"sameAs":["https:\/\/www.facebook.com\/profile.php?id=61582962640084","https:\/\/www.instagram.com\/kidlab_fripe"]}]}},"_links":{"self":[{"href":"https:\/\/kidlab.com.tn\/fr\/wp-json\/wp\/v2\/product\/6167","targetHints":{"allow":["GET"]}}],"collection":[{"href":"https:\/\/kidlab.com.tn\/fr\/wp-json\/wp\/v2\/product"}],"about":[{"href":"https:\/\/kidlab.com.tn\/fr\/wp-json\/wp\/v2\/types\/product"}],"version-history":[{"count":0,"href":"https:\/\/kidlab.com.tn\/fr\/wp-json\/wp\/v2\/product\/6167\/revisions"}],"wp:featuredmedia":[{"embeddable":true,"href":"https:\/\/kidlab.com.tn\/fr\/wp-json\/wp\/v2\/media\/6092"}],"wp:attachment":[{"href":"https:\/\/kidlab.com.tn\/fr\/wp-json\/wp\/v2\/media?parent=6167"}],"wp:term":[{"taxonomy":"product_brand","embeddable":true,"href":"https:\/\/kidlab.com.tn\/fr\/wp-json\/wp\/v2\/product_brand?post=6167"},{"taxonomy":"product_cat","embeddable":true,"href":"https:\/\/kidlab.com.tn\/fr\/wp-json\/wp\/v2\/product_cat?post=6167"},{"taxonomy":"product_tag","embeddable":true,"href":"https:\/\/kidlab.com.tn\/fr\/wp-json\/wp\/v2\/product_tag?post=6167"}],"curies":[{"name":"wp","href":"https:\/\/api.w.org\/{rel}","templated":true}]}}