{"id":6175,"date":"2025-11-26T02:05:06","date_gmt":"2025-11-26T02:05:06","guid":{"rendered":"https:\/\/kids.sportifs.tn\/?post_type=product&#038;p=6175"},"modified":"2025-12-30T20:05:34","modified_gmt":"2025-12-30T20:05:34","slug":"top-bebe-fille-primark-tunisie","status":"publish","type":"product","link":"https:\/\/kidlab.com.tn\/fr\/produit\/top-bebe-fille-primark-tunisie\/","title":{"rendered":"Haut \u00e0 manches longues imprim\u00e9 fraise pour b\u00e9b\u00e9 fille"},"content":{"rendered":"<div data-elementor-type=\"wp-post\" data-elementor-id=\"6175\" class=\"elementor elementor-6175\">\n\t\t\t\t\t\t<section class=\"elementor-section elementor-top-section elementor-element elementor-element-33fd861 elementor-section-boxed elementor-section-height-default elementor-section-height-default\" data-id=\"33fd861\" data-element_type=\"section\">\n\t\t\t\t\t\t<div class=\"elementor-container elementor-column-gap-no\">\n\t\t\t\t\t<div class=\"elementor-column elementor-col-100 elementor-top-column elementor-element elementor-element-8f1ab81\" data-id=\"8f1ab81\" data-element_type=\"column\">\n\t\t\t<div class=\"elementor-widget-wrap elementor-element-populated\">\n\t\t\t\t\t\t<div class=\"elementor-element elementor-element-a652374 elementor-widget elementor-widget-text-editor\" data-id=\"a652374\" data-element_type=\"widget\" data-widget_type=\"text-editor.default\">\n\t\t\t\t\t\t\t\t\t<p><span style=\"font-weight: 400;\">Ce ravissant haut pour b\u00e9b\u00e9 allie <\/span><b>confort, mignonnerie et praticit\u00e9.<\/b><span style=\"font-weight: 400;\">Confectionn\u00e9 en coton doux et respirant, il est d\u00e9licat pour la peau des nouveau-n\u00e9s et parfait au quotidien. Son imprim\u00e9 fraise apporte une touche de douceur et de fantaisie, id\u00e9al pour les photos, les sorties ou \u00e0 offrir. Le bouton-pression \u00e0 l'\u00e9paule facilite et acc\u00e9l\u00e8re l'habillage, un atout pr\u00e9cieux pour les nouveau-n\u00e9s.<\/span><\/p><p>\u00a0<\/p><h3><b>\u2b50 Parfait pour<\/b><\/h3><p><span style=\"font-weight: 400;\">\u2714 Usage quotidien<\/span><span style=\"font-weight: 400;\"><br \/><\/span><span style=\"font-weight: 400;\"> \u2714 M\u00e9t\u00e9o du printemps et de l'automne<\/span><span style=\"font-weight: 400;\"><br \/><\/span><span style=\"font-weight: 400;\"> \u2714 S\u00e9ances photo pour nouveau-n\u00e9s<\/span><span style=\"font-weight: 400;\"><br \/><\/span><span style=\"font-weight: 400;\"> \u2714 F\u00eates pr\u00e9natales et cadeaux<\/span><span style=\"font-weight: 400;\"><br \/><\/span><span style=\"font-weight: 400;\"> \u2714 Les mamans qui aiment les tenues mignonnes et pratiques<\/span><\/p><p>\u00a0<\/p><h3><b>\ud83d\udce6 Condition<\/b><\/h3><p><span style=\"font-weight: 400;\">Article en <\/span><b>excellent \u00e9tat d'occasion :<\/b><span style=\"font-weight: 400;\">:<\/span><\/p><ul><li style=\"font-weight: 400;\" aria-level=\"1\"><span style=\"font-weight: 400;\">Aucune tache<\/span><span style=\"font-weight: 400;\"><br \/><\/span><\/li><li style=\"font-weight: 400;\" aria-level=\"1\"><span style=\"font-weight: 400;\">Pas de d\u00e9chirures<\/span><span style=\"font-weight: 400;\"><br \/><\/span><\/li><li style=\"font-weight: 400;\" aria-level=\"1\"><span style=\"font-weight: 400;\">Aucune d\u00e9coloration<\/span><span style=\"font-weight: 400;\"><br \/><\/span><\/li><li style=\"font-weight: 400;\" aria-level=\"1\"><span style=\"font-weight: 400;\">Propre et bien entretenu<\/span><\/li><\/ul>\t\t\t\t\t\t\t\t<\/div>\n\t\t\t\t\t<\/div>\n\t\t<\/div>\n\t\t\t\t\t<\/div>\n\t\t<\/section>\n\t\t\t\t<\/div>","protected":false},"excerpt":{"rendered":"<p><b>Top b\u00e9b\u00e9 fille 0-3 mois (Primark). Imprim\u00e9 fraises roses, ultra doux et confortable. En excellent \u00e9tat, propre et bien entretenu. Id\u00e9al pour les nouveau-n\u00e9s.<\/b><\/p>\n<p>&nbsp;<\/p>\n<p><span style=\"font-weight: 400;\">Ce joli haut Primark pour b\u00e9b\u00e9 (0-3 mois, 62 cm) est confectionn\u00e9 dans un tissu rose tendre \u00e0 imprim\u00e9 fraises. Con\u00e7u pour le confort, il est dot\u00e9 de poignets \u00e9lastiqu\u00e9s et d'un bouton-pression pratique \u00e0 l'\u00e9paule pour un habillage facile. Le tissu est doux pour la peau de b\u00e9b\u00e9, ce qui le rend id\u00e9al au quotidien, pour les sorties ou pour de jolies photos.<\/span><span style=\"font-weight: 400;\"><br \/>\n<\/span><span style=\"font-weight: 400;\"> \u00c9tat : Excellent, presque comme neuf.<\/span><\/p>","protected":false},"featured_media":6096,"template":"","meta":[],"product_brand":[216],"product_cat":[94,138],"product_tag":[342,336,355,322,356],"class_list":{"0":"post-6175","1":"product","2":"type-product","3":"status-publish","4":"has-post-thumbnail","6":"product_brand-primark","7":"product_cat-bebe-fille-0-mois-36-mois","8":"product_cat-ensembles-combinaisons-bebe-fille-0-mois-36-mois","9":"product_tag-baby-girl-clothes","10":"product_tag-baby-top","11":"product_tag-pink-baby-top","12":"product_tag-soft-cotton-baby-top","13":"product_tag-strawberry-baby-top","14":"pa_color-pink","15":"pa_color-soft-baby-pink-with-red-pink-strawberry-pattern","16":"pa_size-0-3-months","19":"instock","20":"featured","21":"sold-individually","22":"shipping-taxable","23":"purchasable","24":"product-type-simple"},"yoast_head":"<!-- This site is optimized with the Yoast SEO plugin v26.4 - https:\/\/yoast.com\/wordpress\/plugins\/seo\/ -->\n<title>Top B\u00e9b\u00e9 Fille Primark | V\u00eatements B\u00e9b\u00e9 d&#039;Occasion en Tunisie<\/title>\n<meta name=\"description\" content=\"Adorable Top b\u00e9b\u00e9 fille Primark 0\u20133 mois , doux et confortable pour les tout-petits. Retrouvez des v\u00eatements b\u00e9b\u00e9 d\u2019occasion en Tunisie chez KidLab Frip\" \/>\n<meta name=\"robots\" content=\"index, follow, max-snippet:-1, max-image-preview:large, max-video-preview:-1\" \/>\n<link rel=\"canonical\" href=\"https:\/\/kidlab.com.tn\/fr\/produit\/top-bebe-fille-primark-tunisie\/\" \/>\n<meta property=\"og:locale\" content=\"fr_FR\" \/>\n<meta property=\"og:type\" content=\"article\" \/>\n<meta property=\"og:title\" content=\"Top B\u00e9b\u00e9 Fille Primark | V\u00eatements B\u00e9b\u00e9 d&#039;Occasion en Tunisie\" \/>\n<meta property=\"og:description\" content=\"Adorable Top b\u00e9b\u00e9 fille Primark 0\u20133 mois , doux et confortable pour les tout-petits. Retrouvez des v\u00eatements b\u00e9b\u00e9 d\u2019occasion en Tunisie chez KidLab Frip\" \/>\n<meta property=\"og:url\" content=\"https:\/\/kidlab.com.tn\/fr\/produit\/top-bebe-fille-primark-tunisie\/\" \/>\n<meta property=\"og:site_name\" content=\"KidLab\" \/>\n<meta property=\"article:publisher\" content=\"https:\/\/www.facebook.com\/profile.php?id=61582962640084\" \/>\n<meta property=\"article:modified_time\" content=\"2025-12-30T20:05:34+00:00\" \/>\n<meta property=\"og:image\" content=\"https:\/\/kidlab.com.tn\/wp-content\/uploads\/2025\/11\/Baby-Girl-Strawberry-Print-Long-Sleeve-Top-13-1.png\" \/>\n\t<meta property=\"og:image:width\" content=\"630\" \/>\n\t<meta property=\"og:image:height\" content=\"630\" \/>\n\t<meta property=\"og:image:type\" content=\"image\/png\" \/>\n<meta name=\"twitter:card\" content=\"summary_large_image\" \/>\n<meta name=\"twitter:label1\" content=\"Dur\u00e9e de lecture estim\u00e9e\" \/>\n\t<meta name=\"twitter:data1\" content=\"1 minute\" \/>\n<script type=\"application\/ld+json\" class=\"yoast-schema-graph\">{\"@context\":\"https:\/\/schema.org\",\"@graph\":[{\"@type\":\"WebPage\",\"@id\":\"https:\/\/kidlab.com.tn\/product\/top-bebe-fille-primark-tunisie\/\",\"url\":\"https:\/\/kidlab.com.tn\/product\/top-bebe-fille-primark-tunisie\/\",\"name\":\"Top B\u00e9b\u00e9 Fille Primark | V\u00eatements B\u00e9b\u00e9 d'Occasion en Tunisie\",\"isPartOf\":{\"@id\":\"https:\/\/kidlab.com.tn\/#website\"},\"primaryImageOfPage\":{\"@id\":\"https:\/\/kidlab.com.tn\/product\/top-bebe-fille-primark-tunisie\/#primaryimage\"},\"image\":{\"@id\":\"https:\/\/kidlab.com.tn\/product\/top-bebe-fille-primark-tunisie\/#primaryimage\"},\"thumbnailUrl\":\"https:\/\/kidlab.com.tn\/wp-content\/uploads\/2025\/11\/Baby-Girl-Strawberry-Print-Long-Sleeve-Top-13-1.png\",\"datePublished\":\"2025-11-26T02:05:06+00:00\",\"dateModified\":\"2025-12-30T20:05:34+00:00\",\"description\":\"Adorable Top b\u00e9b\u00e9 fille Primark 0\u20133 mois , doux et confortable pour les tout-petits. Retrouvez des v\u00eatements b\u00e9b\u00e9 d\u2019occasion en Tunisie chez KidLab Frip\",\"breadcrumb\":{\"@id\":\"https:\/\/kidlab.com.tn\/product\/top-bebe-fille-primark-tunisie\/#breadcrumb\"},\"inLanguage\":\"fr-FR\",\"potentialAction\":[{\"@type\":\"ReadAction\",\"target\":[\"https:\/\/kidlab.com.tn\/product\/top-bebe-fille-primark-tunisie\/\"]}]},{\"@type\":\"ImageObject\",\"inLanguage\":\"fr-FR\",\"@id\":\"https:\/\/kidlab.com.tn\/product\/top-bebe-fille-primark-tunisie\/#primaryimage\",\"url\":\"https:\/\/kidlab.com.tn\/wp-content\/uploads\/2025\/11\/Baby-Girl-Strawberry-Print-Long-Sleeve-Top-13-1.png\",\"contentUrl\":\"https:\/\/kidlab.com.tn\/wp-content\/uploads\/2025\/11\/Baby-Girl-Strawberry-Print-Long-Sleeve-Top-13-1.png\",\"width\":630,\"height\":630,\"caption\":\"Top B\u00e9b\u00e9 Fille Primark\"},{\"@type\":\"BreadcrumbList\",\"@id\":\"https:\/\/kidlab.com.tn\/product\/top-bebe-fille-primark-tunisie\/#breadcrumb\",\"itemListElement\":[{\"@type\":\"ListItem\",\"position\":1,\"name\":\"Home\",\"item\":\"https:\/\/kidlab.com.tn\/fr\/\"},{\"@type\":\"ListItem\",\"position\":2,\"name\":\"Shop\",\"item\":\"https:\/\/kidlab.com.tn\/shop\/\"},{\"@type\":\"ListItem\",\"position\":3,\"name\":\"Top B\u00e9b\u00e9 Fille Primark\"}]},{\"@type\":\"WebSite\",\"@id\":\"https:\/\/kidlab.com.tn\/#website\",\"url\":\"https:\/\/kidlab.com.tn\/\",\"name\":\"KidLab\",\"description\":\"Cute looks, tiny prices, big smiles.\",\"publisher\":{\"@id\":\"https:\/\/kidlab.com.tn\/#organization\"},\"potentialAction\":[{\"@type\":\"SearchAction\",\"target\":{\"@type\":\"EntryPoint\",\"urlTemplate\":\"https:\/\/kidlab.com.tn\/?s={search_term_string}\"},\"query-input\":{\"@type\":\"PropertyValueSpecification\",\"valueRequired\":true,\"valueName\":\"search_term_string\"}}],\"inLanguage\":\"fr-FR\"},{\"@type\":\"Organization\",\"@id\":\"https:\/\/kidlab.com.tn\/#organization\",\"name\":\"KidLab\",\"url\":\"https:\/\/kidlab.com.tn\/\",\"logo\":{\"@type\":\"ImageObject\",\"inLanguage\":\"fr-FR\",\"@id\":\"https:\/\/kidlab.com.tn\/#\/schema\/logo\/image\/\",\"url\":\"https:\/\/kidlab.com.tn\/wp-content\/uploads\/2025\/12\/kidlab-fripe.jpg\",\"contentUrl\":\"https:\/\/kidlab.com.tn\/wp-content\/uploads\/2025\/12\/kidlab-fripe.jpg\",\"width\":400,\"height\":400,\"caption\":\"KidLab\"},\"image\":{\"@id\":\"https:\/\/kidlab.com.tn\/#\/schema\/logo\/image\/\"},\"sameAs\":[\"https:\/\/www.facebook.com\/profile.php?id=61582962640084\",\"https:\/\/www.instagram.com\/kidlab_fripe\"]}]}<\/script>\n<!-- \/ Yoast SEO plugin. -->","yoast_head_json":{"title":"Top B\u00e9b\u00e9 Fille Primark | V\u00eatements B\u00e9b\u00e9 d'Occasion en Tunisie","description":"Adorable Top b\u00e9b\u00e9 fille Primark 0\u20133 mois , doux et confortable pour les tout-petits. Retrouvez des v\u00eatements b\u00e9b\u00e9 d\u2019occasion en Tunisie chez KidLab Frip","robots":{"index":"index","follow":"follow","max-snippet":"max-snippet:-1","max-image-preview":"max-image-preview:large","max-video-preview":"max-video-preview:-1"},"canonical":"https:\/\/kidlab.com.tn\/fr\/produit\/top-bebe-fille-primark-tunisie\/","og_locale":"fr_FR","og_type":"article","og_title":"Top B\u00e9b\u00e9 Fille Primark | V\u00eatements B\u00e9b\u00e9 d'Occasion en Tunisie","og_description":"Adorable Top b\u00e9b\u00e9 fille Primark 0\u20133 mois , doux et confortable pour les tout-petits. Retrouvez des v\u00eatements b\u00e9b\u00e9 d\u2019occasion en Tunisie chez KidLab Frip","og_url":"https:\/\/kidlab.com.tn\/fr\/produit\/top-bebe-fille-primark-tunisie\/","og_site_name":"KidLab","article_publisher":"https:\/\/www.facebook.com\/profile.php?id=61582962640084","article_modified_time":"2025-12-30T20:05:34+00:00","og_image":[{"width":630,"height":630,"url":"https:\/\/kidlab.com.tn\/wp-content\/uploads\/2025\/11\/Baby-Girl-Strawberry-Print-Long-Sleeve-Top-13-1.png","type":"image\/png"}],"twitter_card":"summary_large_image","twitter_misc":{"Dur\u00e9e de lecture estim\u00e9e":"1 minute"},"schema":{"@context":"https:\/\/schema.org","@graph":[{"@type":"WebPage","@id":"https:\/\/kidlab.com.tn\/product\/top-bebe-fille-primark-tunisie\/","url":"https:\/\/kidlab.com.tn\/product\/top-bebe-fille-primark-tunisie\/","name":"Top B\u00e9b\u00e9 Fille Primark | V\u00eatements B\u00e9b\u00e9 d'Occasion en Tunisie","isPartOf":{"@id":"https:\/\/kidlab.com.tn\/#website"},"primaryImageOfPage":{"@id":"https:\/\/kidlab.com.tn\/product\/top-bebe-fille-primark-tunisie\/#primaryimage"},"image":{"@id":"https:\/\/kidlab.com.tn\/product\/top-bebe-fille-primark-tunisie\/#primaryimage"},"thumbnailUrl":"https:\/\/kidlab.com.tn\/wp-content\/uploads\/2025\/11\/Baby-Girl-Strawberry-Print-Long-Sleeve-Top-13-1.png","datePublished":"2025-11-26T02:05:06+00:00","dateModified":"2025-12-30T20:05:34+00:00","description":"Adorable Top b\u00e9b\u00e9 fille Primark 0\u20133 mois , doux et confortable pour les tout-petits. Retrouvez des v\u00eatements b\u00e9b\u00e9 d\u2019occasion en Tunisie chez KidLab Frip","breadcrumb":{"@id":"https:\/\/kidlab.com.tn\/product\/top-bebe-fille-primark-tunisie\/#breadcrumb"},"inLanguage":"fr-FR","potentialAction":[{"@type":"ReadAction","target":["https:\/\/kidlab.com.tn\/product\/top-bebe-fille-primark-tunisie\/"]}]},{"@type":"ImageObject","inLanguage":"fr-FR","@id":"https:\/\/kidlab.com.tn\/product\/top-bebe-fille-primark-tunisie\/#primaryimage","url":"https:\/\/kidlab.com.tn\/wp-content\/uploads\/2025\/11\/Baby-Girl-Strawberry-Print-Long-Sleeve-Top-13-1.png","contentUrl":"https:\/\/kidlab.com.tn\/wp-content\/uploads\/2025\/11\/Baby-Girl-Strawberry-Print-Long-Sleeve-Top-13-1.png","width":630,"height":630,"caption":"Top B\u00e9b\u00e9 Fille Primark"},{"@type":"BreadcrumbList","@id":"https:\/\/kidlab.com.tn\/product\/top-bebe-fille-primark-tunisie\/#breadcrumb","itemListElement":[{"@type":"ListItem","position":1,"name":"Home","item":"https:\/\/kidlab.com.tn\/fr\/"},{"@type":"ListItem","position":2,"name":"Shop","item":"https:\/\/kidlab.com.tn\/shop\/"},{"@type":"ListItem","position":3,"name":"Top B\u00e9b\u00e9 Fille Primark"}]},{"@type":"WebSite","@id":"https:\/\/kidlab.com.tn\/#website","url":"https:\/\/kidlab.com.tn\/","name":"KidLab","description":"Cute looks, tiny prices, big smiles.","publisher":{"@id":"https:\/\/kidlab.com.tn\/#organization"},"potentialAction":[{"@type":"SearchAction","target":{"@type":"EntryPoint","urlTemplate":"https:\/\/kidlab.com.tn\/?s={search_term_string}"},"query-input":{"@type":"PropertyValueSpecification","valueRequired":true,"valueName":"search_term_string"}}],"inLanguage":"fr-FR"},{"@type":"Organization","@id":"https:\/\/kidlab.com.tn\/#organization","name":"KidLab","url":"https:\/\/kidlab.com.tn\/","logo":{"@type":"ImageObject","inLanguage":"fr-FR","@id":"https:\/\/kidlab.com.tn\/#\/schema\/logo\/image\/","url":"https:\/\/kidlab.com.tn\/wp-content\/uploads\/2025\/12\/kidlab-fripe.jpg","contentUrl":"https:\/\/kidlab.com.tn\/wp-content\/uploads\/2025\/12\/kidlab-fripe.jpg","width":400,"height":400,"caption":"KidLab"},"image":{"@id":"https:\/\/kidlab.com.tn\/#\/schema\/logo\/image\/"},"sameAs":["https:\/\/www.facebook.com\/profile.php?id=61582962640084","https:\/\/www.instagram.com\/kidlab_fripe"]}]}},"_links":{"self":[{"href":"https:\/\/kidlab.com.tn\/fr\/wp-json\/wp\/v2\/product\/6175","targetHints":{"allow":["GET"]}}],"collection":[{"href":"https:\/\/kidlab.com.tn\/fr\/wp-json\/wp\/v2\/product"}],"about":[{"href":"https:\/\/kidlab.com.tn\/fr\/wp-json\/wp\/v2\/types\/product"}],"version-history":[{"count":0,"href":"https:\/\/kidlab.com.tn\/fr\/wp-json\/wp\/v2\/product\/6175\/revisions"}],"wp:featuredmedia":[{"embeddable":true,"href":"https:\/\/kidlab.com.tn\/fr\/wp-json\/wp\/v2\/media\/6096"}],"wp:attachment":[{"href":"https:\/\/kidlab.com.tn\/fr\/wp-json\/wp\/v2\/media?parent=6175"}],"wp:term":[{"taxonomy":"product_brand","embeddable":true,"href":"https:\/\/kidlab.com.tn\/fr\/wp-json\/wp\/v2\/product_brand?post=6175"},{"taxonomy":"product_cat","embeddable":true,"href":"https:\/\/kidlab.com.tn\/fr\/wp-json\/wp\/v2\/product_cat?post=6175"},{"taxonomy":"product_tag","embeddable":true,"href":"https:\/\/kidlab.com.tn\/fr\/wp-json\/wp\/v2\/product_tag?post=6175"}],"curies":[{"name":"wp","href":"https:\/\/api.w.org\/{rel}","templated":true}]}}