{"id":6181,"date":"2025-11-26T02:17:01","date_gmt":"2025-11-26T02:17:01","guid":{"rendered":"https:\/\/kids.sportifs.tn\/?post_type=product&#038;p=6181"},"modified":"2025-12-30T20:05:34","modified_gmt":"2025-12-30T20:05:34","slug":"gilet-bebe-hiver-gris-ours-tunisie","status":"publish","type":"product","link":"https:\/\/kidlab.com.tn\/fr\/produit\/gilet-bebe-hiver-gris-ours-tunisie\/","title":{"rendered":"Gilet d'hiver gris pour b\u00e9b\u00e9 avec un adorable motif d'ours (C&amp;A)"},"content":{"rendered":"<div data-elementor-type=\"wp-post\" data-elementor-id=\"6181\" class=\"elementor elementor-6181\">\n\t\t\t\t\t\t<section class=\"elementor-section elementor-top-section elementor-element elementor-element-33fd861 elementor-section-boxed elementor-section-height-default elementor-section-height-default\" data-id=\"33fd861\" data-element_type=\"section\">\n\t\t\t\t\t\t<div class=\"elementor-container elementor-column-gap-no\">\n\t\t\t\t\t<div class=\"elementor-column elementor-col-100 elementor-top-column elementor-element elementor-element-8f1ab81\" data-id=\"8f1ab81\" data-element_type=\"column\">\n\t\t\t<div class=\"elementor-widget-wrap elementor-element-populated\">\n\t\t\t\t\t\t<div class=\"elementor-element elementor-element-a652374 elementor-widget elementor-widget-text-editor\" data-id=\"a652374\" data-element_type=\"widget\" data-widget_type=\"text-editor.default\">\n\t\t\t\t\t\t\t\t\t<p><span style=\"font-weight: 400;\">Enveloppez votre petit explorateur de chaleur et de douceur avec cette magnifique veste d'hiver BabyClub.<\/span><span style=\"font-weight: 400;\"><br \/><\/span><span style=\"font-weight: 400;\"> S\u00e9lectionn\u00e9e avec soin par <\/span><b>Kidlab Fripe<\/b><span style=\"font-weight: 400;\">cette pi\u00e8ce allie confort, douceur et charme intemporel.<\/span><span style=\"font-weight: 400;\"><br \/><\/span><span style=\"font-weight: 400;\"> Ses douces nuances de gris et son adorable ours brod\u00e9 en font le compagnon id\u00e9al pour les promenades hivernales, les journ\u00e9es \u00e0 la cr\u00e8che et les moments chaleureux en famille.<\/span><\/p><p><span style=\"font-weight: 400;\">Confectionn\u00e9e dans un tissu chaud et textur\u00e9 imitant la laine, cette veste assure le confort de votre b\u00e9b\u00e9 sans l'alourdir. Sa doublure douce et sa fermeture boutonn\u00e9e facilitent l'habillage. Au quotidien comme pour les occasions sp\u00e9ciales, cette pi\u00e8ce apporte style et chaleur \u00e0 chaque instant.<\/span><\/p><p><span style=\"font-weight: 400;\">Habit\u00e9e avec amour. Pr\u00eate pour une seconde vie. \u267b\ufe0f\ud83d\udc9b<\/span><\/p><h2><b>\ud83d\udca1 Parfait pour<\/b><\/h2><p><span style=\"font-weight: 400;\">\u2728 Sorties hivernales<\/span><span style=\"font-weight: 400;\"><br \/><\/span><span style=\"font-weight: 400;\"> \u2714 Cr\u00e8che \/ Jardin d'enfants<\/span><span style=\"font-weight: 400;\"><br \/><\/span><span style=\"font-weight: 400;\"> \u2714 V\u00eatements de tous les jours<\/span><span style=\"font-weight: 400;\"><br \/><\/span><span style=\"font-weight: 400;\"> \u2714 Superposition chaude et \u00e9l\u00e9gante<\/span><\/p>\t\t\t\t\t\t\t\t<\/div>\n\t\t\t\t\t<\/div>\n\t\t<\/div>\n\t\t\t\t\t<\/div>\n\t\t<\/section>\n\t\t\t\t<\/div>","protected":false},"excerpt":{"rendered":"<h4><b>Veste C&amp;A BabyClub ; aspect laine, chaude et \u00e9l\u00e9gante\u00a0<\/b><\/h4>\n<p>&nbsp;<\/p>\n<p><span style=\"font-weight: 400;\">Offrez \u00e0 votre tout-petit un confort absoluet une touche de mignonnerie avec cette adorable <\/span><b>veste d'hiver BabyClub de C&amp;A.<\/b><span style=\"font-weight: 400;\"> winter jacket.<\/span><span style=\"font-weight: 400;\"><br \/>\n<\/span><span style=\"font-weight: 400;\"> Confectionn\u00e9e dans un m\u00e9lange chaud et doux, cette veste garde votre b\u00e9b\u00e9 bien au chaud par temps froid, tout en restant l\u00e9g\u00e8re et confortable.<\/span><\/p>\n<p><span style=\"font-weight: 400;\">\u00a0Warm, soft, and ideal for cold days. Features a cute bear patch, textured wool-look fabric, and button closure. Neutral grey color, suitable for boys or girls. Excellent condition with no stains or defects.<\/span><\/p>","protected":false},"featured_media":6097,"template":"","meta":[],"product_brand":[221],"product_cat":[132,94,140,146],"product_tag":[357,360,359,223,358,222],"class_list":{"0":"post-6181","1":"product","2":"type-product","3":"status-publish","4":"has-post-thumbnail","6":"product_brand-ca","7":"product_cat-bebe-garcon-0-mois-36-mois","8":"product_cat-bebe-fille-0-mois-36-mois","9":"product_cat-manteaux-doudounes-cires-bebe-fille-0-mois-36-mois","10":"product_cat-manteaux-doudounes-cires","11":"product_tag-babyclub-jacket","12":"product_tag-boy-girl-neutral-clothing","13":"product_tag-polar-bear-baby-jacket","14":"product_tag-soft-and-cozy","15":"product_tag-warm-baby-cardigan","16":"product_tag-warm-jacket","17":"pa_color-grey","18":"pa_size-12-18-months","21":"instock","22":"featured","23":"sold-individually","24":"shipping-taxable","25":"purchasable","26":"product-type-simple"},"yoast_head":"<!-- This site is optimized with the Yoast SEO plugin v26.4 - https:\/\/yoast.com\/wordpress\/plugins\/seo\/ -->\n<title>Gilet Hiver B\u00e9b\u00e9 Gris avec Ours \u2013 C&amp;A | Kidlab Frip Tunisie<\/title>\n<meta name=\"description\" content=\"Gilet d\u2019hiver gris pour b\u00e9b\u00e9 avec un adorable motif ours de C&amp;A. Doux, chaud et en excellent \u00e9tat seconde main. Disponible en Tunisie chez Kidlab Frip.\" \/>\n<meta name=\"robots\" content=\"index, follow, max-snippet:-1, max-image-preview:large, max-video-preview:-1\" \/>\n<link rel=\"canonical\" href=\"https:\/\/kidlab.com.tn\/fr\/produit\/gilet-bebe-hiver-gris-ours-tunisie\/\" \/>\n<meta property=\"og:locale\" content=\"fr_FR\" \/>\n<meta property=\"og:type\" content=\"article\" \/>\n<meta property=\"og:title\" content=\"Gilet Hiver B\u00e9b\u00e9 Gris avec Ours \u2013 C&amp;A | Kidlab Frip Tunisie\" \/>\n<meta property=\"og:description\" content=\"Gilet d\u2019hiver gris pour b\u00e9b\u00e9 avec un adorable motif ours de C&amp;A. Doux, chaud et en excellent \u00e9tat seconde main. Disponible en Tunisie chez Kidlab Frip.\" \/>\n<meta property=\"og:url\" content=\"https:\/\/kidlab.com.tn\/fr\/produit\/gilet-bebe-hiver-gris-ours-tunisie\/\" \/>\n<meta property=\"og:site_name\" content=\"KidLab\" \/>\n<meta property=\"article:publisher\" content=\"https:\/\/www.facebook.com\/profile.php?id=61582962640084\" \/>\n<meta property=\"article:modified_time\" content=\"2025-12-30T20:05:34+00:00\" \/>\n<meta property=\"og:image\" content=\"https:\/\/kidlab.com.tn\/wp-content\/uploads\/2025\/11\/BabyClub-CA-Warm-Winter-Jacket-14-1.png\" \/>\n\t<meta property=\"og:image:width\" content=\"630\" \/>\n\t<meta property=\"og:image:height\" content=\"630\" \/>\n\t<meta property=\"og:image:type\" content=\"image\/png\" \/>\n<meta name=\"twitter:card\" content=\"summary_large_image\" \/>\n<meta name=\"twitter:label1\" content=\"Dur\u00e9e de lecture estim\u00e9e\" \/>\n\t<meta name=\"twitter:data1\" content=\"1 minute\" \/>\n<script type=\"application\/ld+json\" class=\"yoast-schema-graph\">{\"@context\":\"https:\/\/schema.org\",\"@graph\":[{\"@type\":\"WebPage\",\"@id\":\"https:\/\/kidlab.com.tn\/product\/gilet-bebe-hiver-gris-ours-tunisie\/\",\"url\":\"https:\/\/kidlab.com.tn\/product\/gilet-bebe-hiver-gris-ours-tunisie\/\",\"name\":\"Gilet Hiver B\u00e9b\u00e9 Gris avec Ours \u2013 C&A | Kidlab Frip Tunisie\",\"isPartOf\":{\"@id\":\"https:\/\/kidlab.com.tn\/#website\"},\"primaryImageOfPage\":{\"@id\":\"https:\/\/kidlab.com.tn\/product\/gilet-bebe-hiver-gris-ours-tunisie\/#primaryimage\"},\"image\":{\"@id\":\"https:\/\/kidlab.com.tn\/product\/gilet-bebe-hiver-gris-ours-tunisie\/#primaryimage\"},\"thumbnailUrl\":\"https:\/\/kidlab.com.tn\/wp-content\/uploads\/2025\/11\/BabyClub-CA-Warm-Winter-Jacket-14-1.png\",\"datePublished\":\"2025-11-26T02:17:01+00:00\",\"dateModified\":\"2025-12-30T20:05:34+00:00\",\"description\":\"Gilet d\u2019hiver gris pour b\u00e9b\u00e9 avec un adorable motif ours de C&A. Doux, chaud et en excellent \u00e9tat seconde main. Disponible en Tunisie chez Kidlab Frip.\",\"breadcrumb\":{\"@id\":\"https:\/\/kidlab.com.tn\/product\/gilet-bebe-hiver-gris-ours-tunisie\/#breadcrumb\"},\"inLanguage\":\"fr-FR\",\"potentialAction\":[{\"@type\":\"ReadAction\",\"target\":[\"https:\/\/kidlab.com.tn\/product\/gilet-bebe-hiver-gris-ours-tunisie\/\"]}]},{\"@type\":\"ImageObject\",\"inLanguage\":\"fr-FR\",\"@id\":\"https:\/\/kidlab.com.tn\/product\/gilet-bebe-hiver-gris-ours-tunisie\/#primaryimage\",\"url\":\"https:\/\/kidlab.com.tn\/wp-content\/uploads\/2025\/11\/BabyClub-CA-Warm-Winter-Jacket-14-1.png\",\"contentUrl\":\"https:\/\/kidlab.com.tn\/wp-content\/uploads\/2025\/11\/BabyClub-CA-Warm-Winter-Jacket-14-1.png\",\"width\":630,\"height\":630,\"caption\":\"C&A BabyClub Jacket ;Wool-Look, Warm & Stylish\u00a0\"},{\"@type\":\"BreadcrumbList\",\"@id\":\"https:\/\/kidlab.com.tn\/product\/gilet-bebe-hiver-gris-ours-tunisie\/#breadcrumb\",\"itemListElement\":[{\"@type\":\"ListItem\",\"position\":1,\"name\":\"Home\",\"item\":\"https:\/\/kidlab.com.tn\/fr\/\"},{\"@type\":\"ListItem\",\"position\":2,\"name\":\"Shop\",\"item\":\"https:\/\/kidlab.com.tn\/shop\/\"},{\"@type\":\"ListItem\",\"position\":3,\"name\":\"Gilet B\u00e9b\u00e9 Hiver Gris \u2013 Motif Ours\"}]},{\"@type\":\"WebSite\",\"@id\":\"https:\/\/kidlab.com.tn\/#website\",\"url\":\"https:\/\/kidlab.com.tn\/\",\"name\":\"KidLab\",\"description\":\"Cute looks, tiny prices, big smiles.\",\"publisher\":{\"@id\":\"https:\/\/kidlab.com.tn\/#organization\"},\"potentialAction\":[{\"@type\":\"SearchAction\",\"target\":{\"@type\":\"EntryPoint\",\"urlTemplate\":\"https:\/\/kidlab.com.tn\/?s={search_term_string}\"},\"query-input\":{\"@type\":\"PropertyValueSpecification\",\"valueRequired\":true,\"valueName\":\"search_term_string\"}}],\"inLanguage\":\"fr-FR\"},{\"@type\":\"Organization\",\"@id\":\"https:\/\/kidlab.com.tn\/#organization\",\"name\":\"KidLab\",\"url\":\"https:\/\/kidlab.com.tn\/\",\"logo\":{\"@type\":\"ImageObject\",\"inLanguage\":\"fr-FR\",\"@id\":\"https:\/\/kidlab.com.tn\/#\/schema\/logo\/image\/\",\"url\":\"https:\/\/kidlab.com.tn\/wp-content\/uploads\/2025\/12\/kidlab-fripe.jpg\",\"contentUrl\":\"https:\/\/kidlab.com.tn\/wp-content\/uploads\/2025\/12\/kidlab-fripe.jpg\",\"width\":400,\"height\":400,\"caption\":\"KidLab\"},\"image\":{\"@id\":\"https:\/\/kidlab.com.tn\/#\/schema\/logo\/image\/\"},\"sameAs\":[\"https:\/\/www.facebook.com\/profile.php?id=61582962640084\",\"https:\/\/www.instagram.com\/kidlab_fripe\"]}]}<\/script>\n<!-- \/ Yoast SEO plugin. -->","yoast_head_json":{"title":"Gilet Hiver B\u00e9b\u00e9 Gris avec Ours \u2013 C&A | Kidlab Frip Tunisie","description":"Gilet d\u2019hiver gris pour b\u00e9b\u00e9 avec un adorable motif ours de C&A. Doux, chaud et en excellent \u00e9tat seconde main. Disponible en Tunisie chez Kidlab Frip.","robots":{"index":"index","follow":"follow","max-snippet":"max-snippet:-1","max-image-preview":"max-image-preview:large","max-video-preview":"max-video-preview:-1"},"canonical":"https:\/\/kidlab.com.tn\/fr\/produit\/gilet-bebe-hiver-gris-ours-tunisie\/","og_locale":"fr_FR","og_type":"article","og_title":"Gilet Hiver B\u00e9b\u00e9 Gris avec Ours \u2013 C&A | Kidlab Frip Tunisie","og_description":"Gilet d\u2019hiver gris pour b\u00e9b\u00e9 avec un adorable motif ours de C&A. Doux, chaud et en excellent \u00e9tat seconde main. Disponible en Tunisie chez Kidlab Frip.","og_url":"https:\/\/kidlab.com.tn\/fr\/produit\/gilet-bebe-hiver-gris-ours-tunisie\/","og_site_name":"KidLab","article_publisher":"https:\/\/www.facebook.com\/profile.php?id=61582962640084","article_modified_time":"2025-12-30T20:05:34+00:00","og_image":[{"width":630,"height":630,"url":"https:\/\/kidlab.com.tn\/wp-content\/uploads\/2025\/11\/BabyClub-CA-Warm-Winter-Jacket-14-1.png","type":"image\/png"}],"twitter_card":"summary_large_image","twitter_misc":{"Dur\u00e9e de lecture estim\u00e9e":"1 minute"},"schema":{"@context":"https:\/\/schema.org","@graph":[{"@type":"WebPage","@id":"https:\/\/kidlab.com.tn\/product\/gilet-bebe-hiver-gris-ours-tunisie\/","url":"https:\/\/kidlab.com.tn\/product\/gilet-bebe-hiver-gris-ours-tunisie\/","name":"Gilet Hiver B\u00e9b\u00e9 Gris avec Ours \u2013 C&A | Kidlab Frip Tunisie","isPartOf":{"@id":"https:\/\/kidlab.com.tn\/#website"},"primaryImageOfPage":{"@id":"https:\/\/kidlab.com.tn\/product\/gilet-bebe-hiver-gris-ours-tunisie\/#primaryimage"},"image":{"@id":"https:\/\/kidlab.com.tn\/product\/gilet-bebe-hiver-gris-ours-tunisie\/#primaryimage"},"thumbnailUrl":"https:\/\/kidlab.com.tn\/wp-content\/uploads\/2025\/11\/BabyClub-CA-Warm-Winter-Jacket-14-1.png","datePublished":"2025-11-26T02:17:01+00:00","dateModified":"2025-12-30T20:05:34+00:00","description":"Gilet d\u2019hiver gris pour b\u00e9b\u00e9 avec un adorable motif ours de C&A. Doux, chaud et en excellent \u00e9tat seconde main. Disponible en Tunisie chez Kidlab Frip.","breadcrumb":{"@id":"https:\/\/kidlab.com.tn\/product\/gilet-bebe-hiver-gris-ours-tunisie\/#breadcrumb"},"inLanguage":"fr-FR","potentialAction":[{"@type":"ReadAction","target":["https:\/\/kidlab.com.tn\/product\/gilet-bebe-hiver-gris-ours-tunisie\/"]}]},{"@type":"ImageObject","inLanguage":"fr-FR","@id":"https:\/\/kidlab.com.tn\/product\/gilet-bebe-hiver-gris-ours-tunisie\/#primaryimage","url":"https:\/\/kidlab.com.tn\/wp-content\/uploads\/2025\/11\/BabyClub-CA-Warm-Winter-Jacket-14-1.png","contentUrl":"https:\/\/kidlab.com.tn\/wp-content\/uploads\/2025\/11\/BabyClub-CA-Warm-Winter-Jacket-14-1.png","width":630,"height":630,"caption":"C&A BabyClub Jacket ;Wool-Look, Warm & Stylish\u00a0"},{"@type":"BreadcrumbList","@id":"https:\/\/kidlab.com.tn\/product\/gilet-bebe-hiver-gris-ours-tunisie\/#breadcrumb","itemListElement":[{"@type":"ListItem","position":1,"name":"Home","item":"https:\/\/kidlab.com.tn\/fr\/"},{"@type":"ListItem","position":2,"name":"Shop","item":"https:\/\/kidlab.com.tn\/shop\/"},{"@type":"ListItem","position":3,"name":"Gilet B\u00e9b\u00e9 Hiver Gris \u2013 Motif Ours"}]},{"@type":"WebSite","@id":"https:\/\/kidlab.com.tn\/#website","url":"https:\/\/kidlab.com.tn\/","name":"KidLab","description":"Cute looks, tiny prices, big smiles.","publisher":{"@id":"https:\/\/kidlab.com.tn\/#organization"},"potentialAction":[{"@type":"SearchAction","target":{"@type":"EntryPoint","urlTemplate":"https:\/\/kidlab.com.tn\/?s={search_term_string}"},"query-input":{"@type":"PropertyValueSpecification","valueRequired":true,"valueName":"search_term_string"}}],"inLanguage":"fr-FR"},{"@type":"Organization","@id":"https:\/\/kidlab.com.tn\/#organization","name":"KidLab","url":"https:\/\/kidlab.com.tn\/","logo":{"@type":"ImageObject","inLanguage":"fr-FR","@id":"https:\/\/kidlab.com.tn\/#\/schema\/logo\/image\/","url":"https:\/\/kidlab.com.tn\/wp-content\/uploads\/2025\/12\/kidlab-fripe.jpg","contentUrl":"https:\/\/kidlab.com.tn\/wp-content\/uploads\/2025\/12\/kidlab-fripe.jpg","width":400,"height":400,"caption":"KidLab"},"image":{"@id":"https:\/\/kidlab.com.tn\/#\/schema\/logo\/image\/"},"sameAs":["https:\/\/www.facebook.com\/profile.php?id=61582962640084","https:\/\/www.instagram.com\/kidlab_fripe"]}]}},"_links":{"self":[{"href":"https:\/\/kidlab.com.tn\/fr\/wp-json\/wp\/v2\/product\/6181","targetHints":{"allow":["GET"]}}],"collection":[{"href":"https:\/\/kidlab.com.tn\/fr\/wp-json\/wp\/v2\/product"}],"about":[{"href":"https:\/\/kidlab.com.tn\/fr\/wp-json\/wp\/v2\/types\/product"}],"version-history":[{"count":0,"href":"https:\/\/kidlab.com.tn\/fr\/wp-json\/wp\/v2\/product\/6181\/revisions"}],"wp:featuredmedia":[{"embeddable":true,"href":"https:\/\/kidlab.com.tn\/fr\/wp-json\/wp\/v2\/media\/6097"}],"wp:attachment":[{"href":"https:\/\/kidlab.com.tn\/fr\/wp-json\/wp\/v2\/media?parent=6181"}],"wp:term":[{"taxonomy":"product_brand","embeddable":true,"href":"https:\/\/kidlab.com.tn\/fr\/wp-json\/wp\/v2\/product_brand?post=6181"},{"taxonomy":"product_cat","embeddable":true,"href":"https:\/\/kidlab.com.tn\/fr\/wp-json\/wp\/v2\/product_cat?post=6181"},{"taxonomy":"product_tag","embeddable":true,"href":"https:\/\/kidlab.com.tn\/fr\/wp-json\/wp\/v2\/product_tag?post=6181"}],"curies":[{"name":"wp","href":"https:\/\/api.w.org\/{rel}","templated":true}]}}