{"id":6192,"date":"2025-11-26T02:53:31","date_gmt":"2025-11-26T02:53:31","guid":{"rendered":"https:\/\/kids.sportifs.tn\/?post_type=product&#038;p=6192"},"modified":"2025-12-30T20:05:33","modified_gmt":"2025-12-30T20:05:33","slug":"body-bebe-mauve-calvin-klein-tunisie","status":"publish","type":"product","link":"https:\/\/kidlab.com.tn\/fr\/produit\/body-bebe-mauve-calvin-klein-tunisie\/","title":{"rendered":"Body b\u00e9b\u00e9 \u00e0 manches longues mauve textur\u00e9 Calvin Klein"},"content":{"rendered":"<div data-elementor-type=\"wp-post\" data-elementor-id=\"6192\" class=\"elementor elementor-6192\">\n\t\t\t\t\t\t<section class=\"elementor-section elementor-top-section elementor-element elementor-element-33fd861 elementor-section-boxed elementor-section-height-default elementor-section-height-default\" data-id=\"33fd861\" data-element_type=\"section\">\n\t\t\t\t\t\t<div class=\"elementor-container elementor-column-gap-no\">\n\t\t\t\t\t<div class=\"elementor-column elementor-col-100 elementor-top-column elementor-element elementor-element-8f1ab81\" data-id=\"8f1ab81\" data-element_type=\"column\">\n\t\t\t<div class=\"elementor-widget-wrap elementor-element-populated\">\n\t\t\t\t\t\t<div class=\"elementor-element elementor-element-a652374 elementor-widget elementor-widget-text-editor\" data-id=\"a652374\" data-element_type=\"widget\" data-widget_type=\"text-editor.default\">\n\t\t\t\t\t\t\t\t\t<p><span style=\"font-weight: 400;\">Ce ravissant body \u00e0 manches longues pour b\u00e9b\u00e9 de <\/span><b>Calvin Klein<\/b><span style=\"font-weight: 400;\"> se d\u00e9cline dans un doux coloris <\/span><b>mauve poudr\u00e9\/rose ancien,<\/b><span style=\"font-weight: 400;\"> offrant confort et \u00e9l\u00e9gance \u00e0 votre tout-petit. Confectionn\u00e9 dans un tissu textur\u00e9 orn\u00e9 d'un discret monogramme CK, il lui conf\u00e8re une allure raffin\u00e9e et styl\u00e9e tout en restant douillet au quotidien.<\/span><\/p><h4><b>\ud83e\uddf8 Design et style<\/b><\/h4><ul><li style=\"font-weight: 400;\" aria-level=\"1\"><b>Couleur:<\/b><span style=\"font-weight: 400;\"> mauve poudr\u00e9\/rose ancien,<\/span><span style=\"font-weight: 400;\"><br \/><\/span><\/li><li style=\"font-weight: 400;\" aria-level=\"1\"><b>Texture:<\/b><span style=\"font-weight: 400;\"> Tissu doux, l\u00e9g\u00e8rement matelass\u00e9\/gaufr\u00e9 \u00e0 motifs r\u00e9p\u00e9titifs <\/span><b>Calvin Klein<\/b><span style=\"font-weight: 400;\"> monogramme<\/span><span style=\"font-weight: 400;\"><br \/><\/span><\/li><li style=\"font-weight: 400;\" aria-level=\"1\"><b>Encolure:<\/b><span style=\"font-weight: 400;\"> \u00c9paules crois\u00e9es pour un habillage facile<\/span><span style=\"font-weight: 400;\"><br \/><\/span><\/li><li style=\"font-weight: 400;\" aria-level=\"1\"><b>Manches :<\/b><span style=\"font-weight: 400;\"> Manches longues avec poignets c\u00f4tel\u00e9s pour un ajustement parfait et confortable<\/span><span style=\"font-weight: 400;\"><br \/><\/span><\/li><li style=\"font-weight: 400;\" aria-level=\"1\"><b>D\u00e9tail avant :<\/b><span style=\"font-weight: 400;\"> Jolis volants fronc\u00e9s le long des coutures lat\u00e9rales<\/span><span style=\"font-weight: 400;\"><br \/><\/span><\/li><li style=\"font-weight: 400;\" aria-level=\"1\"><b>Fermeture:<\/b><span style=\"font-weight: 400;\"> Des boutons-pression s\u00e9curis\u00e9s en bas facilitent le changement de couche.<\/span><span style=\"font-weight: 400;\"><br \/><\/span><\/li><li style=\"font-weight: 400;\" aria-level=\"1\"><b>\u00c9tiquette de marque\u00a0:<\/b><span style=\"font-weight: 400;\"> L'\u00e9tiquette int\u00e9rieure indique clairement <\/span><i><span style=\"font-weight: 400;\">Calvin Klein<\/span><\/i><i><span style=\"font-weight: 400;\"><br \/><br \/><\/span><\/i><\/li><\/ul><h4><b>\ud83e\uddf5 Tissu et confort<\/b><\/h4><ul><li style=\"font-weight: 400;\" aria-level=\"1\"><span style=\"font-weight: 400;\">M\u00e9lange de coton doux et extensible<\/span><span style=\"font-weight: 400;\"><br \/><\/span><\/li><li style=\"font-weight: 400;\" aria-level=\"1\"><span style=\"font-weight: 400;\">Doux pour la peau de b\u00e9b\u00e9<\/span><span style=\"font-weight: 400;\"><br \/><\/span><\/li><li style=\"font-weight: 400;\" aria-level=\"1\"><span style=\"font-weight: 400;\">Assez chaud pour les saisons plus fra\u00eeches<\/span><span style=\"font-weight: 400;\"><br \/><br \/><\/span><\/li><\/ul><h4><b>\ud83d\udccf Condition<\/b><\/h4><ul><li style=\"font-weight: 400;\" aria-level=\"1\"><span style=\"font-weight: 400;\">Semble \u00eatre <\/span><b>est en excellent \u00e9tat d'occasion\u00a0:<\/b><b><br \/><\/b><\/li><li style=\"font-weight: 400;\" aria-level=\"1\"><span style=\"font-weight: 400;\">Aucune tache, d\u00e9chirure ou dommage visible sur le tissu<\/span><span style=\"font-weight: 400;\"><br \/><\/span><\/li><li style=\"font-weight: 400;\" aria-level=\"1\"><span style=\"font-weight: 400;\">Les couleurs et la texture sont bien conserv\u00e9es.<\/span><span style=\"font-weight: 400;\"><br \/><br \/><\/span><\/li><\/ul><h4><b>\ud83c\udfaf Id\u00e9al pour<\/b><\/h4><ul><li style=\"font-weight: 400;\" aria-level=\"1\"><span style=\"font-weight: 400;\">\u2714 Usage quotidien<\/span><span style=\"font-weight: 400;\"><br \/><\/span><\/li><li style=\"font-weight: 400;\" aria-level=\"1\"><span style=\"font-weight: 400;\">Sorties<\/span><span style=\"font-weight: 400;\"><br \/><\/span><\/li><li style=\"font-weight: 400;\" aria-level=\"1\"><span style=\"font-weight: 400;\">Superposition de v\u00eatements pendant les mois les plus froids<\/span><span style=\"font-weight: 400;\"><br \/><\/span><\/li><li style=\"font-weight: 400;\" aria-level=\"1\"><span style=\"font-weight: 400;\">Tenues minimalistes et \u00e9l\u00e9gantes pour b\u00e9b\u00e9s<\/span><\/li><\/ul>\t\t\t\t\t\t\t\t<\/div>\n\t\t\t\t\t<\/div>\n\t\t<\/div>\n\t\t\t\t\t<\/div>\n\t\t<\/section>\n\t\t\t\t<\/div>","protected":false},"excerpt":{"rendered":"<p><span style=\"font-weight: 400;\">\u2728 <\/span><b>Body b\u00e9b\u00e9 Calvin Klein \u2013 Occasion de qualit\u00e9 sup\u00e9rieure<\/b><b><br \/>\n<\/b><span style=\"font-weight: 400;\"> Un magnifique body \u00e0 manches longues mauve poudr\u00e9 orn\u00e9 d'un monogramme CK sur toute sa surface.<\/span><span style=\"font-weight: 400;\"><br \/>\n<\/span><span style=\"font-weight: 400;\"> Doux, \u00e9l\u00e9gant et parfait pour les journ\u00e9es plus fra\u00eeches !<\/span><\/p>\n<p><b>D\u00e9tails:<\/b><b><br \/>\n<\/b><span style=\"font-weight: 400;\"> \u2022 Tissu CK textur\u00e9<\/span><span style=\"font-weight: 400;\"><br \/>\n<\/span><span style=\"font-weight: 400;\"> \u2022 Manches longues, poignets c\u00f4tel\u00e9s<\/span><span style=\"font-weight: 400;\"><br \/>\n<\/span><span style=\"font-weight: 400;\"> \u2022 Volants d\u00e9coratifs sur les c\u00f4t\u00e9s<\/span><span style=\"font-weight: 400;\"><br \/>\n<\/span><span style=\"font-weight: 400;\"> \u2022 Boutons-pression pour un changement facile<\/span><span style=\"font-weight: 400;\"><br \/>\n<\/span><span style=\"font-weight: 400;\"> \u2022 Excellent \u00e9tat d'occasion \u2714\ufe0f<\/span><\/p>\n<p><span style=\"font-weight: 400;\">Id\u00e9al pour des tenues de tous les jours \u00e9l\u00e9gantes et confortables.<\/span><span style=\"font-weight: 400;\"><br \/>\n<\/span><span style=\"font-weight: 400;\"> \ud83d\udce6 Disponible d\u00e8s maintenant \u2014 premier arriv\u00e9, premier servi !<\/span><\/p>","protected":false},"featured_media":6103,"template":"","meta":[],"product_brand":[232],"product_cat":[94,225],"product_tag":[229,218,367,212,233,368],"class_list":{"0":"post-6192","1":"product","2":"type-product","3":"status-publish","4":"has-post-thumbnail","6":"product_brand-calvin-klein","7":"product_cat-bebe-fille-0-mois-36-mois","8":"product_cat-t-shirts-tops-bebe-fille-0-mois-36-mois","9":"product_tag-100-cotton","10":"product_tag-baby","11":"product_tag-calvin-klein","12":"product_tag-comfort","13":"product_tag-long-sleeves","14":"product_tag-long-sleeve-bodysuit","15":"pa_color-dusty-mauve","16":"pa_color-old-rose","17":"pa_size-12-18-months","20":"instock","21":"featured","22":"sold-individually","23":"shipping-taxable","24":"purchasable","25":"product-type-simple"},"yoast_head":"<!-- This site is optimized with the Yoast SEO plugin v26.4 - https:\/\/yoast.com\/wordpress\/plugins\/seo\/ -->\n<title>Body Mauve Calvin Klein Manches Longues | Kidlab Frip Tunisie<\/title>\n<meta name=\"description\" content=\"Body b\u00e9b\u00e9 Calvin Klein mauve \u00e0 manches longues, texture \u00e9l\u00e9gante. Doux, confortable et parfait pour les tout-petits. Disponible en Tunisie chez Kidlab Frip.\" \/>\n<meta name=\"robots\" content=\"index, follow, max-snippet:-1, max-image-preview:large, max-video-preview:-1\" \/>\n<link rel=\"canonical\" href=\"https:\/\/kidlab.com.tn\/fr\/produit\/body-bebe-mauve-calvin-klein-tunisie\/\" \/>\n<meta property=\"og:locale\" content=\"fr_FR\" \/>\n<meta property=\"og:type\" content=\"article\" \/>\n<meta property=\"og:title\" content=\"Body Mauve Calvin Klein Manches Longues | Kidlab Frip Tunisie\" \/>\n<meta property=\"og:description\" content=\"Body b\u00e9b\u00e9 Calvin Klein mauve \u00e0 manches longues, texture \u00e9l\u00e9gante. Doux, confortable et parfait pour les tout-petits. Disponible en Tunisie chez Kidlab Frip.\" \/>\n<meta property=\"og:url\" content=\"https:\/\/kidlab.com.tn\/fr\/produit\/body-bebe-mauve-calvin-klein-tunisie\/\" \/>\n<meta property=\"og:site_name\" content=\"KidLab\" \/>\n<meta property=\"article:publisher\" content=\"https:\/\/www.facebook.com\/profile.php?id=61582962640084\" \/>\n<meta property=\"article:modified_time\" content=\"2025-12-30T20:05:33+00:00\" \/>\n<meta property=\"og:image\" content=\"https:\/\/kidlab.com.tn\/wp-content\/uploads\/2025\/11\/Baby-Bodysuit-Calvin-Klein-16-1.png\" \/>\n\t<meta property=\"og:image:width\" content=\"630\" \/>\n\t<meta property=\"og:image:height\" content=\"630\" \/>\n\t<meta property=\"og:image:type\" content=\"image\/png\" \/>\n<meta name=\"twitter:card\" content=\"summary_large_image\" \/>\n<meta name=\"twitter:label1\" content=\"Dur\u00e9e de lecture estim\u00e9e\" \/>\n\t<meta name=\"twitter:data1\" content=\"1 minute\" \/>\n<script type=\"application\/ld+json\" class=\"yoast-schema-graph\">{\"@context\":\"https:\/\/schema.org\",\"@graph\":[{\"@type\":\"WebPage\",\"@id\":\"https:\/\/kidlab.com.tn\/product\/body-bebe-mauve-calvin-klein-tunisie\/\",\"url\":\"https:\/\/kidlab.com.tn\/product\/body-bebe-mauve-calvin-klein-tunisie\/\",\"name\":\"Body Mauve Calvin Klein Manches Longues | Kidlab Frip Tunisie\",\"isPartOf\":{\"@id\":\"https:\/\/kidlab.com.tn\/#website\"},\"primaryImageOfPage\":{\"@id\":\"https:\/\/kidlab.com.tn\/product\/body-bebe-mauve-calvin-klein-tunisie\/#primaryimage\"},\"image\":{\"@id\":\"https:\/\/kidlab.com.tn\/product\/body-bebe-mauve-calvin-klein-tunisie\/#primaryimage\"},\"thumbnailUrl\":\"https:\/\/kidlab.com.tn\/wp-content\/uploads\/2025\/11\/Baby-Bodysuit-Calvin-Klein-16-1.png\",\"datePublished\":\"2025-11-26T02:53:31+00:00\",\"dateModified\":\"2025-12-30T20:05:33+00:00\",\"description\":\"Body b\u00e9b\u00e9 Calvin Klein mauve \u00e0 manches longues, texture \u00e9l\u00e9gante. Doux, confortable et parfait pour les tout-petits. Disponible en Tunisie chez Kidlab Frip.\",\"breadcrumb\":{\"@id\":\"https:\/\/kidlab.com.tn\/product\/body-bebe-mauve-calvin-klein-tunisie\/#breadcrumb\"},\"inLanguage\":\"fr-FR\",\"potentialAction\":[{\"@type\":\"ReadAction\",\"target\":[\"https:\/\/kidlab.com.tn\/product\/body-bebe-mauve-calvin-klein-tunisie\/\"]}]},{\"@type\":\"ImageObject\",\"inLanguage\":\"fr-FR\",\"@id\":\"https:\/\/kidlab.com.tn\/product\/body-bebe-mauve-calvin-klein-tunisie\/#primaryimage\",\"url\":\"https:\/\/kidlab.com.tn\/wp-content\/uploads\/2025\/11\/Baby-Bodysuit-Calvin-Klein-16-1.png\",\"contentUrl\":\"https:\/\/kidlab.com.tn\/wp-content\/uploads\/2025\/11\/Baby-Bodysuit-Calvin-Klein-16-1.png\",\"width\":630,\"height\":630,\"caption\":\"body b\u00e9b\u00e9 mauve calvin klein tunisie\"},{\"@type\":\"BreadcrumbList\",\"@id\":\"https:\/\/kidlab.com.tn\/product\/body-bebe-mauve-calvin-klein-tunisie\/#breadcrumb\",\"itemListElement\":[{\"@type\":\"ListItem\",\"position\":1,\"name\":\"Home\",\"item\":\"https:\/\/kidlab.com.tn\/fr\/\"},{\"@type\":\"ListItem\",\"position\":2,\"name\":\"Shop\",\"item\":\"https:\/\/kidlab.com.tn\/shop\/\"},{\"@type\":\"ListItem\",\"position\":3,\"name\":\"Body B\u00e9b\u00e9 Mauve Calvin Klein\"}]},{\"@type\":\"WebSite\",\"@id\":\"https:\/\/kidlab.com.tn\/#website\",\"url\":\"https:\/\/kidlab.com.tn\/\",\"name\":\"KidLab\",\"description\":\"Cute looks, tiny prices, big smiles.\",\"publisher\":{\"@id\":\"https:\/\/kidlab.com.tn\/#organization\"},\"potentialAction\":[{\"@type\":\"SearchAction\",\"target\":{\"@type\":\"EntryPoint\",\"urlTemplate\":\"https:\/\/kidlab.com.tn\/?s={search_term_string}\"},\"query-input\":{\"@type\":\"PropertyValueSpecification\",\"valueRequired\":true,\"valueName\":\"search_term_string\"}}],\"inLanguage\":\"fr-FR\"},{\"@type\":\"Organization\",\"@id\":\"https:\/\/kidlab.com.tn\/#organization\",\"name\":\"KidLab\",\"url\":\"https:\/\/kidlab.com.tn\/\",\"logo\":{\"@type\":\"ImageObject\",\"inLanguage\":\"fr-FR\",\"@id\":\"https:\/\/kidlab.com.tn\/#\/schema\/logo\/image\/\",\"url\":\"https:\/\/kidlab.com.tn\/wp-content\/uploads\/2025\/12\/kidlab-fripe.jpg\",\"contentUrl\":\"https:\/\/kidlab.com.tn\/wp-content\/uploads\/2025\/12\/kidlab-fripe.jpg\",\"width\":400,\"height\":400,\"caption\":\"KidLab\"},\"image\":{\"@id\":\"https:\/\/kidlab.com.tn\/#\/schema\/logo\/image\/\"},\"sameAs\":[\"https:\/\/www.facebook.com\/profile.php?id=61582962640084\",\"https:\/\/www.instagram.com\/kidlab_fripe\"]}]}<\/script>\n<!-- \/ Yoast SEO plugin. -->","yoast_head_json":{"title":"Body Mauve Calvin Klein Manches Longues | Kidlab Frip Tunisie","description":"Body b\u00e9b\u00e9 Calvin Klein mauve \u00e0 manches longues, texture \u00e9l\u00e9gante. Doux, confortable et parfait pour les tout-petits. Disponible en Tunisie chez Kidlab Frip.","robots":{"index":"index","follow":"follow","max-snippet":"max-snippet:-1","max-image-preview":"max-image-preview:large","max-video-preview":"max-video-preview:-1"},"canonical":"https:\/\/kidlab.com.tn\/fr\/produit\/body-bebe-mauve-calvin-klein-tunisie\/","og_locale":"fr_FR","og_type":"article","og_title":"Body Mauve Calvin Klein Manches Longues | Kidlab Frip Tunisie","og_description":"Body b\u00e9b\u00e9 Calvin Klein mauve \u00e0 manches longues, texture \u00e9l\u00e9gante. Doux, confortable et parfait pour les tout-petits. Disponible en Tunisie chez Kidlab Frip.","og_url":"https:\/\/kidlab.com.tn\/fr\/produit\/body-bebe-mauve-calvin-klein-tunisie\/","og_site_name":"KidLab","article_publisher":"https:\/\/www.facebook.com\/profile.php?id=61582962640084","article_modified_time":"2025-12-30T20:05:33+00:00","og_image":[{"width":630,"height":630,"url":"https:\/\/kidlab.com.tn\/wp-content\/uploads\/2025\/11\/Baby-Bodysuit-Calvin-Klein-16-1.png","type":"image\/png"}],"twitter_card":"summary_large_image","twitter_misc":{"Dur\u00e9e de lecture estim\u00e9e":"1 minute"},"schema":{"@context":"https:\/\/schema.org","@graph":[{"@type":"WebPage","@id":"https:\/\/kidlab.com.tn\/product\/body-bebe-mauve-calvin-klein-tunisie\/","url":"https:\/\/kidlab.com.tn\/product\/body-bebe-mauve-calvin-klein-tunisie\/","name":"Body Mauve Calvin Klein Manches Longues | Kidlab Frip Tunisie","isPartOf":{"@id":"https:\/\/kidlab.com.tn\/#website"},"primaryImageOfPage":{"@id":"https:\/\/kidlab.com.tn\/product\/body-bebe-mauve-calvin-klein-tunisie\/#primaryimage"},"image":{"@id":"https:\/\/kidlab.com.tn\/product\/body-bebe-mauve-calvin-klein-tunisie\/#primaryimage"},"thumbnailUrl":"https:\/\/kidlab.com.tn\/wp-content\/uploads\/2025\/11\/Baby-Bodysuit-Calvin-Klein-16-1.png","datePublished":"2025-11-26T02:53:31+00:00","dateModified":"2025-12-30T20:05:33+00:00","description":"Body b\u00e9b\u00e9 Calvin Klein mauve \u00e0 manches longues, texture \u00e9l\u00e9gante. Doux, confortable et parfait pour les tout-petits. Disponible en Tunisie chez Kidlab Frip.","breadcrumb":{"@id":"https:\/\/kidlab.com.tn\/product\/body-bebe-mauve-calvin-klein-tunisie\/#breadcrumb"},"inLanguage":"fr-FR","potentialAction":[{"@type":"ReadAction","target":["https:\/\/kidlab.com.tn\/product\/body-bebe-mauve-calvin-klein-tunisie\/"]}]},{"@type":"ImageObject","inLanguage":"fr-FR","@id":"https:\/\/kidlab.com.tn\/product\/body-bebe-mauve-calvin-klein-tunisie\/#primaryimage","url":"https:\/\/kidlab.com.tn\/wp-content\/uploads\/2025\/11\/Baby-Bodysuit-Calvin-Klein-16-1.png","contentUrl":"https:\/\/kidlab.com.tn\/wp-content\/uploads\/2025\/11\/Baby-Bodysuit-Calvin-Klein-16-1.png","width":630,"height":630,"caption":"body b\u00e9b\u00e9 mauve calvin klein tunisie"},{"@type":"BreadcrumbList","@id":"https:\/\/kidlab.com.tn\/product\/body-bebe-mauve-calvin-klein-tunisie\/#breadcrumb","itemListElement":[{"@type":"ListItem","position":1,"name":"Home","item":"https:\/\/kidlab.com.tn\/fr\/"},{"@type":"ListItem","position":2,"name":"Shop","item":"https:\/\/kidlab.com.tn\/shop\/"},{"@type":"ListItem","position":3,"name":"Body B\u00e9b\u00e9 Mauve Calvin Klein"}]},{"@type":"WebSite","@id":"https:\/\/kidlab.com.tn\/#website","url":"https:\/\/kidlab.com.tn\/","name":"KidLab","description":"Cute looks, tiny prices, big smiles.","publisher":{"@id":"https:\/\/kidlab.com.tn\/#organization"},"potentialAction":[{"@type":"SearchAction","target":{"@type":"EntryPoint","urlTemplate":"https:\/\/kidlab.com.tn\/?s={search_term_string}"},"query-input":{"@type":"PropertyValueSpecification","valueRequired":true,"valueName":"search_term_string"}}],"inLanguage":"fr-FR"},{"@type":"Organization","@id":"https:\/\/kidlab.com.tn\/#organization","name":"KidLab","url":"https:\/\/kidlab.com.tn\/","logo":{"@type":"ImageObject","inLanguage":"fr-FR","@id":"https:\/\/kidlab.com.tn\/#\/schema\/logo\/image\/","url":"https:\/\/kidlab.com.tn\/wp-content\/uploads\/2025\/12\/kidlab-fripe.jpg","contentUrl":"https:\/\/kidlab.com.tn\/wp-content\/uploads\/2025\/12\/kidlab-fripe.jpg","width":400,"height":400,"caption":"KidLab"},"image":{"@id":"https:\/\/kidlab.com.tn\/#\/schema\/logo\/image\/"},"sameAs":["https:\/\/www.facebook.com\/profile.php?id=61582962640084","https:\/\/www.instagram.com\/kidlab_fripe"]}]}},"_links":{"self":[{"href":"https:\/\/kidlab.com.tn\/fr\/wp-json\/wp\/v2\/product\/6192","targetHints":{"allow":["GET"]}}],"collection":[{"href":"https:\/\/kidlab.com.tn\/fr\/wp-json\/wp\/v2\/product"}],"about":[{"href":"https:\/\/kidlab.com.tn\/fr\/wp-json\/wp\/v2\/types\/product"}],"version-history":[{"count":0,"href":"https:\/\/kidlab.com.tn\/fr\/wp-json\/wp\/v2\/product\/6192\/revisions"}],"wp:featuredmedia":[{"embeddable":true,"href":"https:\/\/kidlab.com.tn\/fr\/wp-json\/wp\/v2\/media\/6103"}],"wp:attachment":[{"href":"https:\/\/kidlab.com.tn\/fr\/wp-json\/wp\/v2\/media?parent=6192"}],"wp:term":[{"taxonomy":"product_brand","embeddable":true,"href":"https:\/\/kidlab.com.tn\/fr\/wp-json\/wp\/v2\/product_brand?post=6192"},{"taxonomy":"product_cat","embeddable":true,"href":"https:\/\/kidlab.com.tn\/fr\/wp-json\/wp\/v2\/product_cat?post=6192"},{"taxonomy":"product_tag","embeddable":true,"href":"https:\/\/kidlab.com.tn\/fr\/wp-json\/wp\/v2\/product_tag?post=6192"}],"curies":[{"name":"wp","href":"https:\/\/api.w.org\/{rel}","templated":true}]}}