{"id":6198,"date":"2025-11-28T21:34:24","date_gmt":"2025-11-28T21:34:24","guid":{"rendered":"https:\/\/kids.sportifs.tn\/?post_type=product&#038;p=6198"},"modified":"2025-12-30T20:05:33","modified_gmt":"2025-12-30T20:05:33","slug":"pantalon-pyjama-enfant-ovs-tartan-rouge-tunisie","status":"publish","type":"product","link":"https:\/\/kidlab.com.tn\/fr\/produit\/pantalon-pyjama-enfant-ovs-tartan-rouge-tunisie\/","title":{"rendered":"Pantalon de pyjama en flanelle pour enfants OVS \u2013 Tartan rouge"},"content":{"rendered":"<div data-elementor-type=\"wp-post\" data-elementor-id=\"6198\" class=\"elementor elementor-6198\">\n\t\t\t\t\t\t<section class=\"elementor-section elementor-top-section elementor-element elementor-element-33fd861 elementor-section-boxed elementor-section-height-default elementor-section-height-default\" data-id=\"33fd861\" data-element_type=\"section\">\n\t\t\t\t\t\t<div class=\"elementor-container elementor-column-gap-no\">\n\t\t\t\t\t<div class=\"elementor-column elementor-col-100 elementor-top-column elementor-element elementor-element-8f1ab81\" data-id=\"8f1ab81\" data-element_type=\"column\">\n\t\t\t<div class=\"elementor-widget-wrap elementor-element-populated\">\n\t\t\t\t\t\t<div class=\"elementor-element elementor-element-a652374 elementor-widget elementor-widget-text-editor\" data-id=\"a652374\" data-element_type=\"widget\" data-widget_type=\"text-editor.default\">\n\t\t\t\t\t\t\t\t\t<p><span style=\"font-weight: 400;\">Offrez \u00e0 votre enfant le parfait \u00e9quilibre entre <\/span><b>chaleur, douceur et confort<\/b><span style=\"font-weight: 400;\"> avec cet adorable pantalon de pyjama en flanelle OVS.Orn\u00e9 d'un <\/span><b>motif tartan rouge classique,<\/b><span style=\"font-weight: 400;\">il apporte une touche chaleureuse et festive, id\u00e9ale au quotidien, pour les soir\u00e9es d'hiver ou les moments de d\u00e9tente pendant les f\u00eates.<\/span><\/p><p><span style=\"font-weight: 400;\">Confectionn\u00e9 en <\/span><b>flanelle douce,<\/b><span style=\"font-weight: 400;\">ce pantalon est agr\u00e9able pour la peau et id\u00e9al pour les enfants qui aiment les v\u00eatements de nuit chauds et confortables. <\/span><b>taille \u00e9lastique<\/b><span style=\"font-weight: 400;\"> assure un ajustement souple et s\u00fbr, et permet de l'enfiler et de le retirer facilement.<\/span><\/p><p>\u00a0<\/p><h3><b>\u2728 Fonctionnalit\u00e9s<\/b><\/h3><ul><li style=\"font-weight: 400;\" aria-level=\"1\"><b>Marque:<\/b><span style=\"font-weight: 400;\"> OVS<\/span><span style=\"font-weight: 400;\"><br \/><\/span><\/li><li style=\"font-weight: 400;\" aria-level=\"1\"><b>Taille:<\/b><span style=\"font-weight: 400;\"> 5\u20136 ans (110\u2013116 cm)<\/span><span style=\"font-weight: 400;\"><br \/><\/span><\/li><li style=\"font-weight: 400;\" aria-level=\"1\"><b>Mat\u00e9riel:<\/b><span style=\"font-weight: 400;\"> Flanelle douce (chaude, respirante, confortable)<\/span><span style=\"font-weight: 400;\"><br \/><\/span><\/li><li style=\"font-weight: 400;\" aria-level=\"1\"><b>Conception:<\/b><span style=\"font-weight: 400;\"> Carreaux tartan classiques rouges, bleu marine, verts et jaunes<\/span><span style=\"font-weight: 400;\"><br \/><\/span><\/li><li style=\"font-weight: 400;\" aria-level=\"1\"><b>Ceinture:<\/b><span style=\"font-weight: 400;\"> \u00c9lastique pour plus de confort et un ajustement facile<\/span><span style=\"font-weight: 400;\"><br \/><\/span><\/li><li style=\"font-weight: 400;\" aria-level=\"1\"><b>Cut:<\/b><span style=\"font-weight: 400;\"> Coupe droite et d\u00e9contract\u00e9e, id\u00e9ale pour bouger et dormir<\/span><span style=\"font-weight: 400;\"><br \/><\/span><\/li><li style=\"font-weight: 400;\" aria-level=\"1\"><b>Saison:<\/b><span style=\"font-weight: 400;\"> Id\u00e9al pour l'automne et l'hiver<\/span><span style=\"font-weight: 400;\"><br \/><\/span><\/li><li style=\"font-weight: 400;\" aria-level=\"1\"><b>Utiliser:<\/b><span style=\"font-weight: 400;\"> Pyjamas, v\u00eatements d'int\u00e9rieur, v\u00eatements pour la sieste \u00e0 la garderie, v\u00eatements confortables pour la maison<\/span><span style=\"font-weight: 400;\"><br \/><br \/><\/span><\/li><\/ul><h3><b>\ud83d\udce6 Condition<\/b><\/h3><p><span style=\"font-weight: 400;\">Le pantalon semble \u00eatre <\/span><b>en tr\u00e8s bon \u00e9tat\u00a0:<\/b><span style=\"font-weight: 400;\">propre, sans taches, d\u00e9chirures ni dommages apparents. Pr\u00eat \u00e0 porter imm\u00e9diatement.<\/span><\/p><p>\u00a0<\/p><h3><b>\ud83c\udf81 Parfait pour<\/b><\/h3><ul><li style=\"font-weight: 400;\" aria-level=\"1\"><span style=\"font-weight: 400;\">v\u00eatements de nuit de tous les jours<\/span><span style=\"font-weight: 400;\"><br \/><\/span><\/li><li style=\"font-weight: 400;\" aria-level=\"1\"><span style=\"font-weight: 400;\">nuits d'hiver<\/span><span style=\"font-weight: 400;\"><br \/><\/span><\/li><li style=\"font-weight: 400;\" aria-level=\"1\"><span style=\"font-weight: 400;\">Ambiance chaleureuse de vacances<\/span><span style=\"font-weight: 400;\"><br \/><\/span><\/li><li style=\"font-weight: 400;\" aria-level=\"1\"><span style=\"font-weight: 400;\">Tenues de No\u00ebl assorties pour toute la famille<\/span><span style=\"font-weight: 400;\"><br \/><\/span><\/li><li style=\"font-weight: 400;\" aria-level=\"1\"><span style=\"font-weight: 400;\">Salon confortable \u00e0 la maison pour les enfants<\/span><span style=\"font-weight: 400;\"><br \/><br \/><\/span><\/li><\/ul><h3><b>\ud83d\udcac Pourquoi les parents l'adorent<\/b><\/h3><p><span style=\"font-weight: 400;\">Les v\u00eatements OVS sont r\u00e9put\u00e9s pour <\/span><b>leur qualit\u00e9, leur durabilit\u00e9 et leur confort.<\/b><span style=\"font-weight: 400;\">Ce pantalon de pyjama offre une chaleur optimale tout en laissant la peau respirer. Id\u00e9al pour les enfants actifs comme pour les dormeurs paisibles\u00a0!<\/span><\/p>\t\t\t\t\t\t\t\t<\/div>\n\t\t\t\t\t<\/div>\n\t\t<\/div>\n\t\t\t\t\t<\/div>\n\t\t<\/section>\n\t\t\t\t<\/div>","protected":false},"excerpt":{"rendered":"<p><b>Pantalon de pyjama en flanelle pour enfants OVS : tartan rouge\u00a0<\/b><\/p>\n<p><b><br \/>\n<\/b><span style=\"font-weight: 400;\"> Offrez \u00e0 votre enfant un confort hivernal optimal avec ce pantalon de pyjama en flanelle de qualit\u00e9 sup\u00e9rieure sign\u00e9 <\/span><b>OVS<\/b><span style=\"font-weight: 400;\">Confectionn\u00e9 dans une flanelle douce et respirante, il gardera votre tout-petit bien au chaud sans le faire transpirer. Le joli motif <\/span><b>tartan rouge<\/b><span style=\"font-weight: 400;\"> apporte une touche chaleureuse et festive, id\u00e9ale pour les soir\u00e9es d'hiver, l'ambiance de No\u00ebl ou simplement pour se d\u00e9tendre \u00e0 la maison.<\/span><\/p>\n<p><span style=\"font-weight: 400;\">Ce pantalon de pyjama est dot\u00e9 d'une <\/span><b>ceinture \u00e9lastique confortable<\/b><span style=\"font-weight: 400;\"> qui s'adapte facilement \u00e0 la morphologie de l'enfant, lui offrant une totale libert\u00e9 de mouvement. Sa coupe droite et d\u00e9contract\u00e9e assure un confort optimal pour dormir ou jouer.<\/span><\/p>\n<p><b>\u00c9tat\u00a0:<\/b><span style=\"font-weight: 400;\"> Tr\u00e8s bon \u00e9tat, aucune tache, aucun dommage, tissu tr\u00e8s doux.<\/span><span style=\"font-weight: 400;\"><br \/>\n<\/span> <b>Id\u00e9al pour :<\/b><span style=\"font-weight: 400;\"> V\u00eatements de nuit d'hiver, p\u00e9riode des f\u00eates, confort \u00e0 la maison, siestes \u00e0 la garderie.<\/span><\/p>\n<p><span style=\"font-weight: 400;\">\u2728 De haute qualit\u00e9, durables et doux pour la peau \u2013 parfaits pour les enfants \u00e0 la peau sensible.<\/span><\/p>","protected":false},"featured_media":6105,"template":"","meta":[],"product_brand":[234],"product_cat":[156,147,148,152,160,157],"product_tag":[229,370,373,372,369,371],"class_list":{"0":"post-6198","1":"product","2":"type-product","3":"status-publish","4":"has-post-thumbnail","6":"product_brand-ovs","7":"product_cat-garcon-3-12ans","8":"product_cat-fille-3-12ans","9":"product_cat-pantalons-leggings-shorts","10":"product_cat-pyjamas-sous-vetements","11":"product_cat-pyjamas-sous-vetements-garcon-3-12ans","12":"product_cat-pantalons-jogging-shorts-garcon-3-12ans","13":"product_tag-100-cotton","14":"product_tag-cozy-kids","15":"product_tag-flannel-pajamas","16":"product_tag-kids-pajamas","17":"product_tag-tartan-pants","18":"product_tag-winter-kids-outfit","19":"pa_color-red","20":"pa_color-red-tartan","21":"pa_size-5-6-years","24":"instock","25":"featured","26":"sold-individually","27":"shipping-taxable","28":"purchasable","29":"product-type-simple"},"yoast_head":"<!-- This site is optimized with the Yoast SEO plugin v26.4 - https:\/\/yoast.com\/wordpress\/plugins\/seo\/ -->\n<title>Pantalon Pyjama Enfant OVS Tartan Rouge | Kidlab Frip Tunisie<\/title>\n<meta name=\"description\" content=\"Pantalon pyjama enfant OVS en flanelle tartan rouge, taille 5\u20136 ans. Doux, chaud et en excellent \u00e9tat seconde main. Disponible en Tunisie chez Kidlab Frip.\" \/>\n<meta name=\"robots\" content=\"index, follow, max-snippet:-1, max-image-preview:large, max-video-preview:-1\" \/>\n<link rel=\"canonical\" href=\"https:\/\/kidlab.com.tn\/fr\/produit\/pantalon-pyjama-enfant-ovs-tartan-rouge-tunisie\/\" \/>\n<meta property=\"og:locale\" content=\"fr_FR\" \/>\n<meta property=\"og:type\" content=\"article\" \/>\n<meta property=\"og:title\" content=\"Pantalon Pyjama Enfant OVS Tartan Rouge | Kidlab Frip Tunisie\" \/>\n<meta property=\"og:description\" content=\"Pantalon pyjama enfant OVS en flanelle tartan rouge, taille 5\u20136 ans. Doux, chaud et en excellent \u00e9tat seconde main. Disponible en Tunisie chez Kidlab Frip.\" \/>\n<meta property=\"og:url\" content=\"https:\/\/kidlab.com.tn\/fr\/produit\/pantalon-pyjama-enfant-ovs-tartan-rouge-tunisie\/\" \/>\n<meta property=\"og:site_name\" content=\"KidLab\" \/>\n<meta property=\"article:publisher\" content=\"https:\/\/www.facebook.com\/profile.php?id=61582962640084\" \/>\n<meta property=\"article:modified_time\" content=\"2025-12-30T20:05:33+00:00\" \/>\n<meta property=\"og:image\" content=\"https:\/\/kidlab.com.tn\/wp-content\/uploads\/2025\/11\/OVS-Kids-Flannel-Pajama-Pants-\u2013-Red-Tartan-17-1.png\" \/>\n\t<meta property=\"og:image:width\" content=\"1786\" \/>\n\t<meta property=\"og:image:height\" content=\"1786\" \/>\n\t<meta property=\"og:image:type\" content=\"image\/png\" \/>\n<meta name=\"twitter:card\" content=\"summary_large_image\" \/>\n<meta name=\"twitter:label1\" content=\"Dur\u00e9e de lecture estim\u00e9e\" \/>\n\t<meta name=\"twitter:data1\" content=\"2 minutes\" \/>\n<script type=\"application\/ld+json\" class=\"yoast-schema-graph\">{\"@context\":\"https:\/\/schema.org\",\"@graph\":[{\"@type\":\"WebPage\",\"@id\":\"https:\/\/kidlab.com.tn\/product\/pantalon-pyjama-enfant-ovs-tartan-rouge-tunisie\/\",\"url\":\"https:\/\/kidlab.com.tn\/product\/pantalon-pyjama-enfant-ovs-tartan-rouge-tunisie\/\",\"name\":\"Pantalon Pyjama Enfant OVS Tartan Rouge | Kidlab Frip Tunisie\",\"isPartOf\":{\"@id\":\"https:\/\/kidlab.com.tn\/#website\"},\"primaryImageOfPage\":{\"@id\":\"https:\/\/kidlab.com.tn\/product\/pantalon-pyjama-enfant-ovs-tartan-rouge-tunisie\/#primaryimage\"},\"image\":{\"@id\":\"https:\/\/kidlab.com.tn\/product\/pantalon-pyjama-enfant-ovs-tartan-rouge-tunisie\/#primaryimage\"},\"thumbnailUrl\":\"https:\/\/kidlab.com.tn\/wp-content\/uploads\/2025\/11\/OVS-Kids-Flannel-Pajama-Pants-\u2013-Red-Tartan-17-1.png\",\"datePublished\":\"2025-11-28T21:34:24+00:00\",\"dateModified\":\"2025-12-30T20:05:33+00:00\",\"description\":\"Pantalon pyjama enfant OVS en flanelle tartan rouge, taille 5\u20136 ans. Doux, chaud et en excellent \u00e9tat seconde main. Disponible en Tunisie chez Kidlab Frip.\",\"breadcrumb\":{\"@id\":\"https:\/\/kidlab.com.tn\/product\/pantalon-pyjama-enfant-ovs-tartan-rouge-tunisie\/#breadcrumb\"},\"inLanguage\":\"fr-FR\",\"potentialAction\":[{\"@type\":\"ReadAction\",\"target\":[\"https:\/\/kidlab.com.tn\/product\/pantalon-pyjama-enfant-ovs-tartan-rouge-tunisie\/\"]}]},{\"@type\":\"ImageObject\",\"inLanguage\":\"fr-FR\",\"@id\":\"https:\/\/kidlab.com.tn\/product\/pantalon-pyjama-enfant-ovs-tartan-rouge-tunisie\/#primaryimage\",\"url\":\"https:\/\/kidlab.com.tn\/wp-content\/uploads\/2025\/11\/OVS-Kids-Flannel-Pajama-Pants-\u2013-Red-Tartan-17-1.png\",\"contentUrl\":\"https:\/\/kidlab.com.tn\/wp-content\/uploads\/2025\/11\/OVS-Kids-Flannel-Pajama-Pants-\u2013-Red-Tartan-17-1.png\",\"width\":1786,\"height\":1786,\"caption\":\"pantalon pyjama flanelle enfant ovs tartan rouge tunisie\"},{\"@type\":\"BreadcrumbList\",\"@id\":\"https:\/\/kidlab.com.tn\/product\/pantalon-pyjama-enfant-ovs-tartan-rouge-tunisie\/#breadcrumb\",\"itemListElement\":[{\"@type\":\"ListItem\",\"position\":1,\"name\":\"Home\",\"item\":\"https:\/\/kidlab.com.tn\/fr\/\"},{\"@type\":\"ListItem\",\"position\":2,\"name\":\"Shop\",\"item\":\"https:\/\/kidlab.com.tn\/shop\/\"},{\"@type\":\"ListItem\",\"position\":3,\"name\":\"Pantalon Pyjama Enfant OVS Tartan Rouge\"}]},{\"@type\":\"WebSite\",\"@id\":\"https:\/\/kidlab.com.tn\/#website\",\"url\":\"https:\/\/kidlab.com.tn\/\",\"name\":\"KidLab\",\"description\":\"Cute looks, tiny prices, big smiles.\",\"publisher\":{\"@id\":\"https:\/\/kidlab.com.tn\/#organization\"},\"potentialAction\":[{\"@type\":\"SearchAction\",\"target\":{\"@type\":\"EntryPoint\",\"urlTemplate\":\"https:\/\/kidlab.com.tn\/?s={search_term_string}\"},\"query-input\":{\"@type\":\"PropertyValueSpecification\",\"valueRequired\":true,\"valueName\":\"search_term_string\"}}],\"inLanguage\":\"fr-FR\"},{\"@type\":\"Organization\",\"@id\":\"https:\/\/kidlab.com.tn\/#organization\",\"name\":\"KidLab\",\"url\":\"https:\/\/kidlab.com.tn\/\",\"logo\":{\"@type\":\"ImageObject\",\"inLanguage\":\"fr-FR\",\"@id\":\"https:\/\/kidlab.com.tn\/#\/schema\/logo\/image\/\",\"url\":\"https:\/\/kidlab.com.tn\/wp-content\/uploads\/2025\/12\/kidlab-fripe.jpg\",\"contentUrl\":\"https:\/\/kidlab.com.tn\/wp-content\/uploads\/2025\/12\/kidlab-fripe.jpg\",\"width\":400,\"height\":400,\"caption\":\"KidLab\"},\"image\":{\"@id\":\"https:\/\/kidlab.com.tn\/#\/schema\/logo\/image\/\"},\"sameAs\":[\"https:\/\/www.facebook.com\/profile.php?id=61582962640084\",\"https:\/\/www.instagram.com\/kidlab_fripe\"]}]}<\/script>\n<!-- \/ Yoast SEO plugin. -->","yoast_head_json":{"title":"Pantalon Pyjama Enfant OVS Tartan Rouge | Kidlab Frip Tunisie","description":"Pantalon pyjama enfant OVS en flanelle tartan rouge, taille 5\u20136 ans. Doux, chaud et en excellent \u00e9tat seconde main. Disponible en Tunisie chez Kidlab Frip.","robots":{"index":"index","follow":"follow","max-snippet":"max-snippet:-1","max-image-preview":"max-image-preview:large","max-video-preview":"max-video-preview:-1"},"canonical":"https:\/\/kidlab.com.tn\/fr\/produit\/pantalon-pyjama-enfant-ovs-tartan-rouge-tunisie\/","og_locale":"fr_FR","og_type":"article","og_title":"Pantalon Pyjama Enfant OVS Tartan Rouge | Kidlab Frip Tunisie","og_description":"Pantalon pyjama enfant OVS en flanelle tartan rouge, taille 5\u20136 ans. Doux, chaud et en excellent \u00e9tat seconde main. Disponible en Tunisie chez Kidlab Frip.","og_url":"https:\/\/kidlab.com.tn\/fr\/produit\/pantalon-pyjama-enfant-ovs-tartan-rouge-tunisie\/","og_site_name":"KidLab","article_publisher":"https:\/\/www.facebook.com\/profile.php?id=61582962640084","article_modified_time":"2025-12-30T20:05:33+00:00","og_image":[{"width":1786,"height":1786,"url":"https:\/\/kidlab.com.tn\/wp-content\/uploads\/2025\/11\/OVS-Kids-Flannel-Pajama-Pants-\u2013-Red-Tartan-17-1.png","type":"image\/png"}],"twitter_card":"summary_large_image","twitter_misc":{"Dur\u00e9e de lecture estim\u00e9e":"2 minutes"},"schema":{"@context":"https:\/\/schema.org","@graph":[{"@type":"WebPage","@id":"https:\/\/kidlab.com.tn\/product\/pantalon-pyjama-enfant-ovs-tartan-rouge-tunisie\/","url":"https:\/\/kidlab.com.tn\/product\/pantalon-pyjama-enfant-ovs-tartan-rouge-tunisie\/","name":"Pantalon Pyjama Enfant OVS Tartan Rouge | Kidlab Frip Tunisie","isPartOf":{"@id":"https:\/\/kidlab.com.tn\/#website"},"primaryImageOfPage":{"@id":"https:\/\/kidlab.com.tn\/product\/pantalon-pyjama-enfant-ovs-tartan-rouge-tunisie\/#primaryimage"},"image":{"@id":"https:\/\/kidlab.com.tn\/product\/pantalon-pyjama-enfant-ovs-tartan-rouge-tunisie\/#primaryimage"},"thumbnailUrl":"https:\/\/kidlab.com.tn\/wp-content\/uploads\/2025\/11\/OVS-Kids-Flannel-Pajama-Pants-\u2013-Red-Tartan-17-1.png","datePublished":"2025-11-28T21:34:24+00:00","dateModified":"2025-12-30T20:05:33+00:00","description":"Pantalon pyjama enfant OVS en flanelle tartan rouge, taille 5\u20136 ans. Doux, chaud et en excellent \u00e9tat seconde main. Disponible en Tunisie chez Kidlab Frip.","breadcrumb":{"@id":"https:\/\/kidlab.com.tn\/product\/pantalon-pyjama-enfant-ovs-tartan-rouge-tunisie\/#breadcrumb"},"inLanguage":"fr-FR","potentialAction":[{"@type":"ReadAction","target":["https:\/\/kidlab.com.tn\/product\/pantalon-pyjama-enfant-ovs-tartan-rouge-tunisie\/"]}]},{"@type":"ImageObject","inLanguage":"fr-FR","@id":"https:\/\/kidlab.com.tn\/product\/pantalon-pyjama-enfant-ovs-tartan-rouge-tunisie\/#primaryimage","url":"https:\/\/kidlab.com.tn\/wp-content\/uploads\/2025\/11\/OVS-Kids-Flannel-Pajama-Pants-\u2013-Red-Tartan-17-1.png","contentUrl":"https:\/\/kidlab.com.tn\/wp-content\/uploads\/2025\/11\/OVS-Kids-Flannel-Pajama-Pants-\u2013-Red-Tartan-17-1.png","width":1786,"height":1786,"caption":"pantalon pyjama flanelle enfant ovs tartan rouge tunisie"},{"@type":"BreadcrumbList","@id":"https:\/\/kidlab.com.tn\/product\/pantalon-pyjama-enfant-ovs-tartan-rouge-tunisie\/#breadcrumb","itemListElement":[{"@type":"ListItem","position":1,"name":"Home","item":"https:\/\/kidlab.com.tn\/fr\/"},{"@type":"ListItem","position":2,"name":"Shop","item":"https:\/\/kidlab.com.tn\/shop\/"},{"@type":"ListItem","position":3,"name":"Pantalon Pyjama Enfant OVS Tartan Rouge"}]},{"@type":"WebSite","@id":"https:\/\/kidlab.com.tn\/#website","url":"https:\/\/kidlab.com.tn\/","name":"KidLab","description":"Cute looks, tiny prices, big smiles.","publisher":{"@id":"https:\/\/kidlab.com.tn\/#organization"},"potentialAction":[{"@type":"SearchAction","target":{"@type":"EntryPoint","urlTemplate":"https:\/\/kidlab.com.tn\/?s={search_term_string}"},"query-input":{"@type":"PropertyValueSpecification","valueRequired":true,"valueName":"search_term_string"}}],"inLanguage":"fr-FR"},{"@type":"Organization","@id":"https:\/\/kidlab.com.tn\/#organization","name":"KidLab","url":"https:\/\/kidlab.com.tn\/","logo":{"@type":"ImageObject","inLanguage":"fr-FR","@id":"https:\/\/kidlab.com.tn\/#\/schema\/logo\/image\/","url":"https:\/\/kidlab.com.tn\/wp-content\/uploads\/2025\/12\/kidlab-fripe.jpg","contentUrl":"https:\/\/kidlab.com.tn\/wp-content\/uploads\/2025\/12\/kidlab-fripe.jpg","width":400,"height":400,"caption":"KidLab"},"image":{"@id":"https:\/\/kidlab.com.tn\/#\/schema\/logo\/image\/"},"sameAs":["https:\/\/www.facebook.com\/profile.php?id=61582962640084","https:\/\/www.instagram.com\/kidlab_fripe"]}]}},"_links":{"self":[{"href":"https:\/\/kidlab.com.tn\/fr\/wp-json\/wp\/v2\/product\/6198","targetHints":{"allow":["GET"]}}],"collection":[{"href":"https:\/\/kidlab.com.tn\/fr\/wp-json\/wp\/v2\/product"}],"about":[{"href":"https:\/\/kidlab.com.tn\/fr\/wp-json\/wp\/v2\/types\/product"}],"version-history":[{"count":0,"href":"https:\/\/kidlab.com.tn\/fr\/wp-json\/wp\/v2\/product\/6198\/revisions"}],"wp:featuredmedia":[{"embeddable":true,"href":"https:\/\/kidlab.com.tn\/fr\/wp-json\/wp\/v2\/media\/6105"}],"wp:attachment":[{"href":"https:\/\/kidlab.com.tn\/fr\/wp-json\/wp\/v2\/media?parent=6198"}],"wp:term":[{"taxonomy":"product_brand","embeddable":true,"href":"https:\/\/kidlab.com.tn\/fr\/wp-json\/wp\/v2\/product_brand?post=6198"},{"taxonomy":"product_cat","embeddable":true,"href":"https:\/\/kidlab.com.tn\/fr\/wp-json\/wp\/v2\/product_cat?post=6198"},{"taxonomy":"product_tag","embeddable":true,"href":"https:\/\/kidlab.com.tn\/fr\/wp-json\/wp\/v2\/product_tag?post=6198"}],"curies":[{"name":"wp","href":"https:\/\/api.w.org\/{rel}","templated":true}]}}