{"id":6203,"date":"2025-11-28T21:51:59","date_gmt":"2025-11-28T21:51:59","guid":{"rendered":"https:\/\/kids.sportifs.tn\/?post_type=product&#038;p=6203"},"modified":"2025-12-30T20:05:33","modified_gmt":"2025-12-30T20:05:33","slug":"gilet-bebe-rose-vintage-dentelle-tunisie","status":"publish","type":"product","link":"https:\/\/kidlab.com.tn\/fr\/produit\/gilet-bebe-rose-vintage-dentelle-tunisie\/","title":{"rendered":"\ud83d\udc96 Gilet b\u00e9b\u00e9 rose, doux et d'inspiration vintage, orn\u00e9 de dentelle \ud83c\udf38"},"content":{"rendered":"<div data-elementor-type=\"wp-post\" data-elementor-id=\"6203\" class=\"elementor elementor-6203\">\n\t\t\t\t\t\t<section class=\"elementor-section elementor-top-section elementor-element elementor-element-33fd861 elementor-section-boxed elementor-section-height-default elementor-section-height-default\" data-id=\"33fd861\" data-element_type=\"section\">\n\t\t\t\t\t\t<div class=\"elementor-container elementor-column-gap-no\">\n\t\t\t\t\t<div class=\"elementor-column elementor-col-100 elementor-top-column elementor-element elementor-element-8f1ab81\" data-id=\"8f1ab81\" data-element_type=\"column\">\n\t\t\t<div class=\"elementor-widget-wrap elementor-element-populated\">\n\t\t\t\t\t\t<div class=\"elementor-element elementor-element-a652374 elementor-widget elementor-widget-text-editor\" data-id=\"a652374\" data-element_type=\"widget\" data-widget_type=\"text-editor.default\">\n\t\t\t\t\t\t\t\t\t<p><span style=\"font-weight: 400;\">Capturez l'essence du style b\u00e9b\u00e9 classique avec cet adorable cardigan rose en maille de seconde main. C'est la pi\u00e8ce id\u00e9ale pour envelopper votre tout-petit de douceur et de chaleur, alliant confort et charme vintage. Un ajout parfait \u00e0 la garde-robe de b\u00e9b\u00e9 pour les occasions sp\u00e9ciales, les s\u00e9ances photo ou simplement pour une touche de tendresse au quotidien !<\/span><\/p><ul><li style=\"font-weight: 400;\" aria-level=\"1\"><b>Couleur:<\/b><span style=\"font-weight: 400;\"> Rose b\u00e9b\u00e9 doux et d\u00e9licat.<\/span><\/li><li style=\"font-weight: 400;\" aria-level=\"1\"><b>Tissu\/tricot :<\/b><span style=\"font-weight: 400;\"> Ce v\u00eatement pr\u00e9sente <\/span><b>un joli motif en maille textur\u00e9e sur le corps et les manches,<\/b><span style=\"font-weight: 400;\"> lui conf\u00e9rant un toucher doux, moelleux et de grande qualit\u00e9. Il s'agit d'une maille mi-\u00e9paisse et confortable, id\u00e9ale pour garder b\u00e9b\u00e9 bien au chaud.<\/span><\/li><li style=\"font-weight: 400;\" aria-level=\"1\"><b>Front Fastening:<\/b><span style=\"font-weight: 400;\"> A row of <\/span><b>small, clean white buttons<\/b><span style=\"font-weight: 400;\"> runs down the center front, making dressing and undressing simple.<\/span><\/li><li style=\"font-weight: 400;\" aria-level=\"1\"><b>Charming Accent:<\/b><span style=\"font-weight: 400;\"> The standout detail is the <\/span><b>delicate, integrated white collar\/ruffle accent<\/b><span style=\"font-weight: 400;\"> at the bottom front. This feature includes a sweet, wide white lace trim over a sheer white backing, creating a beautiful, elegant, and almost vintage doll-like appearance.<\/span><\/li><li style=\"font-weight: 400;\" aria-level=\"1\"><b>Manches :<\/b><span style=\"font-weight: 400;\"> Manches longues \u00e0 poignets et ourlets l\u00e9g\u00e8rement fronc\u00e9s, pr\u00e9servant une silhouette douce et confortable. Les manches reprennent le joli motif textur\u00e9 du tricot que le corps de la robe.<\/span><\/li><li style=\"font-weight: 400;\" aria-level=\"1\"><b>\u00c9tiquette de marque\u00a0:<\/b><span style=\"font-weight: 400;\"><span style=\"font-weight: 400;\"> Les photos montrent une \u00e9tiquette cousue portant le mot \u00ab PRECIOSO \u00bb (peut-\u00eatre \u00ab Precious \u00bb ou similaire), sugg\u00e9rant un v\u00eatement de qualit\u00e9.<\/span><\/span><h3>\u00a0<\/h3><\/li><li style=\"font-weight: 400;\" aria-level=\"1\"><h3><b>\ud83c\udf38 Pourquoi ce cardigan est sp\u00e9cial<\/b><\/h3><p><span style=\"font-weight: 400;\">\u2728 Tricot rose pastel doux \u2014 doux, chaud et intemporel<\/span><span style=\"font-weight: 400;\"><br \/><\/span><span style=\"font-weight: 400;\"> \u2728 Une magnifique bordure en dentelle blanche pour un look vintage et ang\u00e9lique<\/span><span style=\"font-weight: 400;\"><br \/><\/span><span style=\"font-weight: 400;\"> \u2728 Le motif tricot\u00e9 textur\u00e9 ajoute du charme et un aspect artisanal<\/span><span style=\"font-weight: 400;\"><br \/><\/span><span style=\"font-weight: 400;\"> \u2728 Le motif tricot\u00e9 ajoute du charme et un aspect artisanal<\/span><span style=\"font-weight: 400;\"><br \/><\/span><span style=\"font-weight: 400;\"> \u2728 Boutons blancs sur le devant pour un changement facile<\/span><span style=\"font-weight: 400;\"><br \/><\/span><span style=\"font-weight: 400;\"> \u2728 Id\u00e9al pour les s\u00e9ances photo, les occasions sp\u00e9ciales, les f\u00eates ou simplement pour une touche de douceur au quotidien.<\/span><span style=\"font-weight: 400;\"><br \/><\/span><span style=\"font-weight: 400;\"> \u2728 Excellent \u00e9tat d'occasion<\/span><\/p><\/li><\/ul><p>\u00a0<\/p><p><b>Offrez-vous cette magnifique pi\u00e8ce d'inspiration vintage ! C'est une adorable trouvaille \u00e0 ne pas manquer pour votre pr\u00e9cieux petit bout de chou.<\/b><\/p>\t\t\t\t\t\t\t\t<\/div>\n\t\t\t\t\t<\/div>\n\t\t<\/div>\n\t\t\t\t\t<\/div>\n\t\t<\/section>\n\t\t\t\t<\/div>","protected":false},"excerpt":{"rendered":"<h2><b>\ud83c\udf80 Adorable gilet rose pour b\u00e9b\u00e9 avec bordure en dentelle vintage<\/b><\/h2>\n<p><span style=\"font-weight: 400;\">Ce <\/span><b>ravissant cardigan rose p\u00e2le en maille,<\/b><span style=\"font-weight: 400;\"> d'occasion, est un indispensable pour habiller votre tout-petit avec douceur et confort\u00a0! Confectionn\u00e9 dans une maille douce et textur\u00e9e et orn\u00e9 d'un <\/span><b>charmant volant en dentelle blanche \u00e0 l'ourlet,<\/b><span style=\"font-weight: 400;\"> il offre un style intemporel d'inspiration vintage.<\/span><\/p>\n<p><span style=\"font-weight: 400;\">Elle se ferme par de simples boutons blancs et est en <\/span><b>excellent \u00e9tat, l\u00e9g\u00e8rement utilis\u00e9<\/b><span style=\"font-weight: 400;\"> (taille nouveau-n\u00e9\/0-3 mois environ). Parfaite pour les s\u00e9ances photo, les occasions sp\u00e9ciales ou pour apporter de la chaleur au quotidien. Apportez une touche d'\u00e9l\u00e9gance nostalgique \u00e0 leur garde-robe<\/span><\/p>\n<p>&nbsp;<\/p>","protected":false},"featured_media":6108,"template":"","meta":[],"product_brand":[242],"product_cat":[94,140,225],"product_tag":[342,377,337,380,378,375,376,379,374],"class_list":{"0":"post-6203","1":"product","2":"type-product","3":"status-publish","4":"has-post-thumbnail","6":"product_brand-precious","7":"product_cat-bebe-fille-0-mois-36-mois","8":"product_cat-manteaux-doudounes-cires-bebe-fille-0-mois-36-mois","9":"product_cat-t-shirts-tops-bebe-fille-0-mois-36-mois","10":"product_tag-baby-girl-clothes","11":"product_tag-baby-knit-wear","12":"product_tag-baby-sweater","13":"product_tag-cozy-knit","14":"product_tag-cute-baby-style","15":"product_tag-heirloom-baby","16":"product_tag-preloved-baby","17":"product_tag-sustainable-fashion","18":"product_tag-vintage-baby","19":"pa_color-pink","20":"pa_color-soft","21":"pa_size-0-3-months","24":"instock","25":"featured","26":"sold-individually","27":"shipping-taxable","28":"purchasable","29":"product-type-simple"},"yoast_head":"<!-- This site is optimized with the Yoast SEO plugin v26.4 - https:\/\/yoast.com\/wordpress\/plugins\/seo\/ -->\n<title>Gilet B\u00e9b\u00e9 Rose Vintage avec Dentelle | Kidlab Frip en Tunisie<\/title>\n<meta name=\"description\" content=\"Adorable gilet b\u00e9b\u00e9 rose au style vintage avec d\u00e9licate dentelle. Doux, \u00e9l\u00e9gant et en excellent \u00e9tat seconde main. Disponible en Tunisie chez Kidlab Frip.\" \/>\n<meta name=\"robots\" content=\"index, follow, max-snippet:-1, max-image-preview:large, max-video-preview:-1\" \/>\n<link rel=\"canonical\" href=\"https:\/\/kidlab.com.tn\/fr\/produit\/gilet-bebe-rose-vintage-dentelle-tunisie\/\" \/>\n<meta property=\"og:locale\" content=\"fr_FR\" \/>\n<meta property=\"og:type\" content=\"article\" \/>\n<meta property=\"og:title\" content=\"Gilet B\u00e9b\u00e9 Rose Vintage avec Dentelle | Kidlab Frip en Tunisie\" \/>\n<meta property=\"og:description\" content=\"Adorable gilet b\u00e9b\u00e9 rose au style vintage avec d\u00e9licate dentelle. Doux, \u00e9l\u00e9gant et en excellent \u00e9tat seconde main. Disponible en Tunisie chez Kidlab Frip.\" \/>\n<meta property=\"og:url\" content=\"https:\/\/kidlab.com.tn\/fr\/produit\/gilet-bebe-rose-vintage-dentelle-tunisie\/\" \/>\n<meta property=\"og:site_name\" content=\"KidLab\" \/>\n<meta property=\"article:publisher\" content=\"https:\/\/www.facebook.com\/profile.php?id=61582962640084\" \/>\n<meta property=\"article:modified_time\" content=\"2025-12-30T20:05:33+00:00\" \/>\n<meta property=\"og:image\" content=\"https:\/\/kidlab.com.tn\/wp-content\/uploads\/2025\/11\/Sweet-Vintage-Inspired-Pink-Baby-Cardigan-with-Lace-Detail-18-1.png\" \/>\n\t<meta property=\"og:image:width\" content=\"1786\" \/>\n\t<meta property=\"og:image:height\" content=\"1786\" \/>\n\t<meta property=\"og:image:type\" content=\"image\/png\" \/>\n<meta name=\"twitter:card\" content=\"summary_large_image\" \/>\n<meta name=\"twitter:label1\" content=\"Dur\u00e9e de lecture estim\u00e9e\" \/>\n\t<meta name=\"twitter:data1\" content=\"2 minutes\" \/>\n<script type=\"application\/ld+json\" class=\"yoast-schema-graph\">{\"@context\":\"https:\/\/schema.org\",\"@graph\":[{\"@type\":\"WebPage\",\"@id\":\"https:\/\/kidlab.com.tn\/product\/gilet-bebe-rose-vintage-dentelle-tunisie\/\",\"url\":\"https:\/\/kidlab.com.tn\/product\/gilet-bebe-rose-vintage-dentelle-tunisie\/\",\"name\":\"Gilet B\u00e9b\u00e9 Rose Vintage avec Dentelle | Kidlab Frip en Tunisie\",\"isPartOf\":{\"@id\":\"https:\/\/kidlab.com.tn\/#website\"},\"primaryImageOfPage\":{\"@id\":\"https:\/\/kidlab.com.tn\/product\/gilet-bebe-rose-vintage-dentelle-tunisie\/#primaryimage\"},\"image\":{\"@id\":\"https:\/\/kidlab.com.tn\/product\/gilet-bebe-rose-vintage-dentelle-tunisie\/#primaryimage\"},\"thumbnailUrl\":\"https:\/\/kidlab.com.tn\/wp-content\/uploads\/2025\/11\/Sweet-Vintage-Inspired-Pink-Baby-Cardigan-with-Lace-Detail-18-1.png\",\"datePublished\":\"2025-11-28T21:51:59+00:00\",\"dateModified\":\"2025-12-30T20:05:33+00:00\",\"description\":\"Adorable gilet b\u00e9b\u00e9 rose au style vintage avec d\u00e9licate dentelle. Doux, \u00e9l\u00e9gant et en excellent \u00e9tat seconde main. Disponible en Tunisie chez Kidlab Frip.\",\"breadcrumb\":{\"@id\":\"https:\/\/kidlab.com.tn\/product\/gilet-bebe-rose-vintage-dentelle-tunisie\/#breadcrumb\"},\"inLanguage\":\"fr-FR\",\"potentialAction\":[{\"@type\":\"ReadAction\",\"target\":[\"https:\/\/kidlab.com.tn\/product\/gilet-bebe-rose-vintage-dentelle-tunisie\/\"]}]},{\"@type\":\"ImageObject\",\"inLanguage\":\"fr-FR\",\"@id\":\"https:\/\/kidlab.com.tn\/product\/gilet-bebe-rose-vintage-dentelle-tunisie\/#primaryimage\",\"url\":\"https:\/\/kidlab.com.tn\/wp-content\/uploads\/2025\/11\/Sweet-Vintage-Inspired-Pink-Baby-Cardigan-with-Lace-Detail-18-1.png\",\"contentUrl\":\"https:\/\/kidlab.com.tn\/wp-content\/uploads\/2025\/11\/Sweet-Vintage-Inspired-Pink-Baby-Cardigan-with-Lace-Detail-18-1.png\",\"width\":1786,\"height\":1786,\"caption\":\"gilet b\u00e9b\u00e9 rose vintage dentelle tunisie\"},{\"@type\":\"BreadcrumbList\",\"@id\":\"https:\/\/kidlab.com.tn\/product\/gilet-bebe-rose-vintage-dentelle-tunisie\/#breadcrumb\",\"itemListElement\":[{\"@type\":\"ListItem\",\"position\":1,\"name\":\"Home\",\"item\":\"https:\/\/kidlab.com.tn\/fr\/\"},{\"@type\":\"ListItem\",\"position\":2,\"name\":\"Shop\",\"item\":\"https:\/\/kidlab.com.tn\/shop\/\"},{\"@type\":\"ListItem\",\"position\":3,\"name\":\"Gilet B\u00e9b\u00e9 Rose Vintage\"}]},{\"@type\":\"WebSite\",\"@id\":\"https:\/\/kidlab.com.tn\/#website\",\"url\":\"https:\/\/kidlab.com.tn\/\",\"name\":\"KidLab\",\"description\":\"Cute looks, tiny prices, big smiles.\",\"publisher\":{\"@id\":\"https:\/\/kidlab.com.tn\/#organization\"},\"potentialAction\":[{\"@type\":\"SearchAction\",\"target\":{\"@type\":\"EntryPoint\",\"urlTemplate\":\"https:\/\/kidlab.com.tn\/?s={search_term_string}\"},\"query-input\":{\"@type\":\"PropertyValueSpecification\",\"valueRequired\":true,\"valueName\":\"search_term_string\"}}],\"inLanguage\":\"fr-FR\"},{\"@type\":\"Organization\",\"@id\":\"https:\/\/kidlab.com.tn\/#organization\",\"name\":\"KidLab\",\"url\":\"https:\/\/kidlab.com.tn\/\",\"logo\":{\"@type\":\"ImageObject\",\"inLanguage\":\"fr-FR\",\"@id\":\"https:\/\/kidlab.com.tn\/#\/schema\/logo\/image\/\",\"url\":\"https:\/\/kidlab.com.tn\/wp-content\/uploads\/2025\/12\/kidlab-fripe.jpg\",\"contentUrl\":\"https:\/\/kidlab.com.tn\/wp-content\/uploads\/2025\/12\/kidlab-fripe.jpg\",\"width\":400,\"height\":400,\"caption\":\"KidLab\"},\"image\":{\"@id\":\"https:\/\/kidlab.com.tn\/#\/schema\/logo\/image\/\"},\"sameAs\":[\"https:\/\/www.facebook.com\/profile.php?id=61582962640084\",\"https:\/\/www.instagram.com\/kidlab_fripe\"]}]}<\/script>\n<!-- \/ Yoast SEO plugin. -->","yoast_head_json":{"title":"Gilet B\u00e9b\u00e9 Rose Vintage avec Dentelle | Kidlab Frip en Tunisie","description":"Adorable gilet b\u00e9b\u00e9 rose au style vintage avec d\u00e9licate dentelle. Doux, \u00e9l\u00e9gant et en excellent \u00e9tat seconde main. Disponible en Tunisie chez Kidlab Frip.","robots":{"index":"index","follow":"follow","max-snippet":"max-snippet:-1","max-image-preview":"max-image-preview:large","max-video-preview":"max-video-preview:-1"},"canonical":"https:\/\/kidlab.com.tn\/fr\/produit\/gilet-bebe-rose-vintage-dentelle-tunisie\/","og_locale":"fr_FR","og_type":"article","og_title":"Gilet B\u00e9b\u00e9 Rose Vintage avec Dentelle | Kidlab Frip en Tunisie","og_description":"Adorable gilet b\u00e9b\u00e9 rose au style vintage avec d\u00e9licate dentelle. Doux, \u00e9l\u00e9gant et en excellent \u00e9tat seconde main. Disponible en Tunisie chez Kidlab Frip.","og_url":"https:\/\/kidlab.com.tn\/fr\/produit\/gilet-bebe-rose-vintage-dentelle-tunisie\/","og_site_name":"KidLab","article_publisher":"https:\/\/www.facebook.com\/profile.php?id=61582962640084","article_modified_time":"2025-12-30T20:05:33+00:00","og_image":[{"width":1786,"height":1786,"url":"https:\/\/kidlab.com.tn\/wp-content\/uploads\/2025\/11\/Sweet-Vintage-Inspired-Pink-Baby-Cardigan-with-Lace-Detail-18-1.png","type":"image\/png"}],"twitter_card":"summary_large_image","twitter_misc":{"Dur\u00e9e de lecture estim\u00e9e":"2 minutes"},"schema":{"@context":"https:\/\/schema.org","@graph":[{"@type":"WebPage","@id":"https:\/\/kidlab.com.tn\/product\/gilet-bebe-rose-vintage-dentelle-tunisie\/","url":"https:\/\/kidlab.com.tn\/product\/gilet-bebe-rose-vintage-dentelle-tunisie\/","name":"Gilet B\u00e9b\u00e9 Rose Vintage avec Dentelle | Kidlab Frip en Tunisie","isPartOf":{"@id":"https:\/\/kidlab.com.tn\/#website"},"primaryImageOfPage":{"@id":"https:\/\/kidlab.com.tn\/product\/gilet-bebe-rose-vintage-dentelle-tunisie\/#primaryimage"},"image":{"@id":"https:\/\/kidlab.com.tn\/product\/gilet-bebe-rose-vintage-dentelle-tunisie\/#primaryimage"},"thumbnailUrl":"https:\/\/kidlab.com.tn\/wp-content\/uploads\/2025\/11\/Sweet-Vintage-Inspired-Pink-Baby-Cardigan-with-Lace-Detail-18-1.png","datePublished":"2025-11-28T21:51:59+00:00","dateModified":"2025-12-30T20:05:33+00:00","description":"Adorable gilet b\u00e9b\u00e9 rose au style vintage avec d\u00e9licate dentelle. Doux, \u00e9l\u00e9gant et en excellent \u00e9tat seconde main. Disponible en Tunisie chez Kidlab Frip.","breadcrumb":{"@id":"https:\/\/kidlab.com.tn\/product\/gilet-bebe-rose-vintage-dentelle-tunisie\/#breadcrumb"},"inLanguage":"fr-FR","potentialAction":[{"@type":"ReadAction","target":["https:\/\/kidlab.com.tn\/product\/gilet-bebe-rose-vintage-dentelle-tunisie\/"]}]},{"@type":"ImageObject","inLanguage":"fr-FR","@id":"https:\/\/kidlab.com.tn\/product\/gilet-bebe-rose-vintage-dentelle-tunisie\/#primaryimage","url":"https:\/\/kidlab.com.tn\/wp-content\/uploads\/2025\/11\/Sweet-Vintage-Inspired-Pink-Baby-Cardigan-with-Lace-Detail-18-1.png","contentUrl":"https:\/\/kidlab.com.tn\/wp-content\/uploads\/2025\/11\/Sweet-Vintage-Inspired-Pink-Baby-Cardigan-with-Lace-Detail-18-1.png","width":1786,"height":1786,"caption":"gilet b\u00e9b\u00e9 rose vintage dentelle tunisie"},{"@type":"BreadcrumbList","@id":"https:\/\/kidlab.com.tn\/product\/gilet-bebe-rose-vintage-dentelle-tunisie\/#breadcrumb","itemListElement":[{"@type":"ListItem","position":1,"name":"Home","item":"https:\/\/kidlab.com.tn\/fr\/"},{"@type":"ListItem","position":2,"name":"Shop","item":"https:\/\/kidlab.com.tn\/shop\/"},{"@type":"ListItem","position":3,"name":"Gilet B\u00e9b\u00e9 Rose Vintage"}]},{"@type":"WebSite","@id":"https:\/\/kidlab.com.tn\/#website","url":"https:\/\/kidlab.com.tn\/","name":"KidLab","description":"Cute looks, tiny prices, big smiles.","publisher":{"@id":"https:\/\/kidlab.com.tn\/#organization"},"potentialAction":[{"@type":"SearchAction","target":{"@type":"EntryPoint","urlTemplate":"https:\/\/kidlab.com.tn\/?s={search_term_string}"},"query-input":{"@type":"PropertyValueSpecification","valueRequired":true,"valueName":"search_term_string"}}],"inLanguage":"fr-FR"},{"@type":"Organization","@id":"https:\/\/kidlab.com.tn\/#organization","name":"KidLab","url":"https:\/\/kidlab.com.tn\/","logo":{"@type":"ImageObject","inLanguage":"fr-FR","@id":"https:\/\/kidlab.com.tn\/#\/schema\/logo\/image\/","url":"https:\/\/kidlab.com.tn\/wp-content\/uploads\/2025\/12\/kidlab-fripe.jpg","contentUrl":"https:\/\/kidlab.com.tn\/wp-content\/uploads\/2025\/12\/kidlab-fripe.jpg","width":400,"height":400,"caption":"KidLab"},"image":{"@id":"https:\/\/kidlab.com.tn\/#\/schema\/logo\/image\/"},"sameAs":["https:\/\/www.facebook.com\/profile.php?id=61582962640084","https:\/\/www.instagram.com\/kidlab_fripe"]}]}},"_links":{"self":[{"href":"https:\/\/kidlab.com.tn\/fr\/wp-json\/wp\/v2\/product\/6203","targetHints":{"allow":["GET"]}}],"collection":[{"href":"https:\/\/kidlab.com.tn\/fr\/wp-json\/wp\/v2\/product"}],"about":[{"href":"https:\/\/kidlab.com.tn\/fr\/wp-json\/wp\/v2\/types\/product"}],"version-history":[{"count":0,"href":"https:\/\/kidlab.com.tn\/fr\/wp-json\/wp\/v2\/product\/6203\/revisions"}],"wp:featuredmedia":[{"embeddable":true,"href":"https:\/\/kidlab.com.tn\/fr\/wp-json\/wp\/v2\/media\/6108"}],"wp:attachment":[{"href":"https:\/\/kidlab.com.tn\/fr\/wp-json\/wp\/v2\/media?parent=6203"}],"wp:term":[{"taxonomy":"product_brand","embeddable":true,"href":"https:\/\/kidlab.com.tn\/fr\/wp-json\/wp\/v2\/product_brand?post=6203"},{"taxonomy":"product_cat","embeddable":true,"href":"https:\/\/kidlab.com.tn\/fr\/wp-json\/wp\/v2\/product_cat?post=6203"},{"taxonomy":"product_tag","embeddable":true,"href":"https:\/\/kidlab.com.tn\/fr\/wp-json\/wp\/v2\/product_tag?post=6203"}],"curies":[{"name":"wp","href":"https:\/\/api.w.org\/{rel}","templated":true}]}}