{"id":6223,"date":"2025-11-28T22:41:42","date_gmt":"2025-11-28T22:41:42","guid":{"rendered":"https:\/\/kids.sportifs.tn\/?post_type=product&#038;p=6223"},"modified":"2025-12-30T20:05:32","modified_gmt":"2025-12-30T20:05:32","slug":"combinaison-bebe-hm-gris-fourree-2-4m-tunisie","status":"publish","type":"product","link":"https:\/\/kidlab.com.tn\/fr\/produit\/combinaison-bebe-hm-gris-fourree-2-4m-tunisie\/","title":{"rendered":"\ud83d\udc3b Confort et douceur ultimes : Combinaison de neige H&amp;M gris fonc\u00e9 doubl\u00e9e de fausse fourrure pour b\u00e9b\u00e9 (2-4 mois) \u2744\ufe0f"},"content":{"rendered":"<div data-elementor-type=\"wp-post\" data-elementor-id=\"6223\" class=\"elementor elementor-6223\">\n\t\t\t\t\t\t<section class=\"elementor-section elementor-top-section elementor-element elementor-element-33fd861 elementor-section-boxed elementor-section-height-default elementor-section-height-default\" data-id=\"33fd861\" data-element_type=\"section\">\n\t\t\t\t\t\t<div class=\"elementor-container elementor-column-gap-no\">\n\t\t\t\t\t<div class=\"elementor-column elementor-col-100 elementor-top-column elementor-element elementor-element-8f1ab81\" data-id=\"8f1ab81\" data-element_type=\"column\">\n\t\t\t<div class=\"elementor-widget-wrap elementor-element-populated\">\n\t\t\t\t\t\t<div class=\"elementor-element elementor-element-a652374 elementor-widget elementor-widget-text-editor\" data-id=\"a652374\" data-element_type=\"widget\" data-widget_type=\"text-editor.default\">\n\t\t\t\t\t\t\t\t\t<p><span style=\"font-weight: 400;\">Pr\u00e9parez-vous pour le froid et les adorables aventures en plein air avec cette combinaison de neige b\u00e9b\u00e9 d'occasion, un indispensable ! <\/span><b>H&amp;M<\/b><span style=\"font-weight: 400;\">Con\u00e7ue pour un maximum de chaleur et de mignonnerie, cette combinaison int\u00e9grale est dot\u00e9e d'un ext\u00e9rieur en tricot doux, d'une doublure en peluche fa\u00e7on ours en peluche et de jolies petites oreilles sur la capuche \u2013 parfaite pour garder votre tout-petit bien au chaud de la t\u00eate aux pieds !<\/span><\/p><ul><li style=\"font-weight: 400;\" aria-level=\"1\"><b>Couleur et ext\u00e9rieur :<\/b><span style=\"font-weight: 400;\"> Ext\u00e9rieur \u00e9l\u00e9gant et polyvalent, <\/span><b>disponible en gris anthracite fonc\u00e9<\/b><span style=\"font-weight: 400;\"> ou <\/span><b>gris chin\u00e9 fonc\u00e9.<\/b><span style=\"font-weight: 400;\"> Le tissu semble \u00eatre une maille ou une polaire douce et r\u00e9sistante, de type sweat-shirt.<\/span><\/li><li style=\"font-weight: 400;\" aria-level=\"1\"><b>Doublure int\u00e9rieure (Confort ultime !) :<\/b><span style=\"font-weight: 400;\"> L'int\u00e9rieur, capuche comprise, est enti\u00e8rement doubl\u00e9 d'une douce <\/span><b>fourrure synth\u00e9tique blanche ultra-douce<\/b><span style=\"font-weight: 400;\"> (100 % coton). Cette doublure fa\u00e7on nounours procure une chaleur et un confort exceptionnels, pour une sensation de tendresse incomparable.<\/span><\/li><li style=\"font-weight: 400;\" aria-level=\"1\"><b>D\u00e9tail du capot :<\/b><span style=\"font-weight: 400;\"> La capuche est orn\u00e9e de <\/span><b>deux jolies oreilles cousues,<\/b><span style=\"font-weight: 400;\">transformant votre b\u00e9b\u00e9 en un adorable petit ourson !<\/span><\/li><li style=\"font-weight: 400;\" aria-level=\"1\"><b>Habillage facile :<\/b><span style=\"font-weight: 400;\"> avec une fermeture \u00e9clair int\u00e9grale sur le <\/span><b>devant<\/b><span style=\"font-weight: 400;\"> qui va du cou jusqu'\u00e0 la jambe, permettant un habillage et un change de couche rapides et sans tracas - essentiel pour les v\u00eatements par temps froid !<\/span><\/li><li style=\"font-weight: 400;\" aria-level=\"1\"><b>D\u00e9tails des poignets :<\/b><span style=\"font-weight: 400;\"> Les poignets et les chevilles sont doubl\u00e9s de la m\u00eame fourrure synth\u00e9tique blanche et moelleuse, <\/span><b>qui peut \u00eatre repli\u00e9e<\/b><span style=\"font-weight: 400;\"> pour une finition charmante et confortable, ou <\/span><b>\u00e9ventuellement repli\u00e9e<\/b><span style=\"font-weight: 400;\"> sur elle-m\u00eame (style moufles\/chaussons) pour garder les petites mains et les petits pieds au chaud sans avoir besoin d'accessoires suppl\u00e9mentaires.<\/span><\/li><li style=\"font-weight: 400;\" aria-level=\"1\"><b>Composition du mat\u00e9riau (confirm\u00e9e \u00e0 partir de l'\u00e9tiquette)\u00a0:<\/b><ul><li style=\"font-weight: 400;\" aria-level=\"2\"><b>Coque (ext\u00e9rieure) :<\/b> <b>100% coton<\/b><span style=\"font-weight: 400;\"> (Confort et respirabilit\u00e9 \u00e9lev\u00e9s).<\/span><\/li><li style=\"font-weight: 400;\" aria-level=\"2\"><b>Doublure (int\u00e9rieure) :<\/b> <b>100% Polyester<\/b><span style=\"font-weight: 400;\"> (Chaleur moelleuse et s\u00e9chage rapide).<\/span><\/li><\/ul><\/li><\/ul><p>\u00a0<\/p><p><span style=\"font-weight: 400;\">Voici la tenue id\u00e9ale \u00e0 enfiler rapidement pour les journ\u00e9es froides ! Que ce soit pour la poussette, le si\u00e8ge auto ou les petites sorties, cette combinaison offre l'isolation n\u00e9cessaire tout en ayant un look ind\u00e9niablement tendance.<\/span><span style=\"font-weight: 400;\"> charming.<\/span><\/p><h2><b>\ud83d\udcac Pourquoi les parents l'adorent<\/b><\/h2><p><span style=\"font-weight: 400;\">\u2714 Extra \u00e9pais et chaud<\/span><span style=\"font-weight: 400;\"><br \/><\/span><span style=\"font-weight: 400;\"> \u2714 Super facile \u00e0 mettre<\/span><span style=\"font-weight: 400;\"><br \/><\/span><span style=\"font-weight: 400;\"> \u2714 Coton biologique = doux pour la peau de b\u00e9b\u00e9<\/span><span style=\"font-weight: 400;\"><br \/><\/span><span style=\"font-weight: 400;\"> \u2714 Oreilles d'ours = facteur adorable \u00d7100<\/span><span style=\"font-weight: 400;\"><br \/><\/span><span style=\"font-weight: 400;\"> \u2714 Couleur neutre parfaite pour les gar\u00e7ons et les filles<\/span><span style=\"font-weight: 400;\"><br \/><\/span><span style=\"font-weight: 400;\"> \u2714 Fermeture \u00e9clair robuste pour une utilisation quotidienne<\/span><\/p>\t\t\t\t\t\t\t\t<\/div>\n\t\t\t\t\t<\/div>\n\t\t<\/div>\n\t\t\t\t\t<\/div>\n\t\t<\/section>\n\t\t\t\t<\/div>","protected":false},"excerpt":{"rendered":"<p><b>Douce, chaude et incroyablement mignonne \u2014 la premi\u00e8re combinaison de ski parfaite pour votre petit tr\u00e9sor.<\/b><\/p>\n<p><span style=\"font-weight: 400;\">Gardez votre petit explorateur bien au chaud et heureux pendant les journ\u00e9es fra\u00eeches gr\u00e2ce \u00e0 cette adorable combinaison de neige H&amp;M d'occasion. Con\u00e7ue avec des d\u00e9tails soign\u00e9s, des mati\u00e8res de qualit\u00e9 et un charme irr\u00e9sistible, cette combinaison une pi\u00e8ce offre un confort absolu de la t\u00eate aux pieds. Avec sa doublure en peluche toute douce, sa capuche douillette et sa coupe pratique, c'est l'indispensable de l'hiver que tous les parents r\u00eavent d'avoir dans la garde-robe de leur b\u00e9b\u00e9.<\/span><\/p>\n<p><b>Ne ratez pas cette adorable combinaison de ski H&amp;M ! Elle allie parfaitement chaleur, qualit\u00e9 et un charme irr\u00e9sistible pour les plus petits aventuriers.<\/b><\/p>","protected":false},"featured_media":6137,"template":"","meta":[],"product_brand":[274],"product_cat":[132,94,140,146,128,136,138,143],"product_tag":[397,398,363,399,283,280,333,265,282,281],"class_list":{"0":"post-6223","1":"product","2":"type-product","3":"status-publish","4":"has-post-thumbnail","6":"product_brand-hm","7":"product_cat-bebe-garcon-0-mois-36-mois","8":"product_cat-bebe-fille-0-mois-36-mois","9":"product_cat-manteaux-doudounes-cires-bebe-fille-0-mois-36-mois","10":"product_cat-manteaux-doudounes-cires","11":"product_cat-pyjamas-bodies","12":"product_cat-garcon-pyjama-bodies","13":"product_cat-ensembles-combinaisons-bebe-fille-0-mois-36-mois","14":"product_cat-ensembles-combinaisons","15":"product_tag-baby-clothes-sale","16":"product_tag-baby-winter-wear","17":"product_tag-cotton-baby-clothes","18":"product_tag-eco-baby-fashion","19":"product_tag-eco-friendly-second-hand","20":"product_tag-hmkids","21":"product_tag-second-hand-baby-clothes","22":"product_tag-secondhandbabyclothes","23":"product_tag-unisex-baby","24":"product_tag-winter-collection","25":"pa_color-dark-charcoal-gray","26":"pa_color-gray","27":"pa_size-2-4-months","30":"instock","31":"featured","32":"sold-individually","33":"shipping-taxable","34":"purchasable","35":"product-type-simple"},"yoast_head":"<!-- This site is optimized with the Yoast SEO plugin v26.4 - https:\/\/yoast.com\/wordpress\/plugins\/seo\/ -->\n<title>Combinaison B\u00e9b\u00e9 H&amp;M Grise Fourr\u00e9e | Kidlab Frip Tunisie<\/title>\n<meta name=\"description\" content=\"Offrez chaleur et douceur \u00e0 votre b\u00e9b\u00e9 avec cette combinaison H&amp;M gris fonc\u00e9, doubl\u00e9e en fausse fourrure ultra-moelleuse. Disponible chez KidLab Frip .\" \/>\n<meta name=\"robots\" content=\"index, follow, max-snippet:-1, max-image-preview:large, max-video-preview:-1\" \/>\n<link rel=\"canonical\" href=\"https:\/\/kidlab.com.tn\/fr\/produit\/combinaison-bebe-hm-gris-fourree-2-4m-tunisie\/\" \/>\n<meta property=\"og:locale\" content=\"fr_FR\" \/>\n<meta property=\"og:type\" content=\"article\" \/>\n<meta property=\"og:title\" content=\"Combinaison B\u00e9b\u00e9 H&amp;M Grise Fourr\u00e9e | Kidlab Frip Tunisie\" \/>\n<meta property=\"og:description\" content=\"Offrez chaleur et douceur \u00e0 votre b\u00e9b\u00e9 avec cette combinaison H&amp;M gris fonc\u00e9, doubl\u00e9e en fausse fourrure ultra-moelleuse. Disponible chez KidLab Frip .\" \/>\n<meta property=\"og:url\" content=\"https:\/\/kidlab.com.tn\/fr\/produit\/combinaison-bebe-hm-gris-fourree-2-4m-tunisie\/\" \/>\n<meta property=\"og:site_name\" content=\"KidLab\" \/>\n<meta property=\"article:publisher\" content=\"https:\/\/www.facebook.com\/profile.php?id=61582962640084\" \/>\n<meta property=\"article:modified_time\" content=\"2025-12-30T20:05:32+00:00\" \/>\n<meta property=\"og:image\" content=\"https:\/\/kidlab.com.tn\/wp-content\/uploads\/2025\/11\/Ultra-Soft-Cozy-Bear-Suit-n-2.png\" \/>\n\t<meta property=\"og:image:width\" content=\"630\" \/>\n\t<meta property=\"og:image:height\" content=\"630\" \/>\n\t<meta property=\"og:image:type\" content=\"image\/png\" \/>\n<meta name=\"twitter:card\" content=\"summary_large_image\" \/>\n<meta name=\"twitter:label1\" content=\"Dur\u00e9e de lecture estim\u00e9e\" \/>\n\t<meta name=\"twitter:data1\" content=\"3 minutes\" \/>\n<script type=\"application\/ld+json\" class=\"yoast-schema-graph\">{\"@context\":\"https:\/\/schema.org\",\"@graph\":[{\"@type\":\"WebPage\",\"@id\":\"https:\/\/kidlab.com.tn\/product\/combinaison-bebe-hm-gris-fourree-2-4m-tunisie\/\",\"url\":\"https:\/\/kidlab.com.tn\/product\/combinaison-bebe-hm-gris-fourree-2-4m-tunisie\/\",\"name\":\"Combinaison B\u00e9b\u00e9 H&M Grise Fourr\u00e9e | Kidlab Frip Tunisie\",\"isPartOf\":{\"@id\":\"https:\/\/kidlab.com.tn\/#website\"},\"primaryImageOfPage\":{\"@id\":\"https:\/\/kidlab.com.tn\/product\/combinaison-bebe-hm-gris-fourree-2-4m-tunisie\/#primaryimage\"},\"image\":{\"@id\":\"https:\/\/kidlab.com.tn\/product\/combinaison-bebe-hm-gris-fourree-2-4m-tunisie\/#primaryimage\"},\"thumbnailUrl\":\"https:\/\/kidlab.com.tn\/wp-content\/uploads\/2025\/11\/Ultra-Soft-Cozy-Bear-Suit-n-2.png\",\"datePublished\":\"2025-11-28T22:41:42+00:00\",\"dateModified\":\"2025-12-30T20:05:32+00:00\",\"description\":\"Offrez chaleur et douceur \u00e0 votre b\u00e9b\u00e9 avec cette combinaison H&M gris fonc\u00e9, doubl\u00e9e en fausse fourrure ultra-moelleuse. Disponible chez KidLab Frip .\",\"breadcrumb\":{\"@id\":\"https:\/\/kidlab.com.tn\/product\/combinaison-bebe-hm-gris-fourree-2-4m-tunisie\/#breadcrumb\"},\"inLanguage\":\"fr-FR\",\"potentialAction\":[{\"@type\":\"ReadAction\",\"target\":[\"https:\/\/kidlab.com.tn\/product\/combinaison-bebe-hm-gris-fourree-2-4m-tunisie\/\"]}]},{\"@type\":\"ImageObject\",\"inLanguage\":\"fr-FR\",\"@id\":\"https:\/\/kidlab.com.tn\/product\/combinaison-bebe-hm-gris-fourree-2-4m-tunisie\/#primaryimage\",\"url\":\"https:\/\/kidlab.com.tn\/wp-content\/uploads\/2025\/11\/Ultra-Soft-Cozy-Bear-Suit-n-2.png\",\"contentUrl\":\"https:\/\/kidlab.com.tn\/wp-content\/uploads\/2025\/11\/Ultra-Soft-Cozy-Bear-Suit-n-2.png\",\"width\":630,\"height\":630,\"caption\":\"combinaison b\u00e9b\u00e9 H&M fourrure synth\u00e9tique tunisie\"},{\"@type\":\"BreadcrumbList\",\"@id\":\"https:\/\/kidlab.com.tn\/product\/combinaison-bebe-hm-gris-fourree-2-4m-tunisie\/#breadcrumb\",\"itemListElement\":[{\"@type\":\"ListItem\",\"position\":1,\"name\":\"Home\",\"item\":\"https:\/\/kidlab.com.tn\/fr\/\"},{\"@type\":\"ListItem\",\"position\":2,\"name\":\"Shop\",\"item\":\"https:\/\/kidlab.com.tn\/shop\/\"},{\"@type\":\"ListItem\",\"position\":3,\"name\":\"Combinaison B\u00e9b\u00e9 H&M \u2013 Grise (2\u20134M)\"}]},{\"@type\":\"WebSite\",\"@id\":\"https:\/\/kidlab.com.tn\/#website\",\"url\":\"https:\/\/kidlab.com.tn\/\",\"name\":\"KidLab\",\"description\":\"Cute looks, tiny prices, big smiles.\",\"publisher\":{\"@id\":\"https:\/\/kidlab.com.tn\/#organization\"},\"potentialAction\":[{\"@type\":\"SearchAction\",\"target\":{\"@type\":\"EntryPoint\",\"urlTemplate\":\"https:\/\/kidlab.com.tn\/?s={search_term_string}\"},\"query-input\":{\"@type\":\"PropertyValueSpecification\",\"valueRequired\":true,\"valueName\":\"search_term_string\"}}],\"inLanguage\":\"fr-FR\"},{\"@type\":\"Organization\",\"@id\":\"https:\/\/kidlab.com.tn\/#organization\",\"name\":\"KidLab\",\"url\":\"https:\/\/kidlab.com.tn\/\",\"logo\":{\"@type\":\"ImageObject\",\"inLanguage\":\"fr-FR\",\"@id\":\"https:\/\/kidlab.com.tn\/#\/schema\/logo\/image\/\",\"url\":\"https:\/\/kidlab.com.tn\/wp-content\/uploads\/2025\/12\/kidlab-fripe.jpg\",\"contentUrl\":\"https:\/\/kidlab.com.tn\/wp-content\/uploads\/2025\/12\/kidlab-fripe.jpg\",\"width\":400,\"height\":400,\"caption\":\"KidLab\"},\"image\":{\"@id\":\"https:\/\/kidlab.com.tn\/#\/schema\/logo\/image\/\"},\"sameAs\":[\"https:\/\/www.facebook.com\/profile.php?id=61582962640084\",\"https:\/\/www.instagram.com\/kidlab_fripe\"]}]}<\/script>\n<!-- \/ Yoast SEO plugin. -->","yoast_head_json":{"title":"Combinaison B\u00e9b\u00e9 H&M Grise Fourr\u00e9e | Kidlab Frip Tunisie","description":"Offrez chaleur et douceur \u00e0 votre b\u00e9b\u00e9 avec cette combinaison H&M gris fonc\u00e9, doubl\u00e9e en fausse fourrure ultra-moelleuse. Disponible chez KidLab Frip .","robots":{"index":"index","follow":"follow","max-snippet":"max-snippet:-1","max-image-preview":"max-image-preview:large","max-video-preview":"max-video-preview:-1"},"canonical":"https:\/\/kidlab.com.tn\/fr\/produit\/combinaison-bebe-hm-gris-fourree-2-4m-tunisie\/","og_locale":"fr_FR","og_type":"article","og_title":"Combinaison B\u00e9b\u00e9 H&M Grise Fourr\u00e9e | Kidlab Frip Tunisie","og_description":"Offrez chaleur et douceur \u00e0 votre b\u00e9b\u00e9 avec cette combinaison H&M gris fonc\u00e9, doubl\u00e9e en fausse fourrure ultra-moelleuse. Disponible chez KidLab Frip .","og_url":"https:\/\/kidlab.com.tn\/fr\/produit\/combinaison-bebe-hm-gris-fourree-2-4m-tunisie\/","og_site_name":"KidLab","article_publisher":"https:\/\/www.facebook.com\/profile.php?id=61582962640084","article_modified_time":"2025-12-30T20:05:32+00:00","og_image":[{"width":630,"height":630,"url":"https:\/\/kidlab.com.tn\/wp-content\/uploads\/2025\/11\/Ultra-Soft-Cozy-Bear-Suit-n-2.png","type":"image\/png"}],"twitter_card":"summary_large_image","twitter_misc":{"Dur\u00e9e de lecture estim\u00e9e":"3 minutes"},"schema":{"@context":"https:\/\/schema.org","@graph":[{"@type":"WebPage","@id":"https:\/\/kidlab.com.tn\/product\/combinaison-bebe-hm-gris-fourree-2-4m-tunisie\/","url":"https:\/\/kidlab.com.tn\/product\/combinaison-bebe-hm-gris-fourree-2-4m-tunisie\/","name":"Combinaison B\u00e9b\u00e9 H&M Grise Fourr\u00e9e | Kidlab Frip Tunisie","isPartOf":{"@id":"https:\/\/kidlab.com.tn\/#website"},"primaryImageOfPage":{"@id":"https:\/\/kidlab.com.tn\/product\/combinaison-bebe-hm-gris-fourree-2-4m-tunisie\/#primaryimage"},"image":{"@id":"https:\/\/kidlab.com.tn\/product\/combinaison-bebe-hm-gris-fourree-2-4m-tunisie\/#primaryimage"},"thumbnailUrl":"https:\/\/kidlab.com.tn\/wp-content\/uploads\/2025\/11\/Ultra-Soft-Cozy-Bear-Suit-n-2.png","datePublished":"2025-11-28T22:41:42+00:00","dateModified":"2025-12-30T20:05:32+00:00","description":"Offrez chaleur et douceur \u00e0 votre b\u00e9b\u00e9 avec cette combinaison H&M gris fonc\u00e9, doubl\u00e9e en fausse fourrure ultra-moelleuse. Disponible chez KidLab Frip .","breadcrumb":{"@id":"https:\/\/kidlab.com.tn\/product\/combinaison-bebe-hm-gris-fourree-2-4m-tunisie\/#breadcrumb"},"inLanguage":"fr-FR","potentialAction":[{"@type":"ReadAction","target":["https:\/\/kidlab.com.tn\/product\/combinaison-bebe-hm-gris-fourree-2-4m-tunisie\/"]}]},{"@type":"ImageObject","inLanguage":"fr-FR","@id":"https:\/\/kidlab.com.tn\/product\/combinaison-bebe-hm-gris-fourree-2-4m-tunisie\/#primaryimage","url":"https:\/\/kidlab.com.tn\/wp-content\/uploads\/2025\/11\/Ultra-Soft-Cozy-Bear-Suit-n-2.png","contentUrl":"https:\/\/kidlab.com.tn\/wp-content\/uploads\/2025\/11\/Ultra-Soft-Cozy-Bear-Suit-n-2.png","width":630,"height":630,"caption":"combinaison b\u00e9b\u00e9 H&M fourrure synth\u00e9tique tunisie"},{"@type":"BreadcrumbList","@id":"https:\/\/kidlab.com.tn\/product\/combinaison-bebe-hm-gris-fourree-2-4m-tunisie\/#breadcrumb","itemListElement":[{"@type":"ListItem","position":1,"name":"Home","item":"https:\/\/kidlab.com.tn\/fr\/"},{"@type":"ListItem","position":2,"name":"Shop","item":"https:\/\/kidlab.com.tn\/shop\/"},{"@type":"ListItem","position":3,"name":"Combinaison B\u00e9b\u00e9 H&M \u2013 Grise (2\u20134M)"}]},{"@type":"WebSite","@id":"https:\/\/kidlab.com.tn\/#website","url":"https:\/\/kidlab.com.tn\/","name":"KidLab","description":"Cute looks, tiny prices, big smiles.","publisher":{"@id":"https:\/\/kidlab.com.tn\/#organization"},"potentialAction":[{"@type":"SearchAction","target":{"@type":"EntryPoint","urlTemplate":"https:\/\/kidlab.com.tn\/?s={search_term_string}"},"query-input":{"@type":"PropertyValueSpecification","valueRequired":true,"valueName":"search_term_string"}}],"inLanguage":"fr-FR"},{"@type":"Organization","@id":"https:\/\/kidlab.com.tn\/#organization","name":"KidLab","url":"https:\/\/kidlab.com.tn\/","logo":{"@type":"ImageObject","inLanguage":"fr-FR","@id":"https:\/\/kidlab.com.tn\/#\/schema\/logo\/image\/","url":"https:\/\/kidlab.com.tn\/wp-content\/uploads\/2025\/12\/kidlab-fripe.jpg","contentUrl":"https:\/\/kidlab.com.tn\/wp-content\/uploads\/2025\/12\/kidlab-fripe.jpg","width":400,"height":400,"caption":"KidLab"},"image":{"@id":"https:\/\/kidlab.com.tn\/#\/schema\/logo\/image\/"},"sameAs":["https:\/\/www.facebook.com\/profile.php?id=61582962640084","https:\/\/www.instagram.com\/kidlab_fripe"]}]}},"_links":{"self":[{"href":"https:\/\/kidlab.com.tn\/fr\/wp-json\/wp\/v2\/product\/6223","targetHints":{"allow":["GET"]}}],"collection":[{"href":"https:\/\/kidlab.com.tn\/fr\/wp-json\/wp\/v2\/product"}],"about":[{"href":"https:\/\/kidlab.com.tn\/fr\/wp-json\/wp\/v2\/types\/product"}],"version-history":[{"count":0,"href":"https:\/\/kidlab.com.tn\/fr\/wp-json\/wp\/v2\/product\/6223\/revisions"}],"wp:featuredmedia":[{"embeddable":true,"href":"https:\/\/kidlab.com.tn\/fr\/wp-json\/wp\/v2\/media\/6137"}],"wp:attachment":[{"href":"https:\/\/kidlab.com.tn\/fr\/wp-json\/wp\/v2\/media?parent=6223"}],"wp:term":[{"taxonomy":"product_brand","embeddable":true,"href":"https:\/\/kidlab.com.tn\/fr\/wp-json\/wp\/v2\/product_brand?post=6223"},{"taxonomy":"product_cat","embeddable":true,"href":"https:\/\/kidlab.com.tn\/fr\/wp-json\/wp\/v2\/product_cat?post=6223"},{"taxonomy":"product_tag","embeddable":true,"href":"https:\/\/kidlab.com.tn\/fr\/wp-json\/wp\/v2\/product_tag?post=6223"}],"curies":[{"name":"wp","href":"https:\/\/api.w.org\/{rel}","templated":true}]}}