{"id":6228,"date":"2025-11-28T23:01:40","date_gmt":"2025-11-28T23:01:40","guid":{"rendered":"https:\/\/kids.sportifs.tn\/?post_type=product&#038;p=6228"},"modified":"2025-12-30T20:05:32","modified_gmt":"2025-12-30T20:05:32","slug":"pantalon-neige-bebe-matelasse-gris-doublure-etoiles-tunisie","status":"publish","type":"product","link":"https:\/\/kidlab.com.tn\/fr\/produit\/pantalon-neige-bebe-matelasse-gris-doublure-etoiles-tunisie\/","title":{"rendered":"\u2601\ufe0f Pantalon de neige matelass\u00e9 et douillet pour b\u00e9b\u00e9 \u2013 Gris avec doublure \u00e0 imprim\u00e9 \u00e9toiles \u2b50\ufe0f"},"content":{"rendered":"<div data-elementor-type=\"wp-post\" data-elementor-id=\"6228\" class=\"elementor elementor-6228\">\n\t\t\t\t\t\t<section class=\"elementor-section elementor-top-section elementor-element elementor-element-33fd861 elementor-section-boxed elementor-section-height-default elementor-section-height-default\" data-id=\"33fd861\" data-element_type=\"section\">\n\t\t\t\t\t\t<div class=\"elementor-container elementor-column-gap-no\">\n\t\t\t\t\t<div class=\"elementor-column elementor-col-100 elementor-top-column elementor-element elementor-element-8f1ab81\" data-id=\"8f1ab81\" data-element_type=\"column\">\n\t\t\t<div class=\"elementor-widget-wrap elementor-element-populated\">\n\t\t\t\t\t\t<div class=\"elementor-element elementor-element-a652374 elementor-widget elementor-widget-text-editor\" data-id=\"a652374\" data-element_type=\"widget\" data-widget_type=\"text-editor.default\">\n\t\t\t\t\t\t\t\t\t<h1><b>\u2744\ufe0f Snug Star : Pantalon d'hiver gris doubl\u00e9 \u00e9pais avec poignets \u00e9toil\u00e9s (6M)<\/b><\/h1><p>\u00a0<\/p><p><span style=\"font-weight: 400;\">Offrez \u00e0 votre tout-petit une protection optimale contre le froid et le froid cet hiver avec ce pantalon d'hiver gris ultra-doux et rembourr\u00e9. Con\u00e7u pour le confort, l'isolation et un look adorable, ce petit bijou de seconde main est id\u00e9al pour les sorties par temps frais, les promenades en poussette et pour rester bien au chaud aussi bien \u00e0 l'int\u00e9rieur qu'\u00e0 l'ext\u00e9rieur.<\/span><\/p><h2><b>\u2b50 Pr\u00e9sentation du produit<\/b><\/h2><p><span style=\"font-weight: 400;\">Ce pantalon d'hiver gris est con\u00e7u pour garder votre b\u00e9b\u00e9 bien au chaud sans entraver ses mouvements. Avec sa doublure douce en coton et son ext\u00e9rieur rembourr\u00e9 en polyester, il offre un confort et une protection optimaux. Les revers \u00e0 ourlet orn\u00e9s d'un adorable imprim\u00e9 \u00e9toiles apportent une jolie touche finale, rendant ce pantalon \u00e0 la fois pratique et \u00e9l\u00e9gant.<\/span><\/p><h2><b>\ud83c\udf1f Fonctionnalit\u00e9s cl\u00e9s<\/b><\/h2><ul><li style=\"font-weight: 400;\" aria-level=\"1\"><b>Ext\u00e9rieur gris neutre :<\/b><span style=\"font-weight: 400;\"> Une couleur polyvalente qui s'accorde avec tous les hauts et toutes les vestes.<\/span><span style=\"font-weight: 400;\"><br \/><\/span><\/li><li style=\"font-weight: 400;\" aria-level=\"1\"><b>Doublure en coton doux :<\/b><span style=\"font-weight: 400;\"> Doux pour la peau d\u00e9licate de b\u00e9b\u00e9 (100% coton).<\/span><span style=\"font-weight: 400;\"><br \/><\/span><\/li><li style=\"font-weight: 400;\" aria-level=\"1\"><b>D\u00e9tail adorable \u00e0 imprim\u00e9 \u00e9toiles\u00a0:<\/b><span style=\"font-weight: 400;\"> On le voit lorsque les poignets sont retrouss\u00e9s\u00a0: mignon, discret et \u00e9l\u00e9gant.<\/span><span style=\"font-weight: 400;\"><br \/><\/span><\/li><li style=\"font-weight: 400;\" aria-level=\"1\"><b>Chaleur matelass\u00e9e :<\/b><span style=\"font-weight: 400;\"> Le rembourrage en polyester offre une isolation confortable sans alourdir le v\u00eatement.<\/span><span style=\"font-weight: 400;\"><br \/><\/span><\/li><li style=\"font-weight: 400;\" aria-level=\"1\"><b>Ceinture \u00e9lastique :<\/b><span style=\"font-weight: 400;\"> Large, extensible et confortable pour changer les couches facilement.<\/span><span style=\"font-weight: 400;\"><br \/><\/span><\/li><li style=\"font-weight: 400;\" aria-level=\"1\"><b>Durable et lavable :<\/b><span style=\"font-weight: 400;\"> L'enveloppe en polyester r\u00e9siste parfaitement \u00e0 l'usure quotidienne.<\/span><span style=\"font-weight: 400;\"><br \/><\/span><\/li><li style=\"font-weight: 400;\" aria-level=\"1\"><b>Alternative l\u00e9g\u00e8re aux combinaisons de ski :<\/b><span style=\"font-weight: 400;\"> Id\u00e9al pour la superposition et la mobilit\u00e9.<\/span><span style=\"font-weight: 400;\"><br \/><br \/><\/span><\/li><\/ul>\t\t\t\t\t\t\t\t<\/div>\n\t\t\t\t\t<\/div>\n\t\t<\/div>\n\t\t\t\t\t<\/div>\n\t\t<\/section>\n\t\t\t\t<\/div>","protected":false},"excerpt":{"rendered":"<h4><b>Chaleur, confort et mignonnerie r\u00e9unis dans un indispensable hivernal parfait.<\/b><\/h4>\n<p><span style=\"font-weight: 400;\">Offrez \u00e0 votre b\u00e9b\u00e9 la libert\u00e9 d'explorer les journ\u00e9es hivernales tout en restant bien au chaud et confortable. Ce pantalon de neige matelass\u00e9 d'occasion est adorable et con\u00e7u pour garder votre tout-petit bien au chaud lors des promenades en poussette, des balades au parc ou des courses matinales par temps frais, sans l'encombrement d'une combinaison de ski compl\u00e8te.<\/span><\/p>\n<h4><b>\ud83d\udcac Pourquoi vous allez l'adorer<\/b><\/h4>\n<p><span style=\"font-weight: 400;\">Ce pantalon offre tout ce que les parents recherchent\u00a0: chaleur, douceur, libert\u00e9 de mouvement et style, sans \u00eatre encombrant. D'occasion, \u00e9coresponsable et irr\u00e9sistiblement mignon. Id\u00e9al pour garder b\u00e9b\u00e9 bien au chaud de l'automne \u00e0 l'hiver.<\/span><\/p>","protected":false},"featured_media":6134,"template":"","meta":[],"product_brand":[286],"product_cat":[132,94,139,128,136,144],"product_tag":[287,279,277,283,278,288,265,267,282,281],"class_list":{"0":"post-6228","1":"product","2":"type-product","3":"status-publish","4":"has-post-thumbnail","6":"product_brand-made-in-cambodge","7":"product_cat-bebe-garcon-0-mois-36-mois","8":"product_cat-bebe-fille-0-mois-36-mois","9":"product_cat-pantalons-leggings-shorts-bebe-fille-0-mois-36-mois","10":"product_cat-pyjamas-bodies","11":"product_cat-garcon-pyjama-bodies","12":"product_cat-pantalons-jogging-shorts","13":"product_tag-baby-outdoor-trousers","14":"product_tag-babyclothessale","15":"product_tag-babywinterwear","16":"product_tag-eco-friendly-second-hand","17":"product_tag-ecobabyfashion","18":"product_tag-graypants","19":"product_tag-secondhandbabyclothes","20":"product_tag-sustainablekidsfashion","21":"product_tag-unisex-baby","22":"product_tag-winter-collection","23":"pa_color-dove-gray","24":"pa_color-grey","25":"pa_color-soft","26":"pa_size-4-6-months","29":"instock","30":"featured","31":"sold-individually","32":"shipping-taxable","33":"purchasable","34":"product-type-simple"},"yoast_head":"<!-- This site is optimized with the Yoast SEO plugin v26.4 - https:\/\/yoast.com\/wordpress\/plugins\/seo\/ -->\n<title>Pantalon B\u00e9b\u00e9 En Gris \u2013 Doublure \u00c9toiles | Kidlab Frip Tunisie<\/title>\n<meta name=\"description\" content=\"Gardez votre b\u00e9b\u00e9 bien au chaud avec ce pantalon de neige matelass\u00e9 gris, doubl\u00e9 d\u2019un joli imprim\u00e9 \u00e9toiles. Une pi\u00e8ce d\u2019hiver s\u00e9lectionn\u00e9e par KidLab Frip\" \/>\n<meta name=\"robots\" content=\"index, follow, max-snippet:-1, max-image-preview:large, max-video-preview:-1\" \/>\n<link rel=\"canonical\" href=\"https:\/\/kidlab.com.tn\/fr\/produit\/pantalon-neige-bebe-matelasse-gris-doublure-etoiles-tunisie\/\" \/>\n<meta property=\"og:locale\" content=\"fr_FR\" \/>\n<meta property=\"og:type\" content=\"article\" \/>\n<meta property=\"og:title\" content=\"Pantalon B\u00e9b\u00e9 En Gris \u2013 Doublure \u00c9toiles | Kidlab Frip Tunisie\" \/>\n<meta property=\"og:description\" content=\"Gardez votre b\u00e9b\u00e9 bien au chaud avec ce pantalon de neige matelass\u00e9 gris, doubl\u00e9 d\u2019un joli imprim\u00e9 \u00e9toiles. Une pi\u00e8ce d\u2019hiver s\u00e9lectionn\u00e9e par KidLab Frip\" \/>\n<meta property=\"og:url\" content=\"https:\/\/kidlab.com.tn\/fr\/produit\/pantalon-neige-bebe-matelasse-gris-doublure-etoiles-tunisie\/\" \/>\n<meta property=\"og:site_name\" content=\"KidLab\" \/>\n<meta property=\"article:publisher\" content=\"https:\/\/www.facebook.com\/profile.php?id=61582962640084\" \/>\n<meta property=\"article:modified_time\" content=\"2025-12-30T20:05:32+00:00\" \/>\n<meta property=\"og:image\" content=\"https:\/\/kidlab.com.tn\/wp-content\/uploads\/2025\/11\/Thick-Lined-Gray-Winter-Pants-with-Star-Cuffs-n1.png\" \/>\n\t<meta property=\"og:image:width\" content=\"630\" \/>\n\t<meta property=\"og:image:height\" content=\"630\" \/>\n\t<meta property=\"og:image:type\" content=\"image\/png\" \/>\n<meta name=\"twitter:card\" content=\"summary_large_image\" \/>\n<meta name=\"twitter:label1\" content=\"Dur\u00e9e de lecture estim\u00e9e\" \/>\n\t<meta name=\"twitter:data1\" content=\"1 minute\" \/>\n<script type=\"application\/ld+json\" class=\"yoast-schema-graph\">{\"@context\":\"https:\/\/schema.org\",\"@graph\":[{\"@type\":\"WebPage\",\"@id\":\"https:\/\/kidlab.com.tn\/product\/pantalon-neige-bebe-matelasse-gris-doublure-etoiles-tunisie\/\",\"url\":\"https:\/\/kidlab.com.tn\/product\/pantalon-neige-bebe-matelasse-gris-doublure-etoiles-tunisie\/\",\"name\":\"Pantalon B\u00e9b\u00e9 En Gris \u2013 Doublure \u00c9toiles | Kidlab Frip Tunisie\",\"isPartOf\":{\"@id\":\"https:\/\/kidlab.com.tn\/#website\"},\"primaryImageOfPage\":{\"@id\":\"https:\/\/kidlab.com.tn\/product\/pantalon-neige-bebe-matelasse-gris-doublure-etoiles-tunisie\/#primaryimage\"},\"image\":{\"@id\":\"https:\/\/kidlab.com.tn\/product\/pantalon-neige-bebe-matelasse-gris-doublure-etoiles-tunisie\/#primaryimage\"},\"thumbnailUrl\":\"https:\/\/kidlab.com.tn\/wp-content\/uploads\/2025\/11\/Thick-Lined-Gray-Winter-Pants-with-Star-Cuffs-n1.png\",\"datePublished\":\"2025-11-28T23:01:40+00:00\",\"dateModified\":\"2025-12-30T20:05:32+00:00\",\"description\":\"Gardez votre b\u00e9b\u00e9 bien au chaud avec ce pantalon de neige matelass\u00e9 gris, doubl\u00e9 d\u2019un joli imprim\u00e9 \u00e9toiles. Une pi\u00e8ce d\u2019hiver s\u00e9lectionn\u00e9e par KidLab Frip\",\"breadcrumb\":{\"@id\":\"https:\/\/kidlab.com.tn\/product\/pantalon-neige-bebe-matelasse-gris-doublure-etoiles-tunisie\/#breadcrumb\"},\"inLanguage\":\"fr-FR\",\"potentialAction\":[{\"@type\":\"ReadAction\",\"target\":[\"https:\/\/kidlab.com.tn\/product\/pantalon-neige-bebe-matelasse-gris-doublure-etoiles-tunisie\/\"]}]},{\"@type\":\"ImageObject\",\"inLanguage\":\"fr-FR\",\"@id\":\"https:\/\/kidlab.com.tn\/product\/pantalon-neige-bebe-matelasse-gris-doublure-etoiles-tunisie\/#primaryimage\",\"url\":\"https:\/\/kidlab.com.tn\/wp-content\/uploads\/2025\/11\/Thick-Lined-Gray-Winter-Pants-with-Star-Cuffs-n1.png\",\"contentUrl\":\"https:\/\/kidlab.com.tn\/wp-content\/uploads\/2025\/11\/Thick-Lined-Gray-Winter-Pants-with-Star-Cuffs-n1.png\",\"width\":630,\"height\":630,\"caption\":\"pantalon neige b\u00e9b\u00e9 matelass\u00e9 gris tunisie\"},{\"@type\":\"BreadcrumbList\",\"@id\":\"https:\/\/kidlab.com.tn\/product\/pantalon-neige-bebe-matelasse-gris-doublure-etoiles-tunisie\/#breadcrumb\",\"itemListElement\":[{\"@type\":\"ListItem\",\"position\":1,\"name\":\"Home\",\"item\":\"https:\/\/kidlab.com.tn\/fr\/\"},{\"@type\":\"ListItem\",\"position\":2,\"name\":\"Shop\",\"item\":\"https:\/\/kidlab.com.tn\/shop\/\"},{\"@type\":\"ListItem\",\"position\":3,\"name\":\"Pantalon Neige B\u00e9b\u00e9 Matelass\u00e9 \u2013 Gris\"}]},{\"@type\":\"WebSite\",\"@id\":\"https:\/\/kidlab.com.tn\/#website\",\"url\":\"https:\/\/kidlab.com.tn\/\",\"name\":\"KidLab\",\"description\":\"Cute looks, tiny prices, big smiles.\",\"publisher\":{\"@id\":\"https:\/\/kidlab.com.tn\/#organization\"},\"potentialAction\":[{\"@type\":\"SearchAction\",\"target\":{\"@type\":\"EntryPoint\",\"urlTemplate\":\"https:\/\/kidlab.com.tn\/?s={search_term_string}\"},\"query-input\":{\"@type\":\"PropertyValueSpecification\",\"valueRequired\":true,\"valueName\":\"search_term_string\"}}],\"inLanguage\":\"fr-FR\"},{\"@type\":\"Organization\",\"@id\":\"https:\/\/kidlab.com.tn\/#organization\",\"name\":\"KidLab\",\"url\":\"https:\/\/kidlab.com.tn\/\",\"logo\":{\"@type\":\"ImageObject\",\"inLanguage\":\"fr-FR\",\"@id\":\"https:\/\/kidlab.com.tn\/#\/schema\/logo\/image\/\",\"url\":\"https:\/\/kidlab.com.tn\/wp-content\/uploads\/2025\/12\/kidlab-fripe.jpg\",\"contentUrl\":\"https:\/\/kidlab.com.tn\/wp-content\/uploads\/2025\/12\/kidlab-fripe.jpg\",\"width\":400,\"height\":400,\"caption\":\"KidLab\"},\"image\":{\"@id\":\"https:\/\/kidlab.com.tn\/#\/schema\/logo\/image\/\"},\"sameAs\":[\"https:\/\/www.facebook.com\/profile.php?id=61582962640084\",\"https:\/\/www.instagram.com\/kidlab_fripe\"]}]}<\/script>\n<!-- \/ Yoast SEO plugin. -->","yoast_head_json":{"title":"Pantalon B\u00e9b\u00e9 En Gris \u2013 Doublure \u00c9toiles | Kidlab Frip Tunisie","description":"Gardez votre b\u00e9b\u00e9 bien au chaud avec ce pantalon de neige matelass\u00e9 gris, doubl\u00e9 d\u2019un joli imprim\u00e9 \u00e9toiles. Une pi\u00e8ce d\u2019hiver s\u00e9lectionn\u00e9e par KidLab Frip","robots":{"index":"index","follow":"follow","max-snippet":"max-snippet:-1","max-image-preview":"max-image-preview:large","max-video-preview":"max-video-preview:-1"},"canonical":"https:\/\/kidlab.com.tn\/fr\/produit\/pantalon-neige-bebe-matelasse-gris-doublure-etoiles-tunisie\/","og_locale":"fr_FR","og_type":"article","og_title":"Pantalon B\u00e9b\u00e9 En Gris \u2013 Doublure \u00c9toiles | Kidlab Frip Tunisie","og_description":"Gardez votre b\u00e9b\u00e9 bien au chaud avec ce pantalon de neige matelass\u00e9 gris, doubl\u00e9 d\u2019un joli imprim\u00e9 \u00e9toiles. Une pi\u00e8ce d\u2019hiver s\u00e9lectionn\u00e9e par KidLab Frip","og_url":"https:\/\/kidlab.com.tn\/fr\/produit\/pantalon-neige-bebe-matelasse-gris-doublure-etoiles-tunisie\/","og_site_name":"KidLab","article_publisher":"https:\/\/www.facebook.com\/profile.php?id=61582962640084","article_modified_time":"2025-12-30T20:05:32+00:00","og_image":[{"width":630,"height":630,"url":"https:\/\/kidlab.com.tn\/wp-content\/uploads\/2025\/11\/Thick-Lined-Gray-Winter-Pants-with-Star-Cuffs-n1.png","type":"image\/png"}],"twitter_card":"summary_large_image","twitter_misc":{"Dur\u00e9e de lecture estim\u00e9e":"1 minute"},"schema":{"@context":"https:\/\/schema.org","@graph":[{"@type":"WebPage","@id":"https:\/\/kidlab.com.tn\/product\/pantalon-neige-bebe-matelasse-gris-doublure-etoiles-tunisie\/","url":"https:\/\/kidlab.com.tn\/product\/pantalon-neige-bebe-matelasse-gris-doublure-etoiles-tunisie\/","name":"Pantalon B\u00e9b\u00e9 En Gris \u2013 Doublure \u00c9toiles | Kidlab Frip Tunisie","isPartOf":{"@id":"https:\/\/kidlab.com.tn\/#website"},"primaryImageOfPage":{"@id":"https:\/\/kidlab.com.tn\/product\/pantalon-neige-bebe-matelasse-gris-doublure-etoiles-tunisie\/#primaryimage"},"image":{"@id":"https:\/\/kidlab.com.tn\/product\/pantalon-neige-bebe-matelasse-gris-doublure-etoiles-tunisie\/#primaryimage"},"thumbnailUrl":"https:\/\/kidlab.com.tn\/wp-content\/uploads\/2025\/11\/Thick-Lined-Gray-Winter-Pants-with-Star-Cuffs-n1.png","datePublished":"2025-11-28T23:01:40+00:00","dateModified":"2025-12-30T20:05:32+00:00","description":"Gardez votre b\u00e9b\u00e9 bien au chaud avec ce pantalon de neige matelass\u00e9 gris, doubl\u00e9 d\u2019un joli imprim\u00e9 \u00e9toiles. Une pi\u00e8ce d\u2019hiver s\u00e9lectionn\u00e9e par KidLab Frip","breadcrumb":{"@id":"https:\/\/kidlab.com.tn\/product\/pantalon-neige-bebe-matelasse-gris-doublure-etoiles-tunisie\/#breadcrumb"},"inLanguage":"fr-FR","potentialAction":[{"@type":"ReadAction","target":["https:\/\/kidlab.com.tn\/product\/pantalon-neige-bebe-matelasse-gris-doublure-etoiles-tunisie\/"]}]},{"@type":"ImageObject","inLanguage":"fr-FR","@id":"https:\/\/kidlab.com.tn\/product\/pantalon-neige-bebe-matelasse-gris-doublure-etoiles-tunisie\/#primaryimage","url":"https:\/\/kidlab.com.tn\/wp-content\/uploads\/2025\/11\/Thick-Lined-Gray-Winter-Pants-with-Star-Cuffs-n1.png","contentUrl":"https:\/\/kidlab.com.tn\/wp-content\/uploads\/2025\/11\/Thick-Lined-Gray-Winter-Pants-with-Star-Cuffs-n1.png","width":630,"height":630,"caption":"pantalon neige b\u00e9b\u00e9 matelass\u00e9 gris tunisie"},{"@type":"BreadcrumbList","@id":"https:\/\/kidlab.com.tn\/product\/pantalon-neige-bebe-matelasse-gris-doublure-etoiles-tunisie\/#breadcrumb","itemListElement":[{"@type":"ListItem","position":1,"name":"Home","item":"https:\/\/kidlab.com.tn\/fr\/"},{"@type":"ListItem","position":2,"name":"Shop","item":"https:\/\/kidlab.com.tn\/shop\/"},{"@type":"ListItem","position":3,"name":"Pantalon Neige B\u00e9b\u00e9 Matelass\u00e9 \u2013 Gris"}]},{"@type":"WebSite","@id":"https:\/\/kidlab.com.tn\/#website","url":"https:\/\/kidlab.com.tn\/","name":"KidLab","description":"Cute looks, tiny prices, big smiles.","publisher":{"@id":"https:\/\/kidlab.com.tn\/#organization"},"potentialAction":[{"@type":"SearchAction","target":{"@type":"EntryPoint","urlTemplate":"https:\/\/kidlab.com.tn\/?s={search_term_string}"},"query-input":{"@type":"PropertyValueSpecification","valueRequired":true,"valueName":"search_term_string"}}],"inLanguage":"fr-FR"},{"@type":"Organization","@id":"https:\/\/kidlab.com.tn\/#organization","name":"KidLab","url":"https:\/\/kidlab.com.tn\/","logo":{"@type":"ImageObject","inLanguage":"fr-FR","@id":"https:\/\/kidlab.com.tn\/#\/schema\/logo\/image\/","url":"https:\/\/kidlab.com.tn\/wp-content\/uploads\/2025\/12\/kidlab-fripe.jpg","contentUrl":"https:\/\/kidlab.com.tn\/wp-content\/uploads\/2025\/12\/kidlab-fripe.jpg","width":400,"height":400,"caption":"KidLab"},"image":{"@id":"https:\/\/kidlab.com.tn\/#\/schema\/logo\/image\/"},"sameAs":["https:\/\/www.facebook.com\/profile.php?id=61582962640084","https:\/\/www.instagram.com\/kidlab_fripe"]}]}},"_links":{"self":[{"href":"https:\/\/kidlab.com.tn\/fr\/wp-json\/wp\/v2\/product\/6228","targetHints":{"allow":["GET"]}}],"collection":[{"href":"https:\/\/kidlab.com.tn\/fr\/wp-json\/wp\/v2\/product"}],"about":[{"href":"https:\/\/kidlab.com.tn\/fr\/wp-json\/wp\/v2\/types\/product"}],"version-history":[{"count":0,"href":"https:\/\/kidlab.com.tn\/fr\/wp-json\/wp\/v2\/product\/6228\/revisions"}],"wp:featuredmedia":[{"embeddable":true,"href":"https:\/\/kidlab.com.tn\/fr\/wp-json\/wp\/v2\/media\/6134"}],"wp:attachment":[{"href":"https:\/\/kidlab.com.tn\/fr\/wp-json\/wp\/v2\/media?parent=6228"}],"wp:term":[{"taxonomy":"product_brand","embeddable":true,"href":"https:\/\/kidlab.com.tn\/fr\/wp-json\/wp\/v2\/product_brand?post=6228"},{"taxonomy":"product_cat","embeddable":true,"href":"https:\/\/kidlab.com.tn\/fr\/wp-json\/wp\/v2\/product_cat?post=6228"},{"taxonomy":"product_tag","embeddable":true,"href":"https:\/\/kidlab.com.tn\/fr\/wp-json\/wp\/v2\/product_tag?post=6228"}],"curies":[{"name":"wp","href":"https:\/\/api.w.org\/{rel}","templated":true}]}}