{"id":6243,"date":"2025-11-29T00:14:26","date_gmt":"2025-11-29T00:14:26","guid":{"rendered":"https:\/\/kids.sportifs.tn\/?post_type=product&#038;p=6243"},"modified":"2025-12-30T20:05:32","modified_gmt":"2025-12-30T20:05:32","slug":"%f0%9f%8c%9f-gap-baby-denim-winter-pants-ultra-soft-warm-stylish","status":"publish","type":"product","link":"https:\/\/kidlab.com.tn\/fr\/produit\/%f0%9f%8c%9f-gap-baby-denim-winter-pants-ultra-soft-warm-stylish\/","title":{"rendered":"\ud83c\udf1f Pantalon d'hiver en denim pour b\u00e9b\u00e9 GAP | Ultra-doux, chaud et \u00e9l\u00e9gant"},"content":{"rendered":"<div data-elementor-type=\"wp-post\" data-elementor-id=\"6243\" class=\"elementor elementor-6243\">\n\t\t\t\t\t\t<section class=\"elementor-section elementor-top-section elementor-element elementor-element-33fd861 elementor-section-boxed elementor-section-height-default elementor-section-height-default\" data-id=\"33fd861\" data-element_type=\"section\">\n\t\t\t\t\t\t<div class=\"elementor-container elementor-column-gap-no\">\n\t\t\t\t\t<div class=\"elementor-column elementor-col-100 elementor-top-column elementor-element elementor-element-8f1ab81\" data-id=\"8f1ab81\" data-element_type=\"column\">\n\t\t\t<div class=\"elementor-widget-wrap elementor-element-populated\">\n\t\t\t\t\t\t<div class=\"elementor-element elementor-element-a652374 elementor-widget elementor-widget-text-editor\" data-id=\"a652374\" data-element_type=\"widget\" data-widget_type=\"text-editor.default\">\n\t\t\t\t\t\t\t\t\t<h3><b>Chaleur douillette et style adorable \ud83e\udd0d<\/b><\/h3><p><span style=\"font-weight: 400;\">Offrez \u00e0 votre enfant le parfait m\u00e9lange de style, de confort et de chaleur hivernale avec ce charmant pantalon <\/span><b>GAP d'occasion, doubl\u00e9 de peluche et imitation denim.<\/b><span style=\"font-weight: 400;\">Con\u00e7u pour ressembler \u00e0 un jean l\u00e9ger tout en offrant la douceur et le confort d'un v\u00eatement d'int\u00e9rieur, ce pantalon est un incontournable pour les journ\u00e9es plus fra\u00eeches. Chaque d\u00e9tail, de la doublure sherpa moelleuse aux adorables \u00e9cussons en forme de c\u0153ur cousus, le rend aussi pratique que confortable. <\/span><b><\/b><\/p><p><span style=\"font-weight: 400;\">Ce pantalon offre l'allure d\u00e9contract\u00e9e du denim, sans sa rigidit\u00e9. Son ext\u00e9rieur imite un chambray doux, pour une tenue \u00e9l\u00e9gante au quotidien, tandis que sa doublure int\u00e9rieure en sherpa blanc ultra-doux garde votre b\u00e9b\u00e9 bien au chaud lors des sorties par temps frais, des promenades en poussette ou des moments de jeu.<\/span><\/p><p><span style=\"font-weight: 400;\">Parfait pour l'hiver, l'automne et les journ\u00e9es fra\u00eeches du printemps.<\/span><\/p><p>\u00a0<\/p><h3><b>\ud83d\udcab Pourquoi vous allez les adorer<\/b><\/h3><p><span style=\"font-weight: 400;\">Ce pantalon offre tout ce que les parents recherchent\u00a0: confort, praticit\u00e9, chaleur et un style adorable, le tout avec la qualit\u00e9 reconnue de <\/span><b>GAP Baby<\/b><span style=\"font-weight: 400;\">Id\u00e9al pour garder votre tout-petit styl\u00e9 et bien au chaud pendant les mois les plus froids.<\/span><\/p><p><b>Ce pantalon douillet \u00e0 empi\u00e8cements en forme de c\u0153ur de chez GAP est un incontournable de l'hiver, \u00e0 la fois tendance et pratique. Offrez \u00e0 votre enfant ce mod\u00e8le bien chaud !<\/b><\/p>\t\t\t\t\t\t\t\t<\/div>\n\t\t\t\t\t<\/div>\n\t\t<\/div>\n\t\t\t\t\t<\/div>\n\t\t<\/section>\n\t\t\t\t<\/div>","protected":false},"excerpt":{"rendered":"<p><span style=\"font-weight: 400;\">Offrez \u00e0 votre tout-petit un m\u00e9lange parfait de confort, <\/span><b>de chaleur et de style adorable avec ce pantalon d'hiver original en denim GAP.<\/b><span style=\"font-weight: 400;\"> Con\u00e7u sp\u00e9cialement pour les journ\u00e9es fra\u00eeches, <\/span><b>,<\/b><span style=\"font-weight: 400;\"> ce pantalon est enti\u00e8rement doubl\u00e9 de sherpa tout doux pour garder votre b\u00e9b\u00e9 bien au chaud du matin au soir.<\/span><\/p>\n<p><span style=\"font-weight: 400;\">\u2714 <\/span><b>Chaleureux et confortable :<\/b><b><br \/>\n<\/b><span style=\"font-weight: 400;\"> Enti\u00e8rement doubl\u00e9e de polaire sherpa blanche ultra-douce \u2014 douce pour la peau d\u00e9licate de b\u00e9b\u00e9 et parfaite pour les temps froids.<\/span><\/p>\n<p><span style=\"font-weight: 400;\">\u2714 <\/span><b>Denim GAP de haute qualit\u00e9 :<\/b><b><br \/>\n<\/b><span style=\"font-weight: 400;\"> Un tissu denim l\u00e9ger mais r\u00e9sistant, \u00e0 la fois \u00e9l\u00e9gant et confortable pour les mouvements de votre b\u00e9b\u00e9.<\/span><\/p>\n<p><span style=\"font-weight: 400;\">\u2714 <\/span><b>Ceinture \u00e9lastique :<\/b><b><br \/>\n<\/b><span style=\"font-weight: 400;\"> Facile \u00e0 enfiler et \u00e0 retirer, avec une ceinture extensible qui s'adapte au ventre de votre b\u00e9b\u00e9 pour un confort optimal.<\/span><\/p>\n<p><span style=\"font-weight: 400;\">\u2714 <\/span><b>Adorables d\u00e9tails en forme de c\u0153ur\u00a0:<\/b><b><br \/>\n<\/b><span style=\"font-weight: 400;\"> Elle comporte deux jolis \u00e9cussons en forme de c\u0153ur sur les genoux, ajoutant une touche douce et \u00e9l\u00e9gante que tous les parents appr\u00e9cient.<\/span><\/p>\n<p><span style=\"font-weight: 400;\">\u2714 <\/span><b>Convient parfaitement aux enfants de 12 \u00e0 18 mois\u00a0:<\/b><b><br \/>\n<\/b><span style=\"font-weight: 400;\"> Con\u00e7u pour offrir aux b\u00e9b\u00e9s la libert\u00e9 de ramper, d'explorer et de jouer sans restrictions.<\/span><\/p>","protected":false},"featured_media":6146,"template":"","meta":[],"product_brand":[298],"product_cat":[132,94,139,144],"product_tag":[279,277,283,278,265,267,281],"class_list":{"0":"post-6243","1":"product","2":"type-product","3":"status-publish","4":"has-post-thumbnail","6":"product_brand-gab-denim","7":"product_cat-bebe-garcon-0-mois-36-mois","8":"product_cat-bebe-fille-0-mois-36-mois","9":"product_cat-pantalons-leggings-shorts-bebe-fille-0-mois-36-mois","10":"product_cat-pantalons-jogging-shorts","11":"product_tag-babyclothessale","12":"product_tag-babywinterwear","13":"product_tag-eco-friendly-second-hand","14":"product_tag-ecobabyfashion","15":"product_tag-secondhandbabyclothes","16":"product_tag-sustainablekidsfashion","17":"product_tag-winter-collection","18":"pa_color-blue-chambray","19":"pa_size-12-18-months","22":"instock","23":"featured","24":"sold-individually","25":"shipping-taxable","26":"purchasable","27":"product-type-simple"},"yoast_head":"<!-- This site is optimized with the Yoast SEO plugin v26.4 - https:\/\/yoast.com\/wordpress\/plugins\/seo\/ -->\n<title>\ud83c\udf1f GAP Baby Denim Winter Pants | Ultra-Soft, Warm &amp; Stylish - KidLab<\/title>\n<meta name=\"robots\" content=\"index, follow, max-snippet:-1, max-image-preview:large, max-video-preview:-1\" \/>\n<link rel=\"canonical\" href=\"https:\/\/kidlab.com.tn\/fr\/produit\/\ud83c\udf1f-gap-baby-denim-winter-pants-ultra-soft-warm-stylish\/\" \/>\n<meta property=\"og:locale\" content=\"fr_FR\" \/>\n<meta property=\"og:type\" content=\"article\" \/>\n<meta property=\"og:title\" content=\"\ud83c\udf1f GAP Baby Denim Winter Pants | Ultra-Soft, Warm &amp; Stylish - KidLab\" \/>\n<meta property=\"og:description\" content=\"Give your little one the perfect mix of comfort, warmth, and adorable style with these original GAP Denim winter pants. Designed especially for chilly days, these pants are fully lined with plush sherpa to keep your baby cozy from morning to bedtime.  \u2714 Warm &amp; Cozy:  Fully lined with ultra-soft white sherpa fleece \u2014 gentle on delicate baby skin and perfect for cold weather.  \u2714 High-Quality GAP Denim:  Lightweight yet durable denim fabric that looks stylish while allowing your baby to move comfortably.  \u2714 Elastic Waistband:  Easy to slip on and off, with a stretchy waistband that adapts to your baby\u2019s tummy for maximum comfort.  \u2714 Adorable Heart Details:  Features two cute heart-shaped patches on the knees, adding a sweet and stylish touch every parent loves.  \u2714 Perfect Fit for 12\u201318 Months:  Designed to give babies the freedom to crawl, explore, and play without restrictions.\" \/>\n<meta property=\"og:url\" content=\"https:\/\/kidlab.com.tn\/fr\/produit\/\ud83c\udf1f-gap-baby-denim-winter-pants-ultra-soft-warm-stylish\/\" \/>\n<meta property=\"og:site_name\" content=\"KidLab\" \/>\n<meta property=\"article:publisher\" content=\"https:\/\/www.facebook.com\/profile.php?id=61582962640084\" \/>\n<meta property=\"article:modified_time\" content=\"2025-12-30T20:05:32+00:00\" \/>\n<meta property=\"og:image\" content=\"https:\/\/kidlab.com.tn\/wp-content\/uploads\/2025\/11\/GAP-Baby-Denim-Winter-Pants-n1.png\" \/>\n\t<meta property=\"og:image:width\" content=\"630\" \/>\n\t<meta property=\"og:image:height\" content=\"630\" \/>\n\t<meta property=\"og:image:type\" content=\"image\/png\" \/>\n<meta name=\"twitter:card\" content=\"summary_large_image\" \/>\n<meta name=\"twitter:label1\" content=\"Dur\u00e9e de lecture estim\u00e9e\" \/>\n\t<meta name=\"twitter:data1\" content=\"1 minute\" \/>\n<script type=\"application\/ld+json\" class=\"yoast-schema-graph\">{\"@context\":\"https:\/\/schema.org\",\"@graph\":[{\"@type\":\"WebPage\",\"@id\":\"https:\/\/kidlab.com.tn\/product\/%f0%9f%8c%9f-gap-baby-denim-winter-pants-ultra-soft-warm-stylish\/\",\"url\":\"https:\/\/kidlab.com.tn\/product\/%f0%9f%8c%9f-gap-baby-denim-winter-pants-ultra-soft-warm-stylish\/\",\"name\":\"\ud83c\udf1f GAP Baby Denim Winter Pants | Ultra-Soft, Warm & Stylish - KidLab\",\"isPartOf\":{\"@id\":\"https:\/\/kidlab.com.tn\/#website\"},\"primaryImageOfPage\":{\"@id\":\"https:\/\/kidlab.com.tn\/product\/%f0%9f%8c%9f-gap-baby-denim-winter-pants-ultra-soft-warm-stylish\/#primaryimage\"},\"image\":{\"@id\":\"https:\/\/kidlab.com.tn\/product\/%f0%9f%8c%9f-gap-baby-denim-winter-pants-ultra-soft-warm-stylish\/#primaryimage\"},\"thumbnailUrl\":\"https:\/\/kidlab.com.tn\/wp-content\/uploads\/2025\/11\/GAP-Baby-Denim-Winter-Pants-n1.png\",\"datePublished\":\"2025-11-29T00:14:26+00:00\",\"dateModified\":\"2025-12-30T20:05:32+00:00\",\"breadcrumb\":{\"@id\":\"https:\/\/kidlab.com.tn\/product\/%f0%9f%8c%9f-gap-baby-denim-winter-pants-ultra-soft-warm-stylish\/#breadcrumb\"},\"inLanguage\":\"fr-FR\",\"potentialAction\":[{\"@type\":\"ReadAction\",\"target\":[\"https:\/\/kidlab.com.tn\/product\/%f0%9f%8c%9f-gap-baby-denim-winter-pants-ultra-soft-warm-stylish\/\"]}]},{\"@type\":\"ImageObject\",\"inLanguage\":\"fr-FR\",\"@id\":\"https:\/\/kidlab.com.tn\/product\/%f0%9f%8c%9f-gap-baby-denim-winter-pants-ultra-soft-warm-stylish\/#primaryimage\",\"url\":\"https:\/\/kidlab.com.tn\/wp-content\/uploads\/2025\/11\/GAP-Baby-Denim-Winter-Pants-n1.png\",\"contentUrl\":\"https:\/\/kidlab.com.tn\/wp-content\/uploads\/2025\/11\/GAP-Baby-Denim-Winter-Pants-n1.png\",\"width\":630,\"height\":630},{\"@type\":\"BreadcrumbList\",\"@id\":\"https:\/\/kidlab.com.tn\/product\/%f0%9f%8c%9f-gap-baby-denim-winter-pants-ultra-soft-warm-stylish\/#breadcrumb\",\"itemListElement\":[{\"@type\":\"ListItem\",\"position\":1,\"name\":\"Home\",\"item\":\"https:\/\/kidlab.com.tn\/fr\/\"},{\"@type\":\"ListItem\",\"position\":2,\"name\":\"Shop\",\"item\":\"https:\/\/kidlab.com.tn\/shop\/\"},{\"@type\":\"ListItem\",\"position\":3,\"name\":\"\ud83c\udf1f GAP Baby Denim Winter Pants | Ultra-Soft, Warm &#038; Stylish\"}]},{\"@type\":\"WebSite\",\"@id\":\"https:\/\/kidlab.com.tn\/#website\",\"url\":\"https:\/\/kidlab.com.tn\/\",\"name\":\"KidLab\",\"description\":\"Cute looks, tiny prices, big smiles.\",\"publisher\":{\"@id\":\"https:\/\/kidlab.com.tn\/#organization\"},\"potentialAction\":[{\"@type\":\"SearchAction\",\"target\":{\"@type\":\"EntryPoint\",\"urlTemplate\":\"https:\/\/kidlab.com.tn\/?s={search_term_string}\"},\"query-input\":{\"@type\":\"PropertyValueSpecification\",\"valueRequired\":true,\"valueName\":\"search_term_string\"}}],\"inLanguage\":\"fr-FR\"},{\"@type\":\"Organization\",\"@id\":\"https:\/\/kidlab.com.tn\/#organization\",\"name\":\"KidLab\",\"url\":\"https:\/\/kidlab.com.tn\/\",\"logo\":{\"@type\":\"ImageObject\",\"inLanguage\":\"fr-FR\",\"@id\":\"https:\/\/kidlab.com.tn\/#\/schema\/logo\/image\/\",\"url\":\"https:\/\/kidlab.com.tn\/wp-content\/uploads\/2025\/12\/kidlab-fripe.jpg\",\"contentUrl\":\"https:\/\/kidlab.com.tn\/wp-content\/uploads\/2025\/12\/kidlab-fripe.jpg\",\"width\":400,\"height\":400,\"caption\":\"KidLab\"},\"image\":{\"@id\":\"https:\/\/kidlab.com.tn\/#\/schema\/logo\/image\/\"},\"sameAs\":[\"https:\/\/www.facebook.com\/profile.php?id=61582962640084\",\"https:\/\/www.instagram.com\/kidlab_fripe\"]}]}<\/script>\n<!-- \/ Yoast SEO plugin. -->","yoast_head_json":{"title":"\ud83c\udf1f GAP Baby Denim Winter Pants | Ultra-Soft, Warm & Stylish - KidLab","robots":{"index":"index","follow":"follow","max-snippet":"max-snippet:-1","max-image-preview":"max-image-preview:large","max-video-preview":"max-video-preview:-1"},"canonical":"https:\/\/kidlab.com.tn\/fr\/produit\/\ud83c\udf1f-gap-baby-denim-winter-pants-ultra-soft-warm-stylish\/","og_locale":"fr_FR","og_type":"article","og_title":"\ud83c\udf1f GAP Baby Denim Winter Pants | Ultra-Soft, Warm & Stylish - KidLab","og_description":"Give your little one the perfect mix of comfort, warmth, and adorable style with these original GAP Denim winter pants. Designed especially for chilly days, these pants are fully lined with plush sherpa to keep your baby cozy from morning to bedtime.  \u2714 Warm &amp; Cozy:  Fully lined with ultra-soft white sherpa fleece \u2014 gentle on delicate baby skin and perfect for cold weather.  \u2714 High-Quality GAP Denim:  Lightweight yet durable denim fabric that looks stylish while allowing your baby to move comfortably.  \u2714 Elastic Waistband:  Easy to slip on and off, with a stretchy waistband that adapts to your baby\u2019s tummy for maximum comfort.  \u2714 Adorable Heart Details:  Features two cute heart-shaped patches on the knees, adding a sweet and stylish touch every parent loves.  \u2714 Perfect Fit for 12\u201318 Months:  Designed to give babies the freedom to crawl, explore, and play without restrictions.","og_url":"https:\/\/kidlab.com.tn\/fr\/produit\/\ud83c\udf1f-gap-baby-denim-winter-pants-ultra-soft-warm-stylish\/","og_site_name":"KidLab","article_publisher":"https:\/\/www.facebook.com\/profile.php?id=61582962640084","article_modified_time":"2025-12-30T20:05:32+00:00","og_image":[{"width":630,"height":630,"url":"https:\/\/kidlab.com.tn\/wp-content\/uploads\/2025\/11\/GAP-Baby-Denim-Winter-Pants-n1.png","type":"image\/png"}],"twitter_card":"summary_large_image","twitter_misc":{"Dur\u00e9e de lecture estim\u00e9e":"1 minute"},"schema":{"@context":"https:\/\/schema.org","@graph":[{"@type":"WebPage","@id":"https:\/\/kidlab.com.tn\/product\/%f0%9f%8c%9f-gap-baby-denim-winter-pants-ultra-soft-warm-stylish\/","url":"https:\/\/kidlab.com.tn\/product\/%f0%9f%8c%9f-gap-baby-denim-winter-pants-ultra-soft-warm-stylish\/","name":"\ud83c\udf1f GAP Baby Denim Winter Pants | Ultra-Soft, Warm & Stylish - KidLab","isPartOf":{"@id":"https:\/\/kidlab.com.tn\/#website"},"primaryImageOfPage":{"@id":"https:\/\/kidlab.com.tn\/product\/%f0%9f%8c%9f-gap-baby-denim-winter-pants-ultra-soft-warm-stylish\/#primaryimage"},"image":{"@id":"https:\/\/kidlab.com.tn\/product\/%f0%9f%8c%9f-gap-baby-denim-winter-pants-ultra-soft-warm-stylish\/#primaryimage"},"thumbnailUrl":"https:\/\/kidlab.com.tn\/wp-content\/uploads\/2025\/11\/GAP-Baby-Denim-Winter-Pants-n1.png","datePublished":"2025-11-29T00:14:26+00:00","dateModified":"2025-12-30T20:05:32+00:00","breadcrumb":{"@id":"https:\/\/kidlab.com.tn\/product\/%f0%9f%8c%9f-gap-baby-denim-winter-pants-ultra-soft-warm-stylish\/#breadcrumb"},"inLanguage":"fr-FR","potentialAction":[{"@type":"ReadAction","target":["https:\/\/kidlab.com.tn\/product\/%f0%9f%8c%9f-gap-baby-denim-winter-pants-ultra-soft-warm-stylish\/"]}]},{"@type":"ImageObject","inLanguage":"fr-FR","@id":"https:\/\/kidlab.com.tn\/product\/%f0%9f%8c%9f-gap-baby-denim-winter-pants-ultra-soft-warm-stylish\/#primaryimage","url":"https:\/\/kidlab.com.tn\/wp-content\/uploads\/2025\/11\/GAP-Baby-Denim-Winter-Pants-n1.png","contentUrl":"https:\/\/kidlab.com.tn\/wp-content\/uploads\/2025\/11\/GAP-Baby-Denim-Winter-Pants-n1.png","width":630,"height":630},{"@type":"BreadcrumbList","@id":"https:\/\/kidlab.com.tn\/product\/%f0%9f%8c%9f-gap-baby-denim-winter-pants-ultra-soft-warm-stylish\/#breadcrumb","itemListElement":[{"@type":"ListItem","position":1,"name":"Home","item":"https:\/\/kidlab.com.tn\/fr\/"},{"@type":"ListItem","position":2,"name":"Shop","item":"https:\/\/kidlab.com.tn\/shop\/"},{"@type":"ListItem","position":3,"name":"\ud83c\udf1f GAP Baby Denim Winter Pants | Ultra-Soft, Warm &#038; Stylish"}]},{"@type":"WebSite","@id":"https:\/\/kidlab.com.tn\/#website","url":"https:\/\/kidlab.com.tn\/","name":"KidLab","description":"Cute looks, tiny prices, big smiles.","publisher":{"@id":"https:\/\/kidlab.com.tn\/#organization"},"potentialAction":[{"@type":"SearchAction","target":{"@type":"EntryPoint","urlTemplate":"https:\/\/kidlab.com.tn\/?s={search_term_string}"},"query-input":{"@type":"PropertyValueSpecification","valueRequired":true,"valueName":"search_term_string"}}],"inLanguage":"fr-FR"},{"@type":"Organization","@id":"https:\/\/kidlab.com.tn\/#organization","name":"KidLab","url":"https:\/\/kidlab.com.tn\/","logo":{"@type":"ImageObject","inLanguage":"fr-FR","@id":"https:\/\/kidlab.com.tn\/#\/schema\/logo\/image\/","url":"https:\/\/kidlab.com.tn\/wp-content\/uploads\/2025\/12\/kidlab-fripe.jpg","contentUrl":"https:\/\/kidlab.com.tn\/wp-content\/uploads\/2025\/12\/kidlab-fripe.jpg","width":400,"height":400,"caption":"KidLab"},"image":{"@id":"https:\/\/kidlab.com.tn\/#\/schema\/logo\/image\/"},"sameAs":["https:\/\/www.facebook.com\/profile.php?id=61582962640084","https:\/\/www.instagram.com\/kidlab_fripe"]}]}},"_links":{"self":[{"href":"https:\/\/kidlab.com.tn\/fr\/wp-json\/wp\/v2\/product\/6243","targetHints":{"allow":["GET"]}}],"collection":[{"href":"https:\/\/kidlab.com.tn\/fr\/wp-json\/wp\/v2\/product"}],"about":[{"href":"https:\/\/kidlab.com.tn\/fr\/wp-json\/wp\/v2\/types\/product"}],"version-history":[{"count":0,"href":"https:\/\/kidlab.com.tn\/fr\/wp-json\/wp\/v2\/product\/6243\/revisions"}],"wp:featuredmedia":[{"embeddable":true,"href":"https:\/\/kidlab.com.tn\/fr\/wp-json\/wp\/v2\/media\/6146"}],"wp:attachment":[{"href":"https:\/\/kidlab.com.tn\/fr\/wp-json\/wp\/v2\/media?parent=6243"}],"wp:term":[{"taxonomy":"product_brand","embeddable":true,"href":"https:\/\/kidlab.com.tn\/fr\/wp-json\/wp\/v2\/product_brand?post=6243"},{"taxonomy":"product_cat","embeddable":true,"href":"https:\/\/kidlab.com.tn\/fr\/wp-json\/wp\/v2\/product_cat?post=6243"},{"taxonomy":"product_tag","embeddable":true,"href":"https:\/\/kidlab.com.tn\/fr\/wp-json\/wp\/v2\/product_tag?post=6243"}],"curies":[{"name":"wp","href":"https:\/\/api.w.org\/{rel}","templated":true}]}}