{"id":6251,"date":"2025-11-29T00:23:29","date_gmt":"2025-11-29T00:23:29","guid":{"rendered":"https:\/\/kids.sportifs.tn\/?post_type=product&#038;p=6251"},"modified":"2025-12-30T20:05:32","modified_gmt":"2025-12-30T20:05:32","slug":"%f0%9f%91%96-classic-comfort-hm-basic-organic-cotton-navy-joggers-2-4m-%f0%9f%92%99","status":"publish","type":"product","link":"https:\/\/kidlab.com.tn\/fr\/produit\/%f0%9f%91%96-classic-comfort-hm-basic-organic-cotton-navy-joggers-2-4m-%f0%9f%92%99\/","title":{"rendered":"\ud83d\udc56 Confort classique : Pantalon de jogging H&amp;M Basic en coton bio bleu marine (2-4 mois) \ud83d\udc99"},"content":{"rendered":"<div data-elementor-type=\"wp-post\" data-elementor-id=\"6251\" class=\"elementor elementor-6251\">\n\t\t\t\t\t\t<section class=\"elementor-section elementor-top-section elementor-element elementor-element-33fd861 elementor-section-boxed elementor-section-height-default elementor-section-height-default\" data-id=\"33fd861\" data-element_type=\"section\">\n\t\t\t\t\t\t<div class=\"elementor-container elementor-column-gap-no\">\n\t\t\t\t\t<div class=\"elementor-column elementor-col-100 elementor-top-column elementor-element elementor-element-8f1ab81\" data-id=\"8f1ab81\" data-element_type=\"column\">\n\t\t\t<div class=\"elementor-widget-wrap elementor-element-populated\">\n\t\t\t\t\t\t<div class=\"elementor-element elementor-element-a652374 elementor-widget elementor-widget-text-editor\" data-id=\"a652374\" data-element_type=\"widget\" data-widget_type=\"text-editor.default\">\n\t\t\t\t\t\t\t\t\t<p><span style=\"font-weight: 400;\">Offrez \u00e0 votre b\u00e9b\u00e9 un confort optimal toute la journ\u00e9e avec cet adorable pantalon H&amp;M Basic en coton biologique bleu marine. Confectionn\u00e9 <\/span><b>en coton 100 % biologique<\/b><span style=\"font-weight: 400;\">ce pantalon est incroyablement doux pour la peau d\u00e9licate de b\u00e9b\u00e9 et id\u00e9al au quotidien, pour les siestes et les jeux actifs.<\/span><\/p><p><span style=\"font-weight: 400;\">Con\u00e7us avec une <\/span><b>ceinture c\u00f4tel\u00e9e confortable<\/b><span style=\"font-weight: 400;\"> (97 % coton, 3 % \u00e9lasthanne), ces v\u00eatements offrent une coupe souple qui s'adapte aux mouvements de votre b\u00e9b\u00e9 sans laisser de marques. Le tissu est respirant, l\u00e9ger et id\u00e9al pour les peaux sensibles.<\/span><\/p><p><span style=\"font-weight: 400;\">Taille <\/span><b>62 (EU) \/ 3 mois (US),<\/b><span style=\"font-weight: 400;\">, convient aux b\u00e9b\u00e9s de 2 \u00e0 4 mois environ. Avec son design simple et \u00e9pur\u00e9 et son cordon d\u00e9coratif, ce pantalon s'accorde facilement avec tous les hauts et bodies.<\/span><\/p><p><span style=\"font-weight: 400;\">Que vous ayez besoin de quelque chose de pratique pour la maison ou de mignon pour les sorties, ce pantalon est l'\u00e9l\u00e9ment indispensable de la garde-robe de votre b\u00e9b\u00e9.<\/span><\/p><h3><b>\ud83d\udc99 Pourquoi les mamans l'adorent<\/b><\/h3><ul><li style=\"font-weight: 400;\" aria-level=\"1\"><span style=\"font-weight: 400;\">Extr\u00eamement doux pour la peau des nouveau-n\u00e9s<\/span><span style=\"font-weight: 400;\"><br \/><\/span><\/li><li style=\"font-weight: 400;\" aria-level=\"1\"><span style=\"font-weight: 400;\">Facile \u00e0 assortir avec n'importe quelle tenue<\/span><span style=\"font-weight: 400;\"><br \/><\/span><\/li><li style=\"font-weight: 400;\" aria-level=\"1\"><span style=\"font-weight: 400;\">Extensible et confortable pour les b\u00e9b\u00e9s actifs<\/span><span style=\"font-weight: 400;\"><br \/><\/span><\/li><li style=\"font-weight: 400;\" aria-level=\"1\"><span style=\"font-weight: 400;\">Qualit\u00e9 H&amp;M durable<\/span><span style=\"font-weight: 400;\"><br \/><\/span><\/li><\/ul><p><span style=\"font-weight: 400;\">Parfait pour une utilisation quotidienne<\/span><\/p><p><b><\/b><b><\/b><b><\/b><span style=\"font-weight: 400;\"><b>\ud83c\udf81 Id\u00e9al pour<\/b><\/span><\/p><ul><li style=\"font-weight: 400;\" aria-level=\"1\"><span style=\"font-weight: 400;\">\ud83d\udc76 Tenues du jour<\/span><span style=\"font-weight: 400;\"><br \/><\/span><\/li><li style=\"font-weight: 400;\" aria-level=\"1\"><span style=\"font-weight: 400;\">v\u00eatements d'int\u00e9rieur<\/span><span style=\"font-weight: 400;\"><br \/><\/span><\/li><li style=\"font-weight: 400;\" aria-level=\"1\"><span style=\"font-weight: 400;\">Sorties et promenades en poussette<\/span><span style=\"font-weight: 400;\"><br \/><\/span><\/li><li style=\"font-weight: 400;\" aria-level=\"1\"><span style=\"font-weight: 400;\">Cadeaux pour les nouvelles mamans<\/span><\/li><\/ul>\t\t\t\t\t\t\t\t<\/div>\n\t\t\t\t\t<\/div>\n\t\t<\/div>\n\t\t\t\t\t<\/div>\n\t\t<\/section>\n\t\t\t\t<\/div>","protected":false},"excerpt":{"rendered":"<p><span style=\"font-weight: 400;\">Doux, respirant et parfait au quotidien\u00a0! Ce pantalon de jogging bleu marine en coton bio H&amp;M offre un confort optimal aux b\u00e9b\u00e9s de 2 \u00e0 4\u00a0mois. Avec sa taille \u00e9lastiqu\u00e9e, ses chevilles c\u00f4tel\u00e9es et ses mati\u00e8res durables, il est id\u00e9al pour jouer, faire la sieste et passer de douces journ\u00e9es. D'occasion, en excellent \u00e9tat, il n'attend plus que son prochain petit propri\u00e9taire\u00a0!<\/span><\/p>\n<p><b>Un basique marine indispensable ! Ce pantalon de jogging en coton biologique doux est le m\u00e9lange parfait de style, de confort et de durabilit\u00e9 pour les premiers mois de votre b\u00e9b\u00e9.<\/b><\/p>","protected":false},"featured_media":6148,"template":"","meta":[],"product_brand":[274],"product_cat":[132,94,139,144],"product_tag":[279,300,277,283,278,301,265,267,302,281],"class_list":{"0":"post-6251","1":"product","2":"type-product","3":"status-publish","4":"has-post-thumbnail","6":"product_brand-hm","7":"product_cat-bebe-garcon-0-mois-36-mois","8":"product_cat-bebe-fille-0-mois-36-mois","9":"product_cat-pantalons-leggings-shorts-bebe-fille-0-mois-36-mois","10":"product_cat-pantalons-jogging-shorts","11":"product_tag-babyclothessale","12":"product_tag-babyjoggers","13":"product_tag-babywinterwear","14":"product_tag-eco-friendly-second-hand","15":"product_tag-ecobabyfashion","16":"product_tag-hmorganiccotton","17":"product_tag-secondhandbabyclothes","18":"product_tag-sustainablekidsfashion","19":"product_tag-unisexbabyclothes","20":"product_tag-winter-collection","21":"pa_color-dark-navy-blue","22":"pa_size-2-4-months","25":"instock","26":"featured","27":"sold-individually","28":"shipping-taxable","29":"purchasable","30":"product-type-simple"},"yoast_head":"<!-- This site is optimized with the Yoast SEO plugin v26.4 - https:\/\/yoast.com\/wordpress\/plugins\/seo\/ -->\n<title>\ud83d\udc56 Classic Comfort: H&amp;M Basic Organic Cotton Navy Joggers (2-4M) \ud83d\udc99 - KidLab<\/title>\n<meta name=\"robots\" content=\"index, follow, max-snippet:-1, max-image-preview:large, max-video-preview:-1\" \/>\n<link rel=\"canonical\" href=\"https:\/\/kidlab.com.tn\/fr\/produit\/\ud83d\udc56-classic-comfort-hm-basic-organic-cotton-navy-joggers-2-4m-\ud83d\udc99\/\" \/>\n<meta property=\"og:locale\" content=\"fr_FR\" \/>\n<meta property=\"og:type\" content=\"article\" \/>\n<meta property=\"og:title\" content=\"\ud83d\udc56 Classic Comfort: H&amp;M Basic Organic Cotton Navy Joggers (2-4M) \ud83d\udc99 - KidLab\" \/>\n<meta property=\"og:description\" content=\"Soft, breathable, and perfect for daily wear! These H&amp;M organic cotton navy joggers offer gentle comfort for babies aged 2\u20134 months. With a stretchy waistband, ribbed cuffs, and sustainable materials, they\u2019re ideal for playtime, naps, and cozy days. Pre-loved, excellent condition, and ready for their next little owner!  An essential navy basic! These soft, organic cotton joggers are the perfect blend of style, comfort, and sustainability for your baby&#039;s first few months.\" \/>\n<meta property=\"og:url\" content=\"https:\/\/kidlab.com.tn\/fr\/produit\/\ud83d\udc56-classic-comfort-hm-basic-organic-cotton-navy-joggers-2-4m-\ud83d\udc99\/\" \/>\n<meta property=\"og:site_name\" content=\"KidLab\" \/>\n<meta property=\"article:publisher\" content=\"https:\/\/www.facebook.com\/profile.php?id=61582962640084\" \/>\n<meta property=\"article:modified_time\" content=\"2025-12-30T20:05:32+00:00\" \/>\n<meta property=\"og:image\" content=\"https:\/\/kidlab.com.tn\/wp-content\/uploads\/2025\/11\/HM-Baby-Organic-Cotton-Pants-n2.png\" \/>\n\t<meta property=\"og:image:width\" content=\"630\" \/>\n\t<meta property=\"og:image:height\" content=\"630\" \/>\n\t<meta property=\"og:image:type\" content=\"image\/png\" \/>\n<meta name=\"twitter:card\" content=\"summary_large_image\" \/>\n<meta name=\"twitter:label1\" content=\"Dur\u00e9e de lecture estim\u00e9e\" \/>\n\t<meta name=\"twitter:data1\" content=\"1 minute\" \/>\n<script type=\"application\/ld+json\" class=\"yoast-schema-graph\">{\"@context\":\"https:\/\/schema.org\",\"@graph\":[{\"@type\":\"WebPage\",\"@id\":\"https:\/\/kidlab.com.tn\/product\/%f0%9f%91%96-classic-comfort-hm-basic-organic-cotton-navy-joggers-2-4m-%f0%9f%92%99\/\",\"url\":\"https:\/\/kidlab.com.tn\/product\/%f0%9f%91%96-classic-comfort-hm-basic-organic-cotton-navy-joggers-2-4m-%f0%9f%92%99\/\",\"name\":\"\ud83d\udc56 Classic Comfort: H&M Basic Organic Cotton Navy Joggers (2-4M) \ud83d\udc99 - KidLab\",\"isPartOf\":{\"@id\":\"https:\/\/kidlab.com.tn\/#website\"},\"primaryImageOfPage\":{\"@id\":\"https:\/\/kidlab.com.tn\/product\/%f0%9f%91%96-classic-comfort-hm-basic-organic-cotton-navy-joggers-2-4m-%f0%9f%92%99\/#primaryimage\"},\"image\":{\"@id\":\"https:\/\/kidlab.com.tn\/product\/%f0%9f%91%96-classic-comfort-hm-basic-organic-cotton-navy-joggers-2-4m-%f0%9f%92%99\/#primaryimage\"},\"thumbnailUrl\":\"https:\/\/kidlab.com.tn\/wp-content\/uploads\/2025\/11\/HM-Baby-Organic-Cotton-Pants-n2.png\",\"datePublished\":\"2025-11-29T00:23:29+00:00\",\"dateModified\":\"2025-12-30T20:05:32+00:00\",\"breadcrumb\":{\"@id\":\"https:\/\/kidlab.com.tn\/product\/%f0%9f%91%96-classic-comfort-hm-basic-organic-cotton-navy-joggers-2-4m-%f0%9f%92%99\/#breadcrumb\"},\"inLanguage\":\"fr-FR\",\"potentialAction\":[{\"@type\":\"ReadAction\",\"target\":[\"https:\/\/kidlab.com.tn\/product\/%f0%9f%91%96-classic-comfort-hm-basic-organic-cotton-navy-joggers-2-4m-%f0%9f%92%99\/\"]}]},{\"@type\":\"ImageObject\",\"inLanguage\":\"fr-FR\",\"@id\":\"https:\/\/kidlab.com.tn\/product\/%f0%9f%91%96-classic-comfort-hm-basic-organic-cotton-navy-joggers-2-4m-%f0%9f%92%99\/#primaryimage\",\"url\":\"https:\/\/kidlab.com.tn\/wp-content\/uploads\/2025\/11\/HM-Baby-Organic-Cotton-Pants-n2.png\",\"contentUrl\":\"https:\/\/kidlab.com.tn\/wp-content\/uploads\/2025\/11\/HM-Baby-Organic-Cotton-Pants-n2.png\",\"width\":630,\"height\":630},{\"@type\":\"BreadcrumbList\",\"@id\":\"https:\/\/kidlab.com.tn\/product\/%f0%9f%91%96-classic-comfort-hm-basic-organic-cotton-navy-joggers-2-4m-%f0%9f%92%99\/#breadcrumb\",\"itemListElement\":[{\"@type\":\"ListItem\",\"position\":1,\"name\":\"Home\",\"item\":\"https:\/\/kidlab.com.tn\/fr\/\"},{\"@type\":\"ListItem\",\"position\":2,\"name\":\"Shop\",\"item\":\"https:\/\/kidlab.com.tn\/shop\/\"},{\"@type\":\"ListItem\",\"position\":3,\"name\":\"\ud83d\udc56 Classic Comfort: H&#038;M Basic Organic Cotton Navy Joggers (2-4M) \ud83d\udc99\"}]},{\"@type\":\"WebSite\",\"@id\":\"https:\/\/kidlab.com.tn\/#website\",\"url\":\"https:\/\/kidlab.com.tn\/\",\"name\":\"KidLab\",\"description\":\"Cute looks, tiny prices, big smiles.\",\"publisher\":{\"@id\":\"https:\/\/kidlab.com.tn\/#organization\"},\"potentialAction\":[{\"@type\":\"SearchAction\",\"target\":{\"@type\":\"EntryPoint\",\"urlTemplate\":\"https:\/\/kidlab.com.tn\/?s={search_term_string}\"},\"query-input\":{\"@type\":\"PropertyValueSpecification\",\"valueRequired\":true,\"valueName\":\"search_term_string\"}}],\"inLanguage\":\"fr-FR\"},{\"@type\":\"Organization\",\"@id\":\"https:\/\/kidlab.com.tn\/#organization\",\"name\":\"KidLab\",\"url\":\"https:\/\/kidlab.com.tn\/\",\"logo\":{\"@type\":\"ImageObject\",\"inLanguage\":\"fr-FR\",\"@id\":\"https:\/\/kidlab.com.tn\/#\/schema\/logo\/image\/\",\"url\":\"https:\/\/kidlab.com.tn\/wp-content\/uploads\/2025\/12\/kidlab-fripe.jpg\",\"contentUrl\":\"https:\/\/kidlab.com.tn\/wp-content\/uploads\/2025\/12\/kidlab-fripe.jpg\",\"width\":400,\"height\":400,\"caption\":\"KidLab\"},\"image\":{\"@id\":\"https:\/\/kidlab.com.tn\/#\/schema\/logo\/image\/\"},\"sameAs\":[\"https:\/\/www.facebook.com\/profile.php?id=61582962640084\",\"https:\/\/www.instagram.com\/kidlab_fripe\"]}]}<\/script>\n<!-- \/ Yoast SEO plugin. -->","yoast_head_json":{"title":"\ud83d\udc56 Classic Comfort: H&M Basic Organic Cotton Navy Joggers (2-4M) \ud83d\udc99 - KidLab","robots":{"index":"index","follow":"follow","max-snippet":"max-snippet:-1","max-image-preview":"max-image-preview:large","max-video-preview":"max-video-preview:-1"},"canonical":"https:\/\/kidlab.com.tn\/fr\/produit\/\ud83d\udc56-classic-comfort-hm-basic-organic-cotton-navy-joggers-2-4m-\ud83d\udc99\/","og_locale":"fr_FR","og_type":"article","og_title":"\ud83d\udc56 Classic Comfort: H&M Basic Organic Cotton Navy Joggers (2-4M) \ud83d\udc99 - KidLab","og_description":"Soft, breathable, and perfect for daily wear! These H&amp;M organic cotton navy joggers offer gentle comfort for babies aged 2\u20134 months. With a stretchy waistband, ribbed cuffs, and sustainable materials, they\u2019re ideal for playtime, naps, and cozy days. Pre-loved, excellent condition, and ready for their next little owner!  An essential navy basic! These soft, organic cotton joggers are the perfect blend of style, comfort, and sustainability for your baby's first few months.","og_url":"https:\/\/kidlab.com.tn\/fr\/produit\/\ud83d\udc56-classic-comfort-hm-basic-organic-cotton-navy-joggers-2-4m-\ud83d\udc99\/","og_site_name":"KidLab","article_publisher":"https:\/\/www.facebook.com\/profile.php?id=61582962640084","article_modified_time":"2025-12-30T20:05:32+00:00","og_image":[{"width":630,"height":630,"url":"https:\/\/kidlab.com.tn\/wp-content\/uploads\/2025\/11\/HM-Baby-Organic-Cotton-Pants-n2.png","type":"image\/png"}],"twitter_card":"summary_large_image","twitter_misc":{"Dur\u00e9e de lecture estim\u00e9e":"1 minute"},"schema":{"@context":"https:\/\/schema.org","@graph":[{"@type":"WebPage","@id":"https:\/\/kidlab.com.tn\/product\/%f0%9f%91%96-classic-comfort-hm-basic-organic-cotton-navy-joggers-2-4m-%f0%9f%92%99\/","url":"https:\/\/kidlab.com.tn\/product\/%f0%9f%91%96-classic-comfort-hm-basic-organic-cotton-navy-joggers-2-4m-%f0%9f%92%99\/","name":"\ud83d\udc56 Classic Comfort: H&M Basic Organic Cotton Navy Joggers (2-4M) \ud83d\udc99 - KidLab","isPartOf":{"@id":"https:\/\/kidlab.com.tn\/#website"},"primaryImageOfPage":{"@id":"https:\/\/kidlab.com.tn\/product\/%f0%9f%91%96-classic-comfort-hm-basic-organic-cotton-navy-joggers-2-4m-%f0%9f%92%99\/#primaryimage"},"image":{"@id":"https:\/\/kidlab.com.tn\/product\/%f0%9f%91%96-classic-comfort-hm-basic-organic-cotton-navy-joggers-2-4m-%f0%9f%92%99\/#primaryimage"},"thumbnailUrl":"https:\/\/kidlab.com.tn\/wp-content\/uploads\/2025\/11\/HM-Baby-Organic-Cotton-Pants-n2.png","datePublished":"2025-11-29T00:23:29+00:00","dateModified":"2025-12-30T20:05:32+00:00","breadcrumb":{"@id":"https:\/\/kidlab.com.tn\/product\/%f0%9f%91%96-classic-comfort-hm-basic-organic-cotton-navy-joggers-2-4m-%f0%9f%92%99\/#breadcrumb"},"inLanguage":"fr-FR","potentialAction":[{"@type":"ReadAction","target":["https:\/\/kidlab.com.tn\/product\/%f0%9f%91%96-classic-comfort-hm-basic-organic-cotton-navy-joggers-2-4m-%f0%9f%92%99\/"]}]},{"@type":"ImageObject","inLanguage":"fr-FR","@id":"https:\/\/kidlab.com.tn\/product\/%f0%9f%91%96-classic-comfort-hm-basic-organic-cotton-navy-joggers-2-4m-%f0%9f%92%99\/#primaryimage","url":"https:\/\/kidlab.com.tn\/wp-content\/uploads\/2025\/11\/HM-Baby-Organic-Cotton-Pants-n2.png","contentUrl":"https:\/\/kidlab.com.tn\/wp-content\/uploads\/2025\/11\/HM-Baby-Organic-Cotton-Pants-n2.png","width":630,"height":630},{"@type":"BreadcrumbList","@id":"https:\/\/kidlab.com.tn\/product\/%f0%9f%91%96-classic-comfort-hm-basic-organic-cotton-navy-joggers-2-4m-%f0%9f%92%99\/#breadcrumb","itemListElement":[{"@type":"ListItem","position":1,"name":"Home","item":"https:\/\/kidlab.com.tn\/fr\/"},{"@type":"ListItem","position":2,"name":"Shop","item":"https:\/\/kidlab.com.tn\/shop\/"},{"@type":"ListItem","position":3,"name":"\ud83d\udc56 Classic Comfort: H&#038;M Basic Organic Cotton Navy Joggers (2-4M) \ud83d\udc99"}]},{"@type":"WebSite","@id":"https:\/\/kidlab.com.tn\/#website","url":"https:\/\/kidlab.com.tn\/","name":"KidLab","description":"Cute looks, tiny prices, big smiles.","publisher":{"@id":"https:\/\/kidlab.com.tn\/#organization"},"potentialAction":[{"@type":"SearchAction","target":{"@type":"EntryPoint","urlTemplate":"https:\/\/kidlab.com.tn\/?s={search_term_string}"},"query-input":{"@type":"PropertyValueSpecification","valueRequired":true,"valueName":"search_term_string"}}],"inLanguage":"fr-FR"},{"@type":"Organization","@id":"https:\/\/kidlab.com.tn\/#organization","name":"KidLab","url":"https:\/\/kidlab.com.tn\/","logo":{"@type":"ImageObject","inLanguage":"fr-FR","@id":"https:\/\/kidlab.com.tn\/#\/schema\/logo\/image\/","url":"https:\/\/kidlab.com.tn\/wp-content\/uploads\/2025\/12\/kidlab-fripe.jpg","contentUrl":"https:\/\/kidlab.com.tn\/wp-content\/uploads\/2025\/12\/kidlab-fripe.jpg","width":400,"height":400,"caption":"KidLab"},"image":{"@id":"https:\/\/kidlab.com.tn\/#\/schema\/logo\/image\/"},"sameAs":["https:\/\/www.facebook.com\/profile.php?id=61582962640084","https:\/\/www.instagram.com\/kidlab_fripe"]}]}},"_links":{"self":[{"href":"https:\/\/kidlab.com.tn\/fr\/wp-json\/wp\/v2\/product\/6251","targetHints":{"allow":["GET"]}}],"collection":[{"href":"https:\/\/kidlab.com.tn\/fr\/wp-json\/wp\/v2\/product"}],"about":[{"href":"https:\/\/kidlab.com.tn\/fr\/wp-json\/wp\/v2\/types\/product"}],"version-history":[{"count":0,"href":"https:\/\/kidlab.com.tn\/fr\/wp-json\/wp\/v2\/product\/6251\/revisions"}],"wp:featuredmedia":[{"embeddable":true,"href":"https:\/\/kidlab.com.tn\/fr\/wp-json\/wp\/v2\/media\/6148"}],"wp:attachment":[{"href":"https:\/\/kidlab.com.tn\/fr\/wp-json\/wp\/v2\/media?parent=6251"}],"wp:term":[{"taxonomy":"product_brand","embeddable":true,"href":"https:\/\/kidlab.com.tn\/fr\/wp-json\/wp\/v2\/product_brand?post=6251"},{"taxonomy":"product_cat","embeddable":true,"href":"https:\/\/kidlab.com.tn\/fr\/wp-json\/wp\/v2\/product_cat?post=6251"},{"taxonomy":"product_tag","embeddable":true,"href":"https:\/\/kidlab.com.tn\/fr\/wp-json\/wp\/v2\/product_tag?post=6251"}],"curies":[{"name":"wp","href":"https:\/\/api.w.org\/{rel}","templated":true}]}}