{"id":6256,"date":"2025-12-01T20:26:43","date_gmt":"2025-12-01T20:26:43","guid":{"rendered":"https:\/\/kids.sportifs.tn\/?post_type=product&#038;p=6256"},"modified":"2025-12-30T20:05:31","modified_gmt":"2025-12-30T20:05:31","slug":"%f0%9f%92%8e-prime-emozioni-baby-knit-cardigan-made-in-italy","status":"publish","type":"product","link":"https:\/\/kidlab.com.tn\/fr\/produit\/%f0%9f%92%8e-prime-emozioni-baby-knit-cardigan-made-in-italy\/","title":{"rendered":"\ud83d\udc8e Gilet b\u00e9b\u00e9 Prime Emozioni en maille \u2013 Fabriqu\u00e9 en Italie"},"content":{"rendered":"<div data-elementor-type=\"wp-post\" data-elementor-id=\"6256\" class=\"elementor elementor-6256\">\n\t\t\t\t\t\t<section class=\"elementor-section elementor-top-section elementor-element elementor-element-33fd861 elementor-section-boxed elementor-section-height-default elementor-section-height-default\" data-id=\"33fd861\" data-element_type=\"section\">\n\t\t\t\t\t\t<div class=\"elementor-container elementor-column-gap-no\">\n\t\t\t\t\t<div class=\"elementor-column elementor-col-100 elementor-top-column elementor-element elementor-element-8f1ab81\" data-id=\"8f1ab81\" data-element_type=\"column\">\n\t\t\t<div class=\"elementor-widget-wrap elementor-element-populated\">\n\t\t\t\t\t\t<div class=\"elementor-element elementor-element-a652374 elementor-widget elementor-widget-text-editor\" data-id=\"a652374\" data-element_type=\"widget\" data-widget_type=\"text-editor.default\">\n\t\t\t\t\t\t\t\t\t<h3><b>\ud83d\udc8e Gilet b\u00e9b\u00e9 Prime Emozioni en maille \u2013 Fabriqu\u00e9 en Italie<\/b><\/h3><p><span style=\"font-weight: 400;\">Enveloppez votre tout-petit d'une \u00e9l\u00e9gance intemporelle avec <\/span><b>ce cardigan b\u00e9b\u00e9 d'une douceur luxueuse,<\/b><span style=\"font-weight: 400;\"> sign\u00e9 <\/span><b>Prime Emozioni<\/b><span style=\"font-weight: 400;\">, une marque italienne. Confectionn\u00e9 avec un souci exceptionnel du d\u00e9tail, il refl\u00e8te le charme d\u00e9licat et la qualit\u00e9 qui font la renomm\u00e9e des v\u00eatements pour b\u00e9b\u00e9s italiens.<\/span><\/p><p><span style=\"font-weight: 400;\">Initiez votre tout-petit \u00e0 son premier indispensable douillet avec ce magnifique <\/span><b>cardigan Prime Emozioni, confectionn\u00e9 en Italie.<\/b><span style=\"font-weight: 400;\">D'un <\/span><b>bleu pastel apaisant<\/b><span style=\"font-weight: 400;\"> et r\u00e9alis\u00e9 dans un luxueux m\u00e9lange de laine, ce v\u00eatement offre un \u00e9quilibre parfait entre chaleur, douceur et charme intemporel.<\/span><\/p><p><span style=\"font-weight: 400;\">Ce cardigan est compos\u00e9 \u00e0 <\/span><b>\u00e0 50 % de laine (Lana)<\/b><span style=\"font-weight: 400;\"> et <\/span><b>\u00e0 50 % d'acrylique,<\/b><span style=\"font-weight: 400;\">ce qui vous offre\u00a0:<\/span><\/p><ul><li style=\"font-weight: 400;\" aria-level=\"1\"><span style=\"font-weight: 400;\">La chaleur et la douceur naturelles de la laine<\/span><span style=\"font-weight: 400;\"><br \/><\/span><\/li><li style=\"font-weight: 400;\" aria-level=\"1\"><span style=\"font-weight: 400;\">La durabilit\u00e9, la l\u00e9g\u00e8ret\u00e9 et le confort d'entretien facile de l'acrylique<\/span><span style=\"font-weight: 400;\"><br \/><\/span><\/li><li style=\"font-weight: 400;\" aria-level=\"1\"><span style=\"font-weight: 400;\">Un tricot respirant, id\u00e9al pour la peau des nouveau-n\u00e9s.<\/span><span style=\"font-weight: 400;\"><br \/><\/span><\/li><\/ul><h3><b>\ud83d\udc3b D\u00e9tails charmants de style artisanal<\/b><\/h3><p><span style=\"font-weight: 400;\">La face avant pr\u00e9sente d'adorables \u00e9l\u00e9ments d\u00e9coratifs qui transforment cette pi\u00e8ce simple en un objet vraiment exceptionnel\u00a0:<\/span><\/p><ul><li style=\"font-weight: 400;\" aria-level=\"1\"><span style=\"font-weight: 400;\">un <\/span><b>appliqu\u00e9 d'ours en peluche ultra-doux<\/b><b><br \/><\/b><\/li><li style=\"font-weight: 400;\" aria-level=\"1\"><span style=\"font-weight: 400;\">Deux <\/span><b>\u00e9cussons en losange tricot\u00e9s<\/b><span style=\"font-weight: 400;\"> avec des coutures textur\u00e9es<\/span><span style=\"font-weight: 400;\"><br \/><\/span><\/li><li style=\"font-weight: 400;\" aria-level=\"1\"><span style=\"font-weight: 400;\">Cardigan <\/span><b>classique \u00e0 col en V<\/b><span style=\"font-weight: 400;\"> orn\u00e9 de petits boutons blanc perle<\/span><span style=\"font-weight: 400;\"><br \/><\/span><\/li><li style=\"font-weight: 400;\" aria-level=\"1\"><span style=\"font-weight: 400;\">Poignets et ourlet c\u00f4tel\u00e9s pour un ajustement parfait et confortable<\/span><span style=\"font-weight: 400;\"><br \/><\/span><\/li><\/ul><h3><b>\ud83c\uddee\ud83c\uddf9 Authentique savoir-faire italien<\/b><span style=\"font-weight: 400;\"><br \/><\/span><\/h3><p><span style=\"font-weight: 400;\">Ce cardigan est non seulement adorable, mais il est aussi con\u00e7u pour durer et r\u00e9alis\u00e9 avec un souci exceptionnel du d\u00e9tail.<\/span><\/p><h2><b>\ud83d\udcac Pourquoi vous allez l'adorer<\/b><\/h2><p><span style=\"font-weight: 400;\">Ce cardigan de fabrication italienne allie confort, charme et praticit\u00e9. Son m\u00e9lange de laine garde b\u00e9b\u00e9 bien au chaud, tandis que son adorable appliqu\u00e9 ourson apporte une touche de douceur que les parents adorent. Un parfait m\u00e9lange de style et de douceur, et un magnifique ajout \u00e0 la garde-robe de tout nouveau-n\u00e9.<\/span><\/p>\t\t\t\t\t\t\t\t<\/div>\n\t\t\t\t\t<\/div>\n\t\t<\/div>\n\t\t\t\t\t<\/div>\n\t\t<\/section>\n\t\t\t\t<\/div>","protected":false},"excerpt":{"rendered":"<p><b>\u2601\ufe0f Gilet Doux R\u00eaves : Tricot bleu ciel avec appliqu\u00e9 ourson (Nouveau-n\u00e9\/Nouveau-n\u00e9)<\/b><\/p>\n<p><span style=\"font-weight: 400;\">Enveloppez votre nouveau-n\u00e9 d'un confort italien intemporel avec ce cardigan bleu ciel en maille Prime Emozioni. Confectionn\u00e9 dans un m\u00e9lange de laine et d'acrylique de qualit\u00e9 sup\u00e9rieure et orn\u00e9 d'un adorable appliqu\u00e9 ourson en peluche, ce doux pull \u00e0 col V est id\u00e9al pour les premi\u00e8res sorties, les s\u00e9ances photo et pour rester bien au chaud au quotidien.<\/span><\/p>","protected":false},"featured_media":6151,"template":"","meta":[],"product_brand":[304],"product_cat":[132,94,140,146],"product_tag":[279,283,278,265,267,302,281],"class_list":{"0":"post-6256","1":"product","2":"type-product","3":"status-publish","4":"has-post-thumbnail","6":"product_brand-prime-emozioni","7":"product_cat-bebe-garcon-0-mois-36-mois","8":"product_cat-bebe-fille-0-mois-36-mois","9":"product_cat-manteaux-doudounes-cires-bebe-fille-0-mois-36-mois","10":"product_cat-manteaux-doudounes-cires","11":"product_tag-babyclothessale","12":"product_tag-eco-friendly-second-hand","13":"product_tag-ecobabyfashion","14":"product_tag-secondhandbabyclothes","15":"product_tag-sustainablekidsfashion","16":"product_tag-unisexbabyclothes","17":"product_tag-winter-collection","18":"pa_color-baby-blue","19":"pa_size-0-3-months","22":"instock","23":"featured","24":"sold-individually","25":"shipping-taxable","26":"purchasable","27":"product-type-simple"},"yoast_head":"<!-- This site is optimized with the Yoast SEO plugin v26.4 - https:\/\/yoast.com\/wordpress\/plugins\/seo\/ -->\n<title>\ud83d\udc8e Prime Emozioni Baby Knit Cardigan \u2013 Made in Italy - KidLab<\/title>\n<meta name=\"robots\" content=\"index, follow, max-snippet:-1, max-image-preview:large, max-video-preview:-1\" \/>\n<link rel=\"canonical\" href=\"https:\/\/kidlab.com.tn\/fr\/produit\/\ud83d\udc8e-prime-emozioni-baby-knit-cardigan-made-in-italy\/\" \/>\n<meta property=\"og:locale\" content=\"fr_FR\" \/>\n<meta property=\"og:type\" content=\"article\" \/>\n<meta property=\"og:title\" content=\"\ud83d\udc8e Prime Emozioni Baby Knit Cardigan \u2013 Made in Italy - KidLab\" \/>\n<meta property=\"og:description\" content=\"\u2601\ufe0f Sweet Dreams Cardigan: Baby Blue Knit with Teddy Bear Appliqu\u00e9 (Newborn\/Infant)  Wrap your newborn in timeless Italian comfort with this Prime Emozioni baby blue knit cardigan. Made from a premium wool-acrylic blend and finished with an adorable plush teddy bear appliqu\u00e9, this soft V-neck sweater is perfect for first outings, photoshoots, and everyday warmth.\" \/>\n<meta property=\"og:url\" content=\"https:\/\/kidlab.com.tn\/fr\/produit\/\ud83d\udc8e-prime-emozioni-baby-knit-cardigan-made-in-italy\/\" \/>\n<meta property=\"og:site_name\" content=\"KidLab\" \/>\n<meta property=\"article:publisher\" content=\"https:\/\/www.facebook.com\/profile.php?id=61582962640084\" \/>\n<meta property=\"article:modified_time\" content=\"2025-12-30T20:05:31+00:00\" \/>\n<meta property=\"og:image\" content=\"https:\/\/kidlab.com.tn\/wp-content\/uploads\/2025\/11\/Prime-Emozioni-Baby-Knit-Cardigan-n1.png\" \/>\n\t<meta property=\"og:image:width\" content=\"630\" \/>\n\t<meta property=\"og:image:height\" content=\"630\" \/>\n\t<meta property=\"og:image:type\" content=\"image\/png\" \/>\n<meta name=\"twitter:card\" content=\"summary_large_image\" \/>\n<meta name=\"twitter:label1\" content=\"Dur\u00e9e de lecture estim\u00e9e\" \/>\n\t<meta name=\"twitter:data1\" content=\"2 minutes\" \/>\n<script type=\"application\/ld+json\" class=\"yoast-schema-graph\">{\"@context\":\"https:\/\/schema.org\",\"@graph\":[{\"@type\":\"WebPage\",\"@id\":\"https:\/\/kidlab.com.tn\/product\/%f0%9f%92%8e-prime-emozioni-baby-knit-cardigan-made-in-italy\/\",\"url\":\"https:\/\/kidlab.com.tn\/product\/%f0%9f%92%8e-prime-emozioni-baby-knit-cardigan-made-in-italy\/\",\"name\":\"\ud83d\udc8e Prime Emozioni Baby Knit Cardigan \u2013 Made in Italy - KidLab\",\"isPartOf\":{\"@id\":\"https:\/\/kidlab.com.tn\/#website\"},\"primaryImageOfPage\":{\"@id\":\"https:\/\/kidlab.com.tn\/product\/%f0%9f%92%8e-prime-emozioni-baby-knit-cardigan-made-in-italy\/#primaryimage\"},\"image\":{\"@id\":\"https:\/\/kidlab.com.tn\/product\/%f0%9f%92%8e-prime-emozioni-baby-knit-cardigan-made-in-italy\/#primaryimage\"},\"thumbnailUrl\":\"https:\/\/kidlab.com.tn\/wp-content\/uploads\/2025\/11\/Prime-Emozioni-Baby-Knit-Cardigan-n1.png\",\"datePublished\":\"2025-12-01T20:26:43+00:00\",\"dateModified\":\"2025-12-30T20:05:31+00:00\",\"breadcrumb\":{\"@id\":\"https:\/\/kidlab.com.tn\/product\/%f0%9f%92%8e-prime-emozioni-baby-knit-cardigan-made-in-italy\/#breadcrumb\"},\"inLanguage\":\"fr-FR\",\"potentialAction\":[{\"@type\":\"ReadAction\",\"target\":[\"https:\/\/kidlab.com.tn\/product\/%f0%9f%92%8e-prime-emozioni-baby-knit-cardigan-made-in-italy\/\"]}]},{\"@type\":\"ImageObject\",\"inLanguage\":\"fr-FR\",\"@id\":\"https:\/\/kidlab.com.tn\/product\/%f0%9f%92%8e-prime-emozioni-baby-knit-cardigan-made-in-italy\/#primaryimage\",\"url\":\"https:\/\/kidlab.com.tn\/wp-content\/uploads\/2025\/11\/Prime-Emozioni-Baby-Knit-Cardigan-n1.png\",\"contentUrl\":\"https:\/\/kidlab.com.tn\/wp-content\/uploads\/2025\/11\/Prime-Emozioni-Baby-Knit-Cardigan-n1.png\",\"width\":630,\"height\":630},{\"@type\":\"BreadcrumbList\",\"@id\":\"https:\/\/kidlab.com.tn\/product\/%f0%9f%92%8e-prime-emozioni-baby-knit-cardigan-made-in-italy\/#breadcrumb\",\"itemListElement\":[{\"@type\":\"ListItem\",\"position\":1,\"name\":\"Home\",\"item\":\"https:\/\/kidlab.com.tn\/fr\/\"},{\"@type\":\"ListItem\",\"position\":2,\"name\":\"Shop\",\"item\":\"https:\/\/kidlab.com.tn\/shop\/\"},{\"@type\":\"ListItem\",\"position\":3,\"name\":\"\ud83d\udc8e Prime Emozioni Baby Knit Cardigan \u2013 Made in Italy\"}]},{\"@type\":\"WebSite\",\"@id\":\"https:\/\/kidlab.com.tn\/#website\",\"url\":\"https:\/\/kidlab.com.tn\/\",\"name\":\"KidLab\",\"description\":\"Cute looks, tiny prices, big smiles.\",\"publisher\":{\"@id\":\"https:\/\/kidlab.com.tn\/#organization\"},\"potentialAction\":[{\"@type\":\"SearchAction\",\"target\":{\"@type\":\"EntryPoint\",\"urlTemplate\":\"https:\/\/kidlab.com.tn\/?s={search_term_string}\"},\"query-input\":{\"@type\":\"PropertyValueSpecification\",\"valueRequired\":true,\"valueName\":\"search_term_string\"}}],\"inLanguage\":\"fr-FR\"},{\"@type\":\"Organization\",\"@id\":\"https:\/\/kidlab.com.tn\/#organization\",\"name\":\"KidLab\",\"url\":\"https:\/\/kidlab.com.tn\/\",\"logo\":{\"@type\":\"ImageObject\",\"inLanguage\":\"fr-FR\",\"@id\":\"https:\/\/kidlab.com.tn\/#\/schema\/logo\/image\/\",\"url\":\"https:\/\/kidlab.com.tn\/wp-content\/uploads\/2025\/12\/kidlab-fripe.jpg\",\"contentUrl\":\"https:\/\/kidlab.com.tn\/wp-content\/uploads\/2025\/12\/kidlab-fripe.jpg\",\"width\":400,\"height\":400,\"caption\":\"KidLab\"},\"image\":{\"@id\":\"https:\/\/kidlab.com.tn\/#\/schema\/logo\/image\/\"},\"sameAs\":[\"https:\/\/www.facebook.com\/profile.php?id=61582962640084\",\"https:\/\/www.instagram.com\/kidlab_fripe\"]}]}<\/script>\n<!-- \/ Yoast SEO plugin. -->","yoast_head_json":{"title":"\ud83d\udc8e Prime Emozioni Baby Knit Cardigan \u2013 Made in Italy - KidLab","robots":{"index":"index","follow":"follow","max-snippet":"max-snippet:-1","max-image-preview":"max-image-preview:large","max-video-preview":"max-video-preview:-1"},"canonical":"https:\/\/kidlab.com.tn\/fr\/produit\/\ud83d\udc8e-prime-emozioni-baby-knit-cardigan-made-in-italy\/","og_locale":"fr_FR","og_type":"article","og_title":"\ud83d\udc8e Prime Emozioni Baby Knit Cardigan \u2013 Made in Italy - KidLab","og_description":"\u2601\ufe0f Sweet Dreams Cardigan: Baby Blue Knit with Teddy Bear Appliqu\u00e9 (Newborn\/Infant)  Wrap your newborn in timeless Italian comfort with this Prime Emozioni baby blue knit cardigan. Made from a premium wool-acrylic blend and finished with an adorable plush teddy bear appliqu\u00e9, this soft V-neck sweater is perfect for first outings, photoshoots, and everyday warmth.","og_url":"https:\/\/kidlab.com.tn\/fr\/produit\/\ud83d\udc8e-prime-emozioni-baby-knit-cardigan-made-in-italy\/","og_site_name":"KidLab","article_publisher":"https:\/\/www.facebook.com\/profile.php?id=61582962640084","article_modified_time":"2025-12-30T20:05:31+00:00","og_image":[{"width":630,"height":630,"url":"https:\/\/kidlab.com.tn\/wp-content\/uploads\/2025\/11\/Prime-Emozioni-Baby-Knit-Cardigan-n1.png","type":"image\/png"}],"twitter_card":"summary_large_image","twitter_misc":{"Dur\u00e9e de lecture estim\u00e9e":"2 minutes"},"schema":{"@context":"https:\/\/schema.org","@graph":[{"@type":"WebPage","@id":"https:\/\/kidlab.com.tn\/product\/%f0%9f%92%8e-prime-emozioni-baby-knit-cardigan-made-in-italy\/","url":"https:\/\/kidlab.com.tn\/product\/%f0%9f%92%8e-prime-emozioni-baby-knit-cardigan-made-in-italy\/","name":"\ud83d\udc8e Prime Emozioni Baby Knit Cardigan \u2013 Made in Italy - KidLab","isPartOf":{"@id":"https:\/\/kidlab.com.tn\/#website"},"primaryImageOfPage":{"@id":"https:\/\/kidlab.com.tn\/product\/%f0%9f%92%8e-prime-emozioni-baby-knit-cardigan-made-in-italy\/#primaryimage"},"image":{"@id":"https:\/\/kidlab.com.tn\/product\/%f0%9f%92%8e-prime-emozioni-baby-knit-cardigan-made-in-italy\/#primaryimage"},"thumbnailUrl":"https:\/\/kidlab.com.tn\/wp-content\/uploads\/2025\/11\/Prime-Emozioni-Baby-Knit-Cardigan-n1.png","datePublished":"2025-12-01T20:26:43+00:00","dateModified":"2025-12-30T20:05:31+00:00","breadcrumb":{"@id":"https:\/\/kidlab.com.tn\/product\/%f0%9f%92%8e-prime-emozioni-baby-knit-cardigan-made-in-italy\/#breadcrumb"},"inLanguage":"fr-FR","potentialAction":[{"@type":"ReadAction","target":["https:\/\/kidlab.com.tn\/product\/%f0%9f%92%8e-prime-emozioni-baby-knit-cardigan-made-in-italy\/"]}]},{"@type":"ImageObject","inLanguage":"fr-FR","@id":"https:\/\/kidlab.com.tn\/product\/%f0%9f%92%8e-prime-emozioni-baby-knit-cardigan-made-in-italy\/#primaryimage","url":"https:\/\/kidlab.com.tn\/wp-content\/uploads\/2025\/11\/Prime-Emozioni-Baby-Knit-Cardigan-n1.png","contentUrl":"https:\/\/kidlab.com.tn\/wp-content\/uploads\/2025\/11\/Prime-Emozioni-Baby-Knit-Cardigan-n1.png","width":630,"height":630},{"@type":"BreadcrumbList","@id":"https:\/\/kidlab.com.tn\/product\/%f0%9f%92%8e-prime-emozioni-baby-knit-cardigan-made-in-italy\/#breadcrumb","itemListElement":[{"@type":"ListItem","position":1,"name":"Home","item":"https:\/\/kidlab.com.tn\/fr\/"},{"@type":"ListItem","position":2,"name":"Shop","item":"https:\/\/kidlab.com.tn\/shop\/"},{"@type":"ListItem","position":3,"name":"\ud83d\udc8e Prime Emozioni Baby Knit Cardigan \u2013 Made in Italy"}]},{"@type":"WebSite","@id":"https:\/\/kidlab.com.tn\/#website","url":"https:\/\/kidlab.com.tn\/","name":"KidLab","description":"Cute looks, tiny prices, big smiles.","publisher":{"@id":"https:\/\/kidlab.com.tn\/#organization"},"potentialAction":[{"@type":"SearchAction","target":{"@type":"EntryPoint","urlTemplate":"https:\/\/kidlab.com.tn\/?s={search_term_string}"},"query-input":{"@type":"PropertyValueSpecification","valueRequired":true,"valueName":"search_term_string"}}],"inLanguage":"fr-FR"},{"@type":"Organization","@id":"https:\/\/kidlab.com.tn\/#organization","name":"KidLab","url":"https:\/\/kidlab.com.tn\/","logo":{"@type":"ImageObject","inLanguage":"fr-FR","@id":"https:\/\/kidlab.com.tn\/#\/schema\/logo\/image\/","url":"https:\/\/kidlab.com.tn\/wp-content\/uploads\/2025\/12\/kidlab-fripe.jpg","contentUrl":"https:\/\/kidlab.com.tn\/wp-content\/uploads\/2025\/12\/kidlab-fripe.jpg","width":400,"height":400,"caption":"KidLab"},"image":{"@id":"https:\/\/kidlab.com.tn\/#\/schema\/logo\/image\/"},"sameAs":["https:\/\/www.facebook.com\/profile.php?id=61582962640084","https:\/\/www.instagram.com\/kidlab_fripe"]}]}},"_links":{"self":[{"href":"https:\/\/kidlab.com.tn\/fr\/wp-json\/wp\/v2\/product\/6256","targetHints":{"allow":["GET"]}}],"collection":[{"href":"https:\/\/kidlab.com.tn\/fr\/wp-json\/wp\/v2\/product"}],"about":[{"href":"https:\/\/kidlab.com.tn\/fr\/wp-json\/wp\/v2\/types\/product"}],"version-history":[{"count":0,"href":"https:\/\/kidlab.com.tn\/fr\/wp-json\/wp\/v2\/product\/6256\/revisions"}],"wp:featuredmedia":[{"embeddable":true,"href":"https:\/\/kidlab.com.tn\/fr\/wp-json\/wp\/v2\/media\/6151"}],"wp:attachment":[{"href":"https:\/\/kidlab.com.tn\/fr\/wp-json\/wp\/v2\/media?parent=6256"}],"wp:term":[{"taxonomy":"product_brand","embeddable":true,"href":"https:\/\/kidlab.com.tn\/fr\/wp-json\/wp\/v2\/product_brand?post=6256"},{"taxonomy":"product_cat","embeddable":true,"href":"https:\/\/kidlab.com.tn\/fr\/wp-json\/wp\/v2\/product_cat?post=6256"},{"taxonomy":"product_tag","embeddable":true,"href":"https:\/\/kidlab.com.tn\/fr\/wp-json\/wp\/v2\/product_tag?post=6256"}],"curies":[{"name":"wp","href":"https:\/\/api.w.org\/{rel}","templated":true}]}}