{"id":6264,"date":"2025-12-01T20:48:02","date_gmt":"2025-12-01T20:48:02","guid":{"rendered":"https:\/\/kids.sportifs.tn\/?post_type=product&#038;p=6264"},"modified":"2025-12-30T20:05:31","modified_gmt":"2025-12-30T20:05:31","slug":"%e2%9c%a8-baby-unisex-printed-soft-cotton-pants-3-months-59-cm-tape-a-loeil","status":"publish","type":"product","link":"https:\/\/kidlab.com.tn\/fr\/produit\/%e2%9c%a8-baby-unisex-printed-soft-cotton-pants-3-months-59-cm-tape-a-loeil\/","title":{"rendered":"\u2728 Pantalon B\u00e9b\u00e9 Unisexe Imprim\u00e9 en Coton Doux \u2013 3 Mois (59 cm) | Tape \u00e0 l'oeil"},"content":{"rendered":"<div data-elementor-type=\"wp-post\" data-elementor-id=\"6264\" class=\"elementor elementor-6264\">\n\t\t\t\t\t\t<section class=\"elementor-section elementor-top-section elementor-element elementor-element-33fd861 elementor-section-boxed elementor-section-height-default elementor-section-height-default\" data-id=\"33fd861\" data-element_type=\"section\">\n\t\t\t\t\t\t<div class=\"elementor-container elementor-column-gap-no\">\n\t\t\t\t\t<div class=\"elementor-column elementor-col-100 elementor-top-column elementor-element elementor-element-8f1ab81\" data-id=\"8f1ab81\" data-element_type=\"column\">\n\t\t\t<div class=\"elementor-widget-wrap elementor-element-populated\">\n\t\t\t\t\t\t<div class=\"elementor-element elementor-element-a652374 elementor-widget elementor-widget-text-editor\" data-id=\"a652374\" data-element_type=\"widget\" data-widget_type=\"text-editor.default\">\n\t\t\t\t\t\t\t\t\t<p><b>Pantalon Souple Imprim\u00e9 B\u00e9b\u00e9 Tape \u00e0 l\u2019Oeil \u2013 3M \/ 59 cm<\/b><\/p><p><span style=\"font-weight: 400;\">Offrez \u00e0 votre b\u00e9b\u00e9 un parfait \u00e9quilibre entre confort, douceur et style ludique. Ce pantalon imprim\u00e9 <\/span><b>Tape \u00c0 L\u2019Oeil<\/b><span style=\"font-weight: 400;\"> est con\u00e7u pour les b\u00e9b\u00e9s d\u00e8s <\/span><b>3 mois (59 cm)<\/b><span style=\"font-weight: 400;\"> et arbore un motif abstrait multicolore unique qui \u00e9gaye instantan\u00e9ment toutes les tenues.. Compos\u00e9 \u00e0 <\/span><b>70% cotton<\/b><span style=\"font-weight: 400;\">, il est doux pour la peau sensible de b\u00e9b\u00e9, et enrichi de <\/span><b>de polyester et d\u2019\u00e9lasthanne<\/b><span style=\"font-weight: 400;\"> pour plus de souplesse et de r\u00e9sistance.<\/span><\/p><p><span style=\"font-weight: 400;\">Sa taille \u00e9lastique assure un maintien optimal et un confort parfait, tandis que son tissu l\u00e9ger le rend id\u00e9al au quotidien, des matins cocooning \u00e0 la maison aux sorties entre amis. Chaque pi\u00e8ce Tape \u00c0 L\u2019Oeil apporte une touche de charme fran\u00e7ais, et celle-ci ne fait pas exception. D\u2019occasion mais en excellent \u00e9tat, soigneusement v\u00e9rifi\u00e9e par KidLab Fripe.<\/span><\/p><p><span style=\"font-weight: 400;\">Id\u00e9al pour les parents qui recherchent qualit\u00e9, durabilit\u00e9 et style adorable \u2014 le tout en un seul produit.<\/span><\/p><p><b>Description de style narratif<\/b><\/p><p><span style=\"font-weight: 400;\">Chez KidLab Fripe, nous adorons les pi\u00e8ces qui procurent de petites bouff\u00e9es de joie \u2014 et celle-ci y parvient parfaitement.<\/span><span style=\"font-weight: 400;\"><br \/><\/span><span style=\"font-weight: 400;\"> Ce pantalon color\u00e9 de <\/span><b>Tape \u00c0 L\u2019Oeil<\/b><span style=\"font-weight: 400;\"> Con\u00e7ues pour les petits explorateurs qui d\u00e9couvrent le monde \u00e0 petits pas, ces chaussures arborent un imprim\u00e9 joyeux et ludique, comme de minuscules coups de pinceau de bonheur. Le coton doux enveloppe d\u00e9licatement b\u00e9b\u00e9, pour des mouvements confortables et libres.<\/span><\/p><p><span style=\"font-weight: 400;\">Que votre b\u00e9b\u00e9 sourie dans sa poussette ou fasse une sieste paisible \u00e0 la maison, ce pantalon apporte une touche de douceur et d'\u00e9l\u00e9gance. Choisi avec amour, v\u00e9rifi\u00e9 avec soin et pr\u00eat \u00e0 \u00e9crire une nouvelle histoire avec votre petit ange.<\/span><\/p>\t\t\t\t\t\t\t\t<\/div>\n\t\t\t\t\t<\/div>\n\t\t<\/div>\n\t\t\t\t\t<\/div>\n\t\t<\/section>\n\t\t\t\t<\/div>","protected":false},"excerpt":{"rendered":"<p><b>Pantalon Souple Imprim\u00e9 B\u00e9b\u00e9 Tape \u00e0 l\u2019Oeil \u2013 3M \/ 59 cm<\/b><\/p>\n<p><span style=\"font-weight: 400;\">Offrez \u00e0 votre tout-petit un parfait \u00e9quilibre entre confort, douceur et style avec ces adorables pantalons <\/span><b>Tape \u00e0 l\u2019Oeil (TAO)<\/b><span style=\"font-weight: 400;\"> Con\u00e7us pour les b\u00e9b\u00e9s d\u2019environ <\/span><b>3 mois \/ 59 cm,<\/b><span style=\"font-weight: 400;\">ces pantalons allient praticit\u00e9 au quotidien et un look artistique irr\u00e9sistible.<\/span><\/p>\n<p><span style=\"font-weight: 400;\">Doux, extensibles et color\u00e9s, ces pantalons Tape \u00e0 l\u2019Oeil offrent confort et style \u00e0 votre tout-petit. Confectionn\u00e9s dans un m\u00e9lange de coton respirant, ils gardent votre b\u00e9b\u00e9 bien au chaud tout en lui laissant une grande libert\u00e9 de mouvement. Parfaits au quotidien.<\/span><\/p>","protected":false},"featured_media":6121,"template":"","meta":[],"product_brand":[308],"product_cat":[132,94,139,128,136,144],"product_tag":[279,283,278,265,267,302],"class_list":{"0":"post-6264","1":"product","2":"type-product","3":"status-publish","4":"has-post-thumbnail","6":"product_brand-tape-a-loeil-tao","7":"product_cat-bebe-garcon-0-mois-36-mois","8":"product_cat-bebe-fille-0-mois-36-mois","9":"product_cat-pantalons-leggings-shorts-bebe-fille-0-mois-36-mois","10":"product_cat-pyjamas-bodies","11":"product_cat-garcon-pyjama-bodies","12":"product_cat-pantalons-jogging-shorts","13":"product_tag-babyclothessale","14":"product_tag-eco-friendly-second-hand","15":"product_tag-ecobabyfashion","16":"product_tag-secondhandbabyclothes","17":"product_tag-sustainablekidsfashion","18":"product_tag-unisexbabyclothes","19":"pa_color-brick-red","20":"pa_color-forest-green","21":"pa_color-soft-beige","22":"pa_size-0-3-months","25":"instock","26":"featured","27":"sold-individually","28":"shipping-taxable","29":"purchasable","30":"product-type-simple"},"yoast_head":"<!-- This site is optimized with the Yoast SEO plugin v26.4 - https:\/\/yoast.com\/wordpress\/plugins\/seo\/ -->\n<title>\u2728 Baby Unisex Printed Soft Cotton Pants \u2013 3 Months (59 cm) | Tape \u00e0 l\u2019Oeil - KidLab<\/title>\n<meta name=\"robots\" content=\"index, follow, max-snippet:-1, max-image-preview:large, max-video-preview:-1\" \/>\n<link rel=\"canonical\" href=\"https:\/\/kidlab.com.tn\/fr\/produit\/\u2728-baby-unisex-printed-soft-cotton-pants-3-months-59-cm-tape-a-loeil\/\" \/>\n<meta property=\"og:locale\" content=\"fr_FR\" \/>\n<meta property=\"og:type\" content=\"article\" \/>\n<meta property=\"og:title\" content=\"\u2728 Baby Unisex Printed Soft Cotton Pants \u2013 3 Months (59 cm) | Tape \u00e0 l\u2019Oeil - KidLab\" \/>\n<meta property=\"og:description\" content=\"Tape \u00e0 l\u2019Oeil Baby Printed Soft Pants \u2013 3M \/ 59 cm  Give your little one the perfect mix of comfort, softness, and style with these adorable Tape \u00e0 l\u2019Oeil (TAO) baby pants. Designed for babies around 3 months \/ 59 cm, these pants offer both everyday practicality and an eye-catching artistic look.  Soft, stretchy, and full of color \u2014 these Tape \u00e0 l\u2019Oeil baby pants offer comfort and style for your little one. Made from a breathable cotton blend, they keep your baby cozy while allowing easy movement. Perfect for everyday wear.\" \/>\n<meta property=\"og:url\" content=\"https:\/\/kidlab.com.tn\/fr\/produit\/\u2728-baby-unisex-printed-soft-cotton-pants-3-months-59-cm-tape-a-loeil\/\" \/>\n<meta property=\"og:site_name\" content=\"KidLab\" \/>\n<meta property=\"article:publisher\" content=\"https:\/\/www.facebook.com\/profile.php?id=61582962640084\" \/>\n<meta property=\"article:modified_time\" content=\"2025-12-30T20:05:31+00:00\" \/>\n<meta property=\"og:image\" content=\"https:\/\/kidlab.com.tn\/wp-content\/uploads\/2025\/11\/Baby-Unisex-Printed-Soft-Cotton-Pants-1.png\" \/>\n\t<meta property=\"og:image:width\" content=\"630\" \/>\n\t<meta property=\"og:image:height\" content=\"630\" \/>\n\t<meta property=\"og:image:type\" content=\"image\/png\" \/>\n<meta name=\"twitter:card\" content=\"summary_large_image\" \/>\n<meta name=\"twitter:label1\" content=\"Dur\u00e9e de lecture estim\u00e9e\" \/>\n\t<meta name=\"twitter:data1\" content=\"2 minutes\" \/>\n<script type=\"application\/ld+json\" class=\"yoast-schema-graph\">{\"@context\":\"https:\/\/schema.org\",\"@graph\":[{\"@type\":\"WebPage\",\"@id\":\"https:\/\/kidlab.com.tn\/product\/%e2%9c%a8-baby-unisex-printed-soft-cotton-pants-3-months-59-cm-tape-a-loeil\/\",\"url\":\"https:\/\/kidlab.com.tn\/product\/%e2%9c%a8-baby-unisex-printed-soft-cotton-pants-3-months-59-cm-tape-a-loeil\/\",\"name\":\"\u2728 Baby Unisex Printed Soft Cotton Pants \u2013 3 Months (59 cm) | Tape \u00e0 l\u2019Oeil - KidLab\",\"isPartOf\":{\"@id\":\"https:\/\/kidlab.com.tn\/#website\"},\"primaryImageOfPage\":{\"@id\":\"https:\/\/kidlab.com.tn\/product\/%e2%9c%a8-baby-unisex-printed-soft-cotton-pants-3-months-59-cm-tape-a-loeil\/#primaryimage\"},\"image\":{\"@id\":\"https:\/\/kidlab.com.tn\/product\/%e2%9c%a8-baby-unisex-printed-soft-cotton-pants-3-months-59-cm-tape-a-loeil\/#primaryimage\"},\"thumbnailUrl\":\"https:\/\/kidlab.com.tn\/wp-content\/uploads\/2025\/11\/Baby-Unisex-Printed-Soft-Cotton-Pants-1.png\",\"datePublished\":\"2025-12-01T20:48:02+00:00\",\"dateModified\":\"2025-12-30T20:05:31+00:00\",\"breadcrumb\":{\"@id\":\"https:\/\/kidlab.com.tn\/product\/%e2%9c%a8-baby-unisex-printed-soft-cotton-pants-3-months-59-cm-tape-a-loeil\/#breadcrumb\"},\"inLanguage\":\"fr-FR\",\"potentialAction\":[{\"@type\":\"ReadAction\",\"target\":[\"https:\/\/kidlab.com.tn\/product\/%e2%9c%a8-baby-unisex-printed-soft-cotton-pants-3-months-59-cm-tape-a-loeil\/\"]}]},{\"@type\":\"ImageObject\",\"inLanguage\":\"fr-FR\",\"@id\":\"https:\/\/kidlab.com.tn\/product\/%e2%9c%a8-baby-unisex-printed-soft-cotton-pants-3-months-59-cm-tape-a-loeil\/#primaryimage\",\"url\":\"https:\/\/kidlab.com.tn\/wp-content\/uploads\/2025\/11\/Baby-Unisex-Printed-Soft-Cotton-Pants-1.png\",\"contentUrl\":\"https:\/\/kidlab.com.tn\/wp-content\/uploads\/2025\/11\/Baby-Unisex-Printed-Soft-Cotton-Pants-1.png\",\"width\":630,\"height\":630},{\"@type\":\"BreadcrumbList\",\"@id\":\"https:\/\/kidlab.com.tn\/product\/%e2%9c%a8-baby-unisex-printed-soft-cotton-pants-3-months-59-cm-tape-a-loeil\/#breadcrumb\",\"itemListElement\":[{\"@type\":\"ListItem\",\"position\":1,\"name\":\"Home\",\"item\":\"https:\/\/kidlab.com.tn\/fr\/\"},{\"@type\":\"ListItem\",\"position\":2,\"name\":\"Shop\",\"item\":\"https:\/\/kidlab.com.tn\/shop\/\"},{\"@type\":\"ListItem\",\"position\":3,\"name\":\"\u2728 Baby Unisex Printed Soft Cotton Pants \u2013 3 Months (59 cm) | Tape \u00e0 l\u2019Oeil\"}]},{\"@type\":\"WebSite\",\"@id\":\"https:\/\/kidlab.com.tn\/#website\",\"url\":\"https:\/\/kidlab.com.tn\/\",\"name\":\"KidLab\",\"description\":\"Cute looks, tiny prices, big smiles.\",\"publisher\":{\"@id\":\"https:\/\/kidlab.com.tn\/#organization\"},\"potentialAction\":[{\"@type\":\"SearchAction\",\"target\":{\"@type\":\"EntryPoint\",\"urlTemplate\":\"https:\/\/kidlab.com.tn\/?s={search_term_string}\"},\"query-input\":{\"@type\":\"PropertyValueSpecification\",\"valueRequired\":true,\"valueName\":\"search_term_string\"}}],\"inLanguage\":\"fr-FR\"},{\"@type\":\"Organization\",\"@id\":\"https:\/\/kidlab.com.tn\/#organization\",\"name\":\"KidLab\",\"url\":\"https:\/\/kidlab.com.tn\/\",\"logo\":{\"@type\":\"ImageObject\",\"inLanguage\":\"fr-FR\",\"@id\":\"https:\/\/kidlab.com.tn\/#\/schema\/logo\/image\/\",\"url\":\"https:\/\/kidlab.com.tn\/wp-content\/uploads\/2025\/12\/kidlab-fripe.jpg\",\"contentUrl\":\"https:\/\/kidlab.com.tn\/wp-content\/uploads\/2025\/12\/kidlab-fripe.jpg\",\"width\":400,\"height\":400,\"caption\":\"KidLab\"},\"image\":{\"@id\":\"https:\/\/kidlab.com.tn\/#\/schema\/logo\/image\/\"},\"sameAs\":[\"https:\/\/www.facebook.com\/profile.php?id=61582962640084\",\"https:\/\/www.instagram.com\/kidlab_fripe\"]}]}<\/script>\n<!-- \/ Yoast SEO plugin. -->","yoast_head_json":{"title":"\u2728 Baby Unisex Printed Soft Cotton Pants \u2013 3 Months (59 cm) | Tape \u00e0 l\u2019Oeil - KidLab","robots":{"index":"index","follow":"follow","max-snippet":"max-snippet:-1","max-image-preview":"max-image-preview:large","max-video-preview":"max-video-preview:-1"},"canonical":"https:\/\/kidlab.com.tn\/fr\/produit\/\u2728-baby-unisex-printed-soft-cotton-pants-3-months-59-cm-tape-a-loeil\/","og_locale":"fr_FR","og_type":"article","og_title":"\u2728 Baby Unisex Printed Soft Cotton Pants \u2013 3 Months (59 cm) | Tape \u00e0 l\u2019Oeil - KidLab","og_description":"Tape \u00e0 l\u2019Oeil Baby Printed Soft Pants \u2013 3M \/ 59 cm  Give your little one the perfect mix of comfort, softness, and style with these adorable Tape \u00e0 l\u2019Oeil (TAO) baby pants. Designed for babies around 3 months \/ 59 cm, these pants offer both everyday practicality and an eye-catching artistic look.  Soft, stretchy, and full of color \u2014 these Tape \u00e0 l\u2019Oeil baby pants offer comfort and style for your little one. Made from a breathable cotton blend, they keep your baby cozy while allowing easy movement. Perfect for everyday wear.","og_url":"https:\/\/kidlab.com.tn\/fr\/produit\/\u2728-baby-unisex-printed-soft-cotton-pants-3-months-59-cm-tape-a-loeil\/","og_site_name":"KidLab","article_publisher":"https:\/\/www.facebook.com\/profile.php?id=61582962640084","article_modified_time":"2025-12-30T20:05:31+00:00","og_image":[{"width":630,"height":630,"url":"https:\/\/kidlab.com.tn\/wp-content\/uploads\/2025\/11\/Baby-Unisex-Printed-Soft-Cotton-Pants-1.png","type":"image\/png"}],"twitter_card":"summary_large_image","twitter_misc":{"Dur\u00e9e de lecture estim\u00e9e":"2 minutes"},"schema":{"@context":"https:\/\/schema.org","@graph":[{"@type":"WebPage","@id":"https:\/\/kidlab.com.tn\/product\/%e2%9c%a8-baby-unisex-printed-soft-cotton-pants-3-months-59-cm-tape-a-loeil\/","url":"https:\/\/kidlab.com.tn\/product\/%e2%9c%a8-baby-unisex-printed-soft-cotton-pants-3-months-59-cm-tape-a-loeil\/","name":"\u2728 Baby Unisex Printed Soft Cotton Pants \u2013 3 Months (59 cm) | Tape \u00e0 l\u2019Oeil - KidLab","isPartOf":{"@id":"https:\/\/kidlab.com.tn\/#website"},"primaryImageOfPage":{"@id":"https:\/\/kidlab.com.tn\/product\/%e2%9c%a8-baby-unisex-printed-soft-cotton-pants-3-months-59-cm-tape-a-loeil\/#primaryimage"},"image":{"@id":"https:\/\/kidlab.com.tn\/product\/%e2%9c%a8-baby-unisex-printed-soft-cotton-pants-3-months-59-cm-tape-a-loeil\/#primaryimage"},"thumbnailUrl":"https:\/\/kidlab.com.tn\/wp-content\/uploads\/2025\/11\/Baby-Unisex-Printed-Soft-Cotton-Pants-1.png","datePublished":"2025-12-01T20:48:02+00:00","dateModified":"2025-12-30T20:05:31+00:00","breadcrumb":{"@id":"https:\/\/kidlab.com.tn\/product\/%e2%9c%a8-baby-unisex-printed-soft-cotton-pants-3-months-59-cm-tape-a-loeil\/#breadcrumb"},"inLanguage":"fr-FR","potentialAction":[{"@type":"ReadAction","target":["https:\/\/kidlab.com.tn\/product\/%e2%9c%a8-baby-unisex-printed-soft-cotton-pants-3-months-59-cm-tape-a-loeil\/"]}]},{"@type":"ImageObject","inLanguage":"fr-FR","@id":"https:\/\/kidlab.com.tn\/product\/%e2%9c%a8-baby-unisex-printed-soft-cotton-pants-3-months-59-cm-tape-a-loeil\/#primaryimage","url":"https:\/\/kidlab.com.tn\/wp-content\/uploads\/2025\/11\/Baby-Unisex-Printed-Soft-Cotton-Pants-1.png","contentUrl":"https:\/\/kidlab.com.tn\/wp-content\/uploads\/2025\/11\/Baby-Unisex-Printed-Soft-Cotton-Pants-1.png","width":630,"height":630},{"@type":"BreadcrumbList","@id":"https:\/\/kidlab.com.tn\/product\/%e2%9c%a8-baby-unisex-printed-soft-cotton-pants-3-months-59-cm-tape-a-loeil\/#breadcrumb","itemListElement":[{"@type":"ListItem","position":1,"name":"Home","item":"https:\/\/kidlab.com.tn\/fr\/"},{"@type":"ListItem","position":2,"name":"Shop","item":"https:\/\/kidlab.com.tn\/shop\/"},{"@type":"ListItem","position":3,"name":"\u2728 Baby Unisex Printed Soft Cotton Pants \u2013 3 Months (59 cm) | Tape \u00e0 l\u2019Oeil"}]},{"@type":"WebSite","@id":"https:\/\/kidlab.com.tn\/#website","url":"https:\/\/kidlab.com.tn\/","name":"KidLab","description":"Cute looks, tiny prices, big smiles.","publisher":{"@id":"https:\/\/kidlab.com.tn\/#organization"},"potentialAction":[{"@type":"SearchAction","target":{"@type":"EntryPoint","urlTemplate":"https:\/\/kidlab.com.tn\/?s={search_term_string}"},"query-input":{"@type":"PropertyValueSpecification","valueRequired":true,"valueName":"search_term_string"}}],"inLanguage":"fr-FR"},{"@type":"Organization","@id":"https:\/\/kidlab.com.tn\/#organization","name":"KidLab","url":"https:\/\/kidlab.com.tn\/","logo":{"@type":"ImageObject","inLanguage":"fr-FR","@id":"https:\/\/kidlab.com.tn\/#\/schema\/logo\/image\/","url":"https:\/\/kidlab.com.tn\/wp-content\/uploads\/2025\/12\/kidlab-fripe.jpg","contentUrl":"https:\/\/kidlab.com.tn\/wp-content\/uploads\/2025\/12\/kidlab-fripe.jpg","width":400,"height":400,"caption":"KidLab"},"image":{"@id":"https:\/\/kidlab.com.tn\/#\/schema\/logo\/image\/"},"sameAs":["https:\/\/www.facebook.com\/profile.php?id=61582962640084","https:\/\/www.instagram.com\/kidlab_fripe"]}]}},"_links":{"self":[{"href":"https:\/\/kidlab.com.tn\/fr\/wp-json\/wp\/v2\/product\/6264","targetHints":{"allow":["GET"]}}],"collection":[{"href":"https:\/\/kidlab.com.tn\/fr\/wp-json\/wp\/v2\/product"}],"about":[{"href":"https:\/\/kidlab.com.tn\/fr\/wp-json\/wp\/v2\/types\/product"}],"version-history":[{"count":0,"href":"https:\/\/kidlab.com.tn\/fr\/wp-json\/wp\/v2\/product\/6264\/revisions"}],"wp:featuredmedia":[{"embeddable":true,"href":"https:\/\/kidlab.com.tn\/fr\/wp-json\/wp\/v2\/media\/6121"}],"wp:attachment":[{"href":"https:\/\/kidlab.com.tn\/fr\/wp-json\/wp\/v2\/media?parent=6264"}],"wp:term":[{"taxonomy":"product_brand","embeddable":true,"href":"https:\/\/kidlab.com.tn\/fr\/wp-json\/wp\/v2\/product_brand?post=6264"},{"taxonomy":"product_cat","embeddable":true,"href":"https:\/\/kidlab.com.tn\/fr\/wp-json\/wp\/v2\/product_cat?post=6264"},{"taxonomy":"product_tag","embeddable":true,"href":"https:\/\/kidlab.com.tn\/fr\/wp-json\/wp\/v2\/product_tag?post=6264"}],"curies":[{"name":"wp","href":"https:\/\/api.w.org\/{rel}","templated":true}]}}