{"id":6270,"date":"2025-12-01T20:58:46","date_gmt":"2025-12-01T20:58:46","guid":{"rendered":"https:\/\/kids.sportifs.tn\/?post_type=product&#038;p=6270"},"modified":"2025-12-30T20:05:31","modified_gmt":"2025-12-30T20:05:31","slug":"%f0%9f%a7%b8-pink-teddy-sherpa-hoodie-cozy-cute-perfect-for-winter-overkids","status":"publish","type":"product","link":"https:\/\/kidlab.com.tn\/fr\/produit\/%f0%9f%a7%b8-pink-teddy-sherpa-hoodie-cozy-cute-perfect-for-winter-overkids\/","title":{"rendered":"\ud83e\uddf8 Sweat \u00e0 capuche rose en sherpa Teddy \u2013 Confortable, mignon et parfait pour l'hiver (OVERKIDS)"},"content":{"rendered":"<div data-elementor-type=\"wp-post\" data-elementor-id=\"6270\" class=\"elementor elementor-6270\">\n\t\t\t\t\t\t<section class=\"elementor-section elementor-top-section elementor-element elementor-element-33fd861 elementor-section-boxed elementor-section-height-default elementor-section-height-default\" data-id=\"33fd861\" data-element_type=\"section\">\n\t\t\t\t\t\t<div class=\"elementor-container elementor-column-gap-no\">\n\t\t\t\t\t<div class=\"elementor-column elementor-col-100 elementor-top-column elementor-element elementor-element-8f1ab81\" data-id=\"8f1ab81\" data-element_type=\"column\">\n\t\t\t<div class=\"elementor-widget-wrap elementor-element-populated\">\n\t\t\t\t\t\t<div class=\"elementor-element elementor-element-a652374 elementor-widget elementor-widget-text-editor\" data-id=\"a652374\" data-element_type=\"widget\" data-widget_type=\"text-editor.default\">\n\t\t\t\t\t\t\t\t\t<p><span style=\"font-weight: 400;\">Gardez votre petit bout de chou bien au chaud et irr\u00e9sistiblement mignon avec cet <\/span><b>adorable sweat \u00e0 capuche rose en sherpa<\/b><span style=\"font-weight: 400;\"> d' <\/span><b>OVERKIDS<\/b><span style=\"font-weight: 400;\">.<\/span><span style=\"font-weight: 400;\"><br \/><\/span><span style=\"font-weight: 400;\"> Con\u00e7ue pour envelopper votre enfant de douceur et de confort, cette veste polaire est l'accessoire hivernal id\u00e9al pour les sorties quotidiennes, les promenades au parc et les journ\u00e9es cocooning \u00e0 la maison.<\/span><\/p><p>\u00a0<\/p><h2><b>\u2728 Description du produit<\/b><\/h2><p><span style=\"font-weight: 400;\">Ce ravissant sweat \u00e0 capuche est confectionn\u00e9 en <\/span><b>en sherpa doux et moelleux,<\/b><span style=\"font-weight: 400;\"> d'un rose poudr\u00e9 d\u00e9licat, pour un look douillet et chaleureux. Sa capuche est orn\u00e9e d'adorables <\/span><b>oreilles d'ours et de d\u00e9tails brod\u00e9s<\/b><span style=\"font-weight: 400;\">repr\u00e9sentant un visage, une touche ludique que les enfants adorent.<\/span><\/p><p><span style=\"font-weight: 400;\">L'int\u00e9rieur est enti\u00e8rement doubl\u00e9 d'un tissu <\/span><b>doux couleur cr\u00e8me en m\u00e9lange de coton,<\/b><span style=\"font-weight: 400;\">pour un confort optimal et pour pr\u00e9venir les irritations des peaux d\u00e9licates.. La fermeture \u00e9clair sur le <\/span><b>devant<\/b><span style=\"font-weight: 400;\">facilite l'habillage de votre enfant.<\/span><\/p><p><span style=\"font-weight: 400;\">Deux poches avant spacieuses ajoutent du style et permettent aux petites mains de rester au chaud. Sur la poitrine, un adorable message brod\u00e9 <\/span><b>\u201cHoney Just For Me\u201d<\/b><span style=\"font-weight: 400;\"> donne au sweat \u00e0 capuche une personnalit\u00e9 unique et charmante.<\/span><span style=\"font-weight: 400;\"><br \/><\/span><\/p><p>\u00a0<\/p><h2><b>\ud83d\udca1 Fonctionnalit\u00e9s cl\u00e9s<\/b><\/h2><p><span style=\"font-weight: 400;\">\u2714 Mati\u00e8re sherpa ultra-douce pour plus de chaleur<\/span><span style=\"font-weight: 400;\"><br \/><\/span><span style=\"font-weight: 400;\"> \u2714 Adorable capuche \u00e0 motif ours avec oreilles en 3D<\/span><span style=\"font-weight: 400;\"><br \/><\/span><span style=\"font-weight: 400;\"> \u2714 Fermeture \u00e9clair int\u00e9grale sur le devant pour un habillage facile<\/span><span style=\"font-weight: 400;\"><br \/><\/span><span style=\"font-weight: 400;\"> \u2714 Deux poches avant<\/span><span style=\"font-weight: 400;\"><br \/><\/span><span style=\"font-weight: 400;\"> \u2714 Poignets et ourlet c\u00f4tel\u00e9s pour une meilleure isolation<\/span><span style=\"font-weight: 400;\"><br \/><\/span><span style=\"font-weight: 400;\"> \u2714 Doublure confortable en m\u00e9lange de coton<\/span><span style=\"font-weight: 400;\"><br \/><\/span><span style=\"font-weight: 400;\"> \u2714 Joli texte brod\u00e9 : <\/span><b>&#8220;Honey Just For Me&#8221;<\/b><b><br \/><\/b><span style=\"font-weight: 400;\"> \u2714 Finition de haute qualit\u00e9 sign\u00e9e OVERKIDS<\/span><\/p><p>\u00a0<\/p><h2><b>\u2764\ufe0f Parfait pour<\/b><\/h2><ul><li style=\"font-weight: 400;\" aria-level=\"1\"><span style=\"font-weight: 400;\">journ\u00e9es froides d'hiver<\/span><span style=\"font-weight: 400;\"><br \/><\/span><\/li><li style=\"font-weight: 400;\" aria-level=\"1\"><span style=\"font-weight: 400;\">Tenues pour la cr\u00e8che\/l'\u00e9cole<\/span><span style=\"font-weight: 400;\"><br \/><\/span><\/li><li style=\"font-weight: 400;\" aria-level=\"1\"><span style=\"font-weight: 400;\">Jeux en plein air<\/span><span style=\"font-weight: 400;\"><br \/><\/span><\/li><li style=\"font-weight: 400;\" aria-level=\"1\"><span style=\"font-weight: 400;\">v\u00eatements de tous les jours<\/span><span style=\"font-weight: 400;\"><br \/><\/span><\/li><li style=\"font-weight: 400;\" aria-level=\"1\"><span style=\"font-weight: 400;\">Superposition \u00e9l\u00e9gante et chaude<\/span><\/li><\/ul>\t\t\t\t\t\t\t\t<\/div>\n\t\t\t\t\t<\/div>\n\t\t<\/div>\n\t\t\t\t\t<\/div>\n\t\t<\/section>\n\t\t\t\t<\/div>","protected":false},"excerpt":{"rendered":"<p><b>Sweat \u00e0 capuche rose en sherpa Teddy pour filles \u2013 OVERKIDS \u2013 3 ans \u2013 Veste d'hiver ultra douce et confortable<\/b><\/p>\n<p><span style=\"font-weight: 400;\">Doux, chaud et irr\u00e9sistiblement mignon, ce sweat \u00e0 capuche OVERKIDS en sherpa peluche gardera votre enfant bien au chaud tout l'hiver. Avec ses oreilles d'ours, son ext\u00e9rieur rose tout doux et sa doublure en coton soyeux, il offre le parfait \u00e9quilibre entre confort et style pour les enfants de 3 ans et plus.<\/span><\/p>","protected":false},"featured_media":6125,"template":"","meta":[],"product_brand":[309],"product_cat":[94,150,140,147,400,108],"product_tag":[279,283,310,267],"class_list":{"0":"post-6270","1":"product","2":"type-product","3":"status-publish","4":"has-post-thumbnail","6":"product_brand-overkids","7":"product_cat-bebe-fille-0-mois-36-mois","8":"product_cat-manteaux-doudounes","9":"product_cat-manteaux-doudounes-cires-bebe-fille-0-mois-36-mois","10":"product_cat-fille-3-12ans","11":"product_cat-news","12":"product_cat-promo","13":"product_tag-babyclothessale","14":"product_tag-eco-friendly-second-hand","15":"product_tag-girlpink","16":"product_tag-sustainablekidsfashion","17":"pa_color-pink","18":"pa_size-3-years","21":"instock","22":"featured","23":"sold-individually","24":"shipping-taxable","25":"purchasable","26":"product-type-simple"},"yoast_head":"<!-- This site is optimized with the Yoast SEO plugin v26.4 - https:\/\/yoast.com\/wordpress\/plugins\/seo\/ -->\n<title>\ud83e\uddf8 Pink Teddy Sherpa Hoodie \u2013 Cozy, Cute &amp; Perfect for Winter (OVERKIDS) - KidLab<\/title>\n<meta name=\"robots\" content=\"index, follow, max-snippet:-1, max-image-preview:large, max-video-preview:-1\" \/>\n<link rel=\"canonical\" href=\"https:\/\/kidlab.com.tn\/fr\/produit\/\ud83e\uddf8-pink-teddy-sherpa-hoodie-cozy-cute-perfect-for-winter-overkids\/\" \/>\n<meta property=\"og:locale\" content=\"fr_FR\" \/>\n<meta property=\"og:type\" content=\"article\" \/>\n<meta property=\"og:title\" content=\"\ud83e\uddf8 Pink Teddy Sherpa Hoodie \u2013 Cozy, Cute &amp; Perfect for Winter (OVERKIDS) - KidLab\" \/>\n<meta property=\"og:description\" content=\"Pink Teddy Sherpa Hoodie for Girls \u2013 OVERKIDS \u2013 3 Years \u2013 Ultra Soft &amp; Cozy Winter Jacket  Soft, warm, and irresistibly cute \u2014 this OVERKIDS teddy sherpa hoodie keeps your child cozy all winter long. With bear ears, a plush pink exterior, and a smooth cotton lining, it\u2019s the perfect mix of comfort and style for ages 3Y.\" \/>\n<meta property=\"og:url\" content=\"https:\/\/kidlab.com.tn\/fr\/produit\/\ud83e\uddf8-pink-teddy-sherpa-hoodie-cozy-cute-perfect-for-winter-overkids\/\" \/>\n<meta property=\"og:site_name\" content=\"KidLab\" \/>\n<meta property=\"article:publisher\" content=\"https:\/\/www.facebook.com\/profile.php?id=61582962640084\" \/>\n<meta property=\"article:modified_time\" content=\"2025-12-30T20:05:31+00:00\" \/>\n<meta property=\"og:image\" content=\"https:\/\/kidlab.com.tn\/wp-content\/uploads\/2025\/11\/Pink-Teddy-Sherpa-Hoodie-n2.png\" \/>\n\t<meta property=\"og:image:width\" content=\"630\" \/>\n\t<meta property=\"og:image:height\" content=\"630\" \/>\n\t<meta property=\"og:image:type\" content=\"image\/png\" \/>\n<meta name=\"twitter:card\" content=\"summary_large_image\" \/>\n<meta name=\"twitter:label1\" content=\"Dur\u00e9e de lecture estim\u00e9e\" \/>\n\t<meta name=\"twitter:data1\" content=\"2 minutes\" \/>\n<script type=\"application\/ld+json\" class=\"yoast-schema-graph\">{\"@context\":\"https:\/\/schema.org\",\"@graph\":[{\"@type\":\"WebPage\",\"@id\":\"https:\/\/kidlab.com.tn\/product\/%f0%9f%a7%b8-pink-teddy-sherpa-hoodie-cozy-cute-perfect-for-winter-overkids\/\",\"url\":\"https:\/\/kidlab.com.tn\/product\/%f0%9f%a7%b8-pink-teddy-sherpa-hoodie-cozy-cute-perfect-for-winter-overkids\/\",\"name\":\"\ud83e\uddf8 Pink Teddy Sherpa Hoodie \u2013 Cozy, Cute & Perfect for Winter (OVERKIDS) - KidLab\",\"isPartOf\":{\"@id\":\"https:\/\/kidlab.com.tn\/#website\"},\"primaryImageOfPage\":{\"@id\":\"https:\/\/kidlab.com.tn\/product\/%f0%9f%a7%b8-pink-teddy-sherpa-hoodie-cozy-cute-perfect-for-winter-overkids\/#primaryimage\"},\"image\":{\"@id\":\"https:\/\/kidlab.com.tn\/product\/%f0%9f%a7%b8-pink-teddy-sherpa-hoodie-cozy-cute-perfect-for-winter-overkids\/#primaryimage\"},\"thumbnailUrl\":\"https:\/\/kidlab.com.tn\/wp-content\/uploads\/2025\/11\/Pink-Teddy-Sherpa-Hoodie-n2.png\",\"datePublished\":\"2025-12-01T20:58:46+00:00\",\"dateModified\":\"2025-12-30T20:05:31+00:00\",\"breadcrumb\":{\"@id\":\"https:\/\/kidlab.com.tn\/product\/%f0%9f%a7%b8-pink-teddy-sherpa-hoodie-cozy-cute-perfect-for-winter-overkids\/#breadcrumb\"},\"inLanguage\":\"fr-FR\",\"potentialAction\":[{\"@type\":\"ReadAction\",\"target\":[\"https:\/\/kidlab.com.tn\/product\/%f0%9f%a7%b8-pink-teddy-sherpa-hoodie-cozy-cute-perfect-for-winter-overkids\/\"]}]},{\"@type\":\"ImageObject\",\"inLanguage\":\"fr-FR\",\"@id\":\"https:\/\/kidlab.com.tn\/product\/%f0%9f%a7%b8-pink-teddy-sherpa-hoodie-cozy-cute-perfect-for-winter-overkids\/#primaryimage\",\"url\":\"https:\/\/kidlab.com.tn\/wp-content\/uploads\/2025\/11\/Pink-Teddy-Sherpa-Hoodie-n2.png\",\"contentUrl\":\"https:\/\/kidlab.com.tn\/wp-content\/uploads\/2025\/11\/Pink-Teddy-Sherpa-Hoodie-n2.png\",\"width\":630,\"height\":630},{\"@type\":\"BreadcrumbList\",\"@id\":\"https:\/\/kidlab.com.tn\/product\/%f0%9f%a7%b8-pink-teddy-sherpa-hoodie-cozy-cute-perfect-for-winter-overkids\/#breadcrumb\",\"itemListElement\":[{\"@type\":\"ListItem\",\"position\":1,\"name\":\"Home\",\"item\":\"https:\/\/kidlab.com.tn\/fr\/\"},{\"@type\":\"ListItem\",\"position\":2,\"name\":\"Shop\",\"item\":\"https:\/\/kidlab.com.tn\/shop\/\"},{\"@type\":\"ListItem\",\"position\":3,\"name\":\"\ud83e\uddf8 Pink Teddy Sherpa Hoodie \u2013 Cozy, Cute &#038; Perfect for Winter (OVERKIDS)\"}]},{\"@type\":\"WebSite\",\"@id\":\"https:\/\/kidlab.com.tn\/#website\",\"url\":\"https:\/\/kidlab.com.tn\/\",\"name\":\"KidLab\",\"description\":\"Cute looks, tiny prices, big smiles.\",\"publisher\":{\"@id\":\"https:\/\/kidlab.com.tn\/#organization\"},\"potentialAction\":[{\"@type\":\"SearchAction\",\"target\":{\"@type\":\"EntryPoint\",\"urlTemplate\":\"https:\/\/kidlab.com.tn\/?s={search_term_string}\"},\"query-input\":{\"@type\":\"PropertyValueSpecification\",\"valueRequired\":true,\"valueName\":\"search_term_string\"}}],\"inLanguage\":\"fr-FR\"},{\"@type\":\"Organization\",\"@id\":\"https:\/\/kidlab.com.tn\/#organization\",\"name\":\"KidLab\",\"url\":\"https:\/\/kidlab.com.tn\/\",\"logo\":{\"@type\":\"ImageObject\",\"inLanguage\":\"fr-FR\",\"@id\":\"https:\/\/kidlab.com.tn\/#\/schema\/logo\/image\/\",\"url\":\"https:\/\/kidlab.com.tn\/wp-content\/uploads\/2025\/12\/kidlab-fripe.jpg\",\"contentUrl\":\"https:\/\/kidlab.com.tn\/wp-content\/uploads\/2025\/12\/kidlab-fripe.jpg\",\"width\":400,\"height\":400,\"caption\":\"KidLab\"},\"image\":{\"@id\":\"https:\/\/kidlab.com.tn\/#\/schema\/logo\/image\/\"},\"sameAs\":[\"https:\/\/www.facebook.com\/profile.php?id=61582962640084\",\"https:\/\/www.instagram.com\/kidlab_fripe\"]}]}<\/script>\n<!-- \/ Yoast SEO plugin. -->","yoast_head_json":{"title":"\ud83e\uddf8 Pink Teddy Sherpa Hoodie \u2013 Cozy, Cute & Perfect for Winter (OVERKIDS) - KidLab","robots":{"index":"index","follow":"follow","max-snippet":"max-snippet:-1","max-image-preview":"max-image-preview:large","max-video-preview":"max-video-preview:-1"},"canonical":"https:\/\/kidlab.com.tn\/fr\/produit\/\ud83e\uddf8-pink-teddy-sherpa-hoodie-cozy-cute-perfect-for-winter-overkids\/","og_locale":"fr_FR","og_type":"article","og_title":"\ud83e\uddf8 Pink Teddy Sherpa Hoodie \u2013 Cozy, Cute & Perfect for Winter (OVERKIDS) - KidLab","og_description":"Pink Teddy Sherpa Hoodie for Girls \u2013 OVERKIDS \u2013 3 Years \u2013 Ultra Soft &amp; Cozy Winter Jacket  Soft, warm, and irresistibly cute \u2014 this OVERKIDS teddy sherpa hoodie keeps your child cozy all winter long. With bear ears, a plush pink exterior, and a smooth cotton lining, it\u2019s the perfect mix of comfort and style for ages 3Y.","og_url":"https:\/\/kidlab.com.tn\/fr\/produit\/\ud83e\uddf8-pink-teddy-sherpa-hoodie-cozy-cute-perfect-for-winter-overkids\/","og_site_name":"KidLab","article_publisher":"https:\/\/www.facebook.com\/profile.php?id=61582962640084","article_modified_time":"2025-12-30T20:05:31+00:00","og_image":[{"width":630,"height":630,"url":"https:\/\/kidlab.com.tn\/wp-content\/uploads\/2025\/11\/Pink-Teddy-Sherpa-Hoodie-n2.png","type":"image\/png"}],"twitter_card":"summary_large_image","twitter_misc":{"Dur\u00e9e de lecture estim\u00e9e":"2 minutes"},"schema":{"@context":"https:\/\/schema.org","@graph":[{"@type":"WebPage","@id":"https:\/\/kidlab.com.tn\/product\/%f0%9f%a7%b8-pink-teddy-sherpa-hoodie-cozy-cute-perfect-for-winter-overkids\/","url":"https:\/\/kidlab.com.tn\/product\/%f0%9f%a7%b8-pink-teddy-sherpa-hoodie-cozy-cute-perfect-for-winter-overkids\/","name":"\ud83e\uddf8 Pink Teddy Sherpa Hoodie \u2013 Cozy, Cute & Perfect for Winter (OVERKIDS) - KidLab","isPartOf":{"@id":"https:\/\/kidlab.com.tn\/#website"},"primaryImageOfPage":{"@id":"https:\/\/kidlab.com.tn\/product\/%f0%9f%a7%b8-pink-teddy-sherpa-hoodie-cozy-cute-perfect-for-winter-overkids\/#primaryimage"},"image":{"@id":"https:\/\/kidlab.com.tn\/product\/%f0%9f%a7%b8-pink-teddy-sherpa-hoodie-cozy-cute-perfect-for-winter-overkids\/#primaryimage"},"thumbnailUrl":"https:\/\/kidlab.com.tn\/wp-content\/uploads\/2025\/11\/Pink-Teddy-Sherpa-Hoodie-n2.png","datePublished":"2025-12-01T20:58:46+00:00","dateModified":"2025-12-30T20:05:31+00:00","breadcrumb":{"@id":"https:\/\/kidlab.com.tn\/product\/%f0%9f%a7%b8-pink-teddy-sherpa-hoodie-cozy-cute-perfect-for-winter-overkids\/#breadcrumb"},"inLanguage":"fr-FR","potentialAction":[{"@type":"ReadAction","target":["https:\/\/kidlab.com.tn\/product\/%f0%9f%a7%b8-pink-teddy-sherpa-hoodie-cozy-cute-perfect-for-winter-overkids\/"]}]},{"@type":"ImageObject","inLanguage":"fr-FR","@id":"https:\/\/kidlab.com.tn\/product\/%f0%9f%a7%b8-pink-teddy-sherpa-hoodie-cozy-cute-perfect-for-winter-overkids\/#primaryimage","url":"https:\/\/kidlab.com.tn\/wp-content\/uploads\/2025\/11\/Pink-Teddy-Sherpa-Hoodie-n2.png","contentUrl":"https:\/\/kidlab.com.tn\/wp-content\/uploads\/2025\/11\/Pink-Teddy-Sherpa-Hoodie-n2.png","width":630,"height":630},{"@type":"BreadcrumbList","@id":"https:\/\/kidlab.com.tn\/product\/%f0%9f%a7%b8-pink-teddy-sherpa-hoodie-cozy-cute-perfect-for-winter-overkids\/#breadcrumb","itemListElement":[{"@type":"ListItem","position":1,"name":"Home","item":"https:\/\/kidlab.com.tn\/fr\/"},{"@type":"ListItem","position":2,"name":"Shop","item":"https:\/\/kidlab.com.tn\/shop\/"},{"@type":"ListItem","position":3,"name":"\ud83e\uddf8 Pink Teddy Sherpa Hoodie \u2013 Cozy, Cute &#038; Perfect for Winter (OVERKIDS)"}]},{"@type":"WebSite","@id":"https:\/\/kidlab.com.tn\/#website","url":"https:\/\/kidlab.com.tn\/","name":"KidLab","description":"Cute looks, tiny prices, big smiles.","publisher":{"@id":"https:\/\/kidlab.com.tn\/#organization"},"potentialAction":[{"@type":"SearchAction","target":{"@type":"EntryPoint","urlTemplate":"https:\/\/kidlab.com.tn\/?s={search_term_string}"},"query-input":{"@type":"PropertyValueSpecification","valueRequired":true,"valueName":"search_term_string"}}],"inLanguage":"fr-FR"},{"@type":"Organization","@id":"https:\/\/kidlab.com.tn\/#organization","name":"KidLab","url":"https:\/\/kidlab.com.tn\/","logo":{"@type":"ImageObject","inLanguage":"fr-FR","@id":"https:\/\/kidlab.com.tn\/#\/schema\/logo\/image\/","url":"https:\/\/kidlab.com.tn\/wp-content\/uploads\/2025\/12\/kidlab-fripe.jpg","contentUrl":"https:\/\/kidlab.com.tn\/wp-content\/uploads\/2025\/12\/kidlab-fripe.jpg","width":400,"height":400,"caption":"KidLab"},"image":{"@id":"https:\/\/kidlab.com.tn\/#\/schema\/logo\/image\/"},"sameAs":["https:\/\/www.facebook.com\/profile.php?id=61582962640084","https:\/\/www.instagram.com\/kidlab_fripe"]}]}},"_links":{"self":[{"href":"https:\/\/kidlab.com.tn\/fr\/wp-json\/wp\/v2\/product\/6270","targetHints":{"allow":["GET"]}}],"collection":[{"href":"https:\/\/kidlab.com.tn\/fr\/wp-json\/wp\/v2\/product"}],"about":[{"href":"https:\/\/kidlab.com.tn\/fr\/wp-json\/wp\/v2\/types\/product"}],"version-history":[{"count":0,"href":"https:\/\/kidlab.com.tn\/fr\/wp-json\/wp\/v2\/product\/6270\/revisions"}],"wp:featuredmedia":[{"embeddable":true,"href":"https:\/\/kidlab.com.tn\/fr\/wp-json\/wp\/v2\/media\/6125"}],"wp:attachment":[{"href":"https:\/\/kidlab.com.tn\/fr\/wp-json\/wp\/v2\/media?parent=6270"}],"wp:term":[{"taxonomy":"product_brand","embeddable":true,"href":"https:\/\/kidlab.com.tn\/fr\/wp-json\/wp\/v2\/product_brand?post=6270"},{"taxonomy":"product_cat","embeddable":true,"href":"https:\/\/kidlab.com.tn\/fr\/wp-json\/wp\/v2\/product_cat?post=6270"},{"taxonomy":"product_tag","embeddable":true,"href":"https:\/\/kidlab.com.tn\/fr\/wp-json\/wp\/v2\/product_tag?post=6270"}],"curies":[{"name":"wp","href":"https:\/\/api.w.org\/{rel}","templated":true}]}}