{"id":6275,"date":"2025-12-01T21:18:04","date_gmt":"2025-12-01T21:18:04","guid":{"rendered":"https:\/\/kids.sportifs.tn\/?post_type=product&#038;p=6275"},"modified":"2025-12-30T20:05:31","modified_gmt":"2025-12-30T20:05:31","slug":"%f0%9f%90%bb-snuggle-bear-sherpa-hoodie-soft-sage-green-12-months","status":"publish","type":"product","link":"https:\/\/kidlab.com.tn\/fr\/produit\/%f0%9f%90%bb-snuggle-bear-sherpa-hoodie-soft-sage-green-12-months\/","title":{"rendered":"\ud83d\udc3b Sweat \u00e0 capuche Snuggle Bear en sherpa \u2013 Vert sauge doux (12 mois)"},"content":{"rendered":"<div data-elementor-type=\"wp-post\" data-elementor-id=\"6275\" class=\"elementor elementor-6275\">\n\t\t\t\t\t\t<section class=\"elementor-section elementor-top-section elementor-element elementor-element-33fd861 elementor-section-boxed elementor-section-height-default elementor-section-height-default\" data-id=\"33fd861\" data-element_type=\"section\">\n\t\t\t\t\t\t<div class=\"elementor-container elementor-column-gap-no\">\n\t\t\t\t\t<div class=\"elementor-column elementor-col-100 elementor-top-column elementor-element elementor-element-8f1ab81\" data-id=\"8f1ab81\" data-element_type=\"column\">\n\t\t\t<div class=\"elementor-widget-wrap elementor-element-populated\">\n\t\t\t\t\t\t<div class=\"elementor-element elementor-element-a652374 elementor-widget elementor-widget-text-editor\" data-id=\"a652374\" data-element_type=\"widget\" data-widget_type=\"text-editor.default\">\n\t\t\t\t\t\t\t\t\t<h3><b>\ud83d\udc99 Douceur Animale : Gilet en maille \u00e0 capuche bleu avec oreilles d'ours (6\u201312 mois) \ud83d\udc3b\u2728<\/b><\/h3><p><b>Un m\u00e9lange irr\u00e9sistible de confort, de chaleur et de mignonnerie !<\/b><\/p><h4><b>\ud83c\udf1f Product Overview<\/b><\/h4><p><span style=\"font-weight: 400;\">Transformez vos tenues de tous les jours en moments adorables gr\u00e2ce \u00e0 ce charmant accessoire. <\/span><b>Gilet bleu \u00e0 capuche en maille<\/b><span style=\"font-weight: 400;\">Avec ses adorables petites oreilles d'ourson, ce cardigan de seconde main est doux, chaud et irr\u00e9sistiblement mignon. C'est la couche id\u00e9ale pour les promenades en poussette, les apr\u00e8s-midis de jeux, les matins frais ou pour immortaliser de merveilleux moments avec b\u00e9b\u00e9. Con\u00e7u pour le confort et confectionn\u00e9 avec soin, il gardera votre petit explorateur bien au chaud tout en ajoutant une touche de fantaisie \u00e0 sa garde-robe.<\/span><\/p><h3><b>\ud83c\udf1f Confort et mat\u00e9riaux<\/b><\/h3><ul><li style=\"font-weight: 400;\" aria-level=\"1\"><span style=\"font-weight: 400;\">Une belle nuance de bleu moyen \u2014 douce, polyvalente et facile \u00e0 assortir avec n'importe quelle tenue.<\/span><span style=\"font-weight: 400;\"><br \/><\/span><\/li><li style=\"font-weight: 400;\" aria-level=\"1\"><span style=\"font-weight: 400;\">Confectionn\u00e9 dans un tissu tricot\u00e9 confortable et r\u00e9sistant (probablement un m\u00e9lange coton\/acrylique), il offre\u00a0:<\/span><span style=\"font-weight: 400;\"><br \/><\/span><span style=\"font-weight: 400;\"> \u2714 Douceur pour les peaux d\u00e9licates<\/span><span style=\"font-weight: 400;\"><br \/><\/span><span style=\"font-weight: 400;\"> \u2714 Chaleur sans lourdeur<\/span><span style=\"font-weight: 400;\"><br \/><\/span><span style=\"font-weight: 400;\"> \u2714 Lavage facile et longue dur\u00e9e de vie<\/span><span style=\"font-weight: 400;\"><br \/><\/span><\/li><\/ul><h3><b>\ud83d\udc3b Adorable design de capuche<\/b><\/h3><ul><li style=\"font-weight: 400;\" aria-level=\"1\"><span style=\"font-weight: 400;\">La capuche int\u00e9gr\u00e9e est munie de <\/span><b>deux oreilles d'ours cousues et parfaitement form\u00e9es,<\/b><span style=\"font-weight: 400;\">transformant votre tout-petit en une mini \u00ab bestiole \u00bb \u00e0 chaque fois qu'il la porte.<\/span><span style=\"font-weight: 400;\"><br \/><\/span><\/li><li style=\"font-weight: 400;\" aria-level=\"1\"><span style=\"font-weight: 400;\">Procure une chaleur suppl\u00e9mentaire autour de la t\u00eate et du cou \u2014 id\u00e9al pour les journ\u00e9es venteuses.<\/span><span style=\"font-weight: 400;\"><br \/><\/span><\/li><\/ul><h3><b>\ud83d\udc55 Style cardigan intemporel<\/b><\/h3><ul><li style=\"font-weight: 400;\" aria-level=\"1\"><span style=\"font-weight: 400;\">Fermeture classique \u00e0 boutons sur le devant, avec des boutons de couleur assortie pour un look net et soign\u00e9.<\/span><span style=\"font-weight: 400;\"><br \/><\/span><\/li><li style=\"font-weight: 400;\" aria-level=\"1\"><span style=\"font-weight: 400;\">Le tricot pr\u00e9sente un subtil motif c\u00f4tel\u00e9 horizontal ou textur\u00e9 sur le corps et les manches, ajoutant profondeur et charme.<\/span><span style=\"font-weight: 400;\"><br \/><\/span><\/li><\/ul><h3><b>\u2728 Ajustement et finition<\/b><\/h3><ul><li style=\"font-weight: 400;\" aria-level=\"1\"><span style=\"font-weight: 400;\">Les poignets et l'ourlet c\u00f4tel\u00e9s maintiennent le cardigan bien en place et contribuent \u00e0 conserver la chaleur.<\/span><span style=\"font-weight: 400;\"><br \/><\/span><\/li><li style=\"font-weight: 400;\" aria-level=\"1\"><span style=\"font-weight: 400;\">Une coupe d\u00e9contract\u00e9e et confortable, id\u00e9ale \u00e0 superposer sur des bodys, des t-shirts ou des v\u00eatements de nuit.<\/span><span style=\"font-weight: 400;\"><br \/><\/span><\/li><\/ul><h3><b>\ud83d\udc76 Style et praticit\u00e9<\/b><\/h3><p><span style=\"font-weight: 400;\">Ce cardigan est aussi pratique que mignon :<\/span><\/p><ul><li style=\"font-weight: 400;\" aria-level=\"1\"><b>Superposition du h\u00e9ros\u00a0:<\/b><span style=\"font-weight: 400;\"> Id\u00e9al par-dessus un body, un jean, un legging ou un jogging.<\/span><span style=\"font-weight: 400;\"><br \/><\/span><\/li><li style=\"font-weight: 400;\" aria-level=\"1\"><b>Pr\u00eat pour la saison :<\/b><span style=\"font-weight: 400;\"> Portez-le seul par temps doux ou sous un manteau lors de sorties plus froides.<\/span><span style=\"font-weight: 400;\"><br \/><\/span><\/li><li style=\"font-weight: 400;\" aria-level=\"1\"><b>Id\u00e9al pour les photos :<\/b><span style=\"font-weight: 400;\"> Les oreilles d'ours ajoutent une touche irr\u00e9sistiblement mignonne \u00e0 n'importe quelle photo.<\/span><span style=\"font-weight: 400;\"><br \/><\/span><\/li><li style=\"font-weight: 400;\" aria-level=\"1\"><b>Confortable au quotidien :<\/b><span style=\"font-weight: 400;\"> Ni trop \u00e9pais, ni trop fin \u2014 id\u00e9al pour les petits actifs.<\/span><span style=\"font-weight: 400;\"><br \/><\/span><\/li><\/ul><p><span style=\"font-weight: 400;\">Associez-le \u00e0 un jogging bleu marine, un pantalon doubl\u00e9 en polaire ou un jean doux pour un look adorable, chaud et coordonn\u00e9.<\/span><\/p><h3><b>\ud83d\udc99 Note finale<\/b><\/h3><p><b>Gilet \u00e0 capuche Cozy Critter \u00e0 oreilles d'ours<\/b><span style=\"font-weight: 400;\"> Ce v\u00eatement allie confort, mignonnerie et praticit\u00e9 pour un r\u00e9sultat irr\u00e9sistible. Doux, chaud et id\u00e9al pour de longs c\u00e2lins, il compl\u00e9tera \u00e0 merveille la garde-robe des b\u00e9b\u00e9s qui adorent les aventures douillettes. D'occasion, en excellent \u00e9tat, il attend son prochain petit propri\u00e9taire\u00a0!<\/span><\/p>\t\t\t\t\t\t\t\t<\/div>\n\t\t\t\t\t<\/div>\n\t\t<\/div>\n\t\t\t\t\t<\/div>\n\t\t<\/section>\n\t\t\t\t<\/div>","protected":false},"excerpt":{"rendered":"<p><b>Gilet en maille \u00e0 capuche bleu (6-12 mois) | Gilet pull oreilles d'ours pour b\u00e9b\u00e9 | V\u00eatement douillet pour tout-petit<\/b><\/p>\n<p><span style=\"font-weight: 400;\">Ce ravissant gilet bleu \u00e0 capuche en maille (6-12 mois) allie confort et mignonnerie\u00a0! Confectionn\u00e9 dans une maille douce et douillette et orn\u00e9 de jolies oreilles d\u2019ours, c\u2019est le v\u00eatement id\u00e9al au quotidien par temps frais. Facile \u00e0 boutonner, doux pour la peau d\u00e9licate et en excellent \u00e9tat (d\u2019occasion), c\u2019est un indispensable pour les aventures douillettes de b\u00e9b\u00e9.<\/span><\/p>","protected":false},"featured_media":6128,"template":"","meta":[],"product_brand":[313],"product_cat":[132,94,140,146,400,108],"product_tag":[279,314,315,283,310,267],"class_list":{"0":"post-6275","1":"product","2":"type-product","3":"status-publish","4":"has-post-thumbnail","6":"product_brand-carters","7":"product_cat-bebe-garcon-0-mois-36-mois","8":"product_cat-bebe-fille-0-mois-36-mois","9":"product_cat-manteaux-doudounes-cires-bebe-fille-0-mois-36-mois","10":"product_cat-manteaux-doudounes-cires","11":"product_cat-news","12":"product_cat-promo","13":"product_tag-babyclothessale","14":"product_tag-bearearshoodi","15":"product_tag-cozytoddler","16":"product_tag-eco-friendly-second-hand","17":"product_tag-girlpink","18":"product_tag-sustainablekidsfashion","19":"pa_color-medium-blue","20":"pa_color-soft-sage-green","21":"pa_size-6-12-months","24":"instock","25":"featured","26":"sold-individually","27":"shipping-taxable","28":"purchasable","29":"product-type-simple"},"yoast_head":"<!-- This site is optimized with the Yoast SEO plugin v26.4 - https:\/\/yoast.com\/wordpress\/plugins\/seo\/ -->\n<title>\ud83d\udc3b Snuggle Bear Sherpa Hoodie \u2013 Soft Sage Green (12 Months) - KidLab<\/title>\n<meta name=\"robots\" content=\"index, follow, max-snippet:-1, max-image-preview:large, max-video-preview:-1\" \/>\n<link rel=\"canonical\" href=\"https:\/\/kidlab.com.tn\/fr\/produit\/\ud83d\udc3b-snuggle-bear-sherpa-hoodie-soft-sage-green-12-months\/\" \/>\n<meta property=\"og:locale\" content=\"fr_FR\" \/>\n<meta property=\"og:type\" content=\"article\" \/>\n<meta property=\"og:title\" content=\"\ud83d\udc3b Snuggle Bear Sherpa Hoodie \u2013 Soft Sage Green (12 Months) - KidLab\" \/>\n<meta property=\"og:description\" content=\"Blue Hooded Knit Cardigan (6-12M) | Baby Bear Ears Sweater Jacket | Cozy Toddler Layer  This adorable Blue Hooded Knit Cardigan (6\u201312M) brings comfort and cuteness together! Made from a soft, cozy knit and topped with sweet bear ears, it\u2019s the perfect everyday layer for chilly days. Easy to button, gentle on delicate skin, and pre-loved in excellent condition \u2014 a must-have for snug baby adventures.\" \/>\n<meta property=\"og:url\" content=\"https:\/\/kidlab.com.tn\/fr\/produit\/\ud83d\udc3b-snuggle-bear-sherpa-hoodie-soft-sage-green-12-months\/\" \/>\n<meta property=\"og:site_name\" content=\"KidLab\" \/>\n<meta property=\"article:publisher\" content=\"https:\/\/www.facebook.com\/profile.php?id=61582962640084\" \/>\n<meta property=\"article:modified_time\" content=\"2025-12-30T20:05:31+00:00\" \/>\n<meta property=\"og:image\" content=\"https:\/\/kidlab.com.tn\/wp-content\/uploads\/2025\/11\/Snuggle-Bear-Sherpa-Hoodie-n2.png\" \/>\n\t<meta property=\"og:image:width\" content=\"630\" \/>\n\t<meta property=\"og:image:height\" content=\"630\" \/>\n\t<meta property=\"og:image:type\" content=\"image\/png\" \/>\n<meta name=\"twitter:card\" content=\"summary_large_image\" \/>\n<meta name=\"twitter:label1\" content=\"Dur\u00e9e de lecture estim\u00e9e\" \/>\n\t<meta name=\"twitter:data1\" content=\"2 minutes\" \/>\n<script type=\"application\/ld+json\" class=\"yoast-schema-graph\">{\"@context\":\"https:\/\/schema.org\",\"@graph\":[{\"@type\":\"WebPage\",\"@id\":\"https:\/\/kidlab.com.tn\/product\/%f0%9f%90%bb-snuggle-bear-sherpa-hoodie-soft-sage-green-12-months\/\",\"url\":\"https:\/\/kidlab.com.tn\/product\/%f0%9f%90%bb-snuggle-bear-sherpa-hoodie-soft-sage-green-12-months\/\",\"name\":\"\ud83d\udc3b Snuggle Bear Sherpa Hoodie \u2013 Soft Sage Green (12 Months) - KidLab\",\"isPartOf\":{\"@id\":\"https:\/\/kidlab.com.tn\/#website\"},\"primaryImageOfPage\":{\"@id\":\"https:\/\/kidlab.com.tn\/product\/%f0%9f%90%bb-snuggle-bear-sherpa-hoodie-soft-sage-green-12-months\/#primaryimage\"},\"image\":{\"@id\":\"https:\/\/kidlab.com.tn\/product\/%f0%9f%90%bb-snuggle-bear-sherpa-hoodie-soft-sage-green-12-months\/#primaryimage\"},\"thumbnailUrl\":\"https:\/\/kidlab.com.tn\/wp-content\/uploads\/2025\/11\/Snuggle-Bear-Sherpa-Hoodie-n2.png\",\"datePublished\":\"2025-12-01T21:18:04+00:00\",\"dateModified\":\"2025-12-30T20:05:31+00:00\",\"breadcrumb\":{\"@id\":\"https:\/\/kidlab.com.tn\/product\/%f0%9f%90%bb-snuggle-bear-sherpa-hoodie-soft-sage-green-12-months\/#breadcrumb\"},\"inLanguage\":\"fr-FR\",\"potentialAction\":[{\"@type\":\"ReadAction\",\"target\":[\"https:\/\/kidlab.com.tn\/product\/%f0%9f%90%bb-snuggle-bear-sherpa-hoodie-soft-sage-green-12-months\/\"]}]},{\"@type\":\"ImageObject\",\"inLanguage\":\"fr-FR\",\"@id\":\"https:\/\/kidlab.com.tn\/product\/%f0%9f%90%bb-snuggle-bear-sherpa-hoodie-soft-sage-green-12-months\/#primaryimage\",\"url\":\"https:\/\/kidlab.com.tn\/wp-content\/uploads\/2025\/11\/Snuggle-Bear-Sherpa-Hoodie-n2.png\",\"contentUrl\":\"https:\/\/kidlab.com.tn\/wp-content\/uploads\/2025\/11\/Snuggle-Bear-Sherpa-Hoodie-n2.png\",\"width\":630,\"height\":630},{\"@type\":\"BreadcrumbList\",\"@id\":\"https:\/\/kidlab.com.tn\/product\/%f0%9f%90%bb-snuggle-bear-sherpa-hoodie-soft-sage-green-12-months\/#breadcrumb\",\"itemListElement\":[{\"@type\":\"ListItem\",\"position\":1,\"name\":\"Home\",\"item\":\"https:\/\/kidlab.com.tn\/fr\/\"},{\"@type\":\"ListItem\",\"position\":2,\"name\":\"Shop\",\"item\":\"https:\/\/kidlab.com.tn\/shop\/\"},{\"@type\":\"ListItem\",\"position\":3,\"name\":\"\ud83d\udc3b Snuggle Bear Sherpa Hoodie \u2013 Soft Sage Green (12 Months)\"}]},{\"@type\":\"WebSite\",\"@id\":\"https:\/\/kidlab.com.tn\/#website\",\"url\":\"https:\/\/kidlab.com.tn\/\",\"name\":\"KidLab\",\"description\":\"Cute looks, tiny prices, big smiles.\",\"publisher\":{\"@id\":\"https:\/\/kidlab.com.tn\/#organization\"},\"potentialAction\":[{\"@type\":\"SearchAction\",\"target\":{\"@type\":\"EntryPoint\",\"urlTemplate\":\"https:\/\/kidlab.com.tn\/?s={search_term_string}\"},\"query-input\":{\"@type\":\"PropertyValueSpecification\",\"valueRequired\":true,\"valueName\":\"search_term_string\"}}],\"inLanguage\":\"fr-FR\"},{\"@type\":\"Organization\",\"@id\":\"https:\/\/kidlab.com.tn\/#organization\",\"name\":\"KidLab\",\"url\":\"https:\/\/kidlab.com.tn\/\",\"logo\":{\"@type\":\"ImageObject\",\"inLanguage\":\"fr-FR\",\"@id\":\"https:\/\/kidlab.com.tn\/#\/schema\/logo\/image\/\",\"url\":\"https:\/\/kidlab.com.tn\/wp-content\/uploads\/2025\/12\/kidlab-fripe.jpg\",\"contentUrl\":\"https:\/\/kidlab.com.tn\/wp-content\/uploads\/2025\/12\/kidlab-fripe.jpg\",\"width\":400,\"height\":400,\"caption\":\"KidLab\"},\"image\":{\"@id\":\"https:\/\/kidlab.com.tn\/#\/schema\/logo\/image\/\"},\"sameAs\":[\"https:\/\/www.facebook.com\/profile.php?id=61582962640084\",\"https:\/\/www.instagram.com\/kidlab_fripe\"]}]}<\/script>\n<!-- \/ Yoast SEO plugin. -->","yoast_head_json":{"title":"\ud83d\udc3b Snuggle Bear Sherpa Hoodie \u2013 Soft Sage Green (12 Months) - KidLab","robots":{"index":"index","follow":"follow","max-snippet":"max-snippet:-1","max-image-preview":"max-image-preview:large","max-video-preview":"max-video-preview:-1"},"canonical":"https:\/\/kidlab.com.tn\/fr\/produit\/\ud83d\udc3b-snuggle-bear-sherpa-hoodie-soft-sage-green-12-months\/","og_locale":"fr_FR","og_type":"article","og_title":"\ud83d\udc3b Snuggle Bear Sherpa Hoodie \u2013 Soft Sage Green (12 Months) - KidLab","og_description":"Blue Hooded Knit Cardigan (6-12M) | Baby Bear Ears Sweater Jacket | Cozy Toddler Layer  This adorable Blue Hooded Knit Cardigan (6\u201312M) brings comfort and cuteness together! Made from a soft, cozy knit and topped with sweet bear ears, it\u2019s the perfect everyday layer for chilly days. Easy to button, gentle on delicate skin, and pre-loved in excellent condition \u2014 a must-have for snug baby adventures.","og_url":"https:\/\/kidlab.com.tn\/fr\/produit\/\ud83d\udc3b-snuggle-bear-sherpa-hoodie-soft-sage-green-12-months\/","og_site_name":"KidLab","article_publisher":"https:\/\/www.facebook.com\/profile.php?id=61582962640084","article_modified_time":"2025-12-30T20:05:31+00:00","og_image":[{"width":630,"height":630,"url":"https:\/\/kidlab.com.tn\/wp-content\/uploads\/2025\/11\/Snuggle-Bear-Sherpa-Hoodie-n2.png","type":"image\/png"}],"twitter_card":"summary_large_image","twitter_misc":{"Dur\u00e9e de lecture estim\u00e9e":"2 minutes"},"schema":{"@context":"https:\/\/schema.org","@graph":[{"@type":"WebPage","@id":"https:\/\/kidlab.com.tn\/product\/%f0%9f%90%bb-snuggle-bear-sherpa-hoodie-soft-sage-green-12-months\/","url":"https:\/\/kidlab.com.tn\/product\/%f0%9f%90%bb-snuggle-bear-sherpa-hoodie-soft-sage-green-12-months\/","name":"\ud83d\udc3b Snuggle Bear Sherpa Hoodie \u2013 Soft Sage Green (12 Months) - KidLab","isPartOf":{"@id":"https:\/\/kidlab.com.tn\/#website"},"primaryImageOfPage":{"@id":"https:\/\/kidlab.com.tn\/product\/%f0%9f%90%bb-snuggle-bear-sherpa-hoodie-soft-sage-green-12-months\/#primaryimage"},"image":{"@id":"https:\/\/kidlab.com.tn\/product\/%f0%9f%90%bb-snuggle-bear-sherpa-hoodie-soft-sage-green-12-months\/#primaryimage"},"thumbnailUrl":"https:\/\/kidlab.com.tn\/wp-content\/uploads\/2025\/11\/Snuggle-Bear-Sherpa-Hoodie-n2.png","datePublished":"2025-12-01T21:18:04+00:00","dateModified":"2025-12-30T20:05:31+00:00","breadcrumb":{"@id":"https:\/\/kidlab.com.tn\/product\/%f0%9f%90%bb-snuggle-bear-sherpa-hoodie-soft-sage-green-12-months\/#breadcrumb"},"inLanguage":"fr-FR","potentialAction":[{"@type":"ReadAction","target":["https:\/\/kidlab.com.tn\/product\/%f0%9f%90%bb-snuggle-bear-sherpa-hoodie-soft-sage-green-12-months\/"]}]},{"@type":"ImageObject","inLanguage":"fr-FR","@id":"https:\/\/kidlab.com.tn\/product\/%f0%9f%90%bb-snuggle-bear-sherpa-hoodie-soft-sage-green-12-months\/#primaryimage","url":"https:\/\/kidlab.com.tn\/wp-content\/uploads\/2025\/11\/Snuggle-Bear-Sherpa-Hoodie-n2.png","contentUrl":"https:\/\/kidlab.com.tn\/wp-content\/uploads\/2025\/11\/Snuggle-Bear-Sherpa-Hoodie-n2.png","width":630,"height":630},{"@type":"BreadcrumbList","@id":"https:\/\/kidlab.com.tn\/product\/%f0%9f%90%bb-snuggle-bear-sherpa-hoodie-soft-sage-green-12-months\/#breadcrumb","itemListElement":[{"@type":"ListItem","position":1,"name":"Home","item":"https:\/\/kidlab.com.tn\/fr\/"},{"@type":"ListItem","position":2,"name":"Shop","item":"https:\/\/kidlab.com.tn\/shop\/"},{"@type":"ListItem","position":3,"name":"\ud83d\udc3b Snuggle Bear Sherpa Hoodie \u2013 Soft Sage Green (12 Months)"}]},{"@type":"WebSite","@id":"https:\/\/kidlab.com.tn\/#website","url":"https:\/\/kidlab.com.tn\/","name":"KidLab","description":"Cute looks, tiny prices, big smiles.","publisher":{"@id":"https:\/\/kidlab.com.tn\/#organization"},"potentialAction":[{"@type":"SearchAction","target":{"@type":"EntryPoint","urlTemplate":"https:\/\/kidlab.com.tn\/?s={search_term_string}"},"query-input":{"@type":"PropertyValueSpecification","valueRequired":true,"valueName":"search_term_string"}}],"inLanguage":"fr-FR"},{"@type":"Organization","@id":"https:\/\/kidlab.com.tn\/#organization","name":"KidLab","url":"https:\/\/kidlab.com.tn\/","logo":{"@type":"ImageObject","inLanguage":"fr-FR","@id":"https:\/\/kidlab.com.tn\/#\/schema\/logo\/image\/","url":"https:\/\/kidlab.com.tn\/wp-content\/uploads\/2025\/12\/kidlab-fripe.jpg","contentUrl":"https:\/\/kidlab.com.tn\/wp-content\/uploads\/2025\/12\/kidlab-fripe.jpg","width":400,"height":400,"caption":"KidLab"},"image":{"@id":"https:\/\/kidlab.com.tn\/#\/schema\/logo\/image\/"},"sameAs":["https:\/\/www.facebook.com\/profile.php?id=61582962640084","https:\/\/www.instagram.com\/kidlab_fripe"]}]}},"_links":{"self":[{"href":"https:\/\/kidlab.com.tn\/fr\/wp-json\/wp\/v2\/product\/6275","targetHints":{"allow":["GET"]}}],"collection":[{"href":"https:\/\/kidlab.com.tn\/fr\/wp-json\/wp\/v2\/product"}],"about":[{"href":"https:\/\/kidlab.com.tn\/fr\/wp-json\/wp\/v2\/types\/product"}],"version-history":[{"count":0,"href":"https:\/\/kidlab.com.tn\/fr\/wp-json\/wp\/v2\/product\/6275\/revisions"}],"wp:featuredmedia":[{"embeddable":true,"href":"https:\/\/kidlab.com.tn\/fr\/wp-json\/wp\/v2\/media\/6128"}],"wp:attachment":[{"href":"https:\/\/kidlab.com.tn\/fr\/wp-json\/wp\/v2\/media?parent=6275"}],"wp:term":[{"taxonomy":"product_brand","embeddable":true,"href":"https:\/\/kidlab.com.tn\/fr\/wp-json\/wp\/v2\/product_brand?post=6275"},{"taxonomy":"product_cat","embeddable":true,"href":"https:\/\/kidlab.com.tn\/fr\/wp-json\/wp\/v2\/product_cat?post=6275"},{"taxonomy":"product_tag","embeddable":true,"href":"https:\/\/kidlab.com.tn\/fr\/wp-json\/wp\/v2\/product_tag?post=6275"}],"curies":[{"name":"wp","href":"https:\/\/api.w.org\/{rel}","templated":true}]}}