{"id":6280,"date":"2025-12-01T21:35:38","date_gmt":"2025-12-01T21:35:38","guid":{"rendered":"https:\/\/kids.sportifs.tn\/?post_type=product&#038;p=6280"},"modified":"2025-12-30T20:05:31","modified_gmt":"2025-12-30T20:05:31","slug":"%f0%9f%8c%99-zara-baby-soft-cotton-leggings-navy-blue-size-8-128","status":"publish","type":"product","link":"https:\/\/kidlab.com.tn\/fr\/produit\/%f0%9f%8c%99-zara-baby-soft-cotton-leggings-navy-blue-size-8-128\/","title":{"rendered":"\ud83c\udf19 Leggings en coton doux pour b\u00e9b\u00e9 ZARA \u2013 Bleu marine | Taille 8 (128)"},"content":{"rendered":"<div data-elementor-type=\"wp-post\" data-elementor-id=\"6280\" class=\"elementor elementor-6280\">\n\t\t\t\t\t\t<section class=\"elementor-section elementor-top-section elementor-element elementor-element-33fd861 elementor-section-boxed elementor-section-height-default elementor-section-height-default\" data-id=\"33fd861\" data-element_type=\"section\">\n\t\t\t\t\t\t<div class=\"elementor-container elementor-column-gap-no\">\n\t\t\t\t\t<div class=\"elementor-column elementor-col-100 elementor-top-column elementor-element elementor-element-8f1ab81\" data-id=\"8f1ab81\" data-element_type=\"column\">\n\t\t\t<div class=\"elementor-widget-wrap elementor-element-populated\">\n\t\t\t\t\t\t<div class=\"elementor-element elementor-element-a652374 elementor-widget elementor-widget-text-editor\" data-id=\"a652374\" data-element_type=\"widget\" data-widget_type=\"text-editor.default\">\n\t\t\t\t\t\t\t\t\t<p data-start=\"281\" data-end=\"595\">D\u00e9couvrez le legging bleu marine <strong data-start=\"332\" data-end=\"377\">ZARA Kids, un indispensable du quotidien \u2013 taille 8 (128 cm).<\/strong>Confectionn\u00e9 dans un tissu doux, souple et respirant, ce legging offre un confort optimal aux enfants actifs. Sa couleur bleu marine \u00e9pur\u00e9e permet de l'associer facilement \u00e0 toutes les tenues, pour l'\u00e9cole, le sport ou une sortie d\u00e9contract\u00e9e.<\/p><p data-start=\"597\" data-end=\"871\">La <strong data-start=\"601\" data-end=\"622\">taille \u00e9lastique<\/strong> assure un maintien s\u00fbr et confortable sans laisser de marques sur la peau. Avec leur design minimaliste et sans coutures, ces leggings garantissent une totale libert\u00e9 de mouvement. Id\u00e9aux pour les activit\u00e9s quotidiennes, les journ\u00e9es plus fra\u00eeches sous une robe, ou tout simplement pour se d\u00e9tendre \u00e0 la maison.<\/p><p><span style=\"font-weight: 400;\">Offrez \u00e0 votre enfant un confort optimal toute la journ\u00e9e avec <\/span><b>ce legging bleu marine ZARA Kids,<\/b><span style=\"font-weight: 400;\">un basique indispensable de toute garde-robe. Confectionn\u00e9 dans un m\u00e9lange de coton respirant et extensible, il offre une libert\u00e9 de mouvement parfaite aux enfants actifs, \u00e0 l'\u00e9cole, \u00e0 la maison ou en ext\u00e9rieur.<\/span><span style=\"font-weight: 400;\"><br \/><\/span><span style=\"font-weight: 400;\"> La taille \u00e9lastique assure un maintien s\u00fbr et confortable, tandis que la couleur bleu marine sobre permet de nombreuses associations. Port\u00e9s sous une robe ou seuls, ces leggings restent doux, r\u00e9sistants et agr\u00e9ables au toucher.<\/span><span style=\"font-weight: 400;\"><br \/><\/span><span style=\"font-weight: 400;\"> Chaque article \u00e0 <\/span><b>KidLab Fripe<\/b><span style=\"font-weight: 400;\"> est soigneusement contr\u00f4l\u00e9 et lav\u00e9, gage de qualit\u00e9 et de s\u00e9curit\u00e9. Un choix \u00e9l\u00e9gant, \u00e9cologique et \u00e9conomique pour les mamans exigeantes.<\/span><\/p><p>\u00a0<\/p><h2><b>\ud83d\udcac Pourquoi les parents l'adorent<\/b><\/h2><ul><li style=\"font-weight: 400;\" aria-level=\"1\"><b>Super confortable<\/b><span style=\"font-weight: 400;\"> gr\u00e2ce au coton extensible<\/span><span style=\"font-weight: 400;\"><br \/><\/span><\/li><li style=\"font-weight: 400;\" aria-level=\"1\"><b>Facile \u00e0 assortir<\/b><span style=\"font-weight: 400;\"> avec n'importe quelle tenue (chemises, tuniques, sweats \u00e0 capuche)<\/span><span style=\"font-weight: 400;\"><br \/><\/span><\/li><li style=\"font-weight: 400;\" aria-level=\"1\"><b>Durable et pratique<\/b><span style=\"font-weight: 400;\"> pour les enfants actifs<\/span><span style=\"font-weight: 400;\"><br \/><\/span><\/li><li style=\"font-weight: 400;\" aria-level=\"1\"><b>Pi\u00e8ce ZARA de haute qualit\u00e9<\/b><span style=\"font-weight: 400;\"> \u00e0 un prix abordable<\/span><\/li><\/ul><h2>\u00a0<\/h2><h2><b>\ud83d\udc99 Garantie KidLab Fripe<\/b><\/h2><p><span style=\"font-weight: 400;\">Tous les articles sont soigneusement <\/span><b>s\u00e9lectionn\u00e9s, v\u00e9rifi\u00e9s, lav\u00e9s et pr\u00eats \u00e0 porter \u2014<\/b><span style=\"font-weight: 400;\"> vous permettant ainsi de faire des \u00e9conomies tout en r\u00e9duisant les d\u00e9chets textiles \ud83c\udf31<\/span><\/p>\t\t\t\t\t\t\t\t<\/div>\n\t\t\t\t\t<\/div>\n\t\t<\/div>\n\t\t\t\t\t<\/div>\n\t\t<\/section>\n\t\t\t\t<\/div>","protected":false},"excerpt":{"rendered":"<h3><strong>Leggings bleu marine pour filles ZARA (128 cm) \u2013 Confort au quotidien<\/strong><\/h3>\n<p><span style=\"font-weight: 400;\">Confortables et pratiques, ces leggings <\/span><b>bleu marine ZARA Kids (taille 8 \/ 128 cm)<\/b><span style=\"font-weight: 400;\"> sont confectionn\u00e9s dans un m\u00e9lange de coton doux et extensible, id\u00e9al pour le quotidien. Leur taille \u00e9lastiqu\u00e9e assure un maintien parfait, tandis que leur coupe minimaliste permet de les associer facilement \u00e0 tous les hauts. Parfaits pour l'\u00e9cole, les jeux ou \u00e0 superposer. En excellent \u00e9tat.<\/span><\/p>","protected":false},"featured_media":6129,"template":"","meta":[],"product_brand":[316],"product_cat":[156,147,400,148,108,152,160,157],"product_tag":[315,283,319,267,318],"class_list":{"0":"post-6280","1":"product","2":"type-product","3":"status-publish","4":"has-post-thumbnail","6":"product_brand-zara-kids","7":"product_cat-garcon-3-12ans","8":"product_cat-fille-3-12ans","9":"product_cat-news","10":"product_cat-pantalons-leggings-shorts","11":"product_cat-promo","12":"product_cat-pyjamas-sous-vetements","13":"product_cat-pyjamas-sous-vetements-garcon-3-12ans","14":"product_cat-pantalons-jogging-shorts-garcon-3-12ans","15":"product_tag-cozytoddler","16":"product_tag-eco-friendly-second-hand","17":"product_tag-kidlabfrripe","18":"product_tag-sustainablekidsfashion","19":"product_tag-zarakids","20":"pa_color-dark-navy-blue","21":"pa_size-6-8-years","24":"instock","25":"featured","26":"sold-individually","27":"shipping-taxable","28":"purchasable","29":"product-type-simple"},"yoast_head":"<!-- This site is optimized with the Yoast SEO plugin v26.4 - https:\/\/yoast.com\/wordpress\/plugins\/seo\/ -->\n<title>\ud83c\udf19 ZARA Baby Soft Cotton Leggings \u2013 Navy Blue | Size 8 (128) - KidLab<\/title>\n<meta name=\"robots\" content=\"index, follow, max-snippet:-1, max-image-preview:large, max-video-preview:-1\" \/>\n<link rel=\"canonical\" href=\"https:\/\/kidlab.com.tn\/fr\/produit\/\ud83c\udf19-zara-baby-soft-cotton-leggings-navy-blue-size-8-128\/\" \/>\n<meta property=\"og:locale\" content=\"fr_FR\" \/>\n<meta property=\"og:type\" content=\"article\" \/>\n<meta property=\"og:title\" content=\"\ud83c\udf19 ZARA Baby Soft Cotton Leggings \u2013 Navy Blue | Size 8 (128) - KidLab\" \/>\n<meta property=\"og:description\" content=\"ZARA Girls\u2019 Navy Blue Leggings (128 cm) \u2013 Everyday Comfort Comfortable and practical, these ZARA Kids navy leggings (size 8 \/ 128 cm) are made from a soft, stretchy cotton blend perfect for everyday activities. The elastic waistband ensures a great fit, while the minimalist design makes them easy to pair with any top. Ideal for school, playtime, or layering. Excellent second-hand condition.\" \/>\n<meta property=\"og:url\" content=\"https:\/\/kidlab.com.tn\/fr\/produit\/\ud83c\udf19-zara-baby-soft-cotton-leggings-navy-blue-size-8-128\/\" \/>\n<meta property=\"og:site_name\" content=\"KidLab\" \/>\n<meta property=\"article:publisher\" content=\"https:\/\/www.facebook.com\/profile.php?id=61582962640084\" \/>\n<meta property=\"article:modified_time\" content=\"2025-12-30T20:05:31+00:00\" \/>\n<meta property=\"og:image\" content=\"https:\/\/kidlab.com.tn\/wp-content\/uploads\/2025\/11\/Navy-Cotton-Leggings-n1.png\" \/>\n\t<meta property=\"og:image:width\" content=\"630\" \/>\n\t<meta property=\"og:image:height\" content=\"630\" \/>\n\t<meta property=\"og:image:type\" content=\"image\/png\" \/>\n<meta name=\"twitter:card\" content=\"summary_large_image\" \/>\n<meta name=\"twitter:label1\" content=\"Dur\u00e9e de lecture estim\u00e9e\" \/>\n\t<meta name=\"twitter:data1\" content=\"2 minutes\" \/>\n<script type=\"application\/ld+json\" class=\"yoast-schema-graph\">{\"@context\":\"https:\/\/schema.org\",\"@graph\":[{\"@type\":\"WebPage\",\"@id\":\"https:\/\/kidlab.com.tn\/product\/%f0%9f%8c%99-zara-baby-soft-cotton-leggings-navy-blue-size-8-128\/\",\"url\":\"https:\/\/kidlab.com.tn\/product\/%f0%9f%8c%99-zara-baby-soft-cotton-leggings-navy-blue-size-8-128\/\",\"name\":\"\ud83c\udf19 ZARA Baby Soft Cotton Leggings \u2013 Navy Blue | Size 8 (128) - KidLab\",\"isPartOf\":{\"@id\":\"https:\/\/kidlab.com.tn\/#website\"},\"primaryImageOfPage\":{\"@id\":\"https:\/\/kidlab.com.tn\/product\/%f0%9f%8c%99-zara-baby-soft-cotton-leggings-navy-blue-size-8-128\/#primaryimage\"},\"image\":{\"@id\":\"https:\/\/kidlab.com.tn\/product\/%f0%9f%8c%99-zara-baby-soft-cotton-leggings-navy-blue-size-8-128\/#primaryimage\"},\"thumbnailUrl\":\"https:\/\/kidlab.com.tn\/wp-content\/uploads\/2025\/11\/Navy-Cotton-Leggings-n1.png\",\"datePublished\":\"2025-12-01T21:35:38+00:00\",\"dateModified\":\"2025-12-30T20:05:31+00:00\",\"breadcrumb\":{\"@id\":\"https:\/\/kidlab.com.tn\/product\/%f0%9f%8c%99-zara-baby-soft-cotton-leggings-navy-blue-size-8-128\/#breadcrumb\"},\"inLanguage\":\"fr-FR\",\"potentialAction\":[{\"@type\":\"ReadAction\",\"target\":[\"https:\/\/kidlab.com.tn\/product\/%f0%9f%8c%99-zara-baby-soft-cotton-leggings-navy-blue-size-8-128\/\"]}]},{\"@type\":\"ImageObject\",\"inLanguage\":\"fr-FR\",\"@id\":\"https:\/\/kidlab.com.tn\/product\/%f0%9f%8c%99-zara-baby-soft-cotton-leggings-navy-blue-size-8-128\/#primaryimage\",\"url\":\"https:\/\/kidlab.com.tn\/wp-content\/uploads\/2025\/11\/Navy-Cotton-Leggings-n1.png\",\"contentUrl\":\"https:\/\/kidlab.com.tn\/wp-content\/uploads\/2025\/11\/Navy-Cotton-Leggings-n1.png\",\"width\":630,\"height\":630},{\"@type\":\"BreadcrumbList\",\"@id\":\"https:\/\/kidlab.com.tn\/product\/%f0%9f%8c%99-zara-baby-soft-cotton-leggings-navy-blue-size-8-128\/#breadcrumb\",\"itemListElement\":[{\"@type\":\"ListItem\",\"position\":1,\"name\":\"Home\",\"item\":\"https:\/\/kidlab.com.tn\/fr\/\"},{\"@type\":\"ListItem\",\"position\":2,\"name\":\"Shop\",\"item\":\"https:\/\/kidlab.com.tn\/shop\/\"},{\"@type\":\"ListItem\",\"position\":3,\"name\":\"\ud83c\udf19 ZARA Baby Soft Cotton Leggings \u2013 Navy Blue | Size 8 (128)\"}]},{\"@type\":\"WebSite\",\"@id\":\"https:\/\/kidlab.com.tn\/#website\",\"url\":\"https:\/\/kidlab.com.tn\/\",\"name\":\"KidLab\",\"description\":\"Cute looks, tiny prices, big smiles.\",\"publisher\":{\"@id\":\"https:\/\/kidlab.com.tn\/#organization\"},\"potentialAction\":[{\"@type\":\"SearchAction\",\"target\":{\"@type\":\"EntryPoint\",\"urlTemplate\":\"https:\/\/kidlab.com.tn\/?s={search_term_string}\"},\"query-input\":{\"@type\":\"PropertyValueSpecification\",\"valueRequired\":true,\"valueName\":\"search_term_string\"}}],\"inLanguage\":\"fr-FR\"},{\"@type\":\"Organization\",\"@id\":\"https:\/\/kidlab.com.tn\/#organization\",\"name\":\"KidLab\",\"url\":\"https:\/\/kidlab.com.tn\/\",\"logo\":{\"@type\":\"ImageObject\",\"inLanguage\":\"fr-FR\",\"@id\":\"https:\/\/kidlab.com.tn\/#\/schema\/logo\/image\/\",\"url\":\"https:\/\/kidlab.com.tn\/wp-content\/uploads\/2025\/12\/kidlab-fripe.jpg\",\"contentUrl\":\"https:\/\/kidlab.com.tn\/wp-content\/uploads\/2025\/12\/kidlab-fripe.jpg\",\"width\":400,\"height\":400,\"caption\":\"KidLab\"},\"image\":{\"@id\":\"https:\/\/kidlab.com.tn\/#\/schema\/logo\/image\/\"},\"sameAs\":[\"https:\/\/www.facebook.com\/profile.php?id=61582962640084\",\"https:\/\/www.instagram.com\/kidlab_fripe\"]}]}<\/script>\n<!-- \/ Yoast SEO plugin. -->","yoast_head_json":{"title":"\ud83c\udf19 ZARA Baby Soft Cotton Leggings \u2013 Navy Blue | Size 8 (128) - KidLab","robots":{"index":"index","follow":"follow","max-snippet":"max-snippet:-1","max-image-preview":"max-image-preview:large","max-video-preview":"max-video-preview:-1"},"canonical":"https:\/\/kidlab.com.tn\/fr\/produit\/\ud83c\udf19-zara-baby-soft-cotton-leggings-navy-blue-size-8-128\/","og_locale":"fr_FR","og_type":"article","og_title":"\ud83c\udf19 ZARA Baby Soft Cotton Leggings \u2013 Navy Blue | Size 8 (128) - KidLab","og_description":"ZARA Girls\u2019 Navy Blue Leggings (128 cm) \u2013 Everyday Comfort Comfortable and practical, these ZARA Kids navy leggings (size 8 \/ 128 cm) are made from a soft, stretchy cotton blend perfect for everyday activities. The elastic waistband ensures a great fit, while the minimalist design makes them easy to pair with any top. Ideal for school, playtime, or layering. Excellent second-hand condition.","og_url":"https:\/\/kidlab.com.tn\/fr\/produit\/\ud83c\udf19-zara-baby-soft-cotton-leggings-navy-blue-size-8-128\/","og_site_name":"KidLab","article_publisher":"https:\/\/www.facebook.com\/profile.php?id=61582962640084","article_modified_time":"2025-12-30T20:05:31+00:00","og_image":[{"width":630,"height":630,"url":"https:\/\/kidlab.com.tn\/wp-content\/uploads\/2025\/11\/Navy-Cotton-Leggings-n1.png","type":"image\/png"}],"twitter_card":"summary_large_image","twitter_misc":{"Dur\u00e9e de lecture estim\u00e9e":"2 minutes"},"schema":{"@context":"https:\/\/schema.org","@graph":[{"@type":"WebPage","@id":"https:\/\/kidlab.com.tn\/product\/%f0%9f%8c%99-zara-baby-soft-cotton-leggings-navy-blue-size-8-128\/","url":"https:\/\/kidlab.com.tn\/product\/%f0%9f%8c%99-zara-baby-soft-cotton-leggings-navy-blue-size-8-128\/","name":"\ud83c\udf19 ZARA Baby Soft Cotton Leggings \u2013 Navy Blue | Size 8 (128) - KidLab","isPartOf":{"@id":"https:\/\/kidlab.com.tn\/#website"},"primaryImageOfPage":{"@id":"https:\/\/kidlab.com.tn\/product\/%f0%9f%8c%99-zara-baby-soft-cotton-leggings-navy-blue-size-8-128\/#primaryimage"},"image":{"@id":"https:\/\/kidlab.com.tn\/product\/%f0%9f%8c%99-zara-baby-soft-cotton-leggings-navy-blue-size-8-128\/#primaryimage"},"thumbnailUrl":"https:\/\/kidlab.com.tn\/wp-content\/uploads\/2025\/11\/Navy-Cotton-Leggings-n1.png","datePublished":"2025-12-01T21:35:38+00:00","dateModified":"2025-12-30T20:05:31+00:00","breadcrumb":{"@id":"https:\/\/kidlab.com.tn\/product\/%f0%9f%8c%99-zara-baby-soft-cotton-leggings-navy-blue-size-8-128\/#breadcrumb"},"inLanguage":"fr-FR","potentialAction":[{"@type":"ReadAction","target":["https:\/\/kidlab.com.tn\/product\/%f0%9f%8c%99-zara-baby-soft-cotton-leggings-navy-blue-size-8-128\/"]}]},{"@type":"ImageObject","inLanguage":"fr-FR","@id":"https:\/\/kidlab.com.tn\/product\/%f0%9f%8c%99-zara-baby-soft-cotton-leggings-navy-blue-size-8-128\/#primaryimage","url":"https:\/\/kidlab.com.tn\/wp-content\/uploads\/2025\/11\/Navy-Cotton-Leggings-n1.png","contentUrl":"https:\/\/kidlab.com.tn\/wp-content\/uploads\/2025\/11\/Navy-Cotton-Leggings-n1.png","width":630,"height":630},{"@type":"BreadcrumbList","@id":"https:\/\/kidlab.com.tn\/product\/%f0%9f%8c%99-zara-baby-soft-cotton-leggings-navy-blue-size-8-128\/#breadcrumb","itemListElement":[{"@type":"ListItem","position":1,"name":"Home","item":"https:\/\/kidlab.com.tn\/fr\/"},{"@type":"ListItem","position":2,"name":"Shop","item":"https:\/\/kidlab.com.tn\/shop\/"},{"@type":"ListItem","position":3,"name":"\ud83c\udf19 ZARA Baby Soft Cotton Leggings \u2013 Navy Blue | Size 8 (128)"}]},{"@type":"WebSite","@id":"https:\/\/kidlab.com.tn\/#website","url":"https:\/\/kidlab.com.tn\/","name":"KidLab","description":"Cute looks, tiny prices, big smiles.","publisher":{"@id":"https:\/\/kidlab.com.tn\/#organization"},"potentialAction":[{"@type":"SearchAction","target":{"@type":"EntryPoint","urlTemplate":"https:\/\/kidlab.com.tn\/?s={search_term_string}"},"query-input":{"@type":"PropertyValueSpecification","valueRequired":true,"valueName":"search_term_string"}}],"inLanguage":"fr-FR"},{"@type":"Organization","@id":"https:\/\/kidlab.com.tn\/#organization","name":"KidLab","url":"https:\/\/kidlab.com.tn\/","logo":{"@type":"ImageObject","inLanguage":"fr-FR","@id":"https:\/\/kidlab.com.tn\/#\/schema\/logo\/image\/","url":"https:\/\/kidlab.com.tn\/wp-content\/uploads\/2025\/12\/kidlab-fripe.jpg","contentUrl":"https:\/\/kidlab.com.tn\/wp-content\/uploads\/2025\/12\/kidlab-fripe.jpg","width":400,"height":400,"caption":"KidLab"},"image":{"@id":"https:\/\/kidlab.com.tn\/#\/schema\/logo\/image\/"},"sameAs":["https:\/\/www.facebook.com\/profile.php?id=61582962640084","https:\/\/www.instagram.com\/kidlab_fripe"]}]}},"_links":{"self":[{"href":"https:\/\/kidlab.com.tn\/fr\/wp-json\/wp\/v2\/product\/6280","targetHints":{"allow":["GET"]}}],"collection":[{"href":"https:\/\/kidlab.com.tn\/fr\/wp-json\/wp\/v2\/product"}],"about":[{"href":"https:\/\/kidlab.com.tn\/fr\/wp-json\/wp\/v2\/types\/product"}],"version-history":[{"count":0,"href":"https:\/\/kidlab.com.tn\/fr\/wp-json\/wp\/v2\/product\/6280\/revisions"}],"wp:featuredmedia":[{"embeddable":true,"href":"https:\/\/kidlab.com.tn\/fr\/wp-json\/wp\/v2\/media\/6129"}],"wp:attachment":[{"href":"https:\/\/kidlab.com.tn\/fr\/wp-json\/wp\/v2\/media?parent=6280"}],"wp:term":[{"taxonomy":"product_brand","embeddable":true,"href":"https:\/\/kidlab.com.tn\/fr\/wp-json\/wp\/v2\/product_brand?post=6280"},{"taxonomy":"product_cat","embeddable":true,"href":"https:\/\/kidlab.com.tn\/fr\/wp-json\/wp\/v2\/product_cat?post=6280"},{"taxonomy":"product_tag","embeddable":true,"href":"https:\/\/kidlab.com.tn\/fr\/wp-json\/wp\/v2\/product_tag?post=6280"}],"curies":[{"name":"wp","href":"https:\/\/api.w.org\/{rel}","templated":true}]}}